{"id":2354,"date":"2022-01-15T01:36:24","date_gmt":"2022-01-15T01:36:24","guid":{"rendered":"https:\/\/e-verslas.lt\/autorius\/"},"modified":"2025-10-29T06:58:49","modified_gmt":"2025-10-29T06:58:49","slug":"autorius","status":"publish","type":"page","link":"https:\/\/e-verslas.lt\/ru\/\u0430\u0432\u0442\u043e\u0440\/","title":{"rendered":"\u0410\u0432\u0442\u043e\u0440 e-Business.lt"},"content":{"rendered":"<style>.kb-advanced-slider-2354_8401d8-3e .kb-slider-pause-button{color:#fff;background-color:rgba(0, 0, 0, 0.8);border:1px solid transparent;}<\/style><div class=\"kb-advanced-slider kb-advanced-slider-2354_8401d8-3e wp-block-kadence-slider\"><div class=\"kb-advanced-slider-inner-contain kb-adv-slider-html-version-2\"><div class=\"kb-blocks-advanced-carousel kt-blocks-carousel kt-carousel-container-dotstyle-none\"><div class=\"kb-blocks-advanced-slider-init kb-slider-loading kb-blocks-slider kt-carousel-arrowstyle-whiteondark kt-carousel-dotstyle-none kb-slider-size-ratio kb-slider-type-slider kb-slider-ratio-3-1 kb-slider-group-arrow kb-slider-arrow-position-center kb-slider-tab-ratio-inherit kb-slider-mobile-ratio-inherit splide kb-splide  kb-slider-version-2\" aria-label=\"\u0421\u043e\u0434\u0435\u0440\u0436\u0430\u043d\u0438\u0435 \u0441\u043b\u0430\u0439\u0434\u0435\u0440\u0430\" data-slider-center-mode=\"true\" data-slider-type=\"slider\" data-loop-type=\"loop\" data-columns-xxl=\"3\" data-columns-xl=\"3\" data-columns-md=\"3\" data-columns-sm=\"2\" data-columns-xs=\"1\" data-columns-ss=\"1\" data-slider-anim-speed=\"2000\" data-slider-scroll=\"1\" data-slider-fade=\"true\" data-slider-arrows=\"true\" data-slider-dots=\"false\" data-slider-hover-pause=\"false\" data-slider-auto=\"true\"  data-dragging=\"true\" data-slider-speed=\"1000\" data-slider-gap=\"30\" data-slider-gap-tablet=\"30\" data-slider-gap-mobile=\"30\" data-slider-gap-unit=\"px\"><div class=\"splide__track\"><ul class=\"splide__list\">\n\n<li class=\"wp-block-kadence-slide kb-advanced-slide-item kb-slide-2354_7c636e-92\"><div class=\"kb-advanced-slide\"><div class=\"kb-advanced-slide-inner-wrap\"><div class=\"kb-advanced-slide-inner\"><\/div><\/div><\/div><\/li>\n\n\n\n<li class=\"wp-block-kadence-slide kb-advanced-slide-item kb-slide-2354_40e462-6a\"><div class=\"kb-advanced-slide\"><div class=\"kb-advanced-slide-inner-wrap\"><div class=\"kb-advanced-slide-inner\"><\/div><\/div><\/div><\/li>\n\n\n\n<li class=\"wp-block-kadence-slide kb-advanced-slide-item kb-slide-2354_1d9151-ab\"><div class=\"kb-advanced-slide\"><div class=\"kb-advanced-slide-inner-wrap\"><div class=\"kb-advanced-slide-inner\"><\/div><\/div><\/div><\/li>\n\n<\/ul><\/div><\/div><\/div><\/div><\/div>\n\n\n<h3 class=\"wp-block-heading\" id=\"h-p-radzia\"><strong>\u041f<\/strong>\u0440\u0430\u0434\u0436\u0430<\/h3>\n\n\n\n<p>\u0410\u0432\u0442\u043e\u0440 e-Verslas.lt. \u041c\u043d\u0435 45 \u043b\u0435\u0442, \u0438 \u043a 9 \u043a\u043b\u0430\u0441\u0441\u0443 \u044f \u043f\u0440\u043e\u0447\u0438\u0442\u0430\u043b \u0432\u0441\u0435 \u0443\u0447\u0435\u0431\u043d\u0438\u043a\u0438 \u0444\u0438\u0437\u0438\u043a\u0438, \u0434\u0430\u0436\u0435 \u0440\u0443\u0441\u0441\u043a\u0438\u0435 \u0442\u043e\u043c\u0430, \u0438 \u0437\u043d\u0430\u043b, \u043a\u0430\u043a \u0441\u0434\u0435\u043b\u0430\u0442\u044c \u0442\u0435\u0440\u043c\u043e\u044f\u0434\u0435\u0440\u043d\u0443\u044e \u0431\u043e\u043c\u0431\u0443 \ud83d\ude42 \u041f\u0440\u0430\u0432\u0434\u0430 \u0432 \u0442\u043e\u043c, \u0447\u0442\u043e \u043c\u043d\u0435 \u043d\u0435 \u043d\u0440\u0430\u0432\u0438\u043b\u0438\u0441\u044c \u0434\u0440\u0443\u0433\u0438\u0435. \u0421\u043d\u0430\u0447\u0430\u043b\u0430 \u044f \u0437\u0430\u043a\u043e\u043d\u0447\u0438\u043b \u0448\u043a\u043e\u043b\u0443 \u0432 \u041a\u0430\u0443\u043d\u0430\u0441\u0435 \u0420\u044b\u0448\u0438\u043d\u0438\u043d\u043a\u0430\u0439. \u041f\u043e\u0442\u043e\u043c \u044f \u0432\u044b\u0443\u0447\u0438\u043b\u0441\u044f \u043d\u0430 \u044d\u043b\u0435\u043a\u0442\u0440\u043e\u0442\u0435\u0445\u043d\u0438\u043a\u0430, \u043f\u043e\u0441\u0442\u0443\u043f\u0438\u043b \u0441\u0440\u0430\u0437\u0443 \u043d\u0430 \u0432\u0442\u043e\u0440\u043e\u0439 \u043a\u0443\u0440\u0441 \u0438 \u043d\u0435 \u0445\u043e\u0434\u0438\u043b \u043d\u0430 \u0437\u0430\u043d\u044f\u0442\u0438\u044f, \u043d\u0430\u0448\u0451\u043b \u0444\u0438\u0440\u043c\u0443, \u0433\u0434\u0435 \u0443\u0441\u0442\u0440\u043e\u0438\u043b\u0441\u044f \u0443\u0441\u0442\u0430\u043d\u043e\u0432\u0449\u0438\u043a\u043e\u043c \u0430\u0432\u0442\u043e\u0441\u0438\u0433\u043d\u0430\u043b\u0438\u0437\u0430\u0446\u0438\u0439. \u0418 \u0441\u0430\u043c \u0433\u043e\u0442\u043e\u0432\u0438\u043b \u044d\u043a\u0437\u0430\u043c\u0435\u043d\u0430\u0446\u0438\u043e\u043d\u043d\u044b\u0435 \u0437\u0430\u0434\u0430\u043d\u0438\u044f \u0434\u043b\u044f \u043e\u0434\u043d\u043e\u043a\u043b\u0430\u0441\u0441\u043d\u0438\u043a\u043e\u0432. \u0417\u0430\u043d\u0438\u043c\u0430\u043b \u043f\u0435\u0440\u0432\u044b\u0435 \u043c\u0435\u0441\u0442\u0430 \u043d\u0430 \u043e\u043b\u0438\u043c\u043f\u0438\u0430\u0434\u0430\u0445.<\/p>\n\n\n\n<h3 class=\"wp-block-heading\" id=\"h-k-aunas\"><strong>\u041a<\/strong>\u0431\u0430\u0440\u0430\u043d<\/h3>\n\n\n\n<p>\u041f\u043e\u0442\u043e\u043c \u043f\u043e\u0441\u043b\u0435 \u0448\u043a\u043e\u043b\u044b \u044f \u043d\u0430\u0448\u0435\u043b \u0438\u043d\u0432\u0435\u0441\u0442\u043e\u0440\u043e\u0432 \u0438 \u0437\u0430\u043d\u044f\u043b\u0441\u044f \u0443\u0441\u0442\u0430\u043d\u043e\u0432\u043a\u043e\u0439 \u0441\u0438\u0441\u0442\u0435\u043c \u0431\u0435\u0437\u043e\u043f\u0430\u0441\u043d\u043e\u0441\u0442\u0438, \u043f\u043e\u0436\u0430\u0440\u043e\u0442\u0443\u0448\u0435\u043d\u0438\u044f, \u043a\u043e\u043d\u0442\u0440\u043e\u043b\u044f \u0434\u043e\u0441\u0442\u0443\u043f\u0430 \u0438 \u0432\u0438\u0434\u0435\u043e\u043d\u0430\u0431\u043b\u044e\u0434\u0435\u043d\u0438\u044f \u0432 \u041a\u0430\u0443\u043d\u0430\u0441\u0435. \u042f \u0432\u0437\u043b\u043e\u043c\u0430\u043b \u043a\u0430\u0442\u0430\u043b\u043e\u0433 \u043b\u0438\u0442\u043e\u0432\u0441\u043a\u0438\u0445 \u043a\u043e\u043c\u043f\u0430\u043d\u0438\u0439 \u0438 \u0430\u0432\u0442\u043e\u043c\u0430\u0442\u0438\u0447\u0435\u0441\u043a\u0438 \u0440\u0430\u0441\u0441\u044b\u043b\u0430\u043b \u0444\u0430\u043a\u0441\u043e\u043c \u043f\u0440\u0435\u0434\u043b\u043e\u0436\u0435\u043d\u0438\u044f \u0432\u0441\u0435\u043c \u043a\u0430\u0443\u043d\u0430\u0441\u0441\u043a\u0438\u043c \u043a\u043e\u043c\u043f\u0430\u043d\u0438\u044f\u043c, \u0442\u0430\u043a \u0447\u0442\u043e \u043d\u0435\u0434\u043e\u0441\u0442\u0430\u0442\u043a\u0430 \u0432 \u043a\u043b\u0438\u0435\u043d\u0442\u0430\u0445 \u043d\u0435 \u0431\u044b\u043b\u043e. \u041d\u043e \u0431\u044b\u043b\u0438 \u0438 \u0441\u0442\u0440\u0430\u043d\u043d\u044b\u0435 \u0437\u0430\u043a\u0430\u0437\u044b, \u043d\u0430\u043f\u0440\u0438\u043c\u0435\u0440, \u0441\u043a\u0440\u044b\u0442\u044b\u0435 \u0432\u0438\u0434\u0435\u043e\u043a\u0430\u043c\u0435\u0440\u044b \u0432 \u043a\u043e\u043c\u043d\u0430\u0442\u0430\u0445, \u0447\u0442\u043e\u0431\u044b \u043c\u0443\u0436\u0447\u0438\u043d\u044b \u043c\u043e\u0433\u043b\u0438 \u0441\u043b\u0435\u0434\u0438\u0442\u044c \u0437\u0430 \u0442\u0435\u043c, \u0447\u0442\u043e \u0434\u0435\u043b\u0430\u044e\u0442 \u0438\u0445 \u0436\u0435\u043d\u044b \u0434\u043e\u043c\u0430, \u044d\u043a\u0440\u0430\u043d \u0432\u0438\u0434\u0435\u043e\u0447\u0430\u0442\u0430 \u0432\u043c\u0435\u0441\u0442\u043e \u0434\u0432\u0435\u0440\u043d\u043e\u0433\u043e \u0433\u043b\u0430\u0437\u043a\u0430, \u0447\u0442\u043e\u0431\u044b \u043d\u0438\u043a\u0442\u043e \u043d\u0435 \u0441\u0442\u0440\u0435\u043b\u044f\u043b \u0432\u043e \u0432\u0440\u0430\u0447\u0435\u0439 \ud83d\ude42 \u041c\u043e\u0438\u043c\u0438 \u043a\u043b\u0438\u0435\u043d\u0442\u0430\u043c\u0438 \u0431\u044b\u043b\u0438 \u043a\u043b\u0443\u0431 \u00ab\u0416\u0430\u043b\u044c\u0433\u0438\u0440\u0438\u0441\u00bb, \u041a\u0430\u0443\u043d\u0430\u0441\u0441\u043a\u0430\u044f \u0442\u0435\u0440\u0440\u0438\u0442\u043e\u0440\u0438\u0430\u043b\u044c\u043d\u0430\u044f \u0442\u0430\u043c\u043e\u0436\u043d\u044f, \u043f\u043e\u0441\u043e\u043b\u044c\u0441\u0442\u0432\u043e \u0413\u0440\u0443\u0437\u0438\u0438 \u0438 \u0442. \u0434. \u042f \u0437\u0430\u0440\u0435\u0433\u0438\u0441\u0442\u0440\u0438\u0440\u043e\u0432\u0430\u043b\u0441\u044f \u0432 1996 \u0433\u043e\u0434\u0443. \u041f\u043e\u0440\u0442\u0430\u043b PRO.LT.<\/p>\n\n\n\n<h3 class=\"wp-block-heading\" id=\"h-vilnius\">\u0412\u0438\u043b\u044c\u043d\u044e\u0441<\/h3>\n\n\n\n<p>\u0417\u0430\u0442\u0435\u043c \u044f \u043f\u0435\u0440\u0435\u0435\u0445\u0430\u043b \u0432 \u0412\u0438\u043b\u044c\u043d\u044e\u0441 \u0438 \u043f\u0435\u0440\u0435\u043e\u0440\u0438\u0435\u043d\u0442\u0438\u0440\u043e\u0432\u0430\u043b\u0441\u044f \u043d\u0430 \u0441\u0438\u0441\u0442\u0435\u043c\u044b \u0430\u0432\u0442\u043e\u043c\u0430\u0442\u0438\u0437\u0430\u0446\u0438\u0438 \u0443\u043f\u0440\u0430\u0432\u043b\u0435\u043d\u0438\u044f \u0431\u0438\u0437\u043d\u0435\u0441\u043e\u043c \u0438 \u043c\u0430\u0440\u043a\u0435\u0442\u0438\u043d\u0433\u0430. \u041f\u043e\u0441\u043a\u043e\u043b\u044c\u043a\u0443 \u043e\u043d\u0430 \u0431\u044b\u043b\u0430 \u043c\u043d\u0435 \u043e\u0447\u0435\u043d\u044c \u043f\u043e\u043b\u0435\u0437\u043d\u0430, \u043e\u043d\u0430 \u043a\u0430\u0437\u0430\u043b\u0430\u0441\u044c \u043c\u043d\u0435 \u0431\u043e\u043b\u0435\u0435 \u043f\u0440\u043e\u0433\u0440\u0435\u0441\u0441\u0438\u0432\u043d\u043e\u0439, \u0438 \u044f \u0437\u0430\u043c\u0435\u0442\u0438\u043b \u0435\u0435 \u043e\u0442\u0441\u0443\u0442\u0441\u0442\u0432\u0438\u0435 \u043f\u0440\u0430\u043a\u0442\u0438\u0447\u0435\u0441\u043a\u0438 \u0432 \u043a\u0430\u0436\u0434\u043e\u0439 \u043a\u043e\u043c\u043f\u0430\u043d\u0438\u0438. \u042f \u043f\u043e\u0437\u0430\u0431\u043e\u0442\u0438\u043b\u0441\u044f \u043e \u0442\u043e\u043c, \u0447\u0442\u043e\u0431\u044b \u0432\u0441\u0435 \u043a\u043e\u043d\u0442\u0430\u043a\u0442\u044b \u0441 \u043a\u043b\u0438\u0435\u043d\u0442\u0430\u043c\u0438 \u043a\u043e\u043c\u043f\u0430\u043d\u0438\u0438, \u0442\u0435\u043b\u0435\u0444\u043e\u043d\u043d\u044b\u0435 \u0440\u0430\u0437\u0433\u043e\u0432\u043e\u0440\u044b, \u043f\u0435\u0440\u0435\u043f\u0438\u0441\u043a\u0430 \u043f\u043e \u044d\u043b\u0435\u043a\u0442\u0440\u043e\u043d\u043d\u043e\u0439 \u043f\u043e\u0447\u0442\u0435, \u0437\u0430\u043a\u043b\u044e\u0447\u0435\u043d\u043d\u044b\u0435 \u0434\u043e\u0433\u043e\u0432\u043e\u0440\u044b \u0438 \u0442. \u0434. \u0431\u044b\u043b\u0438 \u0432\u0438\u0434\u043d\u044b \u043c\u0435\u043d\u0435\u0434\u0436\u0435\u0440\u0430\u043c \u0438, \u0441 \u0440\u0430\u0437\u0440\u0435\u0448\u0435\u043d\u0438\u044f, \u0441\u043e\u0442\u0440\u0443\u0434\u043d\u0438\u043a\u0430\u043c \u0440\u0430\u0432\u043d\u043e\u0433\u043e \u0441\u0442\u0430\u0442\u0443\u0441\u0430. \u042f \u0443\u0441\u0442\u0430\u043d\u043e\u0432\u0438\u043b, \u0430\u0434\u0430\u043f\u0442\u0438\u0440\u043e\u0432\u0430\u043b \u0438 \u0440\u0430\u0437\u0440\u0430\u0431\u043e\u0442\u0430\u043b \u0435\u0435 \u043d\u0430 Microsoft Office, Exchange, Visual Basic, GoldMine. \u042f \u0441\u043e\u0437\u0434\u0430\u043b \u0441\u0438\u0441\u0442\u0435\u043c\u0443 \u0430\u0432\u0442\u043e\u043c\u0430\u0442\u0438\u0437\u0430\u0446\u0438\u0438 \u0434\u0430\u043d\u043d\u044b\u0445 \u0434\u043b\u044f \u043a\u043e\u043c\u043f\u0430\u043d\u0438\u0438 \u043f\u043e \u0438\u0441\u0441\u043b\u0435\u0434\u043e\u0432\u0430\u043d\u0438\u044e \u0440\u044b\u043d\u043a\u0430, \u043f\u0440\u043e\u0433\u0440\u0430\u043c\u043c\u0443 \u0434\u043b\u044f \u0431\u0443\u0445\u0433\u0430\u043b\u0442\u0435\u0440\u0441\u043a\u043e\u0433\u043e \u0443\u0447\u0435\u0442\u0430, \u0443\u0447\u0435\u0442\u0430 \u0442\u0440\u0443\u0434\u0430 \u0438 \u043e\u0442\u0447\u0435\u0442\u043d\u043e\u0441\u0442\u0438.<\/p>\n\n\n\n<h3 class=\"wp-block-heading\" id=\"h-portalas\"><strong>\u041f\u043e\u0440\u0442\u0430\u043b<\/strong><\/h3>\n\n\n\n<p>\u042f \u0434\u0430\u0436\u0435 \u0441\u043e\u0437\u0434\u0430\u043b \u043f\u0435\u0440\u0432\u0443\u044e \u0432 \u041b\u0438\u0442\u0432\u0435 \u043e\u043d\u043b\u0430\u0439\u043d-\u0431\u0430\u0437\u0443 \u0434\u0430\u043d\u043d\u044b\u0445 \u043d\u0435\u0431\u043b\u0430\u0433\u043e\u043d\u0430\u0434\u0435\u0436\u043d\u044b\u0445 \u043b\u0438\u0446 \u0434\u043b\u044f \u0413\u0435\u0434\u0438\u043c\u0438\u043d\u0430\u0441\u0430 \u0416\u0438\u0435\u043c\u0435\u043b\u0438\u0441\u0430 \u0441 \u043f\u043e\u043c\u043e\u0449\u044c\u044e \u0431\u0435\u0442\u0430-\u0432\u0435\u0440\u0441\u0438\u0438 Microsoft .NET. \u042f \u043f\u043e\u0441\u0442\u0440\u043e\u0438\u043b \u0441\u0435\u0440\u0432\u0435\u0440\u044b \u0443 \u0441\u0435\u0431\u044f \u0434\u043e\u043c\u0430 \u0432 \u0412\u0438\u043b\u044c\u043d\u044e\u0441\u0435, \u043f\u043e\u0434\u043a\u043b\u044e\u0447\u0438\u043b \u0440\u0435\u0437\u0435\u0440\u0432\u043d\u043e\u0435 \u043f\u0438\u0442\u0430\u043d\u0438\u0435 \u0438 2 \u0438\u043d\u0442\u0435\u0440\u043d\u0435\u0442-\u043a\u0430\u0431\u0435\u043b\u044f. \u042d\u0442\u043e \u0431\u044b\u043b\u043e \u0444\u0443\u043d\u043a\u0446\u0438\u043e\u043d\u0430\u043b\u044c\u043d\u043e\u0435 \u0438 \u043a\u0440\u0430\u0441\u0438\u0432\u043e\u0435 \u043f\u0440\u0438\u043b\u043e\u0436\u0435\u043d\u0438\u0435, \u043f\u043e\u0447\u0442\u0438 \u0443\u0440\u043e\u0432\u043d\u044f Facebook, \u043a\u043e\u0442\u043e\u0440\u044b\u043c \u043f\u043e\u043b\u044c\u0437\u043e\u0432\u0430\u043b\u0438\u0441\u044c \u0432\u0441\u0435 \u0431\u0430\u043d\u043a\u0438 \u0438 \u0434\u0440\u0443\u0433\u0438\u0435 \u0444\u0438\u043d\u0430\u043d\u0441\u043e\u0432\u044b\u0435 \u0443\u0447\u0440\u0435\u0436\u0434\u0435\u043d\u0438\u044f. \u042f \u0437\u0430\u0433\u0440\u0443\u0437\u0438\u043b \u043c\u043d\u043e\u0433\u043e \u0434\u0430\u043d\u043d\u044b\u0445 \u0438\u0437 Sodra, \u0414\u0435\u043f\u0430\u0440\u0442\u0430\u043c\u0435\u043d\u0442\u0430 \u0441\u0442\u0430\u0442\u0438\u0441\u0442\u0438\u043a\u0438 \u0438 \u0434\u0440\u0443\u0433\u0438\u0445 \u0443\u0447\u0440\u0435\u0436\u0434\u0435\u043d\u0438\u0439 \u0442\u0430\u043c, \u0438 \u0441\u043e\u0442\u0440\u0443\u0434\u043d\u0438\u043a\u0438 \u0438 \u043a\u043b\u0438\u0435\u043d\u0442\u044b \u0442\u0430\u043a\u0436\u0435 \u0432\u0432\u043e\u0434\u0438\u043b\u0438 \u0442\u0443\u0434\u0430 \u0434\u0430\u043d\u043d\u044b\u0435.<\/p>\n\n\n\n<h3 class=\"wp-block-heading\" id=\"h-dabaris\"><strong>\u0422\u0435\u043a\u0443\u0449\u0438\u0439<\/strong><\/h3>\n\n\n\n<p>\u0421\u0435\u0439\u0447\u0430\u0441 \u0443 \u043c\u0435\u043d\u044f \u0441\u043b\u043e\u043c\u0430\u043d\u0430 \u043d\u043e\u0433\u0430, \u043f\u043e\u044d\u0442\u043e\u043c\u0443 \u044f \u0440\u0430\u0431\u043e\u0442\u0430\u044e \u0438\u0437 \u0434\u043e\u043c\u0430 \u0438 \u043f\u0440\u0435\u0434\u043e\u0441\u0442\u0430\u0432\u043b\u044f\u044e \u0443\u0441\u043b\u0443\u0433\u0438 \u044d\u043b\u0435\u043a\u0442\u0440\u043e\u043d\u043d\u043e\u0433\u043e \u0431\u0438\u0437\u043d\u0435\u0441\u0430. \u0421 \u043f\u043e\u043c\u043e\u0449\u044c\u044e PHP \u044f \u0441\u043e\u0437\u0434\u0430\u043b: \u043f\u043e\u0440\u0442\u0430\u043b\u044b IP TV, \u043f\u043e\u0440\u0442\u0430\u043b\u044b \u0430\u0433\u0435\u043d\u0442\u0441\u0442\u0432 \u043d\u0435\u0434\u0432\u0438\u0436\u0438\u043c\u043e\u0441\u0442\u0438, \u0440\u0430\u0437\u043b\u0438\u0447\u043d\u044b\u0435 \u0438\u043d\u0442\u0435\u0440\u043d\u0435\u0442-\u043c\u0430\u0433\u0430\u0437\u0438\u043d\u044b \u0438 \u0442. \u0434. \u041a\u0440\u043e\u043c\u0435 \u0442\u043e\u0433\u043e, \u0443 \u043c\u0435\u043d\u044f \u0435\u0441\u0442\u044c \u0431\u0430\u0437\u044b \u0434\u0430\u043d\u043d\u044b\u0445 \u043a\u043e\u043d\u0442\u0430\u043a\u0442\u043e\u0432 \u043a\u043e\u043c\u043f\u0430\u043d\u0438\u0439 \u0441\u043e \u0432\u0441\u0435\u0433\u043e \u043c\u0438\u0440\u0430, \u0442\u043e\u043b\u044c\u043a\u043e \u0432 \u041f\u043e\u043b\u044c\u0448\u0435 \u0431\u043e\u043b\u0435\u0435 3 000 000 \u043a\u043e\u043d\u0442\u0430\u043a\u0442\u043e\u0432! \u042f \u043c\u043e\u0433\u0443 \u0441\u0434\u0435\u043b\u0430\u0442\u044c \u043b\u044e\u0431\u043e\u0439 \u043c\u0430\u043b\u044b\u0439 \u0431\u0438\u0437\u043d\u0435\u0441 \u043c\u0435\u0436\u0434\u0443\u043d\u0430\u0440\u043e\u0434\u043d\u044b\u043c \u0434\u043e\u0432\u043e\u043b\u044c\u043d\u043e \u0431\u044b\u0441\u0442\u0440\u043e. \u0411\u0435\u0437\u043e\u043f\u0430\u0441\u043d\u043e. \u0418 \u043a\u0430\u0436\u0434\u044b\u0439 \u0434\u0435\u043d\u044c \u044f \u0442\u0440\u0430\u0447\u0443 2 \u0447\u0430\u0441\u0430 \u043d\u0430 \u0438\u0437\u0443\u0447\u0435\u043d\u0438\u0435 \u043d\u043e\u0432\u0435\u0439\u0448\u0438\u0445 \u0442\u0435\u0445\u043d\u043e\u043b\u043e\u0433\u0438\u0439.<\/p>","protected":false},"excerpt":{"rendered":"<p>\u0413\u043b\u0430\u0432\u043d\u0430\u044f e-Verslas.lt \u0410\u0432\u0442\u043e\u0440. \u041c\u043d\u0435 45 \u043b\u0435\u0442, \u0438 \u043a 9 \u043a\u043b\u0430\u0441\u0441\u0443 \u044f \u043f\u0440\u043e\u0447\u0438\u0442\u0430\u043b \u0432\u0441\u0435 \u0443\u0447\u0435\u0431\u043d\u0438\u043a\u0438 \u0444\u0438\u0437\u0438\u043a\u0438, \u0434\u0430\u0436\u0435 \u0440\u0443\u0441\u0441\u043a\u0438\u0435 \u0442\u043e\u043c\u0430, \u0438 \u0437\u043d\u0430\u043b, \u043a\u0430\u043a \u0441\u0434\u0435\u043b\u0430\u0442\u044c \u0442\u0435\u0440\u043c\u043e\u044f\u0434\u0435\u0440\u043d\u0443\u044e \u0431\u043e\u043c\u0431\u0443 \ud83d\ude42 \u041f\u0440\u0430\u0432\u0434\u0430 \u0432 \u0442\u043e\u043c, \u0447\u0442\u043e \u043c\u043d\u0435 \u043d\u0435 \u043d\u0440\u0430\u0432\u0438\u043b\u0438\u0441\u044c \u043e\u0441\u0442\u0430\u043b\u044c\u043d\u044b\u0435. \u0421\u043d\u0430\u0447\u0430\u043b\u0430 \u044f \u043e\u043a\u043e\u043d\u0447\u0438\u043b \u041a\u0430\u0443\u043d\u0430\u0441\u0441\u043a\u0443\u044e \u0448\u043a\u043e\u043b\u0443 \u0420\u044b\u0448\u0438\u043d\u0438\u043d\u043a\u0430\u0439. \u041f\u043e\u0442\u043e\u043c \u044f \u0432\u044b\u0443\u0447\u0438\u043b\u0441\u044f \u043d\u0430 \u044d\u043b\u0435\u043a\u0442\u0440\u043e\u0442\u0435\u0445\u043d\u0438\u043a\u0430, \u043f\u043e\u0441\u0442\u0443\u043f\u0438\u043b \u0441\u0440\u0430\u0437\u0443 \u043d\u0430 \u0432\u0442\u043e\u0440\u043e\u0439 \u043a\u0443\u0440\u0441 \u0438 \u043d\u0435 \u0445\u043e\u0434\u0438\u043b \u043d\u0430 \u0437\u0430\u043d\u044f\u0442\u0438\u044f, \u0430 \u043d\u0430\u0448\u0451\u043b \u0444\u0438\u0440\u043c\u0443, \u0433\u0434\u0435 \u0443\u0441\u0442\u0440\u043e\u0438\u043b\u0441\u044f \u043d\u0430 \u0440\u0430\u0431\u043e\u0442\u0443 \u0443\u0441\u0442\u0430\u043d\u0430\u0432\u043b\u0438\u0432\u0430\u044e\u0449\u0438\u043c \u0430\u0432\u0442\u043e\u0441\u0438\u0433\u043d\u0430\u043b\u0438\u0437\u0430\u0446\u0438\u0438. \u0418 \u043c\u043e\u0439 [\u2026]<\/p>","protected":false},"author":1,"featured_media":41,"parent":0,"menu_order":13,"comment_status":"closed","ping_status":"closed","template":"","meta":{"_uag_custom_page_level_css":"","_kad_blocks_custom_css":"","_kad_blocks_head_custom_js":"","_kad_blocks_body_custom_js":"","_kad_blocks_footer_custom_js":"","site-sidebar-layout":"default","site-content-layout":"default","ast-site-content-layout":"default","site-content-style":"default","site-sidebar-style":"default","ast-global-header-display":"","ast-banner-title-visibility":"","ast-main-header-display":"","ast-hfb-above-header-display":"","ast-hfb-below-header-display":"","ast-hfb-mobile-header-display":"","site-post-title":"enabled","ast-breadcrumbs-content":"","ast-featured-img":"","footer-sml-layout":"","ast-disable-related-posts":"","theme-transparent-header-meta":"default","adv-header-id-meta":"","stick-header-meta":"","header-above-stick-meta":"","header-main-stick-meta":"","header-below-stick-meta":"","astra-migrate-meta-layouts":"set","ast-page-background-enabled":"default","ast-page-background-meta":{"desktop":{"background-color":"var(--ast-global-color-4)","background-image":"","background-repeat":"repeat","background-position":"center center","background-size":"auto","background-attachment":"scroll","background-type":"","background-media":"","overlay-type":"","overlay-color":"","overlay-opacity":"","overlay-gradient":""},"tablet":{"background-color":"","background-image":"","background-repeat":"repeat","background-position":"center center","background-size":"auto","background-attachment":"scroll","background-type":"","background-media":"","overlay-type":"","overlay-color":"","overlay-opacity":"","overlay-gradient":""},"mobile":{"background-color":"","background-image":"","background-repeat":"repeat","background-position":"center center","background-size":"auto","background-attachment":"scroll","background-type":"","background-media":"","overlay-type":"","overlay-color":"","overlay-opacity":"","overlay-gradient":""}},"ast-content-background-meta":{"desktop":{"background-color":"var(--ast-global-color-5)","background-image":"","background-repeat":"repeat","background-position":"center center","background-size":"auto","background-attachment":"scroll","background-type":"","background-media":"","overlay-type":"","overlay-color":"","overlay-opacity":"","overlay-gradient":""},"tablet":{"background-color":"var(--ast-global-color-5)","background-image":"","background-repeat":"repeat","background-position":"center center","background-size":"auto","background-attachment":"scroll","background-type":"","background-media":"","overlay-type":"","overlay-color":"","overlay-opacity":"","overlay-gradient":""},"mobile":{"background-color":"var(--ast-global-color-5)","background-image":"","background-repeat":"repeat","background-position":"center center","background-size":"auto","background-attachment":"scroll","background-type":"","background-media":"","overlay-type":"","overlay-color":"","overlay-opacity":"","overlay-gradient":""}},"footnotes":""},"class_list":["post-2354","page","type-page","status-publish","has-post-thumbnail","hentry"],"taxonomy_info":[],"featured_image_src_large":["https:\/\/e-verslas.lt\/wp-content\/uploads\/autorius-1-1024x320.jpg",1024,320,true],"author_info":{"display_name":"Administratorius","author_link":"https:\/\/e-verslas.lt\/ru\/author\/administratorius\/"},"comment_info":0,"uagb_featured_image_src":{"full":["https:\/\/e-verslas.lt\/wp-content\/uploads\/autorius-1.jpg",1920,600,false],"thumbnail":["https:\/\/e-verslas.lt\/wp-content\/uploads\/autorius-1-150x150.jpg",150,150,true],"medium":["https:\/\/e-verslas.lt\/wp-content\/uploads\/autorius-1-300x94.jpg",300,94,true],"medium_large":["https:\/\/e-verslas.lt\/wp-content\/uploads\/autorius-1-768x240.jpg",768,240,true],"large":["https:\/\/e-verslas.lt\/wp-content\/uploads\/autorius-1-1024x320.jpg",1024,320,true],"1536x1536":["https:\/\/e-verslas.lt\/wp-content\/uploads\/autorius-1-1536x480.jpg",1536,480,true],"2048x2048":["https:\/\/e-verslas.lt\/wp-content\/uploads\/autorius-1.jpg",1920,600,false],"trp-custom-language-flag":["https:\/\/e-verslas.lt\/wp-content\/uploads\/autorius-1.jpg",18,6,false]},"uagb_author_info":{"display_name":"Administratorius","author_link":"https:\/\/e-verslas.lt\/ru\/author\/administratorius\/"},"uagb_comment_info":0,"uagb_excerpt":"Prad\u017eia e-Verslas.lt Autorius. Man 45 metai ir a\u0161 iki 9 klas\u0117s buvau perskait\u0119s visas fizikos knygas, net rusi\u0161kus tomus, mok\u0117jau pasigaminti ir termobranduolin\u0119 bomb\u0105 \ud83d\ude42 Tiesa nepatiko kitkas. Prad\u017eiai baigiau Kauno Ry\u0161inink\u0173 mokykl\u0105. Paskui mokiausi elektrotechnikos specialyb\u0117s, \u012fstojau tiesiai \u012f antr\u0105 kurs\u0105 ir \u012f pamokas nevaik\u0161\u010diojau, susiradau \u012fmon\u0117l\u0119, kur \u012fsidarbinau automobili\u0173 signalizacij\u0173 montuotoj\u0173. O savo&hellip;","_links":{"self":[{"href":"https:\/\/e-verslas.lt\/ru\/wp-json\/wp\/v2\/pages\/2354","targetHints":{"allow":["GET"]}}],"collection":[{"href":"https:\/\/e-verslas.lt\/ru\/wp-json\/wp\/v2\/pages"}],"about":[{"href":"https:\/\/e-verslas.lt\/ru\/wp-json\/wp\/v2\/types\/page"}],"author":[{"embeddable":true,"href":"https:\/\/e-verslas.lt\/ru\/wp-json\/wp\/v2\/users\/1"}],"replies":[{"embeddable":true,"href":"https:\/\/e-verslas.lt\/ru\/wp-json\/wp\/v2\/comments?post=2354"}],"version-history":[{"count":4,"href":"https:\/\/e-verslas.lt\/ru\/wp-json\/wp\/v2\/pages\/2354\/revisions"}],"predecessor-version":[{"id":6958,"href":"https:\/\/e-verslas.lt\/ru\/wp-json\/wp\/v2\/pages\/2354\/revisions\/6958"}],"wp:featuredmedia":[{"embeddable":true,"href":"https:\/\/e-verslas.lt\/ru\/wp-json\/wp\/v2\/media\/41"}],"wp:attachment":[{"href":"https:\/\/e-verslas.lt\/ru\/wp-json\/wp\/v2\/media?parent=2354"}],"curies":[{"name":"wp","href":"https:\/\/api.w.org\/{rel}","templated":true}]}}