{"id":112,"date":"2020-04-27T07:33:47","date_gmt":"2020-04-27T07:33:47","guid":{"rendered":"https:\/\/e-verslas.lt\/e-verslas-lt-sprendimai\/seo-optimizavimas\/"},"modified":"2026-01-14T01:14:24","modified_gmt":"2026-01-13T23:14:24","slug":"seo-paslaugos","status":"publish","type":"page","link":"https:\/\/e-verslas.lt\/ru\/seo-\u0443\u0441\u043b\u0443\u0433\u0438\/","title":{"rendered":"SEO-\u0443\u0441\u043b\u0443\u0433\u0438"},"content":{"rendered":"<style>.kb-advanced-slider-112_5857f5-9b .kb-slider-pause-button{color:#fff;background-color:rgba(0, 0, 0, 0.8);border:1px solid transparent;}<\/style><div class=\"kb-advanced-slider kb-advanced-slider-112_5857f5-9b wp-block-kadence-slider\"><div class=\"kb-advanced-slider-inner-contain kb-adv-slider-html-version-2\"><div class=\"kb-blocks-advanced-carousel kt-blocks-carousel kt-carousel-container-dotstyle-none\"><div class=\"kb-blocks-advanced-slider-init kb-slider-loading kb-blocks-slider kt-carousel-arrowstyle-whiteondark kt-carousel-dotstyle-none kb-slider-size-ratio kb-slider-type-slider kb-slider-ratio-3-1 kb-slider-group-arrow kb-slider-arrow-position-center kb-slider-tab-ratio-inherit kb-slider-mobile-ratio-inherit splide kb-splide  kb-slider-version-2\" aria-label=\"\u0421\u043e\u0434\u0435\u0440\u0436\u0430\u043d\u0438\u0435 \u0441\u043b\u0430\u0439\u0434\u0435\u0440\u0430\" data-slider-center-mode=\"true\" data-slider-type=\"slider\" data-loop-type=\"loop\" data-columns-xxl=\"3\" data-columns-xl=\"3\" data-columns-md=\"3\" data-columns-sm=\"2\" data-columns-xs=\"1\" data-columns-ss=\"1\" data-slider-anim-speed=\"2000\" data-slider-scroll=\"1\" data-slider-fade=\"true\" data-slider-arrows=\"true\" data-slider-dots=\"false\" data-slider-hover-pause=\"false\" data-slider-auto=\"true\"  data-dragging=\"true\" data-slider-speed=\"1000\" data-slider-gap=\"30\" data-slider-gap-tablet=\"30\" data-slider-gap-mobile=\"30\" data-slider-gap-unit=\"px\"><div class=\"splide__track\"><ul class=\"splide__list\">\n\n<li class=\"wp-block-kadence-slide kb-advanced-slide-item kb-slide-112_184fa3-19\"><div class=\"kb-advanced-slide\"><div class=\"kb-advanced-slide-inner-wrap\"><div class=\"kb-advanced-slide-inner\"><\/div><\/div><\/div><\/li>\n\n\n\n<li class=\"wp-block-kadence-slide kb-advanced-slide-item kb-slide-112_c424ac-23\"><div class=\"kb-advanced-slide\"><div class=\"kb-advanced-slide-inner-wrap\"><div class=\"kb-advanced-slide-inner\">\n<p><\/p>\n<\/div><\/div><\/div><\/li>\n\n\n\n<li class=\"wp-block-kadence-slide kb-advanced-slide-item kb-slide-112_be0d90-87\"><div class=\"kb-advanced-slide\"><div class=\"kb-advanced-slide-inner-wrap\"><div class=\"kb-advanced-slide-inner\"><\/div><\/div><\/div><\/li>\n\n<\/ul><\/div><\/div><\/div><\/div><\/div>\n\n\n<p><strong>SEO-\u0443\u0441\u043b\u0443\u0433\u0438. <\/strong>\u041c\u044b \u043f\u0440\u043e\u0432\u043e\u0434\u0438\u043c SEO-\u043e\u043f\u0442\u0438\u043c\u0438\u0437\u0430\u0446\u0438\u044e \u0438 \u043f\u0443\u0431\u043b\u0438\u043a\u0443\u0435\u043c \u0441\u0442\u0430\u0442\u044c\u0438, \u0447\u0442\u043e\u0431\u044b \u0432\u0430\u0448 \u0441\u0430\u0439\u0442 \u0431\u044b\u043b\u043e \u043b\u0435\u0433\u0447\u0435 \u043d\u0430\u0439\u0442\u0438 \u0432 \u043f\u043e\u0438\u0441\u043a\u0435 Google. \u0412 \u0437\u0430\u0432\u0438\u0441\u0438\u043c\u043e\u0441\u0442\u0438 \u043e\u0442 \u0432\u044b\u0431\u0440\u0430\u043d\u043d\u043e\u0433\u043e \u0432\u0430\u043c\u0438 \u0435\u0436\u0435\u043c\u0435\u0441\u044f\u0447\u043d\u043e\u0433\u043e \u043f\u043b\u0430\u043d\u0430 \u043c\u044b \u043f\u043e\u043c\u043e\u0433\u0430\u0435\u043c \u0432\u0430\u0448\u0435\u043c\u0443 \u0441\u0430\u0439\u0442\u0443 \u0438\u043b\u0438 \u0438\u043d\u0442\u0435\u0440\u043d\u0435\u0442-\u043c\u0430\u0433\u0430\u0437\u0438\u043d\u0443 \u0434\u043e\u0441\u0442\u0438\u0447\u044c \u0431\u043e\u043b\u0435\u0435 \u0432\u044b\u0441\u043e\u043a\u0438\u0445 \u043f\u043e\u0437\u0438\u0446\u0438\u0439 \u043d\u0430 \u0441\u0442\u0440\u0430\u043d\u0438\u0446\u0430\u0445 \u0440\u0435\u0437\u0443\u043b\u044c\u0442\u0430\u0442\u043e\u0432 \u043f\u043e\u0438\u0441\u043a\u043e\u0432\u043e\u0439 \u0441\u0438\u0441\u0442\u0435\u043c\u044b. \u0420\u0435\u0437\u0443\u043b\u044c\u0442\u0430\u0442 \u0442\u0430\u043a\u0436\u0435 \u0432\u043e \u043c\u043d\u043e\u0433\u043e\u043c \u0437\u0430\u0432\u0438\u0441\u0438\u0442 \u043e\u0442 \u0441\u043f\u0435\u0446\u0438\u0444\u0438\u043a\u0438 \u0438\u043d\u0442\u0435\u0440\u043d\u0435\u0442-\u0440\u044b\u043d\u043a\u0430, \u0430\u043a\u0442\u0438\u0432\u043d\u043e\u0441\u0442\u0438 \u0432\u0430\u0448\u0438\u0445 \u043a\u043e\u043d\u043a\u0443\u0440\u0435\u043d\u0442\u043e\u0432 \u0438 \u0438\u0445 \u0441\u043f\u043e\u0441\u043e\u0431\u043d\u043e\u0441\u0442\u0438 \u0434\u043e\u0441\u0442\u0438\u0433\u0430\u0442\u044c \u0431\u043e\u043b\u0435\u0435 \u0432\u044b\u0441\u043e\u043a\u0438\u0445 \u043f\u043e\u0437\u0438\u0446\u0438\u0439 SEO.<\/p>\n\n\n\n<h3 class=\"wp-block-heading\" id=\"h-paslaugos\"><strong>\u0423\u0441\u043b\u0443\u0433\u0438<\/strong><\/h3>\n\n\n\n<figure style=\"padding-top:var(--wp--preset--spacing--40);padding-right:var(--wp--preset--spacing--40);padding-bottom:var(--wp--preset--spacing--40);padding-left:var(--wp--preset--spacing--40)\" class=\"wp-block-table\"><table class=\"has-fixed-layout\" style=\"border-style:none;border-width:0px\"><tbody><tr><td>\ud83d\udd0e <strong>\u0410\u043d\u0430\u043b\u0438\u0437 \u0440\u044b\u043d\u043a\u0430 \u0438 \u043a\u043e\u043d\u043a\u0443\u0440\u0435\u043d\u0442\u043e\u0432 (\u0432\u0445\u043e\u0434\u044f\u0449\u0435\u0435 SEO)<\/strong><br>\u041c\u044b \u043f\u0440\u043e\u0432\u043e\u0434\u0438\u043c \u0430\u043d\u0430\u043b\u0438\u0437 \u0432\u0430\u0448\u0435\u0439 \u0431\u0438\u0437\u043d\u0435\u0441-\u043d\u0438\u0448\u0438, \u043e\u0446\u0435\u043d\u0438\u0432\u0430\u0435\u043c \u043f\u043e\u0437\u0438\u0446\u0438\u0438 \u0432\u0430\u0448\u0438\u0445 \u043a\u043e\u043d\u043a\u0443\u0440\u0435\u043d\u0442\u043e\u0432 \u0432 \u043f\u043e\u0438\u0441\u043a\u043e\u0432\u043e\u0439 \u0432\u044b\u0434\u0430\u0447\u0435 Google \u0438 \u0432\u044b\u044f\u0432\u043b\u044f\u0435\u043c \u0440\u0435\u0430\u043b\u044c\u043d\u044b\u0435 \u0432\u043e\u0437\u043c\u043e\u0436\u043d\u043e\u0441\u0442\u0438 \u0434\u043b\u044f \u0440\u043e\u0441\u0442\u0430.<\/td><\/tr><tr><td>\ud83c\udfaf <strong>\u041f\u043e\u0434\u0431\u043e\u0440 \u043a\u043b\u044e\u0447\u0435\u0432\u044b\u0445 \u0441\u043b\u043e\u0432 (SEO \u043d\u0430 \u0441\u0442\u0440\u0430\u043d\u0438\u0446\u0435)<\/strong><br>\u041c\u044b \u043f\u043e\u0434\u0431\u0438\u0440\u0430\u0435\u043c \u043a\u043b\u044e\u0447\u0435\u0432\u044b\u0435 \u0441\u043b\u043e\u0432\u0430, \u043a\u043e\u0442\u043e\u0440\u044b\u0435 \u043d\u0435 \u0442\u043e\u043b\u044c\u043a\u043e \u0438\u043c\u0435\u044e\u0442 \u0431\u043e\u043b\u044c\u0448\u043e\u0439 \u043e\u0431\u044a\u0435\u043c \u043f\u043e\u0438\u0441\u043a\u043e\u0432\u044b\u0445 \u0437\u0430\u043f\u0440\u043e\u0441\u043e\u0432, \u043d\u043e \u0438 \u043f\u0440\u0435\u0434\u0441\u0442\u0430\u0432\u043b\u044f\u044e\u0442 \u0440\u0435\u0430\u043b\u044c\u043d\u0443\u044e \u043a\u043e\u043c\u043c\u0435\u0440\u0447\u0435\u0441\u043a\u0443\u044e \u0446\u0435\u043d\u043d\u043e\u0441\u0442\u044c \u0434\u043b\u044f \u0432\u0430\u0448\u0435\u0433\u043e \u0431\u0438\u0437\u043d\u0435\u0441\u0430.<\/td><\/tr><tr><td>\ud83e\uddf1 <strong>\u041e\u043f\u0442\u0438\u043c\u0438\u0437\u0430\u0446\u0438\u044f \u0441\u0442\u0440\u0443\u043a\u0442\u0443\u0440\u044b \u0438 \u0442\u0435\u0445\u043d\u0438\u0447\u0435\u0441\u043a\u0438\u0445 \u0445\u0430\u0440\u0430\u043a\u0442\u0435\u0440\u0438\u0441\u0442\u0438\u043a \u0432\u0435\u0431-\u0441\u0430\u0439\u0442\u0430 (SEO \u043d\u0430 \u0441\u0442\u0440\u0430\u043d\u0438\u0446\u0435)<\/strong><br>\u041c\u044b \u043e\u043f\u0442\u0438\u043c\u0438\u0437\u0438\u0440\u0443\u0435\u043c \u0441\u0442\u0440\u0443\u043a\u0442\u0443\u0440\u0443 \u0441\u0442\u0440\u0430\u043d\u0438\u0446, \u0432\u043d\u0443\u0442\u0440\u0435\u043d\u043d\u0438\u0435 \u0441\u0441\u044b\u043b\u043a\u0438 \u0438 \u0434\u0440\u0443\u0433\u0438\u0435 \u0442\u0435\u0445\u043d\u0438\u0447\u0435\u0441\u043a\u0438\u0435 \u044d\u043b\u0435\u043c\u0435\u043d\u0442\u044b, \u0432\u0430\u0436\u043d\u044b\u0435 \u0434\u043b\u044f SEO.<\/td><\/tr><tr><td>\ud83d\udcdd <strong>\u0421\u043e\u0437\u0434\u0430\u043d\u0438\u0435 \u0438 \u043e\u043f\u0442\u0438\u043c\u0438\u0437\u0430\u0446\u0438\u044f SEO-\u043a\u043e\u043d\u0442\u0435\u043d\u0442\u0430 (SEO \u043d\u0430 \u0441\u0442\u0440\u0430\u043d\u0438\u0446\u0435)<\/strong><br>\u041c\u044b \u043f\u043e\u0434\u0433\u043e\u0442\u0430\u0432\u043b\u0438\u0432\u0430\u0435\u043c \u0438\u043b\u0438 \u0443\u043b\u0443\u0447\u0448\u0430\u0435\u043c \u0442\u0435\u043a\u0441\u0442\u044b \u0442\u0430\u043a\u0438\u043c \u043e\u0431\u0440\u0430\u0437\u043e\u043c, \u0447\u0442\u043e\u0431\u044b \u043e\u043d\u0438 \u0431\u044b\u043b\u0438 \u043f\u043e\u043b\u0435\u0437\u043d\u044b \u043f\u043e\u0441\u0435\u0442\u0438\u0442\u0435\u043b\u044f\u043c \u0438 \u043f\u043e\u043d\u044f\u0442\u043d\u044b \u043f\u043e\u0438\u0441\u043a\u043e\u0432\u044b\u043c \u0441\u0438\u0441\u0442\u0435\u043c\u0430\u043c.<\/td><\/tr><tr><td>\ud83d\udcf1 <strong>\u0410\u0434\u0430\u043f\u0442\u0430\u0446\u0438\u044f \u0441\u0430\u0439\u0442\u0430 \u0434\u043b\u044f \u0432\u0441\u0435\u0445 \u0443\u0441\u0442\u0440\u043e\u0439\u0441\u0442\u0432 (SEO-\u043e\u043f\u0442\u0438\u043c\u0438\u0437\u0430\u0446\u0438\u044f \u043d\u0430 \u0441\u0430\u0439\u0442\u0435)<\/strong><br>\u041c\u044b \u0433\u0430\u0440\u0430\u043d\u0442\u0438\u0440\u0443\u0435\u043c \u0431\u044b\u0441\u0442\u0440\u0443\u044e \u0437\u0430\u0433\u0440\u0443\u0437\u043a\u0443 \u0441\u0430\u0439\u0442\u0430 \u0438 \u0435\u0433\u043e \u043a\u043e\u0440\u0440\u0435\u043a\u0442\u043d\u0443\u044e \u0440\u0430\u0431\u043e\u0442\u0443 \u043d\u0430 \u043c\u043e\u0431\u0438\u043b\u044c\u043d\u044b\u0445 \u0443\u0441\u0442\u0440\u043e\u0439\u0441\u0442\u0432\u0430\u0445.<\/td><\/tr><tr><td>\ud83d\udce3 <strong>\u041f\u043e\u0434\u0433\u043e\u0442\u043e\u0432\u043a\u0430 \u043a\u043e\u043d\u0442\u0435\u043d\u0442\u0430 \u0434\u043b\u044f \u043f\u0443\u0431\u043b\u0438\u043a\u0430\u0446\u0438\u0438 \u0432 \u0441\u043e\u0446\u0438\u0430\u043b\u044c\u043d\u044b\u0445 \u0441\u0435\u0442\u044f\u0445 (SEO-\u043e\u043f\u0442\u0438\u043c\u0438\u0437\u0430\u0446\u0438\u044f \u0441\u0442\u0440\u0430\u043d\u0438\u0446)<\/strong><br>\u041c\u044b \u043e\u043f\u0442\u0438\u043c\u0438\u0437\u0438\u0440\u0443\u0435\u043c \u0441\u0442\u0440\u0430\u043d\u0438\u0446\u044b, \u0447\u0442\u043e\u0431\u044b \u043e\u043d\u0438 \u0432\u044b\u0433\u043b\u044f\u0434\u0435\u043b\u0438 \u043f\u0440\u0438\u0432\u043b\u0435\u043a\u0430\u0442\u0435\u043b\u044c\u043d\u043e \u043f\u0440\u0438 \u043f\u0443\u0431\u043b\u0438\u043a\u0430\u0446\u0438\u0438 \u0432 Facebook, LinkedIn \u0438 \u0434\u0440\u0443\u0433\u0438\u0445 \u0441\u043e\u0446\u0438\u0430\u043b\u044c\u043d\u044b\u0445 \u0441\u0435\u0442\u044f\u0445.<\/td><\/tr><tr><td>\ud83d\udcf0 <strong>\u041f\u0443\u0431\u043b\u0438\u043a\u0430\u0446\u0438\u044f SEO-\u0441\u0442\u0430\u0442\u0435\u0439 (\u0432\u043d\u0435\u0448\u043d\u044f\u044f SEO-\u043e\u043f\u0442\u0438\u043c\u0438\u0437\u0430\u0446\u0438\u044f)<\/strong><br>\u041c\u044b \u043f\u0443\u0431\u043b\u0438\u043a\u0443\u0435\u043c \u0442\u0435\u043c\u0430\u0442\u0438\u0447\u0435\u0441\u043a\u0438\u0435 \u0441\u0442\u0430\u0442\u044c\u0438 \u043d\u0430 \u043d\u043e\u0432\u043e\u0441\u0442\u043d\u044b\u0445 \u043f\u043e\u0440\u0442\u0430\u043b\u0430\u0445 \u0438 \u0432 \u043a\u0430\u0442\u0430\u043b\u043e\u0433\u0430\u0445, \u043f\u043e\u0432\u044b\u0448\u0430\u044f \u0442\u0435\u043c \u0441\u0430\u043c\u044b\u043c \u0432\u0438\u0434\u0438\u043c\u043e\u0441\u0442\u044c \u0441\u0430\u0439\u0442\u0430.<\/td><\/tr><tr><td>\ud83d\udd17 <strong>\u0421\u043e\u0437\u0434\u0430\u043d\u0438\u0435 \u043e\u0431\u0440\u0430\u0442\u043d\u044b\u0445 \u0441\u0441\u044b\u043b\u043e\u043a (\u0432\u043d\u0435\u0441\u0442\u0440\u0430\u043d\u0438\u0447\u043d\u0430\u044f SEO-\u043e\u043f\u0442\u0438\u043c\u0438\u0437\u0430\u0446\u0438\u044f)<\/strong><br>\u041c\u044b \u0441\u043e\u0437\u0434\u0430\u0451\u043c \u0432\u044b\u0441\u043e\u043a\u043e\u043a\u0430\u0447\u0435\u0441\u0442\u0432\u0435\u043d\u043d\u044b\u0439 \u0441\u0441\u044b\u043b\u043e\u0447\u043d\u044b\u0439 \u043f\u0440\u043e\u0444\u0438\u043b\u044c, \u043a\u043e\u0442\u043e\u0440\u044b\u0439 \u0443\u043a\u0440\u0435\u043f\u043b\u044f\u0435\u0442 \u0430\u0432\u0442\u043e\u0440\u0438\u0442\u0435\u0442 \u0432\u0430\u0448\u0435\u0433\u043e \u0441\u0430\u0439\u0442\u0430 \u0432 \u0433\u043b\u0430\u0437\u0430\u0445 Google.<\/td><\/tr><tr><td>\ud83d\udee1\ufe0f <strong>\u041f\u043e\u0434\u0434\u0435\u0440\u0436\u0438\u0432\u0430\u044e\u0449\u0430\u044f SEO-\u043e\u043f\u0442\u0438\u043c\u0438\u0437\u0430\u0446\u0438\u044f<\/strong><br>\u041c\u044b \u043f\u043e\u0441\u0442\u043e\u044f\u043d\u043d\u043e \u043e\u0442\u0441\u043b\u0435\u0436\u0438\u0432\u0430\u0435\u043c \u0438 \u043e\u0431\u043d\u043e\u0432\u043b\u044f\u0435\u043c SEO-\u043e\u043f\u0442\u0438\u043c\u0438\u0437\u0430\u0446\u0438\u044e \u0434\u043b\u044f \u043f\u043e\u0434\u0434\u0435\u0440\u0436\u0430\u043d\u0438\u044f \u0434\u043e\u0441\u0442\u0438\u0433\u043d\u0443\u0442\u044b\u0445 \u043f\u043e\u0437\u0438\u0446\u0438\u0439 \u0432 \u043f\u043e\u0438\u0441\u043a\u043e\u0432\u043e\u0439 \u0432\u044b\u0434\u0430\u0447\u0435.<\/td><\/tr><tr><td>\ud83d\udcca <strong>\u0410\u043d\u0430\u043b\u0438\u0437 \u0440\u0435\u0437\u0443\u043b\u044c\u0442\u0430\u0442\u043e\u0432 SEO \u0438 \u043a\u043e\u0440\u0440\u0435\u043a\u0442\u0438\u0440\u043e\u0432\u043a\u0430 \u0441\u0442\u0440\u0430\u0442\u0435\u0433\u0438\u0438.<\/strong><br>\u041c\u044b \u043e\u0442\u0441\u043b\u0435\u0436\u0438\u0432\u0430\u0435\u043c \u0438\u0437\u043c\u0435\u043d\u0435\u043d\u0438\u044f \u043f\u043e\u0437\u0438\u0446\u0438\u0439, \u0442\u0440\u0430\u0444\u0438\u043a\u0430 \u0438 \u043a\u043e\u043d\u0432\u0435\u0440\u0441\u0438\u0439 \u0438 \u0441\u043e\u043e\u0442\u0432\u0435\u0442\u0441\u0442\u0432\u0443\u044e\u0449\u0438\u043c \u043e\u0431\u0440\u0430\u0437\u043e\u043c \u043a\u043e\u0440\u0440\u0435\u043a\u0442\u0438\u0440\u0443\u0435\u043c \u043d\u0430\u0448\u0443 \u0441\u0442\u0440\u0430\u0442\u0435\u0433\u0438\u044e.<\/td><\/tr><tr><td>\ud83d\udcc8 <strong>\u0427\u0435\u0442\u043a\u0438\u0435 SEO-\u043e\u0442\u0447\u0435\u0442\u044b \u0438 \u043a\u043e\u043d\u0442\u0440\u043e\u043b\u044c \u0431\u044e\u0434\u0436\u0435\u0442\u0430<\/strong><br>\u041c\u044b \u043f\u0440\u0435\u0434\u043e\u0441\u0442\u0430\u0432\u043b\u044f\u0435\u043c \u043f\u043e\u043d\u044f\u0442\u043d\u044b\u0435 \u043e\u0442\u0447\u0435\u0442\u044b \u043e \u043f\u0440\u043e\u0434\u0435\u043b\u0430\u043d\u043d\u043e\u0439 \u0440\u0430\u0431\u043e\u0442\u0435, \u0434\u043e\u0441\u0442\u0438\u0433\u043d\u0443\u0442\u044b\u0445 \u0440\u0435\u0437\u0443\u043b\u044c\u0442\u0430\u0442\u0430\u0445 \u0438 \u043e\u043a\u0443\u043f\u0430\u0435\u043c\u043e\u0441\u0442\u0438 \u0438\u043d\u0432\u0435\u0441\u0442\u0438\u0446\u0438\u0439.<\/td><\/tr><\/tbody><\/table><\/figure>\n\n\n\n<h3 class=\"wp-block-heading\" id=\"h-pasiteira-uti\"><strong><strong>\u041f\u0440\u043e\u0441\u0438\u0442\u044c<\/strong>\u0444\u0443!<\/strong><\/h3>\n\n\n\n<div class=\"wp-block-contact-form-7-contact-form-selector\">\n<div class=\"wpcf7 no-js\" id=\"wpcf7-f6943-o1\" lang=\"lt-LT\" dir=\"ltr\" data-wpcf7-id=\"6943\">\n<div class=\"screen-reader-response\"><p role=\"status\" aria-live=\"polite\" aria-atomic=\"true\"><\/p> <ul><\/ul><\/div>\n<form action=\"\/ru\/wp-json\/wp\/v2\/pages\/112#wpcf7-f6943-o1\" method=\"post\" class=\"wpcf7-form init\" aria-label=\"\u041a\u043e\u043d\u0442\u0430\u043a\u0442\u043d\u0430\u044f \u0444\u043e\u0440\u043c\u0430\" novalidate=\"novalidate\" data-status=\"init\" data-trp-original-action=\"\/ru\/wp-json\/wp\/v2\/pages\/112#wpcf7-f6943-o1\">\n<fieldset class=\"hidden-fields-container\"><input type=\"hidden\" name=\"_wpcf7\" value=\"6943\" \/><input type=\"hidden\" name=\"_wpcf7_version\" value=\"6.1.5\" \/><input type=\"hidden\" name=\"_wpcf7_locale\" value=\"lt_LT\" \/><input type=\"hidden\" name=\"_wpcf7_unit_tag\" value=\"wpcf7-f6943-o1\" \/><input type=\"hidden\" name=\"_wpcf7_container_post\" value=\"0\" \/><input type=\"hidden\" name=\"_wpcf7_posted_data_hash\" value=\"\" \/>\n<\/fieldset>\n<p><span class=\"wpcf7-form-control-wrap\" data-name=\"your-name\"><input size=\"40\" maxlength=\"400\" class=\"wpcf7-form-control wpcf7-text wpcf7-validates-as-required\" autocomplete=\"name\" aria-required=\"true\" aria-invalid=\"false\" placeholder=\"\u0412\u0430\u0448\u0435 \u0438\u043c\u044f\" value=\"\" type=\"text\" name=\"your-name\" \/><\/span><br \/>\n<span class=\"wpcf7-form-control-wrap\" data-name=\"your-mail\"><input size=\"40\" maxlength=\"400\" class=\"wpcf7-form-control wpcf7-email wpcf7-validates-as-required wpcf7-text wpcf7-validates-as-email\" autocomplete=\"your-mail\" aria-required=\"true\" aria-invalid=\"false\" placeholder=\"\u0412\u0430\u0448 \u0430\u0434\u0440\u0435\u0441 \u044d\u043b\u0435\u043a\u0442\u0440\u043e\u043d\u043d\u043e\u0439 \u043f\u043e\u0447\u0442\u044b\" value=\"\" type=\"email\" name=\"your-mail\" \/><\/span><br \/>\n<span class=\"wpcf7-form-control-wrap\" data-name=\"you-subject\"><select class=\"wpcf7-form-control wpcf7-select\" aria-invalid=\"false\" name=\"you-subject\"><option value=\"\">\u0420\u0435\u0448\u0435\u043d\u0438\u044f e-Business.lt<\/option><option value=\"Interneto Svetain\u0117s\">\u0412\u0435\u0431-\u0441\u0430\u0439\u0442\u044b<\/option><option value=\"Elektronin\u0117s Parduotuv\u0117s\">\u041c\u0430\u0433\u0430\u0437\u0438\u043d\u044b \u044d\u043b\u0435\u043a\u0442\u0440\u043e\u043d\u0438\u043a\u0438<\/option><option value=\"Portal\u0173 Aplikacijos\">\u041f\u043e\u0440\u0442\u0430\u043b\u044c\u043d\u044b\u0435 \u043f\u0440\u0438\u043b\u043e\u0436\u0435\u043d\u0438\u044f<\/option><option value=\"Dirbtinis Intelektas\">\u0418\u0441\u043a\u0443\u0441\u0441\u0442\u0432\u0435\u043d\u043d\u044b\u0439 \u0438\u043d\u0442\u0435\u043b\u043b\u0435\u043a\u0442<\/option><option value=\"SEO Paslaugos\">SEO-\u0443\u0441\u043b\u0443\u0433\u0438<\/option><option value=\"Google Ads Reklama\">\u0420\u0435\u043a\u043b\u0430\u043c\u0430 \u0432 Google Ads<\/option><option value=\"Socialin\u0117 Rinkodara\">\u0421\u043e\u0446\u0438\u0430\u043b\u044c\u043d\u044b\u0439 \u043c\u0430\u0440\u043a\u0435\u0442\u0438\u043d\u0433<\/option><option value=\"El. Pa\u0161to Marketingas\">\u041c\u0430\u0440\u043a\u0435\u0442\u0438\u043d\u0433 \u043f\u043e \u044d\u043b\u0435\u043a\u0442\u0440\u043e\u043d\u043d\u043e\u0439 \u043f\u043e\u0447\u0442\u0435<\/option><\/select><\/span><br \/>\n<span class=\"wpcf7-form-control-wrap\" data-name=\"your-message\"><textarea cols=\"40\" rows=\"10\" maxlength=\"2000\" class=\"wpcf7-form-control wpcf7-textarea\" aria-invalid=\"false\" placeholder=\"\u0412\u0430\u0448\u0435 \u0441\u043e\u043e\u0431\u0449\u0435\u043d\u0438\u0435\" name=\"your-message\"><\/textarea><\/span><br \/>\n<input class=\"wpcf7-form-control wpcf7-submit has-spinner\" type=\"submit\" value=\"\u041f\u0440\u0435\u0434\u0441\u0442\u0430\u0432\u043b\u044f\u0442\u044c \u043d\u0430 \u0440\u0430\u0441\u0441\u043c\u043e\u0442\u0440\u0435\u043d\u0438\u0435!\" \/>\n<\/p><div class=\"wpcf7-response-output\" aria-hidden=\"true\"><\/div>\n<input type=\"hidden\" name=\"trp-form-language\" value=\"ru\"\/><\/form>\n<\/div>\n<\/div>","protected":false},"excerpt":{"rendered":"<p>SEO-\u0443\u0441\u043b\u0443\u0433\u0438. \u041c\u044b \u043f\u0440\u043e\u0432\u043e\u0434\u0438\u043c SEO-\u043e\u043f\u0442\u0438\u043c\u0438\u0437\u0430\u0446\u0438\u044e \u0438 \u043f\u0443\u0431\u043b\u0438\u043a\u0443\u0435\u043c \u0441\u0442\u0430\u0442\u044c\u0438, \u0447\u0442\u043e\u0431\u044b \u0432\u0430\u0448 \u0441\u0430\u0439\u0442 \u0431\u044b\u043b\u043e \u043b\u0435\u0433\u0447\u0435 \u043d\u0430\u0439\u0442\u0438 \u0432 \u043f\u043e\u0438\u0441\u043a\u0435 Google. \u0412 \u0437\u0430\u0432\u0438\u0441\u0438\u043c\u043e\u0441\u0442\u0438 \u043e\u0442 \u0432\u044b\u0431\u0440\u0430\u043d\u043d\u043e\u0433\u043e \u0432\u0430\u043c\u0438 \u0435\u0436\u0435\u043c\u0435\u0441\u044f\u0447\u043d\u043e\u0433\u043e \u0442\u0430\u0440\u0438\u0444\u0430 \u043c\u044b \u043f\u043e\u043c\u043e\u0433\u0430\u0435\u043c \u0432\u0430\u0448\u0435\u043c\u0443 \u0441\u0430\u0439\u0442\u0443 \u0438\u043b\u0438 \u0438\u043d\u0442\u0435\u0440\u043d\u0435\u0442-\u043c\u0430\u0433\u0430\u0437\u0438\u043d\u0443 \u0437\u0430\u043d\u044f\u0442\u044c \u0431\u043e\u043b\u0435\u0435 \u0432\u044b\u0441\u043e\u043a\u0438\u0435 \u043f\u043e\u0437\u0438\u0446\u0438\u0438 \u0432 \u0440\u0435\u0437\u0443\u043b\u044c\u0442\u0430\u0442\u0430\u0445 \u043f\u043e\u0438\u0441\u043a\u0430. \u0420\u0435\u0437\u0443\u043b\u044c\u0442\u0430\u0442 \u0442\u0430\u043a\u0436\u0435 \u0432\u043e \u043c\u043d\u043e\u0433\u043e\u043c \u0437\u0430\u0432\u0438\u0441\u0438\u0442 \u043e\u0442 \u0441\u043f\u0435\u0446\u0438\u0444\u0438\u043a\u0438 \u0438\u043d\u0442\u0435\u0440\u043d\u0435\u0442-\u0440\u044b\u043d\u043a\u0430, \u0430\u043a\u0442\u0438\u0432\u043d\u043e\u0441\u0442\u0438 \u0432\u0430\u0448\u0438\u0445 \u043a\u043e\u043d\u043a\u0443\u0440\u0435\u043d\u0442\u043e\u0432 \u0438 \u0438\u0445 \u0441\u043f\u043e\u0441\u043e\u0431\u043d\u043e\u0441\u0442\u0438 \u0434\u043e\u0431\u0438\u0432\u0430\u0442\u044c\u0441\u044f \u0431\u043e\u043b\u0435\u0435 \u0432\u044b\u0441\u043e\u043a\u0438\u0445 SEO-\u043f\u043e\u043a\u0430\u0437\u0430\u0442\u0435\u043b\u0435\u0439 [\u2026]<\/p>","protected":false},"author":1,"featured_media":17,"parent":0,"menu_order":3,"comment_status":"closed","ping_status":"closed","template":"","meta":{"_uag_custom_page_level_css":"","_kad_blocks_custom_css":"","_kad_blocks_head_custom_js":"","_kad_blocks_body_custom_js":"","_kad_blocks_footer_custom_js":"","site-sidebar-layout":"default","site-content-layout":"default","ast-site-content-layout":"default","site-content-style":"default","site-sidebar-style":"default","ast-global-header-display":"","ast-banner-title-visibility":"","ast-main-header-display":"","ast-hfb-above-header-display":"","ast-hfb-below-header-display":"","ast-hfb-mobile-header-display":"","site-post-title":"enabled","ast-breadcrumbs-content":"","ast-featured-img":"","footer-sml-layout":"","ast-disable-related-posts":"","theme-transparent-header-meta":"","adv-header-id-meta":"","stick-header-meta":"","header-above-stick-meta":"","header-main-stick-meta":"","header-below-stick-meta":"","astra-migrate-meta-layouts":"set","ast-page-background-enabled":"default","ast-page-background-meta":{"desktop":{"background-color":"var(--ast-global-color-4)","background-image":"","background-repeat":"repeat","background-position":"center center","background-size":"auto","background-attachment":"scroll","background-type":"","background-media":"","overlay-type":"","overlay-color":"","overlay-opacity":"","overlay-gradient":""},"tablet":{"background-color":"","background-image":"","background-repeat":"repeat","background-position":"center center","background-size":"auto","background-attachment":"scroll","background-type":"","background-media":"","overlay-type":"","overlay-color":"","overlay-opacity":"","overlay-gradient":""},"mobile":{"background-color":"","background-image":"","background-repeat":"repeat","background-position":"center center","background-size":"auto","background-attachment":"scroll","background-type":"","background-media":"","overlay-type":"","overlay-color":"","overlay-opacity":"","overlay-gradient":""}},"ast-content-background-meta":{"desktop":{"background-color":"var(--ast-global-color-5)","background-image":"","background-repeat":"repeat","background-position":"center center","background-size":"auto","background-attachment":"scroll","background-type":"","background-media":"","overlay-type":"","overlay-color":"","overlay-opacity":"","overlay-gradient":""},"tablet":{"background-color":"var(--ast-global-color-5)","background-image":"","background-repeat":"repeat","background-position":"center center","background-size":"auto","background-attachment":"scroll","background-type":"","background-media":"","overlay-type":"","overlay-color":"","overlay-opacity":"","overlay-gradient":""},"mobile":{"background-color":"var(--ast-global-color-5)","background-image":"","background-repeat":"repeat","background-position":"center center","background-size":"auto","background-attachment":"scroll","background-type":"","background-media":"","overlay-type":"","overlay-color":"","overlay-opacity":"","overlay-gradient":""}},"footnotes":""},"class_list":["post-112","page","type-page","status-publish","has-post-thumbnail","hentry"],"taxonomy_info":[],"featured_image_src_large":["https:\/\/e-verslas.lt\/wp-content\/uploads\/seo-optimizavimas-1-1024x320.jpg",1024,320,true],"author_info":{"display_name":"Administratorius","author_link":"https:\/\/e-verslas.lt\/ru\/author\/administratorius\/"},"comment_info":0,"uagb_featured_image_src":{"full":["https:\/\/e-verslas.lt\/wp-content\/uploads\/seo-optimizavimas-1.jpg",1920,600,false],"thumbnail":["https:\/\/e-verslas.lt\/wp-content\/uploads\/seo-optimizavimas-1-150x150.jpg",150,150,true],"medium":["https:\/\/e-verslas.lt\/wp-content\/uploads\/seo-optimizavimas-1-300x94.jpg",300,94,true],"medium_large":["https:\/\/e-verslas.lt\/wp-content\/uploads\/seo-optimizavimas-1-768x240.jpg",768,240,true],"large":["https:\/\/e-verslas.lt\/wp-content\/uploads\/seo-optimizavimas-1-1024x320.jpg",1024,320,true],"1536x1536":["https:\/\/e-verslas.lt\/wp-content\/uploads\/seo-optimizavimas-1-1536x480.jpg",1536,480,true],"2048x2048":["https:\/\/e-verslas.lt\/wp-content\/uploads\/seo-optimizavimas-1.jpg",1920,600,false],"trp-custom-language-flag":["https:\/\/e-verslas.lt\/wp-content\/uploads\/seo-optimizavimas-1.jpg",18,6,false]},"uagb_author_info":{"display_name":"Administratorius","author_link":"https:\/\/e-verslas.lt\/ru\/author\/administratorius\/"},"uagb_comment_info":0,"uagb_excerpt":"SEO Paslaugos. Atliekame SEO optimizacij\u0105 ir publikuojame straipsnius, tam kad J\u016bs\u0173 svetain\u0117 lengviau b\u016bt\u0173 randama Google paie\u0161koje. Priklausomai nuo J\u016bs\u0173 pasirinkto m\u0117nesinio plano, padedame J\u016bs\u0173 interneto svetainei arba elektroninei parduotuvei pasiekti auk\u0161tesnes pozicijas paie\u0161kos sistem\u0173 rezultat\u0173 puslapiuose. Rezultatas taip pat daug priklauso nuo konkre\u010dios interneto rinkos, J\u016bs\u0173 konkurent\u0173 aktyvumo ir j\u0173 sugeb\u0117jimo pasiekti auk\u0161tesni\u0173 SEO&hellip;","_links":{"self":[{"href":"https:\/\/e-verslas.lt\/ru\/wp-json\/wp\/v2\/pages\/112","targetHints":{"allow":["GET"]}}],"collection":[{"href":"https:\/\/e-verslas.lt\/ru\/wp-json\/wp\/v2\/pages"}],"about":[{"href":"https:\/\/e-verslas.lt\/ru\/wp-json\/wp\/v2\/types\/page"}],"author":[{"embeddable":true,"href":"https:\/\/e-verslas.lt\/ru\/wp-json\/wp\/v2\/users\/1"}],"replies":[{"embeddable":true,"href":"https:\/\/e-verslas.lt\/ru\/wp-json\/wp\/v2\/comments?post=112"}],"version-history":[{"count":7,"href":"https:\/\/e-verslas.lt\/ru\/wp-json\/wp\/v2\/pages\/112\/revisions"}],"predecessor-version":[{"id":7637,"href":"https:\/\/e-verslas.lt\/ru\/wp-json\/wp\/v2\/pages\/112\/revisions\/7637"}],"wp:featuredmedia":[{"embeddable":true,"href":"https:\/\/e-verslas.lt\/ru\/wp-json\/wp\/v2\/media\/17"}],"wp:attachment":[{"href":"https:\/\/e-verslas.lt\/ru\/wp-json\/wp\/v2\/media?parent=112"}],"curies":[{"name":"wp","href":"https:\/\/api.w.org\/{rel}","templated":true}]}}