{"id":109,"date":"2020-04-27T07:31:37","date_gmt":"2020-04-27T07:31:37","guid":{"rendered":"https:\/\/e-verslas.lt\/e-verslas-lt-sprendimai\/elektronines-parduotuves\/"},"modified":"2026-01-05T00:03:11","modified_gmt":"2026-01-04T22:03:11","slug":"elektronines-parduotuves","status":"publish","type":"page","link":"https:\/\/e-verslas.lt\/ru\/\u044d\u043b\u0435\u043a\u0442\u0440\u043e\u043d\u043d\u044b\u0435-\u043c\u0430\u0433\u0430\u0437\u0438\u043d\u044b\/","title":{"rendered":"\u041c\u0430\u0433\u0430\u0437\u0438\u043d\u044b \u044d\u043b\u0435\u043a\u0442\u0440\u043e\u043d\u0438\u043a\u0438"},"content":{"rendered":"<style>.kb-advanced-slider-109_39cf78-d0 .kb-slider-pause-button{color:#fff;background-color:rgba(0, 0, 0, 0.8);border:1px solid transparent;}<\/style><div class=\"kb-advanced-slider kb-advanced-slider-109_39cf78-d0 wp-block-kadence-slider\"><div class=\"kb-advanced-slider-inner-contain kb-adv-slider-html-version-2\"><div class=\"kb-blocks-advanced-carousel kt-blocks-carousel kt-carousel-container-dotstyle-none\"><div class=\"kb-blocks-advanced-slider-init kb-slider-loading kb-blocks-slider kt-carousel-arrowstyle-whiteondark kt-carousel-dotstyle-none kb-slider-size-ratio kb-slider-type-slider kb-slider-ratio-3-1 kb-slider-group-arrow kb-slider-arrow-position-center kb-slider-tab-ratio-inherit kb-slider-mobile-ratio-inherit splide kb-splide  kb-slider-version-2\" aria-label=\"\u0421\u043e\u0434\u0435\u0440\u0436\u0430\u043d\u0438\u0435 \u0441\u043b\u0430\u0439\u0434\u0435\u0440\u0430\" data-slider-center-mode=\"true\" data-slider-type=\"slider\" data-loop-type=\"loop\" data-columns-xxl=\"3\" data-columns-xl=\"3\" data-columns-md=\"3\" data-columns-sm=\"2\" data-columns-xs=\"1\" data-columns-ss=\"1\" data-slider-anim-speed=\"2000\" data-slider-scroll=\"1\" data-slider-fade=\"true\" data-slider-arrows=\"true\" data-slider-dots=\"false\" data-slider-hover-pause=\"false\" data-slider-auto=\"true\"  data-dragging=\"true\" data-slider-speed=\"1000\" data-slider-gap=\"30\" data-slider-gap-tablet=\"30\" data-slider-gap-mobile=\"30\" data-slider-gap-unit=\"px\"><div class=\"splide__track\"><ul class=\"splide__list\">\n\n<li class=\"wp-block-kadence-slide kb-advanced-slide-item kb-slide-109_c67b1f-7c\"><div class=\"kb-advanced-slide\"><div class=\"kb-advanced-slide-inner-wrap\"><div class=\"kb-advanced-slide-inner\"><\/div><\/div><\/div><\/li>\n\n\n\n<li class=\"wp-block-kadence-slide kb-advanced-slide-item kb-slide-109_727aee-d0\"><div class=\"kb-advanced-slide\"><div class=\"kb-advanced-slide-inner-wrap\"><div class=\"kb-advanced-slide-inner\"><\/div><\/div><\/div><\/li>\n\n\n\n<li class=\"wp-block-kadence-slide kb-advanced-slide-item kb-slide-109_d70f63-77\"><div class=\"kb-advanced-slide\"><div class=\"kb-advanced-slide-inner-wrap\"><div class=\"kb-advanced-slide-inner\"><\/div><\/div><\/div><\/li>\n\n<\/ul><\/div><\/div><\/div><\/div><\/div>\n\n\n<p><strong>\u042d\u043b\u0435\u043a\u0442\u0440\u043e\u043d\u043d\u044b\u0435 \u043c\u0430\u0433\u0430\u0437\u0438\u043d\u044b. <\/strong>\u0421\u043e\u0437\u0434\u0430\u0435\u043c \u0438\u043d\u0442\u0435\u0440\u043d\u0435\u0442-\u043c\u0430\u0433\u0430\u0437\u0438\u043d\u044b, \u0440\u0430\u0441\u0448\u0438\u0440\u044f\u044f \u0432\u0430\u0448 \u0431\u0438\u0437\u043d\u0435\u0441 \u0438 \u0443\u0432\u0435\u043b\u0438\u0447\u0438\u0432\u0430\u044f \u043e\u043d\u043b\u0430\u0439\u043d-\u043f\u0440\u043e\u0434\u0430\u0436\u0438. \u0414\u043b\u044f \u043f\u0440\u043e\u0441\u0442\u043e\u0433\u043e \u043c\u0430\u0433\u0430\u0437\u0438\u043d\u0430 \u043d\u0435 \u043d\u0443\u0436\u043d\u043e \u0432\u043a\u043b\u0430\u0434\u044b\u0432\u0430\u0442\u044c\u0441\u044f \u0432 \u043f\u043e\u043c\u0435\u0449\u0435\u043d\u0438\u0435 \u0438 \u0445\u0440\u0430\u043d\u0435\u043d\u0438\u0435 \u0442\u043e\u0432\u0430\u0440\u043e\u0432. \u0412 \u0440\u0430\u0437\u044b \u043c\u0435\u043d\u044c\u0448\u0435 \u043f\u0435\u0440\u0441\u043e\u043d\u0430\u043b\u0430, \u0443\u0434\u043e\u0431\u043d\u0435\u0435 \u0443\u0447\u0435\u0442, \u0432\u0441\u0435 \u0430\u0432\u0442\u043e\u043c\u0430\u0442\u0438\u0437\u0438\u0440\u043e\u0432\u0430\u043d\u043e. \u0412\u043e\u0437\u043c\u043e\u0436\u043d\u043e\u0441\u0442\u044c \u0434\u043e\u0441\u0442\u0430\u0432\u0438\u0442\u044c \u0431\u043e\u043b\u044c\u0448\u0435 \u0442\u043e\u0432\u0430\u0440\u0430 \u043f\u043e\u043a\u0443\u043f\u0430\u0442\u0435\u043b\u044e, \u0447\u0435\u043c \u0432 \u043f\u0440\u043e\u0441\u0442\u043e\u043c \u043c\u0430\u0433\u0430\u0437\u0438\u043d\u0435. \u0414\u0438\u0437\u0430\u0439\u043d \u043c\u0430\u0433\u0430\u0437\u0438\u043d\u0430 \u0432\u044b\u0431\u0438\u0440\u0430\u0435\u0442\u0441\u044f \u0438 \u0430\u0434\u0430\u043f\u0442\u0438\u0440\u0443\u0435\u0442\u0441\u044f \u0438\u0437 \u0431\u043e\u043b\u044c\u0448\u043e\u0433\u043e \u043a\u043e\u043b\u0438\u0447\u0435\u0441\u0442\u0432\u0430 \u0441\u0443\u0449\u0435\u0441\u0442\u0432\u0443\u044e\u0449\u0438\u0445 \u043f\u0440\u043e\u0444\u0435\u0441\u0441\u0438\u043e\u043d\u0430\u043b\u044c\u043d\u044b\u0445 \u0448\u0430\u0431\u043b\u043e\u043d\u043e\u0432, \u043b\u0438\u0431\u043e \u0441\u043e\u0437\u0434\u0430\u0435\u0442\u0441\u044f \u043f\u043e\u0434 \u043f\u043e\u0442\u0440\u0435\u0431\u043d\u043e\u0441\u0442\u0438 \u043f\u043e\u043a\u0443\u043f\u0430\u0442\u0435\u043b\u044f. \u041c\u0430\u0433\u0430\u0437\u0438\u043d \u0432\u0438\u0434\u0435\u043d \u043d\u0430 \u044d\u043a\u0440\u0430\u043d\u0430\u0445 \u0432\u0441\u0435\u0445 \u0434\u0438\u0430\u0433\u043e\u043d\u0430\u043b\u0435\u0439, \u0441\u0442\u0430\u0446\u0438\u043e\u043d\u0430\u0440\u043d\u044b\u0445 \u0438 \u043c\u043e\u0431\u0438\u043b\u044c\u043d\u044b\u0445 \u0443\u0441\u0442\u0440\u043e\u0439\u0441\u0442\u0432\u0430\u0445. \u0412\u0441\u0435 \u0444\u0443\u043d\u043a\u0446\u0438\u0438 \u043c\u0430\u0433\u0430\u0437\u0438\u043d\u0430 \u0438 \u043a\u0430\u0442\u0430\u043b\u043e\u0433\u0430 \u0442\u043e\u0432\u0430\u0440\u043e\u0432 \u043b\u0435\u0433\u043a\u043e \u0430\u0434\u043c\u0438\u043d\u0438\u0441\u0442\u0440\u0438\u0440\u0443\u044e\u0442\u0441\u044f, \u043d\u0435 \u0442\u0440\u0435\u0431\u0443\u044f \u0437\u043d\u0430\u043d\u0438\u0439 \u043f\u0440\u043e\u0433\u0440\u0430\u043c\u043c\u0438\u0440\u043e\u0432\u0430\u043d\u0438\u044f. \u041a\u0430\u0442\u0430\u043b\u043e\u0433 \u0442\u043e\u0432\u0430\u0440\u043e\u0432 SEO-ready, \u043f\u043e\u044d\u0442\u043e\u043c\u0443 \u043f\u0440\u0438\u0432\u043b\u0435\u043a\u0430\u0435\u0442 \u043f\u043e\u0442\u043e\u043a \u043f\u043e\u0441\u0435\u0442\u0438\u0442\u0435\u043b\u0435\u0439 \u0438\u0437 \u043f\u043e\u0438\u0441\u043a\u043e\u0432\u043e\u0439 \u0441\u0438\u0441\u0442\u0435\u043c\u044b Google, \u043a\u043e\u0442\u043e\u0440\u044b\u0435 \u0438\u0449\u0443\u0442 \u043f\u0440\u0435\u0434\u043b\u0430\u0433\u0430\u0435\u043c\u044b\u0435 \u0432\u0430\u043c\u0438 \u0442\u043e\u0432\u0430\u0440\u044b.<\/p>\n\n\n\n<h3 class=\"wp-block-heading\" id=\"h-paslaugos\"><strong>\u0423\u0441\u043b\u0443\u0433\u0438<\/strong><\/h3>\n\n\n\n<figure style=\"padding-top:var(--wp--preset--spacing--30);padding-right:var(--wp--preset--spacing--30);padding-bottom:var(--wp--preset--spacing--30);padding-left:var(--wp--preset--spacing--30)\" class=\"wp-block-table\"><table class=\"has-fixed-layout\" style=\"border-style:none;border-width:0px\"><tbody><tr><td><strong>\ud83d\udecd\ufe0f \u041a\u0430\u0442\u0430\u043b\u043e\u0433 \u043f\u0440\u043e\u0434\u0443\u043a\u0446\u0438\u0438<\/strong><br>\u0427\u0435\u0442\u043a\u043e \u043e\u0431\u043e\u0437\u043d\u0430\u0447\u0435\u043d\u043d\u044b\u0435 \u043a\u0430\u0442\u0435\u0433\u043e\u0440\u0438\u0438, \u0444\u0438\u043b\u044c\u0442\u0440\u044b, \u043f\u043e\u0438\u0441\u043a, \u0432\u0430\u0440\u0438\u0430\u043d\u0442\u044b (\u0440\u0430\u0437\u043c\u0435\u0440\u044b\/\u0446\u0432\u0435\u0442\u0430) \u0438 \u0441\u0440\u0430\u0432\u043d\u0435\u043d\u0438\u0435 \u0442\u043e\u0432\u0430\u0440\u043e\u0432.<\/td><\/tr><tr><td><strong>\ud83e\uddfe \u041a\u043e\u0440\u0437\u0438\u043d\u0430 \u0438 \u043e\u043f\u043b\u0430\u0442\u0430<\/strong><br>\u041f\u0440\u043e\u0446\u0435\u0441\u0441 \u043f\u043e\u043a\u0443\u043f\u043a\u0438 \u043e\u0442 \u043a\u043e\u0440\u0437\u0438\u043d\u044b \u0434\u043e \u043e\u043f\u043b\u0430\u0442\u044b: \u0431\u0430\u043d\u043a\u043e\u0432\u0441\u043a\u0438\u0435 \u043f\u0435\u0440\u0435\u0432\u043e\u0434\u044b, \u043a\u0430\u0440\u0442\u044b \u0438 \u0434\u0440\u0443\u0433\u0438\u0435 \u0441\u043f\u043e\u0441\u043e\u0431\u044b.<\/td><\/tr><tr><td><strong>\ud83d\ude9a \u0414\u043e\u0441\u0442\u0430\u0432\u043a\u0430<\/strong><br>\u041a\u0443\u0440\u044c\u0435\u0440\u044b, \u0442\u0435\u0440\u043c\u0438\u043d\u0430\u043b\u044b \u0434\u043b\u044f \u043e\u0442\u043f\u0440\u0430\u0432\u043a\u0438 \u043f\u043e\u0441\u044b\u043b\u043e\u043a, \u043f\u0440\u0430\u0432\u0438\u043b\u0430 \u0446\u0435\u043d\u043e\u043e\u0431\u0440\u0430\u0437\u043e\u0432\u0430\u043d\u0438\u044f \u0434\u043e\u0441\u0442\u0430\u0432\u043a\u0438, \u0441\u0442\u0430\u0442\u0443\u0441\u044b \u043e\u0442\u043f\u0440\u0430\u0432\u043b\u0435\u043d\u0438\u0439 \u0438 \u0430\u0432\u0442\u043e\u043c\u0430\u0442\u0438\u0447\u0435\u0441\u043a\u0438\u0435 \u0443\u0432\u0435\u0434\u043e\u043c\u043b\u0435\u043d\u0438\u044f.<\/td><\/tr><tr><td><strong>\ud83d\udce6 \u0423\u043f\u0440\u0430\u0432\u043b\u0435\u043d\u0438\u0435 \u0441\u043a\u043b\u0430\u0434\u043e\u043c<\/strong><br>\u0411\u0430\u043b\u0430\u043d\u0441\u044b, \u0440\u0435\u0437\u0435\u0440\u0432\u0438\u0440\u043e\u0432\u0430\u043d\u0438\u044f, \u0438\u043c\u043f\u043e\u0440\u0442\/\u044d\u043a\u0441\u043f\u043e\u0440\u0442 \u0442\u043e\u0432\u0430\u0440\u043e\u0432, \u0438\u043d\u0442\u0435\u0433\u0440\u0430\u0446\u0438\u044f \u0441 \u043f\u043e\u0441\u0442\u0430\u0432\u0449\u0438\u043a\u0430\u043c\u0438 \u0438\u043b\u0438 \u0431\u0443\u0445\u0433\u0430\u043b\u0442\u0435\u0440\u0441\u043a\u0438\u0439 \u0443\u0447\u0435\u0442.<\/td><\/tr><tr><td><strong>\ud83c\udff7\ufe0f \u0421\u043a\u0438\u0434\u043a\u0438 \u0438 \u0430\u043a\u0446\u0438\u0438<\/strong><br>\u041a\u0443\u043f\u043e\u043d\u044b, \u0440\u0430\u0441\u043f\u0440\u043e\u0434\u0430\u0436\u0438, \u0444\u0438\u043a\u0441\u0438\u0440\u043e\u0432\u0430\u043d\u043d\u044b\u0435 \u0446\u0435\u043d\u044b, \u043f\u0440\u0430\u0432\u0438\u043b\u0430 \u043b\u043e\u044f\u043b\u044c\u043d\u043e\u0441\u0442\u0438, \u043f\u043e\u0434\u0430\u0440\u043e\u0447\u043d\u044b\u0435 \u0441\u0435\u0440\u0442\u0438\u0444\u0438\u043a\u0430\u0442\u044b.<\/td><\/tr><tr><td><strong>\ud83d\udc64 \u0423\u0447\u0435\u0442\u043d\u0430\u044f \u0437\u0430\u043f\u0438\u0441\u044c \u043a\u043b\u0438\u0435\u043d\u0442\u0430<\/strong><br>\u0418\u0441\u0442\u043e\u0440\u0438\u044f \u0437\u0430\u043a\u0430\u0437\u043e\u0432, \u043f\u043e\u0432\u0442\u043e\u0440\u043d\u044b\u0435 \u043f\u043e\u043a\u0443\u043f\u043a\u0438, \u0430\u0434\u0440\u0435\u0441\u0430, \u0441\u0447\u0435\u0442\u0430-\u0444\u0430\u043a\u0442\u0443\u0440\u044b, \u0432\u043e\u0437\u0432\u0440\u0430\u0442\u044b.<\/td><\/tr><tr><td><strong>\u2b50 \u041e\u0442\u0437\u044b\u0432\u044b \u0438 \u043e\u0446\u0435\u043d\u043a\u0438<\/strong><br>\u041e\u0446\u0435\u043d\u043a\u0438 \u0442\u043e\u0432\u0430\u0440\u043e\u0432, \u043a\u043e\u043c\u043c\u0435\u043d\u0442\u0430\u0440\u0438\u0438, \u0432\u043e\u043f\u0440\u043e\u0441\u044b \u0438 \u043e\u0442\u0432\u0435\u0442\u044b, \u0430 \u0442\u0430\u043a\u0436\u0435 \u0440\u0435\u043a\u043e\u043c\u0435\u043d\u0434\u0430\u0446\u0438\u0438.<\/td><\/tr><tr><td><strong>\ud83d\udcc4 \u0421\u0447\u0435\u0442\u0430 \u0438 \u0434\u043e\u043a\u0443\u043c\u0435\u043d\u0442\u044b<\/strong><br>\u0412\u044b\u0441\u0442\u0430\u0432\u043b\u0435\u043d\u0438\u0435 \u0441\u0447\u0435\u0442\u043e\u0432, PDF-\u0434\u043e\u043a\u0443\u043c\u0435\u043d\u0442\u044b, B2B-\u0434\u0430\u043d\u043d\u044b\u0435, \u0430\u0432\u0442\u043e\u043c\u0430\u0442\u0438\u0437\u0430\u0446\u0438\u044f.<\/td><\/tr><tr><td><strong>\ud83d\udcc8 SEO \u0438 \u0430\u043d\u0430\u043b\u0438\u0442\u0438\u043a\u0430<\/strong><br>SEO-\u0441\u0442\u0440\u0443\u043a\u0442\u0443\u0440\u0430, \u0441\u0445\u0435\u043c\u0430 \u043f\u0440\u043e\u0434\u0443\u043a\u0442\u043e\u0432, Google Analytics\/Ads, \u043e\u0442\u0441\u043b\u0435\u0436\u0438\u0432\u0430\u043d\u0438\u0435 \u043a\u043e\u043d\u0432\u0435\u0440\u0441\u0438\u0439 \u0438 \u043e\u0442\u0447\u0435\u0442\u043d\u043e\u0441\u0442\u044c.<\/td><\/tr><tr><td><strong>\ud83d\udce3 \u0418\u043d\u0442\u0435\u0433\u0440\u0430\u0446\u0438\u044f \u0441 \u043c\u0430\u0440\u043a\u0435\u0442\u0438\u043d\u0433\u043e\u043c<\/strong><br>\u0420\u0430\u0441\u0441\u044b\u043b\u043a\u0438, \u0440\u0435\u043c\u0430\u0440\u043a\u0435\u0442\u0438\u043d\u0433, \u043a\u0430\u0442\u0430\u043b\u043e\u0433\u0438 \u0432 Facebook\/Instagram, \u0442\u043e\u0432\u0430\u0440\u043d\u044b\u0435 \u0444\u0438\u0434\u044b.<\/td><\/tr><tr><td><strong>\ud83c\udf0d \u041c\u043d\u043e\u0433\u043e\u044f\u0437\u044b\u0447\u0438\u0435 \u0438 \u0432\u0430\u043b\u044e\u0442\u044b<\/strong><br>\u041f\u043e\u0434\u0434\u0435\u0440\u0436\u043a\u0430 \u043d\u0435\u0441\u043a\u043e\u043b\u044c\u043a\u0438\u0445 \u044f\u0437\u044b\u043a\u043e\u0432, \u0446\u0435\u043d\u043e\u043e\u0431\u0440\u0430\u0437\u043e\u0432\u0430\u043d\u0438\u0435 \u0432 \u0440\u0430\u0437\u043b\u0438\u0447\u043d\u044b\u0445 \u0432\u0430\u043b\u044e\u0442\u0430\u0445, \u043d\u0430\u0441\u0442\u0440\u043e\u0439\u043a\u0430 \u043c\u0435\u0436\u0434\u0443\u043d\u0430\u0440\u043e\u0434\u043d\u043e\u0439 \u0442\u043e\u0440\u0433\u043e\u0432\u043b\u0438.<\/td><\/tr><tr><td><strong>\ud83d\udd10 \u0411\u0435\u0437\u043e\u043f\u0430\u0441\u043d\u043e\u0441\u0442\u044c \u0438 \u0430\u0434\u043c\u0438\u043d\u0438\u0441\u0442\u0440\u0438\u0440\u043e\u0432\u0430\u043d\u0438\u0435<\/strong><br>SSL, \u0440\u043e\u043b\u0438, \u0434\u0432\u0443\u0445\u0444\u0430\u043a\u0442\u043e\u0440\u043d\u0430\u044f \u0430\u0443\u0442\u0435\u043d\u0442\u0438\u0444\u0438\u043a\u0430\u0446\u0438\u044f, \u0440\u0435\u0437\u0435\u0440\u0432\u043d\u043e\u0435 \u043a\u043e\u043f\u0438\u0440\u043e\u0432\u0430\u043d\u0438\u0435, \u043e\u0431\u043d\u043e\u0432\u043b\u0435\u043d\u0438\u044f, \u0437\u0430\u0449\u0438\u0442\u0430 \u043e\u0442 \u043c\u043e\u0448\u0435\u043d\u043d\u0438\u0447\u0435\u0441\u0442\u0432\u0430.<\/td><\/tr><\/tbody><\/table><\/figure>\n\n\n\n<h3 class=\"wp-block-heading\" id=\"h-pasiteira-uti\"><strong><strong>\u041f\u0440\u043e\u0441\u0438\u0442\u044c<\/strong>\u0444\u0443!<\/strong><\/h3>\n\n\n\n<div class=\"wp-block-contact-form-7-contact-form-selector\">\n<div class=\"wpcf7 no-js\" id=\"wpcf7-f6943-o1\" lang=\"lt-LT\" dir=\"ltr\" data-wpcf7-id=\"6943\">\n<div class=\"screen-reader-response\"><p role=\"status\" aria-live=\"polite\" aria-atomic=\"true\"><\/p> <ul><\/ul><\/div>\n<form action=\"\/ru\/wp-json\/wp\/v2\/pages\/109#wpcf7-f6943-o1\" method=\"post\" class=\"wpcf7-form init\" aria-label=\"\u041a\u043e\u043d\u0442\u0430\u043a\u0442\u043d\u0430\u044f \u0444\u043e\u0440\u043c\u0430\" novalidate=\"novalidate\" data-status=\"init\" data-trp-original-action=\"\/ru\/wp-json\/wp\/v2\/pages\/109#wpcf7-f6943-o1\">\n<fieldset class=\"hidden-fields-container\"><input type=\"hidden\" name=\"_wpcf7\" value=\"6943\" \/><input type=\"hidden\" name=\"_wpcf7_version\" value=\"6.1.5\" \/><input type=\"hidden\" name=\"_wpcf7_locale\" value=\"lt_LT\" \/><input type=\"hidden\" name=\"_wpcf7_unit_tag\" value=\"wpcf7-f6943-o1\" \/><input type=\"hidden\" name=\"_wpcf7_container_post\" value=\"0\" \/><input type=\"hidden\" name=\"_wpcf7_posted_data_hash\" value=\"\" \/>\n<\/fieldset>\n<p><span class=\"wpcf7-form-control-wrap\" data-name=\"your-name\"><input size=\"40\" maxlength=\"400\" class=\"wpcf7-form-control wpcf7-text wpcf7-validates-as-required\" autocomplete=\"name\" aria-required=\"true\" aria-invalid=\"false\" placeholder=\"\u0412\u0430\u0448\u0435 \u0438\u043c\u044f\" value=\"\" type=\"text\" name=\"your-name\" \/><\/span><br \/>\n<span class=\"wpcf7-form-control-wrap\" data-name=\"your-mail\"><input size=\"40\" maxlength=\"400\" class=\"wpcf7-form-control wpcf7-email wpcf7-validates-as-required wpcf7-text wpcf7-validates-as-email\" autocomplete=\"your-mail\" aria-required=\"true\" aria-invalid=\"false\" placeholder=\"\u0412\u0430\u0448 \u0430\u0434\u0440\u0435\u0441 \u044d\u043b\u0435\u043a\u0442\u0440\u043e\u043d\u043d\u043e\u0439 \u043f\u043e\u0447\u0442\u044b\" value=\"\" type=\"email\" name=\"your-mail\" \/><\/span><br \/>\n<span class=\"wpcf7-form-control-wrap\" data-name=\"you-subject\"><select class=\"wpcf7-form-control wpcf7-select\" aria-invalid=\"false\" name=\"you-subject\"><option value=\"\">\u0420\u0435\u0448\u0435\u043d\u0438\u044f e-Business.lt<\/option><option value=\"Interneto Svetain\u0117s\">\u0412\u0435\u0431-\u0441\u0430\u0439\u0442\u044b<\/option><option value=\"Elektronin\u0117s Parduotuv\u0117s\">\u041c\u0430\u0433\u0430\u0437\u0438\u043d\u044b \u044d\u043b\u0435\u043a\u0442\u0440\u043e\u043d\u0438\u043a\u0438<\/option><option value=\"Portal\u0173 Aplikacijos\">\u041f\u043e\u0440\u0442\u0430\u043b\u044c\u043d\u044b\u0435 \u043f\u0440\u0438\u043b\u043e\u0436\u0435\u043d\u0438\u044f<\/option><option value=\"Dirbtinis Intelektas\">\u0418\u0441\u043a\u0443\u0441\u0441\u0442\u0432\u0435\u043d\u043d\u044b\u0439 \u0438\u043d\u0442\u0435\u043b\u043b\u0435\u043a\u0442<\/option><option value=\"SEO Paslaugos\">SEO-\u0443\u0441\u043b\u0443\u0433\u0438<\/option><option value=\"Google Ads Reklama\">\u0420\u0435\u043a\u043b\u0430\u043c\u0430 \u0432 Google Ads<\/option><option value=\"Socialin\u0117 Rinkodara\">\u0421\u043e\u0446\u0438\u0430\u043b\u044c\u043d\u044b\u0439 \u043c\u0430\u0440\u043a\u0435\u0442\u0438\u043d\u0433<\/option><option value=\"El. Pa\u0161to Marketingas\">\u041c\u0430\u0440\u043a\u0435\u0442\u0438\u043d\u0433 \u043f\u043e \u044d\u043b\u0435\u043a\u0442\u0440\u043e\u043d\u043d\u043e\u0439 \u043f\u043e\u0447\u0442\u0435<\/option><\/select><\/span><br \/>\n<span class=\"wpcf7-form-control-wrap\" data-name=\"your-message\"><textarea cols=\"40\" rows=\"10\" maxlength=\"2000\" class=\"wpcf7-form-control wpcf7-textarea\" aria-invalid=\"false\" placeholder=\"\u0412\u0430\u0448\u0435 \u0441\u043e\u043e\u0431\u0449\u0435\u043d\u0438\u0435\" name=\"your-message\"><\/textarea><\/span><br \/>\n<input class=\"wpcf7-form-control wpcf7-submit has-spinner\" type=\"submit\" value=\"\u041f\u0440\u0435\u0434\u0441\u0442\u0430\u0432\u043b\u044f\u0442\u044c \u043d\u0430 \u0440\u0430\u0441\u0441\u043c\u043e\u0442\u0440\u0435\u043d\u0438\u0435!\" \/>\n<\/p><div class=\"wpcf7-response-output\" aria-hidden=\"true\"><\/div>\n<input type=\"hidden\" name=\"trp-form-language\" value=\"ru\"\/><\/form>\n<\/div>\n<\/div>\n\n\n\n<p><\/p>","protected":false},"excerpt":{"rendered":"<p>\u042d\u043b\u0435\u043a\u0442\u0440\u043e\u043d\u043d\u044b\u0435 \u043c\u0430\u0433\u0430\u0437\u0438\u043d\u044b. \u041c\u044b \u0441\u043e\u0437\u0434\u0430\u0451\u043c \u044d\u043b\u0435\u043a\u0442\u0440\u043e\u043d\u043d\u044b\u0435 \u043c\u0430\u0433\u0430\u0437\u0438\u043d\u044b, \u0440\u0430\u0441\u0448\u0438\u0440\u044f\u044f \u0432\u0430\u0448 \u0431\u0438\u0437\u043d\u0435\u0441 \u0438 \u0443\u0432\u0435\u043b\u0438\u0447\u0438\u0432\u0430\u044f \u043e\u043d\u043b\u0430\u0439\u043d-\u043f\u0440\u043e\u0434\u0430\u0436\u0438. \u041d\u0435 \u043d\u0443\u0436\u043d\u043e \u0432\u043a\u043b\u0430\u0434\u044b\u0432\u0430\u0442\u044c\u0441\u044f \u0432 \u043f\u043e\u043c\u0435\u0449\u0435\u043d\u0438\u0435 \u0434\u043b\u044f \u043f\u0440\u043e\u0441\u0442\u043e\u0433\u043e \u043c\u0430\u0433\u0430\u0437\u0438\u043d\u0430 \u0438 \u0445\u0440\u0430\u043d\u0435\u043d\u0438\u044f \u0442\u043e\u0432\u0430\u0440\u043e\u0432. \u0412 \u0440\u0430\u0437\u044b \u043c\u0435\u043d\u044c\u0448\u0435 \u043f\u0435\u0440\u0441\u043e\u043d\u0430\u043b\u0430, \u0443\u0434\u043e\u0431\u043d\u0435\u0435 \u0443\u0447\u0451\u0442, \u0432\u0441\u0451 \u0430\u0432\u0442\u043e\u043c\u0430\u0442\u0438\u0437\u0438\u0440\u043e\u0432\u0430\u043d\u043e. \u0412\u043e\u0437\u043c\u043e\u0436\u043d\u043e\u0441\u0442\u044c \u0434\u043e\u0441\u0442\u0430\u0432\u0438\u0442\u044c \u0431\u043e\u043b\u044c\u0448\u0435 \u0442\u043e\u0432\u0430\u0440\u043e\u0432 \u043f\u043e\u043a\u0443\u043f\u0430\u0442\u0435\u043b\u044e, \u0447\u0435\u043c \u0432 \u043e\u0431\u044b\u0447\u043d\u043e\u043c \u043c\u0430\u0433\u0430\u0437\u0438\u043d\u0435. \u0414\u0438\u0437\u0430\u0439\u043d \u043c\u0430\u0433\u0430\u0437\u0438\u043d\u0430 \u043f\u043e\u0434\u0431\u0438\u0440\u0430\u0435\u0442\u0441\u044f \u0438 \u0430\u0434\u0430\u043f\u0442\u0438\u0440\u0443\u0435\u0442\u0441\u044f \u0438\u0437 \u043c\u043d\u043e\u0436\u0435\u0441\u0442\u0432\u0430 \u0433\u043e\u0442\u043e\u0432\u044b\u0445 \u043f\u0440\u043e\u0444\u0435\u0441\u0441\u0438\u043e\u043d\u0430\u043b\u044c\u043d\u044b\u0445 \u0448\u0430\u0431\u043b\u043e\u043d\u043e\u0432 \u0438\u043b\u0438 \u0441\u043e\u0437\u0434\u0430\u0451\u0442\u0441\u044f \u043f\u043e\u0434 \u043f\u043e\u0442\u0440\u0435\u0431\u043d\u043e\u0441\u0442\u0438 \u043a\u043b\u0438\u0435\u043d\u0442\u0430. \u041c\u0430\u0433\u0430\u0437\u0438\u043d \u0432\u0438\u0434\u0435\u043d [\u2026]<\/p>","protected":false},"author":1,"featured_media":54,"parent":0,"menu_order":2,"comment_status":"closed","ping_status":"closed","template":"","meta":{"_uag_custom_page_level_css":"","_kad_blocks_custom_css":"","_kad_blocks_head_custom_js":"","_kad_blocks_body_custom_js":"","_kad_blocks_footer_custom_js":"","site-sidebar-layout":"default","site-content-layout":"default","ast-site-content-layout":"default","site-content-style":"default","site-sidebar-style":"default","ast-global-header-display":"","ast-banner-title-visibility":"","ast-main-header-display":"","ast-hfb-above-header-display":"","ast-hfb-below-header-display":"","ast-hfb-mobile-header-display":"","site-post-title":"enabled","ast-breadcrumbs-content":"","ast-featured-img":"","footer-sml-layout":"","ast-disable-related-posts":"","theme-transparent-header-meta":"","adv-header-id-meta":"","stick-header-meta":"","header-above-stick-meta":"","header-main-stick-meta":"","header-below-stick-meta":"","astra-migrate-meta-layouts":"set","ast-page-background-enabled":"default","ast-page-background-meta":{"desktop":{"background-color":"var(--ast-global-color-4)","background-image":"","background-repeat":"repeat","background-position":"center center","background-size":"auto","background-attachment":"scroll","background-type":"","background-media":"","overlay-type":"","overlay-color":"","overlay-opacity":"","overlay-gradient":""},"tablet":{"background-color":"","background-image":"","background-repeat":"repeat","background-position":"center center","background-size":"auto","background-attachment":"scroll","background-type":"","background-media":"","overlay-type":"","overlay-color":"","overlay-opacity":"","overlay-gradient":""},"mobile":{"background-color":"","background-image":"","background-repeat":"repeat","background-position":"center center","background-size":"auto","background-attachment":"scroll","background-type":"","background-media":"","overlay-type":"","overlay-color":"","overlay-opacity":"","overlay-gradient":""}},"ast-content-background-meta":{"desktop":{"background-color":"var(--ast-global-color-5)","background-image":"","background-repeat":"repeat","background-position":"center center","background-size":"auto","background-attachment":"scroll","background-type":"","background-media":"","overlay-type":"","overlay-color":"","overlay-opacity":"","overlay-gradient":""},"tablet":{"background-color":"var(--ast-global-color-5)","background-image":"","background-repeat":"repeat","background-position":"center center","background-size":"auto","background-attachment":"scroll","background-type":"","background-media":"","overlay-type":"","overlay-color":"","overlay-opacity":"","overlay-gradient":""},"mobile":{"background-color":"var(--ast-global-color-5)","background-image":"","background-repeat":"repeat","background-position":"center center","background-size":"auto","background-attachment":"scroll","background-type":"","background-media":"","overlay-type":"","overlay-color":"","overlay-opacity":"","overlay-gradient":""}},"footnotes":""},"class_list":["post-109","page","type-page","status-publish","has-post-thumbnail","hentry"],"taxonomy_info":[],"featured_image_src_large":["https:\/\/e-verslas.lt\/wp-content\/uploads\/elektrones-parduotuves-1-1024x320.jpg",1024,320,true],"author_info":{"display_name":"Administratorius","author_link":"https:\/\/e-verslas.lt\/ru\/author\/administratorius\/"},"comment_info":0,"uagb_featured_image_src":{"full":["https:\/\/e-verslas.lt\/wp-content\/uploads\/elektrones-parduotuves-1.jpg",1920,600,false],"thumbnail":["https:\/\/e-verslas.lt\/wp-content\/uploads\/elektrones-parduotuves-1-150x150.jpg",150,150,true],"medium":["https:\/\/e-verslas.lt\/wp-content\/uploads\/elektrones-parduotuves-1-300x94.jpg",300,94,true],"medium_large":["https:\/\/e-verslas.lt\/wp-content\/uploads\/elektrones-parduotuves-1-768x240.jpg",768,240,true],"large":["https:\/\/e-verslas.lt\/wp-content\/uploads\/elektrones-parduotuves-1-1024x320.jpg",1024,320,true],"1536x1536":["https:\/\/e-verslas.lt\/wp-content\/uploads\/elektrones-parduotuves-1-1536x480.jpg",1536,480,true],"2048x2048":["https:\/\/e-verslas.lt\/wp-content\/uploads\/elektrones-parduotuves-1.jpg",1920,600,false],"trp-custom-language-flag":["https:\/\/e-verslas.lt\/wp-content\/uploads\/elektrones-parduotuves-1.jpg",18,6,false]},"uagb_author_info":{"display_name":"Administratorius","author_link":"https:\/\/e-verslas.lt\/ru\/author\/administratorius\/"},"uagb_comment_info":0,"uagb_excerpt":"Elektronin\u0117s Parduotuv\u0117s. Kuriame elektronines parduotuves, prapl\u0117sdami J\u016bs\u0173 versl\u0105 ir padidindami pardavimus internete. Nereikia investuoti \u012f patalpas paprastai parduotuvei ir preki\u0173 sand\u0117liavimui. Kelis kartus ma\u017eiau personalo, patogesn\u0117 buhalterija, viskas automatizuota. Galimyb\u0117 klientui pristatyti daugiau preki\u0173, nei b\u016bt\u0173 paprastoje parduotuv\u0117je. Parduotuv\u0117s dizainas parenkamas ir pritaikomas i\u0161 daugyb\u0117s esam\u0173 profesionali\u0173 \u0161ablon\u0173, arba sukuriamas pagal kliento poreikius. Parduotuv\u0117 matoma&hellip;","_links":{"self":[{"href":"https:\/\/e-verslas.lt\/ru\/wp-json\/wp\/v2\/pages\/109","targetHints":{"allow":["GET"]}}],"collection":[{"href":"https:\/\/e-verslas.lt\/ru\/wp-json\/wp\/v2\/pages"}],"about":[{"href":"https:\/\/e-verslas.lt\/ru\/wp-json\/wp\/v2\/types\/page"}],"author":[{"embeddable":true,"href":"https:\/\/e-verslas.lt\/ru\/wp-json\/wp\/v2\/users\/1"}],"replies":[{"embeddable":true,"href":"https:\/\/e-verslas.lt\/ru\/wp-json\/wp\/v2\/comments?post=109"}],"version-history":[{"count":5,"href":"https:\/\/e-verslas.lt\/ru\/wp-json\/wp\/v2\/pages\/109\/revisions"}],"predecessor-version":[{"id":7501,"href":"https:\/\/e-verslas.lt\/ru\/wp-json\/wp\/v2\/pages\/109\/revisions\/7501"}],"wp:featuredmedia":[{"embeddable":true,"href":"https:\/\/e-verslas.lt\/ru\/wp-json\/wp\/v2\/media\/54"}],"wp:attachment":[{"href":"https:\/\/e-verslas.lt\/ru\/wp-json\/wp\/v2\/media?parent=109"}],"curies":[{"name":"wp","href":"https:\/\/api.w.org\/{rel}","templated":true}]}}