{"id":3,"date":"2025-06-17T10:51:55","date_gmt":"2025-06-17T10:51:55","guid":{"rendered":"https:\/\/e-verslas.lt\/?page_id=3"},"modified":"2026-01-04T22:44:43","modified_gmt":"2026-01-04T20:44:43","slug":"privatumo-politika","status":"publish","type":"page","link":"https:\/\/e-verslas.lt\/fr\/politique-de-confidentialite\/","title":{"rendered":"politique de confidentialit\u00e9"},"content":{"rendered":"<style>.kb-advanced-slider-3_8f8449-66 .kb-slider-pause-button{color:#fff;background-color:rgba(0, 0, 0, 0.8);border:1px solid transparent;}<\/style><div class=\"kb-advanced-slider kb-advanced-slider-3_8f8449-66 wp-block-kadence-slider\"><div class=\"kb-advanced-slider-inner-contain kb-adv-slider-html-version-2\"><div class=\"kb-blocks-advanced-carousel kt-blocks-carousel kt-carousel-container-dotstyle-none\"><div class=\"kb-blocks-advanced-slider-init kb-slider-loading kb-blocks-slider kt-carousel-arrowstyle-whiteondark kt-carousel-dotstyle-none kb-slider-size-ratio kb-slider-type-slider kb-slider-ratio-3-1 kb-slider-group-arrow kb-slider-arrow-position-center kb-slider-tab-ratio-inherit kb-slider-mobile-ratio-inherit splide kb-splide  kb-slider-version-2\" aria-label=\"Contenu du curseur\" data-slider-center-mode=\"true\" data-slider-type=\"slider\" data-loop-type=\"loop\" data-columns-xxl=\"3\" data-columns-xl=\"3\" data-columns-md=\"3\" data-columns-sm=\"2\" data-columns-xs=\"1\" data-columns-ss=\"1\" data-slider-anim-speed=\"2000\" data-slider-scroll=\"1\" data-slider-fade=\"true\" data-slider-arrows=\"true\" data-slider-dots=\"false\" data-slider-hover-pause=\"false\" data-slider-auto=\"true\"  data-dragging=\"true\" data-slider-speed=\"1000\" data-slider-gap=\"30\" data-slider-gap-tablet=\"30\" data-slider-gap-mobile=\"30\" data-slider-gap-unit=\"px\"><div class=\"splide__track\"><ul class=\"splide__list\">\n\n<div class=\"wp-block-kadence-slide kb-advanced-slide-item kb-slide-3_17f369-41\"><div class=\"kb-advanced-slide\"><div class=\"kb-advanced-slide-inner-wrap\"><div class=\"kb-advanced-slide-inner\"><\/div><\/div><\/div><\/div>\n\n\n\n<div class=\"wp-block-kadence-slide kb-advanced-slide-item kb-slide-3_c8e4b1-e7\"><div class=\"kb-advanced-slide\"><div class=\"kb-advanced-slide-inner-wrap\"><div class=\"kb-advanced-slide-inner\"><\/div><\/div><\/div><\/div>\n\n\n\n<div class=\"wp-block-kadence-slide kb-advanced-slide-item kb-slide-3_210ccb-9b\"><div class=\"kb-advanced-slide\"><div class=\"kb-advanced-slide-inner-wrap\"><div class=\"kb-advanced-slide-inner\"><\/div><\/div><\/div><\/div>\n\n<\/ul><\/div><\/div><\/div><\/div><\/div>\n\n\n<p>L&#039;adresse de notre site Web est\u00a0: https:\/\/e-verslas.lt<\/p>\n\n\n\n<h2 class=\"wp-block-heading\">Commentaires<\/h2>\n\n\n\n<p>Lorsque les visiteurs laissent des commentaires sur le site Web, nous collectons les donn\u00e9es visibles dans le formulaire de publication de commentaires, ainsi que l&#039;adresse IP du visiteur et le compte utilisateur du navigateur pour aider \u00e0 pr\u00e9venir le spam.<\/p>\n\n\n\n<p>Un enregistrement de donn\u00e9es anonymis\u00e9es (hachage) peut \u00eatre g\u00e9n\u00e9r\u00e9 \u00e0 partir de votre adresse e-mail et transmis au fournisseur de services Gravatar pour v\u00e9rifier que vous utilisez bien ce service. La politique de confidentialit\u00e9 de Gravatar est disponible ici\u00a0: https:\/\/automattic.com\/privacy\/. Une fois votre commentaire approuv\u00e9, votre photo de profil sera visible publiquement \u00e0 c\u00f4t\u00e9 de votre commentaire.<\/p>\n\n\n\n<h2 class=\"wp-block-heading\">Fichiers<\/h2>\n\n\n\n<p>Si vous publiez des photos sur un site web, \u00e9vitez de les publier avec des donn\u00e9es de localisation (EXIF GPS) int\u00e9gr\u00e9es. Les visiteurs du site web peuvent t\u00e9l\u00e9charger des photos depuis le site et en extraire des donn\u00e9es de localisation.<\/p>\n\n\n\n<h2 class=\"wp-block-heading\">Cookies<\/h2>\n\n\n\n<p>Lorsque vous laissez un commentaire sur ce site, vous pouvez choisir que votre nom, votre adresse e-mail et votre site web soient enregistr\u00e9s dans des cookies. Ceci est uniquement pour votre confort, afin de vous \u00e9viter d&#039;avoir \u00e0 saisir ces donn\u00e9es \u00e0 chaque commentaire. Ces cookies sont conserv\u00e9s pendant un an.<\/p>\n\n\n\n<p>Si vous poss\u00e9dez un compte et que vous vous connectez \u00e0 notre site web, nous cr\u00e9ons un cookie temporaire qui enregistre si votre navigateur accepte les cookies. Ce cookie ne stocke aucune information personnelle et est supprim\u00e9 lorsque vous fermez votre navigateur.<\/p>\n\n\n\n<p>Lorsque vous vous connectez, nous cr\u00e9ons \u00e9galement plusieurs cookies qui enregistrent vos informations de connexion et vos pr\u00e9f\u00e9rences d&#039;affichage. Les cookies de connexion sont valables deux jours et les param\u00e8tres d&#039;affichage un an. Si vous cochez l&#039;option \u00ab\u00a0Se souvenir de moi\u00a0\u00bb, votre cookie de connexion sera valable deux semaines. Lorsque vous vous d\u00e9connectez de votre compte, les cookies de connexion sont supprim\u00e9s.<\/p>\n\n\n\n<p>Si vous modifiez ou publiez une publication, un cookie suppl\u00e9mentaire est enregistr\u00e9 dans votre navigateur. Ce cookie ne stocke aucune donn\u00e9e personnelle, mais l&#039;identifiant de la publication que vous venez de modifier ou de publier. Ce cookie expire au bout d&#039;un jour.<\/p>\n\n\n\n<h2 class=\"wp-block-heading\">Contenu charg\u00e9 \u00e0 partir d&#039;autres sites Web<\/h2>\n\n\n\n<p>Ce site web peut contenir du contenu (vid\u00e9os, images, textes, etc.) t\u00e9l\u00e9charg\u00e9 depuis d&#039;autres sites web. Consulter et interagir avec ce contenu sur ce site web \u00e9quivaut \u00e0 visiter les sites web d&#039;o\u00f9 provient ce contenu.<\/p>\n\n\n\n<p>Ces sites Web peuvent collecter des donn\u00e9es vous concernant, utiliser des cookies, des services de suivi tiers et surveiller vos actions avec le contenu t\u00e9l\u00e9charg\u00e9, y compris lorsque vous avez un compte et \u00eates connect\u00e9 aux sites Web susmentionn\u00e9s.<\/p>\n\n\n\n<h2 class=\"wp-block-heading\">Avec qui partageons-nous vos donn\u00e9es ?<\/h2>\n\n\n\n<p>Si vous demandez une r\u00e9initialisation de mot de passe, votre adresse IP sera incluse dans l&#039;e-mail de r\u00e9initialisation.<\/p>\n\n\n\n<h2 class=\"wp-block-heading\">Combien de temps conservons-nous vos donn\u00e9es ?<\/h2>\n\n\n\n<p>Si vous r\u00e9digez un commentaire, son texte et ses m\u00e9tadonn\u00e9es sont conserv\u00e9s ind\u00e9finiment. Cela nous permet de reconna\u00eetre et d&#039;approuver automatiquement les futurs commentaires, sans n\u00e9cessiter l&#039;approbation de l&#039;administrateur.<\/p>\n\n\n\n<p>Lorsque vous vous inscrivez sur notre site web et devenez utilisateur, nous stockons toutes les donn\u00e9es personnelles que vous fournissez dans votre compte. Chaque utilisateur peut consulter, modifier et supprimer ses donn\u00e9es personnelles \u00e0 tout moment (\u00e0 l&#039;exception de son nom d&#039;utilisateur). Les administrateurs du site web peuvent \u00e9galement consulter et modifier ces donn\u00e9es.<\/p>\n\n\n\n<h2 class=\"wp-block-heading\">Vos droits<\/h2>\n\n\n\n<p>Si vous poss\u00e9dez un compte sur ce site web ou si vous y avez laiss\u00e9 un commentaire, vous pouvez demander \u00e0 recevoir un fichier contenant toutes les donn\u00e9es personnelles que nous d\u00e9tenons \u00e0 votre sujet, y compris celles que vous nous avez fournies. Vous pouvez \u00e9galement demander la suppression de toutes vos donn\u00e9es personnelles. Ces demandes ne s&#039;appliquent pas aux donn\u00e9es que nous sommes tenus de conserver par la loi \u00e0 des fins administratives, juridiques ou de s\u00e9curit\u00e9.<\/p>\n\n\n\n<h2 class=\"wp-block-heading\">O\u00f9 vos donn\u00e9es sont envoy\u00e9es<\/h2>\n\n\n\n<p>Les commentaires des visiteurs peuvent \u00eatre v\u00e9rifi\u00e9s \u00e0 l&#039;aide d&#039;un service automatis\u00e9 de d\u00e9tection de spam.<\/p>","protected":false},"excerpt":{"rendered":"<p>L&#039;adresse de notre site web est\u00a0: https:\/\/e-verslas.lt. Commentaires\u00a0: Lorsque vous laissez un commentaire sur notre site web, nous collectons les donn\u00e9es visibles dans le formulaire de commentaire, ainsi que votre adresse IP et votre compte de navigateur, afin de vous prot\u00e9ger du spam. Un enregistrement de donn\u00e9es anonymis\u00e9 (hachage) peut \u00eatre g\u00e9n\u00e9r\u00e9 \u00e0 partir de votre adresse e-mail et transmis au fournisseur de services Gravatar pour v\u00e9rifier que vous utilisez bien ce service.<\/p>","protected":false},"author":1,"featured_media":98,"parent":0,"menu_order":0,"comment_status":"closed","ping_status":"closed","template":"","meta":{"_uag_custom_page_level_css":"","_kad_blocks_custom_css":"","_kad_blocks_head_custom_js":"","_kad_blocks_body_custom_js":"","_kad_blocks_footer_custom_js":"","site-sidebar-layout":"default","site-content-layout":"","ast-site-content-layout":"default","site-content-style":"default","site-sidebar-style":"default","ast-global-header-display":"","ast-banner-title-visibility":"","ast-main-header-display":"","ast-hfb-above-header-display":"","ast-hfb-below-header-display":"","ast-hfb-mobile-header-display":"","site-post-title":"","ast-breadcrumbs-content":"","ast-featured-img":"","footer-sml-layout":"","ast-disable-related-posts":"","theme-transparent-header-meta":"","adv-header-id-meta":"","stick-header-meta":"","header-above-stick-meta":"","header-main-stick-meta":"","header-below-stick-meta":"","astra-migrate-meta-layouts":"set","ast-page-background-enabled":"default","ast-page-background-meta":{"desktop":{"background-color":"var(--ast-global-color-4)","background-image":"","background-repeat":"repeat","background-position":"center center","background-size":"auto","background-attachment":"scroll","background-type":"","background-media":"","overlay-type":"","overlay-color":"","overlay-opacity":"","overlay-gradient":""},"tablet":{"background-color":"","background-image":"","background-repeat":"repeat","background-position":"center center","background-size":"auto","background-attachment":"scroll","background-type":"","background-media":"","overlay-type":"","overlay-color":"","overlay-opacity":"","overlay-gradient":""},"mobile":{"background-color":"","background-image":"","background-repeat":"repeat","background-position":"center center","background-size":"auto","background-attachment":"scroll","background-type":"","background-media":"","overlay-type":"","overlay-color":"","overlay-opacity":"","overlay-gradient":""}},"ast-content-background-meta":{"desktop":{"background-color":"var(--ast-global-color-5)","background-image":"","background-repeat":"repeat","background-position":"center center","background-size":"auto","background-attachment":"scroll","background-type":"","background-media":"","overlay-type":"","overlay-color":"","overlay-opacity":"","overlay-gradient":""},"tablet":{"background-color":"var(--ast-global-color-5)","background-image":"","background-repeat":"repeat","background-position":"center center","background-size":"auto","background-attachment":"scroll","background-type":"","background-media":"","overlay-type":"","overlay-color":"","overlay-opacity":"","overlay-gradient":""},"mobile":{"background-color":"var(--ast-global-color-5)","background-image":"","background-repeat":"repeat","background-position":"center center","background-size":"auto","background-attachment":"scroll","background-type":"","background-media":"","overlay-type":"","overlay-color":"","overlay-opacity":"","overlay-gradient":""}},"footnotes":""},"class_list":["post-3","page","type-page","status-publish","has-post-thumbnail","hentry"],"taxonomy_info":[],"featured_image_src_large":["https:\/\/e-verslas.lt\/wp-content\/uploads\/privatumo-politika-1-1024x320.jpg",1024,320,true],"author_info":{"display_name":"Administratorius","author_link":"https:\/\/e-verslas.lt\/fr\/author\/administratorius\/"},"comment_info":0,"uagb_featured_image_src":{"full":["https:\/\/e-verslas.lt\/wp-content\/uploads\/privatumo-politika-1.jpg",1920,600,false],"thumbnail":["https:\/\/e-verslas.lt\/wp-content\/uploads\/privatumo-politika-1-150x150.jpg",150,150,true],"medium":["https:\/\/e-verslas.lt\/wp-content\/uploads\/privatumo-politika-1-300x94.jpg",300,94,true],"medium_large":["https:\/\/e-verslas.lt\/wp-content\/uploads\/privatumo-politika-1-768x240.jpg",768,240,true],"large":["https:\/\/e-verslas.lt\/wp-content\/uploads\/privatumo-politika-1-1024x320.jpg",1024,320,true],"1536x1536":["https:\/\/e-verslas.lt\/wp-content\/uploads\/privatumo-politika-1-1536x480.jpg",1536,480,true],"2048x2048":["https:\/\/e-verslas.lt\/wp-content\/uploads\/privatumo-politika-1.jpg",1920,600,false],"trp-custom-language-flag":["https:\/\/e-verslas.lt\/wp-content\/uploads\/privatumo-politika-1.jpg",18,6,false]},"uagb_author_info":{"display_name":"Administratorius","author_link":"https:\/\/e-verslas.lt\/fr\/author\/administratorius\/"},"uagb_comment_info":0,"uagb_excerpt":"M\u016bs\u0173 tinklalapio adresas yra: https:\/\/e-verslas.lt Komentarai Kai lankytojai ra\u0161o komentarus tinklalapyje, mes renkame duomenis, matomus komentaro paskelbimo formoje, o taip pat lankytojo IP adres\u0105 bei nar\u0161ykl\u0117s vartotojo \u012fra\u0161\u0105, kad apsisaugotume nuo brukal\u0173. I\u0161 J\u016bs\u0173 el.pa\u0161to adreso gali b\u016bti sugeneruotas anonimizuotas duomen\u0173 \u012fra\u0161as (angl. hash) ir pateiktas Gravatar paslaugos teik\u0117jui, norint patikrinti, ar J\u016bs naudojat\u0117s \u0161ia\u2026","_links":{"self":[{"href":"https:\/\/e-verslas.lt\/fr\/wp-json\/wp\/v2\/pages\/3","targetHints":{"allow":["GET"]}}],"collection":[{"href":"https:\/\/e-verslas.lt\/fr\/wp-json\/wp\/v2\/pages"}],"about":[{"href":"https:\/\/e-verslas.lt\/fr\/wp-json\/wp\/v2\/types\/page"}],"author":[{"embeddable":true,"href":"https:\/\/e-verslas.lt\/fr\/wp-json\/wp\/v2\/users\/1"}],"replies":[{"embeddable":true,"href":"https:\/\/e-verslas.lt\/fr\/wp-json\/wp\/v2\/comments?post=3"}],"version-history":[{"count":3,"href":"https:\/\/e-verslas.lt\/fr\/wp-json\/wp\/v2\/pages\/3\/revisions"}],"predecessor-version":[{"id":6543,"href":"https:\/\/e-verslas.lt\/fr\/wp-json\/wp\/v2\/pages\/3\/revisions\/6543"}],"wp:featuredmedia":[{"embeddable":true,"href":"https:\/\/e-verslas.lt\/fr\/wp-json\/wp\/v2\/media\/98"}],"wp:attachment":[{"href":"https:\/\/e-verslas.lt\/fr\/wp-json\/wp\/v2\/media?parent=3"}],"curies":[{"name":"wp","href":"https:\/\/api.w.org\/{rel}","templated":true}]}}