{"id":113,"date":"2020-04-27T07:34:16","date_gmt":"2020-04-27T07:34:16","guid":{"rendered":"https:\/\/e-verslas.lt\/e-verslas-lt-sprendimai\/interneto-marketingas\/"},"modified":"2026-01-11T23:16:12","modified_gmt":"2026-01-11T21:16:12","slug":"el-pasto-marketingas","status":"publish","type":"page","link":"https:\/\/e-verslas.lt\/fr\/marketing-par-e-mail\/","title":{"rendered":"Marketing par e-mail"},"content":{"rendered":"<style>.kb-advanced-slider-113_6609be-8c .kb-slider-pause-button{color:#fff;background-color:rgba(0, 0, 0, 0.8);border:1px solid transparent;}<\/style><div class=\"kb-advanced-slider kb-advanced-slider-113_6609be-8c wp-block-kadence-slider\"><div class=\"kb-advanced-slider-inner-contain kb-adv-slider-html-version-2\"><div class=\"kb-blocks-advanced-carousel kt-blocks-carousel kt-carousel-container-dotstyle-none\"><div class=\"kb-blocks-advanced-slider-init kb-slider-loading kb-blocks-slider kt-carousel-arrowstyle-whiteondark kt-carousel-dotstyle-none kb-slider-size-ratio kb-slider-type-slider kb-slider-ratio-3-1 kb-slider-group-arrow kb-slider-arrow-position-center kb-slider-tab-ratio-inherit kb-slider-mobile-ratio-inherit splide kb-splide  kb-slider-version-2\" aria-label=\"Contenu du curseur\" data-slider-center-mode=\"true\" data-slider-type=\"slider\" data-loop-type=\"loop\" data-columns-xxl=\"3\" data-columns-xl=\"3\" data-columns-md=\"3\" data-columns-sm=\"2\" data-columns-xs=\"1\" data-columns-ss=\"1\" data-slider-anim-speed=\"2000\" data-slider-scroll=\"1\" data-slider-fade=\"true\" data-slider-arrows=\"true\" data-slider-dots=\"false\" data-slider-hover-pause=\"false\" data-slider-auto=\"true\"  data-dragging=\"true\" data-slider-speed=\"1000\" data-slider-gap=\"30\" data-slider-gap-tablet=\"30\" data-slider-gap-mobile=\"30\" data-slider-gap-unit=\"px\"><div class=\"splide__track\"><ul class=\"splide__list\">\n\n<li class=\"wp-block-kadence-slide kb-advanced-slide-item kb-slide-113_90576a-1e\"><div class=\"kb-advanced-slide\"><div class=\"kb-advanced-slide-inner-wrap\"><div class=\"kb-advanced-slide-inner\"><\/div><\/div><\/div><\/li>\n\n\n\n<li class=\"wp-block-kadence-slide kb-advanced-slide-item kb-slide-113_a7368c-19\"><div class=\"kb-advanced-slide\"><div class=\"kb-advanced-slide-inner-wrap\"><div class=\"kb-advanced-slide-inner\"><\/div><\/div><\/div><\/li>\n\n\n\n<li class=\"wp-block-kadence-slide kb-advanced-slide-item kb-slide-113_81865d-69\"><div class=\"kb-advanced-slide\"><div class=\"kb-advanced-slide-inner-wrap\"><div class=\"kb-advanced-slide-inner\"><\/div><\/div><\/div><\/li>\n\n<\/ul><\/div><\/div><\/div><\/div><\/div>\n\n\n<p><strong>Marketing par e-mail. <\/strong>Nous proposons des services de marketing digital pour populariser rapidement votre entreprise et la d\u00e9velopper \u00e0 l&#039;international. La publicit\u00e9 en ligne la plus efficace consiste \u00e0 envoyer des newsletters aux entreprises. Une newsletter marketing pr\u00e9par\u00e9e par des professionnels permet d&#039;atteindre la plupart de vos clients cibles et ne n\u00e9cessite pas d&#039;investissements importants. Il est important que les newsletters ne soient envoy\u00e9es qu&#039;aux abonn\u00e9s ayant donn\u00e9 leur accord pr\u00e9alable. C&#039;est pourquoi nous vous aidons \u00e0 constituer une liste d&#039;abonn\u00e9s r\u00e9ellement int\u00e9ress\u00e9s par vos offres. Nous cr\u00e9ons des mod\u00e8les pour vos newsletters, offres, remises, promotions, ainsi que pour vos formulaires de commande, d&#039;annulation et d&#039;information. Nous vous aidons \u00e0 recueillir rapidement les avis de vos clients sur les services qui leur ont \u00e9t\u00e9 fournis ou les produits vendus.<\/p>\n\n\n\n<h3 class=\"wp-block-heading\" id=\"h-paslaugos\"><strong>Services<\/strong><\/h3>\n\n\n\n<figure style=\"padding-top:var(--wp--preset--spacing--40);padding-right:var(--wp--preset--spacing--40);padding-bottom:var(--wp--preset--spacing--40);padding-left:var(--wp--preset--spacing--40)\" class=\"wp-block-table\"><table class=\"has-fixed-layout\" style=\"border-style:none;border-width:0px\"><tbody><tr><td><strong>\ud83d\udd0d Analyse du march\u00e9 et de la client\u00e8le<\/strong><br>En fonction de votre mod\u00e8le d&#039;entreprise, nous r\u00e9alisons des \u00e9tudes de march\u00e9 en ligne et identifions les clients potentiels.<\/td><\/tr><tr><td><strong>\ud83c\udfaf S\u00e9lection du public cible<\/strong><br>Nous s\u00e9lectionnons un public cible pour le marketing par newsletter en fonction du secteur d&#039;activit\u00e9, des pays et des villes.<\/td><\/tr><tr><td><strong>Collection des abonn\u00e9s \ud83e\uddf2<\/strong><br>Nous vous aidons \u00e0 constituer une liste d&#039;abonn\u00e9s \u00e0 votre newsletter qui sont r\u00e9ellement int\u00e9ress\u00e9s par vos offres.<\/td><\/tr><tr><td><strong>\u270d\ufe0f Mod\u00e8les personnalis\u00e9s<\/strong><br>Nous pr\u00e9parons des mod\u00e8les de newsletters pour les offres, les r\u00e9ductions et les promotions, personnalis\u00e9s pour chaque abonn\u00e9.<\/td><\/tr><tr><td><strong>\ud83d\udce8 Contenu pertinent et de grande valeur<\/strong><br>Nous veillons \u00e0 ce que les informations fournies dans les newsletters soient pertinentes, utiles et int\u00e9ressantes pour les destinataires.<\/td><\/tr><tr><td><strong>\ud83e\uddfe Formulaires de commande et d&#039;annulation<\/strong><br>Nous cr\u00e9ons des formulaires d&#039;inscription, de d\u00e9sabonnement et de notification \u00e0 la newsletter qui fonctionnent automatiquement.<\/td><\/tr><tr><td><strong>\u23f1\ufe0f Envoi automatique<\/strong><br>Nous mettons en place l&#039;envoi automatique de newsletters, facilement g\u00e9rable depuis votre site WordPress.<\/td><\/tr><tr><td><strong>\ud83d\udee1\ufe0f Technologies de livraison<\/strong><br>Nous utilisons des technologies et des serveurs sp\u00e9cialis\u00e9s pour garantir que les newsletters parviennent \u00e0 tous les abonn\u00e9s.<\/td><\/tr><tr><td><strong>\ud83e\udd1d Marketing responsable<\/strong><br>Nous utilisons le marketing par courriel de mani\u00e8re responsable, renfor\u00e7ant ainsi la notori\u00e9t\u00e9 et l&#039;autorit\u00e9 de votre entreprise.<\/td><\/tr><tr><td><strong>\ud83d\udcac Commentaires<\/strong><br>Nous vous aidons \u00e0 obtenir rapidement les commentaires de vos clients sur les services fournis ou les produits vendus.<\/td><\/tr><tr><td><strong>\ud83d\udcca Analyse et suivi des besoins<\/strong><br>Nous utilisons des outils de marketing par courriel pour \u00e9tudier les besoins de nos clients et suivre constamment les r\u00e9sultats.<\/td><\/tr><tr><td><strong>\ud83d\udcc8 Influence comportementale et planification<\/strong><br>En fonction des r\u00e9actions des destinataires, nous pr\u00e9voyons des actions compl\u00e9mentaires visant \u00e0 influencer leurs d\u00e9cisions.<\/td><\/tr><\/tbody><\/table><\/figure>\n\n\n\n<h3 class=\"wp-block-heading\" id=\"h-pasiteira-uti\"><strong><strong>Demander<\/strong>Pouah!<\/strong><\/h3>\n\n\n\n<div class=\"wp-block-contact-form-7-contact-form-selector\">\n<div class=\"wpcf7 no-js\" id=\"wpcf7-f6943-o1\" lang=\"lt-LT\" dir=\"ltr\" data-wpcf7-id=\"6943\">\n<div class=\"screen-reader-response\"><p role=\"status\" aria-live=\"polite\" aria-atomic=\"true\"><\/p> <ul><\/ul><\/div>\n<form action=\"\/fr\/wp-json\/wp\/v2\/pages\/113#wpcf7-f6943-o1\" method=\"post\" class=\"wpcf7-form init\" aria-label=\"Formulaire de contact\" novalidate=\"novalidate\" data-status=\"init\" data-trp-original-action=\"\/fr\/wp-json\/wp\/v2\/pages\/113#wpcf7-f6943-o1\">\n<fieldset class=\"hidden-fields-container\"><input type=\"hidden\" name=\"_wpcf7\" value=\"6943\" \/><input type=\"hidden\" name=\"_wpcf7_version\" value=\"6.1.5\" \/><input type=\"hidden\" name=\"_wpcf7_locale\" value=\"lt_LT\" \/><input type=\"hidden\" name=\"_wpcf7_unit_tag\" value=\"wpcf7-f6943-o1\" \/><input type=\"hidden\" name=\"_wpcf7_container_post\" value=\"0\" \/><input type=\"hidden\" name=\"_wpcf7_posted_data_hash\" value=\"\" \/>\n<\/fieldset>\n<p><span class=\"wpcf7-form-control-wrap\" data-name=\"your-name\"><input size=\"40\" maxlength=\"400\" class=\"wpcf7-form-control wpcf7-text wpcf7-validates-as-required\" autocomplete=\"name\" aria-required=\"true\" aria-invalid=\"false\" placeholder=\"Votre nom\" value=\"\" type=\"text\" name=\"your-name\" \/><\/span><br \/>\n<span class=\"wpcf7-form-control-wrap\" data-name=\"your-mail\"><input size=\"40\" maxlength=\"400\" class=\"wpcf7-form-control wpcf7-email wpcf7-validates-as-required wpcf7-text wpcf7-validates-as-email\" autocomplete=\"your-mail\" aria-required=\"true\" aria-invalid=\"false\" placeholder=\"Votre email\" value=\"\" type=\"email\" name=\"your-mail\" \/><\/span><br \/>\n<span class=\"wpcf7-form-control-wrap\" data-name=\"you-subject\"><select class=\"wpcf7-form-control wpcf7-select\" aria-invalid=\"false\" name=\"you-subject\"><option value=\"\">Solutions e-Business.lt<\/option><option value=\"Interneto Svetain\u0117s\">Sites Web<\/option><option value=\"Elektronin\u0117s Parduotuv\u0117s\">Magasins d&#039;\u00e9lectronique<\/option><option value=\"Portal\u0173 Aplikacijos\">Applications du portail<\/option><option value=\"Dirbtinis Intelektas\">Intelligence artificielle<\/option><option value=\"SEO Paslaugos\">Services de r\u00e9f\u00e9rencement<\/option><option value=\"Google Ads Reklama\">Publicit\u00e9 Google Ads<\/option><option value=\"Socialin\u0117 Rinkodara\">Marketing social<\/option><option value=\"El. Pa\u0161to Marketingas\">Marketing par e-mail<\/option><\/select><\/span><br \/>\n<span class=\"wpcf7-form-control-wrap\" data-name=\"your-message\"><textarea cols=\"40\" rows=\"10\" maxlength=\"2000\" class=\"wpcf7-form-control wpcf7-textarea\" aria-invalid=\"false\" placeholder=\"Votre message\" name=\"your-message\"><\/textarea><\/span><br \/>\n<input class=\"wpcf7-form-control wpcf7-submit has-spinner\" type=\"submit\" value=\"Soumettre!\" \/>\n<\/p><div class=\"wpcf7-response-output\" aria-hidden=\"true\"><\/div>\n<input type=\"hidden\" name=\"trp-form-language\" value=\"fr\"\/><\/form>\n<\/div>\n<\/div>","protected":false},"excerpt":{"rendered":"<p>Marketing par e-mail. Nous proposons des services de marketing internet pour accro\u00eetre rapidement la notori\u00e9t\u00e9 de votre entreprise et l&#039;internationaliser. L&#039;envoi de newsletters est l&#039;une des formes de publicit\u00e9 en ligne les plus efficaces. Une newsletter professionnelle permet d&#039;atteindre la plupart de vos clients cibles sans n\u00e9cessiter d&#039;investissements importants. Il est essentiel que les newsletters ne soient envoy\u00e9es qu&#039;aux abonn\u00e9s ayant donn\u00e9 leur accord pr\u00e9alable\u00a0; nous vous aidons donc \u00e0 collecter ces informations.<\/p>","protected":false},"author":1,"featured_media":70,"parent":0,"menu_order":6,"comment_status":"closed","ping_status":"closed","template":"","meta":{"_uag_custom_page_level_css":"","_kad_blocks_custom_css":"","_kad_blocks_head_custom_js":"","_kad_blocks_body_custom_js":"","_kad_blocks_footer_custom_js":"","site-sidebar-layout":"default","site-content-layout":"default","ast-site-content-layout":"default","site-content-style":"default","site-sidebar-style":"default","ast-global-header-display":"","ast-banner-title-visibility":"","ast-main-header-display":"","ast-hfb-above-header-display":"","ast-hfb-below-header-display":"","ast-hfb-mobile-header-display":"","site-post-title":"enabled","ast-breadcrumbs-content":"","ast-featured-img":"","footer-sml-layout":"","ast-disable-related-posts":"","theme-transparent-header-meta":"","adv-header-id-meta":"","stick-header-meta":"","header-above-stick-meta":"","header-main-stick-meta":"","header-below-stick-meta":"","astra-migrate-meta-layouts":"set","ast-page-background-enabled":"default","ast-page-background-meta":{"desktop":{"background-color":"var(--ast-global-color-4)","background-image":"","background-repeat":"repeat","background-position":"center center","background-size":"auto","background-attachment":"scroll","background-type":"","background-media":"","overlay-type":"","overlay-color":"","overlay-opacity":"","overlay-gradient":""},"tablet":{"background-color":"","background-image":"","background-repeat":"repeat","background-position":"center center","background-size":"auto","background-attachment":"scroll","background-type":"","background-media":"","overlay-type":"","overlay-color":"","overlay-opacity":"","overlay-gradient":""},"mobile":{"background-color":"","background-image":"","background-repeat":"repeat","background-position":"center center","background-size":"auto","background-attachment":"scroll","background-type":"","background-media":"","overlay-type":"","overlay-color":"","overlay-opacity":"","overlay-gradient":""}},"ast-content-background-meta":{"desktop":{"background-color":"var(--ast-global-color-5)","background-image":"","background-repeat":"repeat","background-position":"center center","background-size":"auto","background-attachment":"scroll","background-type":"","background-media":"","overlay-type":"","overlay-color":"","overlay-opacity":"","overlay-gradient":""},"tablet":{"background-color":"var(--ast-global-color-5)","background-image":"","background-repeat":"repeat","background-position":"center center","background-size":"auto","background-attachment":"scroll","background-type":"","background-media":"","overlay-type":"","overlay-color":"","overlay-opacity":"","overlay-gradient":""},"mobile":{"background-color":"var(--ast-global-color-5)","background-image":"","background-repeat":"repeat","background-position":"center center","background-size":"auto","background-attachment":"scroll","background-type":"","background-media":"","overlay-type":"","overlay-color":"","overlay-opacity":"","overlay-gradient":""}},"footnotes":""},"class_list":["post-113","page","type-page","status-publish","has-post-thumbnail","hentry"],"taxonomy_info":[],"featured_image_src_large":["https:\/\/e-verslas.lt\/wp-content\/uploads\/interneto-marketingas-1-1024x320.jpg",1024,320,true],"author_info":{"display_name":"Administratorius","author_link":"https:\/\/e-verslas.lt\/fr\/author\/administratorius\/"},"comment_info":0,"uagb_featured_image_src":{"full":["https:\/\/e-verslas.lt\/wp-content\/uploads\/interneto-marketingas-1.jpg",1920,600,false],"thumbnail":["https:\/\/e-verslas.lt\/wp-content\/uploads\/interneto-marketingas-1-150x150.jpg",150,150,true],"medium":["https:\/\/e-verslas.lt\/wp-content\/uploads\/interneto-marketingas-1-300x94.jpg",300,94,true],"medium_large":["https:\/\/e-verslas.lt\/wp-content\/uploads\/interneto-marketingas-1-768x240.jpg",768,240,true],"large":["https:\/\/e-verslas.lt\/wp-content\/uploads\/interneto-marketingas-1-1024x320.jpg",1024,320,true],"1536x1536":["https:\/\/e-verslas.lt\/wp-content\/uploads\/interneto-marketingas-1-1536x480.jpg",1536,480,true],"2048x2048":["https:\/\/e-verslas.lt\/wp-content\/uploads\/interneto-marketingas-1.jpg",1920,600,false],"trp-custom-language-flag":["https:\/\/e-verslas.lt\/wp-content\/uploads\/interneto-marketingas-1.jpg",18,6,false]},"uagb_author_info":{"display_name":"Administratorius","author_link":"https:\/\/e-verslas.lt\/fr\/author\/administratorius\/"},"uagb_comment_info":0,"uagb_excerpt":"El. Pa\u0161to Marketingas. Si\u016blome interneto marketingo paslaugas, siekiant greitai i\u0161populiarinti J\u016bs\u0173 versl\u0105 ir padaryti j\u012f tarptautiniu. Pati efektyviausia reklama internete yra naujienlai\u0161ki\u0173 siuntimas \u012fmon\u0117ms. Profesionaliai paruo\u0161tas naujienlai\u0161ki\u0173 marketingas gali pasiekti did\u017ei\u0105j\u0105 dal\u012f J\u016bs\u0173 tikslini\u0173 klient\u0173 ir tam nereikia dideli\u0173 investicij\u0173. Svarbu, kad si\u0173sti naujienlai\u0161kius galima tik i\u0161 anksto su tuo sutikusiems prenumeratoriams, tod\u0117l padedame surinkti\u2026","_links":{"self":[{"href":"https:\/\/e-verslas.lt\/fr\/wp-json\/wp\/v2\/pages\/113","targetHints":{"allow":["GET"]}}],"collection":[{"href":"https:\/\/e-verslas.lt\/fr\/wp-json\/wp\/v2\/pages"}],"about":[{"href":"https:\/\/e-verslas.lt\/fr\/wp-json\/wp\/v2\/types\/page"}],"author":[{"embeddable":true,"href":"https:\/\/e-verslas.lt\/fr\/wp-json\/wp\/v2\/users\/1"}],"replies":[{"embeddable":true,"href":"https:\/\/e-verslas.lt\/fr\/wp-json\/wp\/v2\/comments?post=113"}],"version-history":[{"count":8,"href":"https:\/\/e-verslas.lt\/fr\/wp-json\/wp\/v2\/pages\/113\/revisions"}],"predecessor-version":[{"id":7629,"href":"https:\/\/e-verslas.lt\/fr\/wp-json\/wp\/v2\/pages\/113\/revisions\/7629"}],"wp:featuredmedia":[{"embeddable":true,"href":"https:\/\/e-verslas.lt\/fr\/wp-json\/wp\/v2\/media\/70"}],"wp:attachment":[{"href":"https:\/\/e-verslas.lt\/fr\/wp-json\/wp\/v2\/media?parent=113"}],"curies":[{"name":"wp","href":"https:\/\/api.w.org\/{rel}","templated":true}]}}