{"id":112,"date":"2020-04-27T07:33:47","date_gmt":"2020-04-27T07:33:47","guid":{"rendered":"https:\/\/e-verslas.lt\/e-verslas-lt-sprendimai\/seo-optimizavimas\/"},"modified":"2026-01-14T01:14:24","modified_gmt":"2026-01-13T23:14:24","slug":"seo-paslaugos","status":"publish","type":"page","link":"https:\/\/e-verslas.lt\/fr\/services-de-referencement\/","title":{"rendered":"Services de r\u00e9f\u00e9rencement"},"content":{"rendered":"<style>.kb-advanced-slider-112_5857f5-9b .kb-slider-pause-button{color:#fff;background-color:rgba(0, 0, 0, 0.8);border:1px solid transparent;}<\/style><div class=\"kb-advanced-slider kb-advanced-slider-112_5857f5-9b wp-block-kadence-slider\"><div class=\"kb-advanced-slider-inner-contain kb-adv-slider-html-version-2\"><div class=\"kb-blocks-advanced-carousel kt-blocks-carousel kt-carousel-container-dotstyle-none\"><div class=\"kb-blocks-advanced-slider-init kb-slider-loading kb-blocks-slider kt-carousel-arrowstyle-whiteondark kt-carousel-dotstyle-none kb-slider-size-ratio kb-slider-type-slider kb-slider-ratio-3-1 kb-slider-group-arrow kb-slider-arrow-position-center kb-slider-tab-ratio-inherit kb-slider-mobile-ratio-inherit splide kb-splide  kb-slider-version-2\" aria-label=\"Contenu du curseur\" data-slider-center-mode=\"true\" data-slider-type=\"slider\" data-loop-type=\"loop\" data-columns-xxl=\"3\" data-columns-xl=\"3\" data-columns-md=\"3\" data-columns-sm=\"2\" data-columns-xs=\"1\" data-columns-ss=\"1\" data-slider-anim-speed=\"2000\" data-slider-scroll=\"1\" data-slider-fade=\"true\" data-slider-arrows=\"true\" data-slider-dots=\"false\" data-slider-hover-pause=\"false\" data-slider-auto=\"true\"  data-dragging=\"true\" data-slider-speed=\"1000\" data-slider-gap=\"30\" data-slider-gap-tablet=\"30\" data-slider-gap-mobile=\"30\" data-slider-gap-unit=\"px\"><div class=\"splide__track\"><ul class=\"splide__list\">\n\n<li class=\"wp-block-kadence-slide kb-advanced-slide-item kb-slide-112_184fa3-19\"><div class=\"kb-advanced-slide\"><div class=\"kb-advanced-slide-inner-wrap\"><div class=\"kb-advanced-slide-inner\"><\/div><\/div><\/div><\/li>\n\n\n\n<li class=\"wp-block-kadence-slide kb-advanced-slide-item kb-slide-112_c424ac-23\"><div class=\"kb-advanced-slide\"><div class=\"kb-advanced-slide-inner-wrap\"><div class=\"kb-advanced-slide-inner\">\n<p><\/p>\n<\/div><\/div><\/div><\/li>\n\n\n\n<li class=\"wp-block-kadence-slide kb-advanced-slide-item kb-slide-112_be0d90-87\"><div class=\"kb-advanced-slide\"><div class=\"kb-advanced-slide-inner-wrap\"><div class=\"kb-advanced-slide-inner\"><\/div><\/div><\/div><\/li>\n\n<\/ul><\/div><\/div><\/div><\/div><\/div>\n\n\n<p><strong>Services de r\u00e9f\u00e9rencement (SEO). <\/strong>Nous optimisons le r\u00e9f\u00e9rencement et publions des articles pour faciliter le r\u00e9f\u00e9rencement de votre site web dans les r\u00e9sultats de recherche Google. Selon l&#039;abonnement mensuel choisi, nous aidons votre site web ou votre boutique en ligne \u00e0 am\u00e9liorer son positionnement dans les r\u00e9sultats de recherche. Le r\u00e9sultat d\u00e9pend \u00e9galement fortement du march\u00e9 en ligne concern\u00e9, de l&#039;activit\u00e9 de vos concurrents et de leur capacit\u00e9 \u00e0 am\u00e9liorer leur positionnement SEO.<\/p>\n\n\n\n<h3 class=\"wp-block-heading\" id=\"h-paslaugos\"><strong>Services<\/strong><\/h3>\n\n\n\n<figure style=\"padding-top:var(--wp--preset--spacing--40);padding-right:var(--wp--preset--spacing--40);padding-bottom:var(--wp--preset--spacing--40);padding-left:var(--wp--preset--spacing--40)\" class=\"wp-block-table\"><table class=\"has-fixed-layout\" style=\"border-style:none;border-width:0px\"><tbody><tr><td>\ud83d\udd0e <strong>Analyse du march\u00e9 et de la concurrence (SEO entrant)<\/strong><br>Nous r\u00e9alisons une analyse de votre niche commerciale, \u00e9valuons le positionnement de vos concurrents dans les r\u00e9sultats de recherche Google et identifions les r\u00e9elles opportunit\u00e9s de croissance.<\/td><\/tr><tr><td>\ud83c\udfaf <strong>S\u00e9lection des mots cl\u00e9s (SEO sur page)<\/strong><br>Nous s\u00e9lectionnons des mots-cl\u00e9s qui non seulement pr\u00e9sentent un volume de recherche important, mais aussi une r\u00e9elle valeur commerciale pour votre entreprise.<\/td><\/tr><tr><td>\ud83e\uddf1 <strong>Structure du site web et optimisation technique (SEO on-page)<\/strong><br>Nous optimisons la structure des pages, les liens internes et autres \u00e9l\u00e9ments techniques importants pour le r\u00e9f\u00e9rencement naturel.<\/td><\/tr><tr><td>\ud83d\udcdd <strong>Cr\u00e9ation et optimisation de contenu SEO (SEO sur page)<\/strong><br>Nous pr\u00e9parons ou am\u00e9liorons les textes afin qu&#039;ils soient utiles aux visiteurs et compr\u00e9hensibles par les moteurs de recherche.<\/td><\/tr><tr><td>\ud83d\udcf1 <strong>Adaptation du site web \u00e0 tous les appareils (SEO sur site)<\/strong><br>Nous veillons \u00e0 ce que le site web se charge rapidement et fonctionne correctement sur les appareils mobiles.<\/td><\/tr><tr><td>\ud83d\udce3 <strong>Pr\u00e9paration de contenu pour le partage sur les r\u00e9seaux sociaux (SEO sur page)<\/strong><br>Nous optimisons les pages pour qu&#039;elles soient attrayantes lorsqu&#039;elles sont partag\u00e9es sur Facebook, LinkedIn et autres r\u00e9seaux.<\/td><\/tr><tr><td>\ud83d\udcf0 <strong>Publication d&#039;articles SEO (SEO externe)<\/strong><br>Nous publions des articles th\u00e9matiques sur les portails d&#039;actualit\u00e9s et les annuaires, ce qui accro\u00eet la visibilit\u00e9 du site web.<\/td><\/tr><tr><td>\ud83d\udd17 <strong>Cr\u00e9ation de liens retour (SEO hors page)<\/strong><br>Nous cr\u00e9ons un profil de liens de haute qualit\u00e9 qui renforce l&#039;autorit\u00e9 de votre site web aux yeux de Google.<\/td><\/tr><tr><td>\ud83d\udee1\ufe0f <strong>Optimisation SEO de soutien<\/strong><br>Nous surveillons et mettons \u00e0 jour constamment le r\u00e9f\u00e9rencement naturel afin de maintenir les positions obtenues.<\/td><\/tr><tr><td>\ud83d\udcca <strong>Analyse des r\u00e9sultats SEO et ajustement de la strat\u00e9gie<\/strong><br>Nous surveillons l&#039;\u00e9volution des positions, du trafic et des conversions et adaptons notre strat\u00e9gie en cons\u00e9quence.<\/td><\/tr><tr><td>\ud83d\udcc8 <strong>Des rapports SEO clairs et un contr\u00f4le budg\u00e9taire<\/strong><br>Nous fournissons des rapports compr\u00e9hensibles sur le travail effectu\u00e9, les r\u00e9sultats obtenus et le retour sur investissement.<\/td><\/tr><\/tbody><\/table><\/figure>\n\n\n\n<h3 class=\"wp-block-heading\" id=\"h-pasiteira-uti\"><strong><strong>Demander<\/strong>Pouah!<\/strong><\/h3>\n\n\n\n<div class=\"wp-block-contact-form-7-contact-form-selector\">\n<div class=\"wpcf7 no-js\" id=\"wpcf7-f6943-o1\" lang=\"lt-LT\" dir=\"ltr\" data-wpcf7-id=\"6943\">\n<div class=\"screen-reader-response\"><p role=\"status\" aria-live=\"polite\" aria-atomic=\"true\"><\/p> <ul><\/ul><\/div>\n<form action=\"\/fr\/wp-json\/wp\/v2\/pages\/112#wpcf7-f6943-o1\" method=\"post\" class=\"wpcf7-form init\" aria-label=\"Formulaire de contact\" novalidate=\"novalidate\" data-status=\"init\" data-trp-original-action=\"\/fr\/wp-json\/wp\/v2\/pages\/112#wpcf7-f6943-o1\">\n<fieldset class=\"hidden-fields-container\"><input type=\"hidden\" name=\"_wpcf7\" value=\"6943\" \/><input type=\"hidden\" name=\"_wpcf7_version\" value=\"6.1.5\" \/><input type=\"hidden\" name=\"_wpcf7_locale\" value=\"lt_LT\" \/><input type=\"hidden\" name=\"_wpcf7_unit_tag\" value=\"wpcf7-f6943-o1\" \/><input type=\"hidden\" name=\"_wpcf7_container_post\" value=\"0\" \/><input type=\"hidden\" name=\"_wpcf7_posted_data_hash\" value=\"\" \/>\n<\/fieldset>\n<p><span class=\"wpcf7-form-control-wrap\" data-name=\"your-name\"><input size=\"40\" maxlength=\"400\" class=\"wpcf7-form-control wpcf7-text wpcf7-validates-as-required\" autocomplete=\"name\" aria-required=\"true\" aria-invalid=\"false\" placeholder=\"Votre nom\" value=\"\" type=\"text\" name=\"your-name\" \/><\/span><br \/>\n<span class=\"wpcf7-form-control-wrap\" data-name=\"your-mail\"><input size=\"40\" maxlength=\"400\" class=\"wpcf7-form-control wpcf7-email wpcf7-validates-as-required wpcf7-text wpcf7-validates-as-email\" autocomplete=\"your-mail\" aria-required=\"true\" aria-invalid=\"false\" placeholder=\"Votre email\" value=\"\" type=\"email\" name=\"your-mail\" \/><\/span><br \/>\n<span class=\"wpcf7-form-control-wrap\" data-name=\"you-subject\"><select class=\"wpcf7-form-control wpcf7-select\" aria-invalid=\"false\" name=\"you-subject\"><option value=\"\">Solutions e-Business.lt<\/option><option value=\"Interneto Svetain\u0117s\">Sites Web<\/option><option value=\"Elektronin\u0117s Parduotuv\u0117s\">Magasins d&#039;\u00e9lectronique<\/option><option value=\"Portal\u0173 Aplikacijos\">Applications du portail<\/option><option value=\"Dirbtinis Intelektas\">Intelligence artificielle<\/option><option value=\"SEO Paslaugos\">Services de r\u00e9f\u00e9rencement<\/option><option value=\"Google Ads Reklama\">Publicit\u00e9 Google Ads<\/option><option value=\"Socialin\u0117 Rinkodara\">Marketing social<\/option><option value=\"El. Pa\u0161to Marketingas\">Marketing par e-mail<\/option><\/select><\/span><br \/>\n<span class=\"wpcf7-form-control-wrap\" data-name=\"your-message\"><textarea cols=\"40\" rows=\"10\" maxlength=\"2000\" class=\"wpcf7-form-control wpcf7-textarea\" aria-invalid=\"false\" placeholder=\"Votre message\" name=\"your-message\"><\/textarea><\/span><br \/>\n<input class=\"wpcf7-form-control wpcf7-submit has-spinner\" type=\"submit\" value=\"Soumettre!\" \/>\n<\/p><div class=\"wpcf7-response-output\" aria-hidden=\"true\"><\/div>\n<input type=\"hidden\" name=\"trp-form-language\" value=\"fr\"\/><\/form>\n<\/div>\n<\/div>","protected":false},"excerpt":{"rendered":"<p>Services de r\u00e9f\u00e9rencement (SEO). Nous optimisons votre site web pour le r\u00e9f\u00e9rencement naturel et publions des articles afin d&#039;am\u00e9liorer sa visibilit\u00e9 sur Google. Selon la formule mensuelle choisie, nous aidons votre site ou boutique en ligne \u00e0 gagner en positionnement dans les r\u00e9sultats de recherche. Le r\u00e9sultat d\u00e9pend \u00e9galement du march\u00e9 en ligne, de l&#039;activit\u00e9 de vos concurrents et de leur capacit\u00e9 \u00e0 optimiser leur r\u00e9f\u00e9rencement.<\/p>","protected":false},"author":1,"featured_media":17,"parent":0,"menu_order":3,"comment_status":"closed","ping_status":"closed","template":"","meta":{"_uag_custom_page_level_css":"","_kad_blocks_custom_css":"","_kad_blocks_head_custom_js":"","_kad_blocks_body_custom_js":"","_kad_blocks_footer_custom_js":"","site-sidebar-layout":"default","site-content-layout":"default","ast-site-content-layout":"default","site-content-style":"default","site-sidebar-style":"default","ast-global-header-display":"","ast-banner-title-visibility":"","ast-main-header-display":"","ast-hfb-above-header-display":"","ast-hfb-below-header-display":"","ast-hfb-mobile-header-display":"","site-post-title":"enabled","ast-breadcrumbs-content":"","ast-featured-img":"","footer-sml-layout":"","ast-disable-related-posts":"","theme-transparent-header-meta":"","adv-header-id-meta":"","stick-header-meta":"","header-above-stick-meta":"","header-main-stick-meta":"","header-below-stick-meta":"","astra-migrate-meta-layouts":"set","ast-page-background-enabled":"default","ast-page-background-meta":{"desktop":{"background-color":"var(--ast-global-color-4)","background-image":"","background-repeat":"repeat","background-position":"center center","background-size":"auto","background-attachment":"scroll","background-type":"","background-media":"","overlay-type":"","overlay-color":"","overlay-opacity":"","overlay-gradient":""},"tablet":{"background-color":"","background-image":"","background-repeat":"repeat","background-position":"center center","background-size":"auto","background-attachment":"scroll","background-type":"","background-media":"","overlay-type":"","overlay-color":"","overlay-opacity":"","overlay-gradient":""},"mobile":{"background-color":"","background-image":"","background-repeat":"repeat","background-position":"center center","background-size":"auto","background-attachment":"scroll","background-type":"","background-media":"","overlay-type":"","overlay-color":"","overlay-opacity":"","overlay-gradient":""}},"ast-content-background-meta":{"desktop":{"background-color":"var(--ast-global-color-5)","background-image":"","background-repeat":"repeat","background-position":"center center","background-size":"auto","background-attachment":"scroll","background-type":"","background-media":"","overlay-type":"","overlay-color":"","overlay-opacity":"","overlay-gradient":""},"tablet":{"background-color":"var(--ast-global-color-5)","background-image":"","background-repeat":"repeat","background-position":"center center","background-size":"auto","background-attachment":"scroll","background-type":"","background-media":"","overlay-type":"","overlay-color":"","overlay-opacity":"","overlay-gradient":""},"mobile":{"background-color":"var(--ast-global-color-5)","background-image":"","background-repeat":"repeat","background-position":"center center","background-size":"auto","background-attachment":"scroll","background-type":"","background-media":"","overlay-type":"","overlay-color":"","overlay-opacity":"","overlay-gradient":""}},"footnotes":""},"class_list":["post-112","page","type-page","status-publish","has-post-thumbnail","hentry"],"taxonomy_info":[],"featured_image_src_large":["https:\/\/e-verslas.lt\/wp-content\/uploads\/seo-optimizavimas-1-1024x320.jpg",1024,320,true],"author_info":{"display_name":"Administratorius","author_link":"https:\/\/e-verslas.lt\/fr\/author\/administratorius\/"},"comment_info":0,"uagb_featured_image_src":{"full":["https:\/\/e-verslas.lt\/wp-content\/uploads\/seo-optimizavimas-1.jpg",1920,600,false],"thumbnail":["https:\/\/e-verslas.lt\/wp-content\/uploads\/seo-optimizavimas-1-150x150.jpg",150,150,true],"medium":["https:\/\/e-verslas.lt\/wp-content\/uploads\/seo-optimizavimas-1-300x94.jpg",300,94,true],"medium_large":["https:\/\/e-verslas.lt\/wp-content\/uploads\/seo-optimizavimas-1-768x240.jpg",768,240,true],"large":["https:\/\/e-verslas.lt\/wp-content\/uploads\/seo-optimizavimas-1-1024x320.jpg",1024,320,true],"1536x1536":["https:\/\/e-verslas.lt\/wp-content\/uploads\/seo-optimizavimas-1-1536x480.jpg",1536,480,true],"2048x2048":["https:\/\/e-verslas.lt\/wp-content\/uploads\/seo-optimizavimas-1.jpg",1920,600,false],"trp-custom-language-flag":["https:\/\/e-verslas.lt\/wp-content\/uploads\/seo-optimizavimas-1.jpg",18,6,false]},"uagb_author_info":{"display_name":"Administratorius","author_link":"https:\/\/e-verslas.lt\/fr\/author\/administratorius\/"},"uagb_comment_info":0,"uagb_excerpt":"SEO Paslaugos. Atliekame SEO optimizacij\u0105 ir publikuojame straipsnius, tam kad J\u016bs\u0173 svetain\u0117 lengviau b\u016bt\u0173 randama Google paie\u0161koje. Priklausomai nuo J\u016bs\u0173 pasirinkto m\u0117nesinio plano, padedame J\u016bs\u0173 interneto svetainei arba elektroninei parduotuvei pasiekti auk\u0161tesnes pozicijas paie\u0161kos sistem\u0173 rezultat\u0173 puslapiuose. Rezultatas taip pat daug priklauso nuo konkre\u010dios interneto rinkos, J\u016bs\u0173 konkurent\u0173 aktyvumo ir j\u0173 sugeb\u0117jimo pasiekti auk\u0161tesni\u0173 SEO\u2026","_links":{"self":[{"href":"https:\/\/e-verslas.lt\/fr\/wp-json\/wp\/v2\/pages\/112","targetHints":{"allow":["GET"]}}],"collection":[{"href":"https:\/\/e-verslas.lt\/fr\/wp-json\/wp\/v2\/pages"}],"about":[{"href":"https:\/\/e-verslas.lt\/fr\/wp-json\/wp\/v2\/types\/page"}],"author":[{"embeddable":true,"href":"https:\/\/e-verslas.lt\/fr\/wp-json\/wp\/v2\/users\/1"}],"replies":[{"embeddable":true,"href":"https:\/\/e-verslas.lt\/fr\/wp-json\/wp\/v2\/comments?post=112"}],"version-history":[{"count":7,"href":"https:\/\/e-verslas.lt\/fr\/wp-json\/wp\/v2\/pages\/112\/revisions"}],"predecessor-version":[{"id":7637,"href":"https:\/\/e-verslas.lt\/fr\/wp-json\/wp\/v2\/pages\/112\/revisions\/7637"}],"wp:featuredmedia":[{"embeddable":true,"href":"https:\/\/e-verslas.lt\/fr\/wp-json\/wp\/v2\/media\/17"}],"wp:attachment":[{"href":"https:\/\/e-verslas.lt\/fr\/wp-json\/wp\/v2\/media?parent=112"}],"curies":[{"name":"wp","href":"https:\/\/api.w.org\/{rel}","templated":true}]}}