{"id":111,"date":"2020-04-27T07:32:58","date_gmt":"2020-04-27T07:32:58","guid":{"rendered":"https:\/\/e-verslas.lt\/e-verslas-lt-sprendimai\/facebook-integracija\/"},"modified":"2026-01-05T00:20:41","modified_gmt":"2026-01-04T22:20:41","slug":"socialine-rinkodara","status":"publish","type":"page","link":"https:\/\/e-verslas.lt\/fr\/marketing-social\/","title":{"rendered":"Marketing social"},"content":{"rendered":"<style>.kb-advanced-slider-111_2f626d-fe .kb-slider-pause-button{color:#fff;background-color:rgba(0, 0, 0, 0.8);border:1px solid transparent;}<\/style><div class=\"kb-advanced-slider kb-advanced-slider-111_2f626d-fe wp-block-kadence-slider\"><div class=\"kb-advanced-slider-inner-contain kb-adv-slider-html-version-2\"><div class=\"kb-blocks-advanced-carousel kt-blocks-carousel kt-carousel-container-dotstyle-none\"><div class=\"kb-blocks-advanced-slider-init kb-slider-loading kb-blocks-slider kt-carousel-arrowstyle-whiteondark kt-carousel-dotstyle-none kb-slider-size-ratio kb-slider-type-slider kb-slider-ratio-3-1 kb-slider-group-arrow kb-slider-arrow-position-center kb-slider-tab-ratio-inherit kb-slider-mobile-ratio-inherit splide kb-splide  kb-slider-version-2\" aria-label=\"Contenu du curseur\" data-slider-center-mode=\"true\" data-slider-type=\"slider\" data-loop-type=\"loop\" data-columns-xxl=\"3\" data-columns-xl=\"3\" data-columns-md=\"3\" data-columns-sm=\"2\" data-columns-xs=\"1\" data-columns-ss=\"1\" data-slider-anim-speed=\"2000\" data-slider-scroll=\"1\" data-slider-fade=\"true\" data-slider-arrows=\"true\" data-slider-dots=\"false\" data-slider-hover-pause=\"false\" data-slider-auto=\"true\"  data-dragging=\"true\" data-slider-speed=\"1000\" data-slider-gap=\"30\" data-slider-gap-tablet=\"30\" data-slider-gap-mobile=\"30\" data-slider-gap-unit=\"px\"><div class=\"splide__track\"><ul class=\"splide__list\">\n\n<li class=\"wp-block-kadence-slide kb-advanced-slide-item kb-slide-111_34c9ec-0e\"><div class=\"kb-advanced-slide\"><div class=\"kb-advanced-slide-inner-wrap\"><div class=\"kb-advanced-slide-inner\"><\/div><\/div><\/div><\/li>\n\n\n\n<li class=\"wp-block-kadence-slide kb-advanced-slide-item kb-slide-111_91ed82-5b\"><div class=\"kb-advanced-slide\"><div class=\"kb-advanced-slide-inner-wrap\"><div class=\"kb-advanced-slide-inner\"><\/div><\/div><\/div><\/li>\n\n\n\n<li class=\"wp-block-kadence-slide kb-advanced-slide-item kb-slide-111_fd6eba-fc\"><div class=\"kb-advanced-slide\"><div class=\"kb-advanced-slide-inner-wrap\"><div class=\"kb-advanced-slide-inner\"><\/div><\/div><\/div><\/li>\n\n<\/ul><\/div><\/div><\/div><\/div><\/div>\n\n\n<p><strong>Marketing social. <\/strong>Nous int\u00e9grons votre compte Facebook au site web de votre entreprise, attirant ainsi du trafic cibl\u00e9. R\u00e9cemment, les r\u00e9seaux sociaux, et notamment Facebook, sont devenus l&#039;une des principales plateformes publicitaires. C&#039;est l&#039;un des moyens les plus efficaces d&#039;attirer une client\u00e8le plus large et de renforcer la notori\u00e9t\u00e9 de votre entreprise. En restant en contact avec les abonn\u00e9s Facebook de votre entreprise, vous les fid\u00e9liserez et leur donnerez l&#039;opportunit\u00e9 de devenir vos clients. Envie de vous faire conna\u00eetre et de vous faire remarquer\u00a0? Le meilleur moyen d&#039;y parvenir est d&#039;utiliser Facebook, qui rassemble plus d&#039;un million de Lituaniens, avec une campagne publicitaire efficace. Les r\u00e9sultats impressionnants de la publicit\u00e9 Facebook vous surprendront \u00e0 coup s\u00fbr. Votre marque gagnera en notori\u00e9t\u00e9, et vous attirerez davantage de visiteurs et de ventes.<\/p>\n\n\n\n<h3 class=\"wp-block-heading\" id=\"h-paslaugos\"><strong>Services<\/strong><\/h3>\n\n\n\n<figure style=\"padding-top:var(--wp--preset--spacing--40);padding-right:var(--wp--preset--spacing--40);padding-bottom:var(--wp--preset--spacing--40);padding-left:var(--wp--preset--spacing--40)\" class=\"wp-block-table\"><table class=\"has-fixed-layout\" style=\"border-style:none;border-width:0px\"><tbody><tr><td><strong>\ud83c\udfa8 Conception de page Facebook professionnelle<\/strong><br>Nous cr\u00e9ons un design professionnel pour votre page Facebook professionnelle.<\/td><\/tr><tr><td><strong>\ud83d\udcdd Cr\u00e9ation et publication de contenu<\/strong><br>Nous pr\u00e9parons les contenus textuels et visuels et assurons leur mise en ligne p\u00e9riodique ou automatique sur Facebook.<\/td><\/tr><tr><td><strong>\ud83c\udfaf Analyse du public cible<\/strong><br>Nous analysons et s\u00e9lectionnons le public cible auquel votre entreprise est destin\u00e9e.<\/td><\/tr><tr><td><strong>\ud83d\ude80 Strat\u00e9gie de port\u00e9e d&#039;audience<\/strong><br>Nous identifions et mettons en \u0153uvre les mesures efficaces n\u00e9cessaires pour atteindre votre public cible.<\/td><\/tr><tr><td><strong>\ud83d\udcb8 Administration de la publicit\u00e9<\/strong><br>Nous g\u00e9rons les campagnes publicitaires Facebook \/ Instagram \/ TikTok \/ YouTube en fonction du budget fix\u00e9 par votre entreprise.<\/td><\/tr><tr><td><strong>\ud83d\udcf8 Contenu et croissance sur Instagram<\/strong><br>Reels, stories, carrousels, strat\u00e9gie de hashtags, optimisation de profil et croissance du nombre d&#039;abonn\u00e9s.<\/td><\/tr><tr><td><strong>\ud83c\udfa5 Contenu et publicit\u00e9 sur YouTube<\/strong><br>Id\u00e9es de vid\u00e9os, titres\/descriptions, structure de la cha\u00eene, campagnes via YouTube Ads et remarketing.<\/td><\/tr><tr><td><strong>\ud83c\udfb5 Contenu et publicit\u00e9 TikTok<\/strong><br>Vid\u00e9os courtes, adaptation aux tendances, cr\u00e9ation de contenu g\u00e9n\u00e9r\u00e9 par les utilisateurs, campagnes publicitaires TikTok et optimisation.<\/td><\/tr><tr><td><strong>\ud83d\udcac Communication avec les abonn\u00e9s<\/strong><br>Nous maintenons le contact avec les abonn\u00e9s du compte, augmentant ainsi leur fid\u00e9lit\u00e9 et la probabilit\u00e9 de conversions.<\/td><\/tr><tr><td><strong>\ud83e\udd16 Robot IA (chatbot)<\/strong><br>Nous mettons en place un bot bas\u00e9 sur l&#039;intelligence artificielle qui communique automatiquement avec les visiteurs via Messenger\/IG et les redirige vers une demande.<\/td><\/tr><tr><td><strong>\ud83d\udcca Analyse de campagne<\/strong><br>Nous analysons l&#039;efficacit\u00e9 publicitaire et s\u00e9lectionnons les m\u00e9thodes publicitaires les plus adapt\u00e9es en fonction de cette analyse.<\/td><\/tr><tr><td><strong>\ud83d\udcc8 Rapports et strat\u00e9gie<\/strong><br>Nous fournissons des rapports clairs sur les r\u00e9sultats obtenus et sur les plans strat\u00e9giques futurs.<\/td><\/tr><\/tbody><\/table><\/figure>\n\n\n\n<h3 class=\"wp-block-heading\" id=\"h-pasiteira-uti\"><strong><strong>Demander<\/strong>Pouah!<\/strong><\/h3>\n\n\n\n<div class=\"wp-block-contact-form-7-contact-form-selector\">\n<div class=\"wpcf7 no-js\" id=\"wpcf7-f6943-o1\" lang=\"lt-LT\" dir=\"ltr\" data-wpcf7-id=\"6943\">\n<div class=\"screen-reader-response\"><p role=\"status\" aria-live=\"polite\" aria-atomic=\"true\"><\/p> <ul><\/ul><\/div>\n<form action=\"\/fr\/wp-json\/wp\/v2\/pages\/111#wpcf7-f6943-o1\" method=\"post\" class=\"wpcf7-form init\" aria-label=\"Formulaire de contact\" novalidate=\"novalidate\" data-status=\"init\" data-trp-original-action=\"\/fr\/wp-json\/wp\/v2\/pages\/111#wpcf7-f6943-o1\">\n<fieldset class=\"hidden-fields-container\"><input type=\"hidden\" name=\"_wpcf7\" value=\"6943\" \/><input type=\"hidden\" name=\"_wpcf7_version\" value=\"6.1.5\" \/><input type=\"hidden\" name=\"_wpcf7_locale\" value=\"lt_LT\" \/><input type=\"hidden\" name=\"_wpcf7_unit_tag\" value=\"wpcf7-f6943-o1\" \/><input type=\"hidden\" name=\"_wpcf7_container_post\" value=\"0\" \/><input type=\"hidden\" name=\"_wpcf7_posted_data_hash\" value=\"\" \/>\n<\/fieldset>\n<p><span class=\"wpcf7-form-control-wrap\" data-name=\"your-name\"><input size=\"40\" maxlength=\"400\" class=\"wpcf7-form-control wpcf7-text wpcf7-validates-as-required\" autocomplete=\"name\" aria-required=\"true\" aria-invalid=\"false\" placeholder=\"Votre nom\" value=\"\" type=\"text\" name=\"your-name\" \/><\/span><br \/>\n<span class=\"wpcf7-form-control-wrap\" data-name=\"your-mail\"><input size=\"40\" maxlength=\"400\" class=\"wpcf7-form-control wpcf7-email wpcf7-validates-as-required wpcf7-text wpcf7-validates-as-email\" autocomplete=\"your-mail\" aria-required=\"true\" aria-invalid=\"false\" placeholder=\"Votre email\" value=\"\" type=\"email\" name=\"your-mail\" \/><\/span><br \/>\n<span class=\"wpcf7-form-control-wrap\" data-name=\"you-subject\"><select class=\"wpcf7-form-control wpcf7-select\" aria-invalid=\"false\" name=\"you-subject\"><option value=\"\">Solutions e-Business.lt<\/option><option value=\"Interneto Svetain\u0117s\">Sites Web<\/option><option value=\"Elektronin\u0117s Parduotuv\u0117s\">Magasins d&#039;\u00e9lectronique<\/option><option value=\"Portal\u0173 Aplikacijos\">Applications du portail<\/option><option value=\"Dirbtinis Intelektas\">Intelligence artificielle<\/option><option value=\"SEO Paslaugos\">Services de r\u00e9f\u00e9rencement<\/option><option value=\"Google Ads Reklama\">Publicit\u00e9 Google Ads<\/option><option value=\"Socialin\u0117 Rinkodara\">Marketing social<\/option><option value=\"El. Pa\u0161to Marketingas\">Marketing par e-mail<\/option><\/select><\/span><br \/>\n<span class=\"wpcf7-form-control-wrap\" data-name=\"your-message\"><textarea cols=\"40\" rows=\"10\" maxlength=\"2000\" class=\"wpcf7-form-control wpcf7-textarea\" aria-invalid=\"false\" placeholder=\"Votre message\" name=\"your-message\"><\/textarea><\/span><br \/>\n<input class=\"wpcf7-form-control wpcf7-submit has-spinner\" type=\"submit\" value=\"Soumettre!\" \/>\n<\/p><div class=\"wpcf7-response-output\" aria-hidden=\"true\"><\/div>\n<input type=\"hidden\" name=\"trp-form-language\" value=\"fr\"\/><\/form>\n<\/div>\n<\/div>","protected":false},"excerpt":{"rendered":"<p>Marketing social. Nous int\u00e9grons votre compte Facebook \u00e0 votre site web professionnel, attirant ainsi du trafic qualifi\u00e9. R\u00e9cemment, les r\u00e9seaux sociaux, et notamment Facebook, sont devenus une plateforme publicitaire incontournable. C&#039;est l&#039;un des moyens les plus efficaces d&#039;\u00e9largir votre client\u00e8le et d&#039;accro\u00eetre la notori\u00e9t\u00e9 de votre entreprise. En interagissant avec les abonn\u00e9s de votre page Facebook, vous fid\u00e9liserez votre audience et augmenterez vos chances de les convertir en clients. Souhaitez-vous [\u2026]<\/p>","protected":false},"author":1,"featured_media":6665,"parent":0,"menu_order":5,"comment_status":"closed","ping_status":"closed","template":"","meta":{"_uag_custom_page_level_css":"","_kad_blocks_custom_css":"","_kad_blocks_head_custom_js":"","_kad_blocks_body_custom_js":"","_kad_blocks_footer_custom_js":"","site-sidebar-layout":"default","site-content-layout":"default","ast-site-content-layout":"default","site-content-style":"default","site-sidebar-style":"default","ast-global-header-display":"","ast-banner-title-visibility":"","ast-main-header-display":"","ast-hfb-above-header-display":"","ast-hfb-below-header-display":"","ast-hfb-mobile-header-display":"","site-post-title":"enabled","ast-breadcrumbs-content":"","ast-featured-img":"","footer-sml-layout":"","ast-disable-related-posts":"","theme-transparent-header-meta":"","adv-header-id-meta":"","stick-header-meta":"","header-above-stick-meta":"","header-main-stick-meta":"","header-below-stick-meta":"","astra-migrate-meta-layouts":"set","ast-page-background-enabled":"default","ast-page-background-meta":{"desktop":{"background-color":"var(--ast-global-color-4)","background-image":"","background-repeat":"repeat","background-position":"center center","background-size":"auto","background-attachment":"scroll","background-type":"","background-media":"","overlay-type":"","overlay-color":"","overlay-opacity":"","overlay-gradient":""},"tablet":{"background-color":"","background-image":"","background-repeat":"repeat","background-position":"center center","background-size":"auto","background-attachment":"scroll","background-type":"","background-media":"","overlay-type":"","overlay-color":"","overlay-opacity":"","overlay-gradient":""},"mobile":{"background-color":"","background-image":"","background-repeat":"repeat","background-position":"center center","background-size":"auto","background-attachment":"scroll","background-type":"","background-media":"","overlay-type":"","overlay-color":"","overlay-opacity":"","overlay-gradient":""}},"ast-content-background-meta":{"desktop":{"background-color":"var(--ast-global-color-5)","background-image":"","background-repeat":"repeat","background-position":"center center","background-size":"auto","background-attachment":"scroll","background-type":"","background-media":"","overlay-type":"","overlay-color":"","overlay-opacity":"","overlay-gradient":""},"tablet":{"background-color":"var(--ast-global-color-5)","background-image":"","background-repeat":"repeat","background-position":"center center","background-size":"auto","background-attachment":"scroll","background-type":"","background-media":"","overlay-type":"","overlay-color":"","overlay-opacity":"","overlay-gradient":""},"mobile":{"background-color":"var(--ast-global-color-5)","background-image":"","background-repeat":"repeat","background-position":"center center","background-size":"auto","background-attachment":"scroll","background-type":"","background-media":"","overlay-type":"","overlay-color":"","overlay-opacity":"","overlay-gradient":""}},"footnotes":""},"class_list":["post-111","page","type-page","status-publish","has-post-thumbnail","hentry"],"taxonomy_info":[],"featured_image_src_large":["https:\/\/e-verslas.lt\/wp-content\/uploads\/socialine-rinkodara-1-1024x320.jpg",1024,320,true],"author_info":{"display_name":"Administratorius","author_link":"https:\/\/e-verslas.lt\/fr\/author\/administratorius\/"},"comment_info":0,"uagb_featured_image_src":{"full":["https:\/\/e-verslas.lt\/wp-content\/uploads\/socialine-rinkodara-1.jpg",1920,600,false],"thumbnail":["https:\/\/e-verslas.lt\/wp-content\/uploads\/socialine-rinkodara-1-150x150.jpg",150,150,true],"medium":["https:\/\/e-verslas.lt\/wp-content\/uploads\/socialine-rinkodara-1-300x94.jpg",300,94,true],"medium_large":["https:\/\/e-verslas.lt\/wp-content\/uploads\/socialine-rinkodara-1-768x240.jpg",768,240,true],"large":["https:\/\/e-verslas.lt\/wp-content\/uploads\/socialine-rinkodara-1-1024x320.jpg",1024,320,true],"1536x1536":["https:\/\/e-verslas.lt\/wp-content\/uploads\/socialine-rinkodara-1-1536x480.jpg",1536,480,true],"2048x2048":["https:\/\/e-verslas.lt\/wp-content\/uploads\/socialine-rinkodara-1.jpg",1920,600,false],"trp-custom-language-flag":["https:\/\/e-verslas.lt\/wp-content\/uploads\/socialine-rinkodara-1-18x6.jpg",18,6,true]},"uagb_author_info":{"display_name":"Administratorius","author_link":"https:\/\/e-verslas.lt\/fr\/author\/administratorius\/"},"uagb_comment_info":0,"uagb_excerpt":"Socialin\u0117 Rinkodara. Integruojame Facebook socialin\u0119 paskyr\u0105 su J\u016bs\u0173 verslo tinklapiu, pritraukdami tikslin\u0117s auditorijos sraut\u0105. Pastaruoju metu socialiniai tinklai, ypa\u010d Facebook, tampa viena pagrindini\u0173 reklamos platform\u0173. Tai vienas efektyviausi\u0173 b\u016bd\u0173 pritraukti platesn\u012f klient\u0173 rat\u0105 bei didinti J\u016bs\u0173 verslo \u017einomum\u0105. Palaikydami ry\u0161\u012f su savo \u012fmon\u0117s Facebook paskyros sek\u0117jais, u\u017esitikrinsite j\u0173 lojalum\u0105 ir galimyb\u0119 tapti J\u016bs\u0173 klientais. Norite\u2026","_links":{"self":[{"href":"https:\/\/e-verslas.lt\/fr\/wp-json\/wp\/v2\/pages\/111","targetHints":{"allow":["GET"]}}],"collection":[{"href":"https:\/\/e-verslas.lt\/fr\/wp-json\/wp\/v2\/pages"}],"about":[{"href":"https:\/\/e-verslas.lt\/fr\/wp-json\/wp\/v2\/types\/page"}],"author":[{"embeddable":true,"href":"https:\/\/e-verslas.lt\/fr\/wp-json\/wp\/v2\/users\/1"}],"replies":[{"embeddable":true,"href":"https:\/\/e-verslas.lt\/fr\/wp-json\/wp\/v2\/comments?post=111"}],"version-history":[{"count":5,"href":"https:\/\/e-verslas.lt\/fr\/wp-json\/wp\/v2\/pages\/111\/revisions"}],"predecessor-version":[{"id":7512,"href":"https:\/\/e-verslas.lt\/fr\/wp-json\/wp\/v2\/pages\/111\/revisions\/7512"}],"wp:featuredmedia":[{"embeddable":true,"href":"https:\/\/e-verslas.lt\/fr\/wp-json\/wp\/v2\/media\/6665"}],"wp:attachment":[{"href":"https:\/\/e-verslas.lt\/fr\/wp-json\/wp\/v2\/media?parent=111"}],"curies":[{"name":"wp","href":"https:\/\/api.w.org\/{rel}","templated":true}]}}