{"id":109,"date":"2020-04-27T07:31:37","date_gmt":"2020-04-27T07:31:37","guid":{"rendered":"https:\/\/e-verslas.lt\/e-verslas-lt-sprendimai\/elektronines-parduotuves\/"},"modified":"2026-01-05T00:03:11","modified_gmt":"2026-01-04T22:03:11","slug":"elektronines-parduotuves","status":"publish","type":"page","link":"https:\/\/e-verslas.lt\/fr\/magasins-delectronique\/","title":{"rendered":"Magasins d&#039;\u00e9lectronique"},"content":{"rendered":"<style>.kb-advanced-slider-109_39cf78-d0 .kb-slider-pause-button{color:#fff;background-color:rgba(0, 0, 0, 0.8);border:1px solid transparent;}<\/style><div class=\"kb-advanced-slider kb-advanced-slider-109_39cf78-d0 wp-block-kadence-slider\"><div class=\"kb-advanced-slider-inner-contain kb-adv-slider-html-version-2\"><div class=\"kb-blocks-advanced-carousel kt-blocks-carousel kt-carousel-container-dotstyle-none\"><div class=\"kb-blocks-advanced-slider-init kb-slider-loading kb-blocks-slider kt-carousel-arrowstyle-whiteondark kt-carousel-dotstyle-none kb-slider-size-ratio kb-slider-type-slider kb-slider-ratio-3-1 kb-slider-group-arrow kb-slider-arrow-position-center kb-slider-tab-ratio-inherit kb-slider-mobile-ratio-inherit splide kb-splide  kb-slider-version-2\" aria-label=\"Contenu du curseur\" data-slider-center-mode=\"true\" data-slider-type=\"slider\" data-loop-type=\"loop\" data-columns-xxl=\"3\" data-columns-xl=\"3\" data-columns-md=\"3\" data-columns-sm=\"2\" data-columns-xs=\"1\" data-columns-ss=\"1\" data-slider-anim-speed=\"2000\" data-slider-scroll=\"1\" data-slider-fade=\"true\" data-slider-arrows=\"true\" data-slider-dots=\"false\" data-slider-hover-pause=\"false\" data-slider-auto=\"true\"  data-dragging=\"true\" data-slider-speed=\"1000\" data-slider-gap=\"30\" data-slider-gap-tablet=\"30\" data-slider-gap-mobile=\"30\" data-slider-gap-unit=\"px\"><div class=\"splide__track\"><ul class=\"splide__list\">\n\n<li class=\"wp-block-kadence-slide kb-advanced-slide-item kb-slide-109_c67b1f-7c\"><div class=\"kb-advanced-slide\"><div class=\"kb-advanced-slide-inner-wrap\"><div class=\"kb-advanced-slide-inner\"><\/div><\/div><\/div><\/li>\n\n\n\n<li class=\"wp-block-kadence-slide kb-advanced-slide-item kb-slide-109_727aee-d0\"><div class=\"kb-advanced-slide\"><div class=\"kb-advanced-slide-inner-wrap\"><div class=\"kb-advanced-slide-inner\"><\/div><\/div><\/div><\/li>\n\n\n\n<li class=\"wp-block-kadence-slide kb-advanced-slide-item kb-slide-109_d70f63-77\"><div class=\"kb-advanced-slide\"><div class=\"kb-advanced-slide-inner-wrap\"><div class=\"kb-advanced-slide-inner\"><\/div><\/div><\/div><\/li>\n\n<\/ul><\/div><\/div><\/div><\/div><\/div>\n\n\n<p><strong>Magasins d&#039;\u00e9lectronique. <\/strong>Nous cr\u00e9ons des boutiques en ligne pour d\u00e9velopper votre activit\u00e9 et augmenter vos ventes en ligne. Inutile d&#039;investir dans des locaux pour un magasin simple et le stockage de vos marchandises. Beaucoup moins de personnel, une comptabilit\u00e9 plus simple et tout est automatis\u00e9. Vous pouvez livrer plus de marchandises aux clients qu&#039;en magasin classique. L&#039;am\u00e9nagement de la boutique est s\u00e9lectionn\u00e9 et adapt\u00e9 \u00e0 partir d&#039;un grand nombre de mod\u00e8les professionnels existants, ou cr\u00e9\u00e9 selon les besoins du client. La boutique est visible sur tous types d&#039;\u00e9crans, fixes et mobiles. Toutes les fonctionnalit\u00e9s de la boutique et le catalogue produits sont faciles \u00e0 g\u00e9rer, sans connaissances en programmation. Optimis\u00e9 pour le r\u00e9f\u00e9rencement, le catalogue produits attire un flux de visiteurs provenant du moteur de recherche Google, \u00e0 la recherche de vos produits.<\/p>\n\n\n\n<h3 class=\"wp-block-heading\" id=\"h-paslaugos\"><strong>Services<\/strong><\/h3>\n\n\n\n<figure style=\"padding-top:var(--wp--preset--spacing--30);padding-right:var(--wp--preset--spacing--30);padding-bottom:var(--wp--preset--spacing--30);padding-left:var(--wp--preset--spacing--30)\" class=\"wp-block-table\"><table class=\"has-fixed-layout\" style=\"border-style:none;border-width:0px\"><tbody><tr><td><strong>\ud83d\udecd\ufe0f Catalogue de produits<\/strong><br>Cat\u00e9gories claires, filtres, recherche, variantes (tailles\/couleurs) et comparaison de produits.<\/td><\/tr><tr><td><strong>\ud83e\uddfe Panier et paiements<\/strong><br>Le parcours d&#039;achat, du panier au paiement, paiements bancaires, cartes et autres m\u00e9thodes.<\/td><\/tr><tr><td><strong>\ud83d\ude9a Livraison<\/strong><br>Courriers, distributeurs automatiques de colis, r\u00e8gles tarifaires de livraison, statuts d&#039;exp\u00e9dition et notifications automatiques.<\/td><\/tr><tr><td><strong>\ud83d\udce6 Gestion d&#039;entrep\u00f4t<\/strong><br>Soldes, r\u00e9servations, import\/export de marchandises, int\u00e9grations avec les fournisseurs ou comptabilit\u00e9.<\/td><\/tr><tr><td><strong>\ud83c\udff7\ufe0f R\u00e9ductions et promotions<\/strong><br>Coupons, soldes, prix fixes, programmes de fid\u00e9lit\u00e9, ch\u00e8ques-cadeaux.<\/td><\/tr><tr><td><strong>\ud83d\udc64 Compte client<\/strong><br>Historique des commandes, achats r\u00e9p\u00e9t\u00e9s, adresses, factures, retours.<\/td><\/tr><tr><td><strong>\u2b50 Avis et \u00e9valuations<\/strong><br>\u00c9valuations, commentaires, questions et r\u00e9ponses, et recommandations concernant les produits.<\/td><\/tr><tr><td><strong>\ud83d\udcc4 Factures et documents<\/strong><br>Facturation, documents PDF, informations B2B, automatisation.<\/td><\/tr><tr><td><strong>\ud83d\udcc8 R\u00e9f\u00e9rencement et analyse<\/strong><br>Structure SEO, sch\u00e9ma produit, Google Analytics\/Ads, suivi et reporting des conversions.<\/td><\/tr><tr><td><strong>\ud83d\udce3 Int\u00e9grations avec le marketing<\/strong><br>Bulletins d&#039;information, remarketing, catalogues Facebook\/Instagram, flux de produits.<\/td><\/tr><tr><td><strong>\ud83c\udf0d Multilinguisme et devises<\/strong><br>Prise en charge multilingue, tarification multidevises, configuration du commerce international.<\/td><\/tr><tr><td><strong>\ud83d\udd10 S\u00e9curit\u00e9 et administration<\/strong><br>SSL, r\u00f4les, authentification \u00e0 deux facteurs, sauvegardes, mises \u00e0 jour, protection contre la fraude.<\/td><\/tr><\/tbody><\/table><\/figure>\n\n\n\n<h3 class=\"wp-block-heading\" id=\"h-pasiteira-uti\"><strong><strong>Demander<\/strong>Pouah!<\/strong><\/h3>\n\n\n\n<div class=\"wp-block-contact-form-7-contact-form-selector\">\n<div class=\"wpcf7 no-js\" id=\"wpcf7-f6943-o1\" lang=\"lt-LT\" dir=\"ltr\" data-wpcf7-id=\"6943\">\n<div class=\"screen-reader-response\"><p role=\"status\" aria-live=\"polite\" aria-atomic=\"true\"><\/p> <ul><\/ul><\/div>\n<form action=\"\/fr\/wp-json\/wp\/v2\/pages\/109#wpcf7-f6943-o1\" method=\"post\" class=\"wpcf7-form init\" aria-label=\"Formulaire de contact\" novalidate=\"novalidate\" data-status=\"init\" data-trp-original-action=\"\/fr\/wp-json\/wp\/v2\/pages\/109#wpcf7-f6943-o1\">\n<fieldset class=\"hidden-fields-container\"><input type=\"hidden\" name=\"_wpcf7\" value=\"6943\" \/><input type=\"hidden\" name=\"_wpcf7_version\" value=\"6.1.5\" \/><input type=\"hidden\" name=\"_wpcf7_locale\" value=\"lt_LT\" \/><input type=\"hidden\" name=\"_wpcf7_unit_tag\" value=\"wpcf7-f6943-o1\" \/><input type=\"hidden\" name=\"_wpcf7_container_post\" value=\"0\" \/><input type=\"hidden\" name=\"_wpcf7_posted_data_hash\" value=\"\" \/>\n<\/fieldset>\n<p><span class=\"wpcf7-form-control-wrap\" data-name=\"your-name\"><input size=\"40\" maxlength=\"400\" class=\"wpcf7-form-control wpcf7-text wpcf7-validates-as-required\" autocomplete=\"name\" aria-required=\"true\" aria-invalid=\"false\" placeholder=\"Votre nom\" value=\"\" type=\"text\" name=\"your-name\" \/><\/span><br \/>\n<span class=\"wpcf7-form-control-wrap\" data-name=\"your-mail\"><input size=\"40\" maxlength=\"400\" class=\"wpcf7-form-control wpcf7-email wpcf7-validates-as-required wpcf7-text wpcf7-validates-as-email\" autocomplete=\"your-mail\" aria-required=\"true\" aria-invalid=\"false\" placeholder=\"Votre email\" value=\"\" type=\"email\" name=\"your-mail\" \/><\/span><br \/>\n<span class=\"wpcf7-form-control-wrap\" data-name=\"you-subject\"><select class=\"wpcf7-form-control wpcf7-select\" aria-invalid=\"false\" name=\"you-subject\"><option value=\"\">Solutions e-Business.lt<\/option><option value=\"Interneto Svetain\u0117s\">Sites Web<\/option><option value=\"Elektronin\u0117s Parduotuv\u0117s\">Magasins d&#039;\u00e9lectronique<\/option><option value=\"Portal\u0173 Aplikacijos\">Applications du portail<\/option><option value=\"Dirbtinis Intelektas\">Intelligence artificielle<\/option><option value=\"SEO Paslaugos\">Services de r\u00e9f\u00e9rencement<\/option><option value=\"Google Ads Reklama\">Publicit\u00e9 Google Ads<\/option><option value=\"Socialin\u0117 Rinkodara\">Marketing social<\/option><option value=\"El. Pa\u0161to Marketingas\">Marketing par e-mail<\/option><\/select><\/span><br \/>\n<span class=\"wpcf7-form-control-wrap\" data-name=\"your-message\"><textarea cols=\"40\" rows=\"10\" maxlength=\"2000\" class=\"wpcf7-form-control wpcf7-textarea\" aria-invalid=\"false\" placeholder=\"Votre message\" name=\"your-message\"><\/textarea><\/span><br \/>\n<input class=\"wpcf7-form-control wpcf7-submit has-spinner\" type=\"submit\" value=\"Soumettre!\" \/>\n<\/p><div class=\"wpcf7-response-output\" aria-hidden=\"true\"><\/div>\n<input type=\"hidden\" name=\"trp-form-language\" value=\"fr\"\/><\/form>\n<\/div>\n<\/div>\n\n\n\n<p><\/p>","protected":false},"excerpt":{"rendered":"<p>Boutiques en ligne. Nous cr\u00e9ons des boutiques en ligne pour d\u00e9velopper votre activit\u00e9 et augmenter vos ventes. Plus besoin d&#039;investir dans un local pour un simple magasin et le stockage de vos marchandises. Moins de personnel, une comptabilit\u00e9 simplifi\u00e9e, tout est automatis\u00e9. Vous pouvez ainsi livrer plus de produits \u00e0 vos clients qu&#039;avec un magasin traditionnel. Le design de votre boutique est choisi et personnalis\u00e9 parmi une vari\u00e9t\u00e9 de mod\u00e8les professionnels existants, ou cr\u00e9\u00e9 sur mesure selon vos besoins. Votre boutique est visible [\u2026]<\/p>","protected":false},"author":1,"featured_media":54,"parent":0,"menu_order":2,"comment_status":"closed","ping_status":"closed","template":"","meta":{"_uag_custom_page_level_css":"","_kad_blocks_custom_css":"","_kad_blocks_head_custom_js":"","_kad_blocks_body_custom_js":"","_kad_blocks_footer_custom_js":"","site-sidebar-layout":"default","site-content-layout":"default","ast-site-content-layout":"default","site-content-style":"default","site-sidebar-style":"default","ast-global-header-display":"","ast-banner-title-visibility":"","ast-main-header-display":"","ast-hfb-above-header-display":"","ast-hfb-below-header-display":"","ast-hfb-mobile-header-display":"","site-post-title":"enabled","ast-breadcrumbs-content":"","ast-featured-img":"","footer-sml-layout":"","ast-disable-related-posts":"","theme-transparent-header-meta":"","adv-header-id-meta":"","stick-header-meta":"","header-above-stick-meta":"","header-main-stick-meta":"","header-below-stick-meta":"","astra-migrate-meta-layouts":"set","ast-page-background-enabled":"default","ast-page-background-meta":{"desktop":{"background-color":"var(--ast-global-color-4)","background-image":"","background-repeat":"repeat","background-position":"center center","background-size":"auto","background-attachment":"scroll","background-type":"","background-media":"","overlay-type":"","overlay-color":"","overlay-opacity":"","overlay-gradient":""},"tablet":{"background-color":"","background-image":"","background-repeat":"repeat","background-position":"center center","background-size":"auto","background-attachment":"scroll","background-type":"","background-media":"","overlay-type":"","overlay-color":"","overlay-opacity":"","overlay-gradient":""},"mobile":{"background-color":"","background-image":"","background-repeat":"repeat","background-position":"center center","background-size":"auto","background-attachment":"scroll","background-type":"","background-media":"","overlay-type":"","overlay-color":"","overlay-opacity":"","overlay-gradient":""}},"ast-content-background-meta":{"desktop":{"background-color":"var(--ast-global-color-5)","background-image":"","background-repeat":"repeat","background-position":"center center","background-size":"auto","background-attachment":"scroll","background-type":"","background-media":"","overlay-type":"","overlay-color":"","overlay-opacity":"","overlay-gradient":""},"tablet":{"background-color":"var(--ast-global-color-5)","background-image":"","background-repeat":"repeat","background-position":"center center","background-size":"auto","background-attachment":"scroll","background-type":"","background-media":"","overlay-type":"","overlay-color":"","overlay-opacity":"","overlay-gradient":""},"mobile":{"background-color":"var(--ast-global-color-5)","background-image":"","background-repeat":"repeat","background-position":"center center","background-size":"auto","background-attachment":"scroll","background-type":"","background-media":"","overlay-type":"","overlay-color":"","overlay-opacity":"","overlay-gradient":""}},"footnotes":""},"class_list":["post-109","page","type-page","status-publish","has-post-thumbnail","hentry"],"taxonomy_info":[],"featured_image_src_large":["https:\/\/e-verslas.lt\/wp-content\/uploads\/elektrones-parduotuves-1-1024x320.jpg",1024,320,true],"author_info":{"display_name":"Administratorius","author_link":"https:\/\/e-verslas.lt\/fr\/author\/administratorius\/"},"comment_info":0,"uagb_featured_image_src":{"full":["https:\/\/e-verslas.lt\/wp-content\/uploads\/elektrones-parduotuves-1.jpg",1920,600,false],"thumbnail":["https:\/\/e-verslas.lt\/wp-content\/uploads\/elektrones-parduotuves-1-150x150.jpg",150,150,true],"medium":["https:\/\/e-verslas.lt\/wp-content\/uploads\/elektrones-parduotuves-1-300x94.jpg",300,94,true],"medium_large":["https:\/\/e-verslas.lt\/wp-content\/uploads\/elektrones-parduotuves-1-768x240.jpg",768,240,true],"large":["https:\/\/e-verslas.lt\/wp-content\/uploads\/elektrones-parduotuves-1-1024x320.jpg",1024,320,true],"1536x1536":["https:\/\/e-verslas.lt\/wp-content\/uploads\/elektrones-parduotuves-1-1536x480.jpg",1536,480,true],"2048x2048":["https:\/\/e-verslas.lt\/wp-content\/uploads\/elektrones-parduotuves-1.jpg",1920,600,false],"trp-custom-language-flag":["https:\/\/e-verslas.lt\/wp-content\/uploads\/elektrones-parduotuves-1.jpg",18,6,false]},"uagb_author_info":{"display_name":"Administratorius","author_link":"https:\/\/e-verslas.lt\/fr\/author\/administratorius\/"},"uagb_comment_info":0,"uagb_excerpt":"Elektronin\u0117s Parduotuv\u0117s. Kuriame elektronines parduotuves, prapl\u0117sdami J\u016bs\u0173 versl\u0105 ir padidindami pardavimus internete. Nereikia investuoti \u012f patalpas paprastai parduotuvei ir preki\u0173 sand\u0117liavimui. Kelis kartus ma\u017eiau personalo, patogesn\u0117 buhalterija, viskas automatizuota. Galimyb\u0117 klientui pristatyti daugiau preki\u0173, nei b\u016bt\u0173 paprastoje parduotuv\u0117je. Parduotuv\u0117s dizainas parenkamas ir pritaikomas i\u0161 daugyb\u0117s esam\u0173 profesionali\u0173 \u0161ablon\u0173, arba sukuriamas pagal kliento poreikius. Parduotuv\u0117 matoma\u2026","_links":{"self":[{"href":"https:\/\/e-verslas.lt\/fr\/wp-json\/wp\/v2\/pages\/109","targetHints":{"allow":["GET"]}}],"collection":[{"href":"https:\/\/e-verslas.lt\/fr\/wp-json\/wp\/v2\/pages"}],"about":[{"href":"https:\/\/e-verslas.lt\/fr\/wp-json\/wp\/v2\/types\/page"}],"author":[{"embeddable":true,"href":"https:\/\/e-verslas.lt\/fr\/wp-json\/wp\/v2\/users\/1"}],"replies":[{"embeddable":true,"href":"https:\/\/e-verslas.lt\/fr\/wp-json\/wp\/v2\/comments?post=109"}],"version-history":[{"count":5,"href":"https:\/\/e-verslas.lt\/fr\/wp-json\/wp\/v2\/pages\/109\/revisions"}],"predecessor-version":[{"id":7501,"href":"https:\/\/e-verslas.lt\/fr\/wp-json\/wp\/v2\/pages\/109\/revisions\/7501"}],"wp:featuredmedia":[{"embeddable":true,"href":"https:\/\/e-verslas.lt\/fr\/wp-json\/wp\/v2\/media\/54"}],"wp:attachment":[{"href":"https:\/\/e-verslas.lt\/fr\/wp-json\/wp\/v2\/media?parent=109"}],"curies":[{"name":"wp","href":"https:\/\/api.w.org\/{rel}","templated":true}]}}