{"id":108,"date":"2020-04-27T07:30:44","date_gmt":"2020-04-27T07:30:44","guid":{"rendered":"https:\/\/e-verslas.lt\/e-verslas-lt-sprendimai\/interneto-svetaines\/"},"modified":"2026-01-14T01:52:13","modified_gmt":"2026-01-13T23:52:13","slug":"interneto-svetaines","status":"publish","type":"page","link":"https:\/\/e-verslas.lt\/fr\/sites-web\/","title":{"rendered":"Sites Web"},"content":{"rendered":"<style>.kb-advanced-slider-108_f322a3-ab .kb-slider-pause-button{color:#fff;background-color:rgba(0, 0, 0, 0.8);border:1px solid transparent;}<\/style><div class=\"kb-advanced-slider kb-advanced-slider-108_f322a3-ab wp-block-kadence-slider\"><div class=\"kb-advanced-slider-inner-contain kb-adv-slider-html-version-2\"><div class=\"kb-blocks-advanced-carousel kt-blocks-carousel kt-carousel-container-dotstyle-none\"><div class=\"kb-blocks-advanced-slider-init kb-slider-loading kb-blocks-slider kt-carousel-arrowstyle-whiteondark kt-carousel-dotstyle-none kb-slider-size-ratio kb-slider-type-slider kb-slider-ratio-3-1 kb-slider-group-arrow kb-slider-arrow-position-center kb-slider-tab-ratio-inherit kb-slider-mobile-ratio-inherit splide kb-splide  kb-slider-version-2\" aria-label=\"Contenu du curseur\" data-slider-center-mode=\"true\" data-slider-type=\"slider\" data-loop-type=\"loop\" data-columns-xxl=\"3\" data-columns-xl=\"3\" data-columns-md=\"3\" data-columns-sm=\"2\" data-columns-xs=\"1\" data-columns-ss=\"1\" data-slider-anim-speed=\"2000\" data-slider-scroll=\"1\" data-slider-fade=\"true\" data-slider-arrows=\"true\" data-slider-dots=\"false\" data-slider-hover-pause=\"false\" data-slider-auto=\"true\"  data-dragging=\"true\" data-slider-speed=\"1000\" data-slider-gap=\"30\" data-slider-gap-tablet=\"30\" data-slider-gap-mobile=\"30\" data-slider-gap-unit=\"px\"><div class=\"splide__track\"><ul class=\"splide__list\">\n\n<li class=\"wp-block-kadence-slide kb-advanced-slide-item kb-slide-108_a1f475-41\"><div class=\"kb-advanced-slide\"><div class=\"kb-advanced-slide-inner-wrap\"><div class=\"kb-advanced-slide-inner\"><\/div><\/div><\/div><\/li>\n\n\n\n<li class=\"wp-block-kadence-slide kb-advanced-slide-item kb-slide-108_ae3e53-e4\"><div class=\"kb-advanced-slide\"><div class=\"kb-advanced-slide-inner-wrap\"><div class=\"kb-advanced-slide-inner\"><\/div><\/div><\/div><\/li>\n\n\n\n<li class=\"wp-block-kadence-slide kb-advanced-slide-item kb-slide-108_21494f-08\"><div class=\"kb-advanced-slide\"><div class=\"kb-advanced-slide-inner-wrap\"><div class=\"kb-advanced-slide-inner\"><\/div><\/div><\/div><\/li>\n\n<\/ul><\/div><\/div><\/div><\/div><\/div>\n\n\n<p><strong>Sites Internet.<\/strong> Selon vos souhaits, nous cr\u00e9ons divers sites web et portails d&#039;information. Il peut s&#039;agir d&#039;un site web pr\u00e9sentant une entreprise et des services, ou d&#039;un portail de services automatis\u00e9. Nos sites web sont optimis\u00e9s pour le SEO, conformes au RGPD (protection des donn\u00e9es personnelles) et les sauvegardes sont automatiques. Le design est s\u00e9lectionn\u00e9 et personnalis\u00e9 parmi une large gamme de mod\u00e8les professionnels existants, ou cr\u00e9\u00e9 selon les besoins du client. Nos sites web sont visibles sur toutes les diagonales d&#039;\u00e9cran, sur appareils fixes et mobiles. Leur administration est facile gr\u00e2ce au syst\u00e8me de gestion de contenu WordPress, sans connaissances en programmation. WordPress propose de nombreuses extensions pour \u00e9tendre les fonctionnalit\u00e9s de votre site web.<\/p>\n\n\n\n<h3 class=\"wp-block-heading\" id=\"h-paslaugos\"><strong>Services<\/strong><\/h3>\n\n\n\n<figure class=\"wp-block-table is-style-regular\" style=\"padding-top:var(--wp--preset--spacing--40);padding-right:1rem;padding-bottom:var(--wp--preset--spacing--40);padding-left:1rem\"><table class=\"has-fixed-layout\" style=\"border-style:none;border-width:0px\"><tbody><tr><td><strong>\ud83d\uddbc\ufe0f Galerie photos<\/strong><br>Galerie photo, optimisation automatique des photos sans perte de qualit\u00e9.<\/td><\/tr><tr><td><strong>\ud83d\udcac Forum de discussion<\/strong><br>Un forum de discussion th\u00e9matique, divis\u00e9 en cat\u00e9gories, avec diff\u00e9rents niveaux d&#039;accessibilit\u00e9.<\/td><\/tr><tr><td><strong>\u2b50 Commentaires et \u00e9valuations<\/strong><br>Commentaires des visiteurs, recommandations des clients, \u00e9valuations des services ou des produits.<\/td><\/tr><tr><td><strong>\ud83d\udcca Sondages et concours<\/strong><br>Organisation de sondages et de concours pour les visiteurs du site web, ainsi que de leurs statistiques et analyses.<\/td><\/tr><tr><td><strong>\ud83d\udcdd Formulaire de contact avec fichiers<\/strong><br>Un formulaire de contact permettant aux visiteurs d&#039;enregistrer une demande et d&#039;envoyer des documents.<\/td><\/tr><tr><td><strong>\ud83d\udce5 Collection des abonn\u00e9s<\/strong><br>M\u00e9canismes de collecte des abonn\u00e9s \u00e0 la newsletter concernant les biens et services propos\u00e9s aux visiteurs.<\/td><\/tr><tr><td><strong>\ud83d\udce7 Envoi de newsletters<\/strong><br>Des newsletters p\u00e9riodiques envoy\u00e9es aux abonn\u00e9s pour les informer des derni\u00e8res offres.<\/td><\/tr><tr><td><strong>\ud83c\udf0d Multilinguisme<\/strong><br>Prise en charge du lituanien, de l&#039;anglais, du russe et d&#039;autres langues, avec traduction automatique du texte saisi.<\/td><\/tr><tr><td><strong>\ud83d\uddfa\ufe0f Carte Google Maps<\/strong><br>Coordonn\u00e9es Google Maps sur la carte, indiquant l&#039;emplacement de votre bureau ou de divers objets.<\/td><\/tr><tr><td><strong>\ud83d\udce3 R\u00e9seaux sociaux<\/strong><br>Publication automatique des actualit\u00e9s de votre site web sur les r\u00e9seaux sociaux, commentaires Facebook.<\/td><\/tr><tr><td><strong>\ud83d\udcac Chat en direct<\/strong><br>Fonctionnalit\u00e9 de chat en direct, permettant aux visiteurs de votre site web d&#039;engager une conversation en direct avec vous en temps r\u00e9el.<\/td><\/tr><tr><td><strong>\ud83e\udde9 Syst\u00e8me CRM<\/strong><br>Un syst\u00e8me CRM vous permettant de g\u00e9rer facilement les contacts clients de votre entreprise et de conserver des enregistrements.<\/td><\/tr><tr><td><strong>\ud83e\udde9 Connexion via les r\u00e9seaux sociaux<\/strong><br>Inscription et connexion utilisateur simplifi\u00e9es via Google et Facebook.<\/td><\/tr><\/tbody><\/table><\/figure>\n\n\n\n<h3 class=\"wp-block-heading\" id=\"h-pasiteira-uti\"><strong>Demander<\/strong>Pouah!<\/h3>\n\n\n\n<div class=\"wp-block-contact-form-7-contact-form-selector\">\n<div class=\"wpcf7 no-js\" id=\"wpcf7-f6943-o1\" lang=\"lt-LT\" dir=\"ltr\" data-wpcf7-id=\"6943\">\n<div class=\"screen-reader-response\"><p role=\"status\" aria-live=\"polite\" aria-atomic=\"true\"><\/p> <ul><\/ul><\/div>\n<form action=\"\/fr\/wp-json\/wp\/v2\/pages\/108#wpcf7-f6943-o1\" method=\"post\" class=\"wpcf7-form init\" aria-label=\"Formulaire de contact\" novalidate=\"novalidate\" data-status=\"init\" data-trp-original-action=\"\/fr\/wp-json\/wp\/v2\/pages\/108#wpcf7-f6943-o1\">\n<fieldset class=\"hidden-fields-container\"><input type=\"hidden\" name=\"_wpcf7\" value=\"6943\" \/><input type=\"hidden\" name=\"_wpcf7_version\" value=\"6.1.5\" \/><input type=\"hidden\" name=\"_wpcf7_locale\" value=\"lt_LT\" \/><input type=\"hidden\" name=\"_wpcf7_unit_tag\" value=\"wpcf7-f6943-o1\" \/><input type=\"hidden\" name=\"_wpcf7_container_post\" value=\"0\" \/><input type=\"hidden\" name=\"_wpcf7_posted_data_hash\" value=\"\" \/>\n<\/fieldset>\n<p><span class=\"wpcf7-form-control-wrap\" data-name=\"your-name\"><input size=\"40\" maxlength=\"400\" class=\"wpcf7-form-control wpcf7-text wpcf7-validates-as-required\" autocomplete=\"name\" aria-required=\"true\" aria-invalid=\"false\" placeholder=\"Votre nom\" value=\"\" type=\"text\" name=\"your-name\" \/><\/span><br \/>\n<span class=\"wpcf7-form-control-wrap\" data-name=\"your-mail\"><input size=\"40\" maxlength=\"400\" class=\"wpcf7-form-control wpcf7-email wpcf7-validates-as-required wpcf7-text wpcf7-validates-as-email\" autocomplete=\"your-mail\" aria-required=\"true\" aria-invalid=\"false\" placeholder=\"Votre email\" value=\"\" type=\"email\" name=\"your-mail\" \/><\/span><br \/>\n<span class=\"wpcf7-form-control-wrap\" data-name=\"you-subject\"><select class=\"wpcf7-form-control wpcf7-select\" aria-invalid=\"false\" name=\"you-subject\"><option value=\"\">Solutions e-Business.lt<\/option><option value=\"Interneto Svetain\u0117s\">Sites Web<\/option><option value=\"Elektronin\u0117s Parduotuv\u0117s\">Magasins d&#039;\u00e9lectronique<\/option><option value=\"Portal\u0173 Aplikacijos\">Applications du portail<\/option><option value=\"Dirbtinis Intelektas\">Intelligence artificielle<\/option><option value=\"SEO Paslaugos\">Services de r\u00e9f\u00e9rencement<\/option><option value=\"Google Ads Reklama\">Publicit\u00e9 Google Ads<\/option><option value=\"Socialin\u0117 Rinkodara\">Marketing social<\/option><option value=\"El. Pa\u0161to Marketingas\">Marketing par e-mail<\/option><\/select><\/span><br \/>\n<span class=\"wpcf7-form-control-wrap\" data-name=\"your-message\"><textarea cols=\"40\" rows=\"10\" maxlength=\"2000\" class=\"wpcf7-form-control wpcf7-textarea\" aria-invalid=\"false\" placeholder=\"Votre message\" name=\"your-message\"><\/textarea><\/span><br \/>\n<input class=\"wpcf7-form-control wpcf7-submit has-spinner\" type=\"submit\" value=\"Soumettre!\" \/>\n<\/p><div class=\"wpcf7-response-output\" aria-hidden=\"true\"><\/div>\n<input type=\"hidden\" name=\"trp-form-language\" value=\"fr\"\/><\/form>\n<\/div>\n<\/div>","protected":false},"excerpt":{"rendered":"<p>Sites web. Selon vos souhaits, nous cr\u00e9ons divers sites web et portails d&#039;information. Il peut s&#039;agir d&#039;un site pr\u00e9sentant votre entreprise et vos services, ou d&#039;un portail de services automatis\u00e9. Nos sites sont optimis\u00e9s pour le r\u00e9f\u00e9rencement naturel (SEO), conformes au RGPD (protection des donn\u00e9es personnelles) et des sauvegardes automatiques sont effectu\u00e9es. Le design est s\u00e9lectionn\u00e9 et personnalis\u00e9 parmi une large gamme de mod\u00e8les professionnels existants, ou cr\u00e9\u00e9 sur mesure selon vos besoins. [\u2026]<\/p>","protected":false},"author":1,"featured_media":73,"parent":0,"menu_order":1,"comment_status":"closed","ping_status":"closed","template":"","meta":{"_uag_custom_page_level_css":"","_kad_blocks_custom_css":"","_kad_blocks_head_custom_js":"","_kad_blocks_body_custom_js":"","_kad_blocks_footer_custom_js":"","site-sidebar-layout":"default","site-content-layout":"default","ast-site-content-layout":"default","site-content-style":"default","site-sidebar-style":"default","ast-global-header-display":"","ast-banner-title-visibility":"","ast-main-header-display":"","ast-hfb-above-header-display":"","ast-hfb-below-header-display":"","ast-hfb-mobile-header-display":"","site-post-title":"enabled","ast-breadcrumbs-content":"","ast-featured-img":"","footer-sml-layout":"","ast-disable-related-posts":"","theme-transparent-header-meta":"","adv-header-id-meta":"","stick-header-meta":"","header-above-stick-meta":"","header-main-stick-meta":"","header-below-stick-meta":"","astra-migrate-meta-layouts":"set","ast-page-background-enabled":"default","ast-page-background-meta":{"desktop":{"background-color":"var(--ast-global-color-4)","background-image":"","background-repeat":"repeat","background-position":"center center","background-size":"auto","background-attachment":"scroll","background-type":"","background-media":"","overlay-type":"","overlay-color":"","overlay-opacity":"","overlay-gradient":""},"tablet":{"background-color":"","background-image":"","background-repeat":"repeat","background-position":"center center","background-size":"auto","background-attachment":"scroll","background-type":"","background-media":"","overlay-type":"","overlay-color":"","overlay-opacity":"","overlay-gradient":""},"mobile":{"background-color":"","background-image":"","background-repeat":"repeat","background-position":"center center","background-size":"auto","background-attachment":"scroll","background-type":"","background-media":"","overlay-type":"","overlay-color":"","overlay-opacity":"","overlay-gradient":""}},"ast-content-background-meta":{"desktop":{"background-color":"var(--ast-global-color-5)","background-image":"","background-repeat":"repeat","background-position":"center center","background-size":"auto","background-attachment":"scroll","background-type":"","background-media":"","overlay-type":"","overlay-color":"","overlay-opacity":"","overlay-gradient":""},"tablet":{"background-color":"var(--ast-global-color-5)","background-image":"","background-repeat":"repeat","background-position":"center center","background-size":"auto","background-attachment":"scroll","background-type":"","background-media":"","overlay-type":"","overlay-color":"","overlay-opacity":"","overlay-gradient":""},"mobile":{"background-color":"var(--ast-global-color-5)","background-image":"","background-repeat":"repeat","background-position":"center center","background-size":"auto","background-attachment":"scroll","background-type":"","background-media":"","overlay-type":"","overlay-color":"","overlay-opacity":"","overlay-gradient":""}},"footnotes":""},"class_list":["post-108","page","type-page","status-publish","has-post-thumbnail","hentry"],"taxonomy_info":[],"featured_image_src_large":["https:\/\/e-verslas.lt\/wp-content\/uploads\/interneto-svetaines-1-1024x320.jpg",1024,320,true],"author_info":{"display_name":"Administratorius","author_link":"https:\/\/e-verslas.lt\/fr\/author\/administratorius\/"},"comment_info":0,"uagb_featured_image_src":{"full":["https:\/\/e-verslas.lt\/wp-content\/uploads\/interneto-svetaines-1.jpg",1920,600,false],"thumbnail":["https:\/\/e-verslas.lt\/wp-content\/uploads\/interneto-svetaines-1-150x150.jpg",150,150,true],"medium":["https:\/\/e-verslas.lt\/wp-content\/uploads\/interneto-svetaines-1-300x94.jpg",300,94,true],"medium_large":["https:\/\/e-verslas.lt\/wp-content\/uploads\/interneto-svetaines-1-768x240.jpg",768,240,true],"large":["https:\/\/e-verslas.lt\/wp-content\/uploads\/interneto-svetaines-1-1024x320.jpg",1024,320,true],"1536x1536":["https:\/\/e-verslas.lt\/wp-content\/uploads\/interneto-svetaines-1-1536x480.jpg",1536,480,true],"2048x2048":["https:\/\/e-verslas.lt\/wp-content\/uploads\/interneto-svetaines-1.jpg",1920,600,false],"trp-custom-language-flag":["https:\/\/e-verslas.lt\/wp-content\/uploads\/interneto-svetaines-1.jpg",18,6,false]},"uagb_author_info":{"display_name":"Administratorius","author_link":"https:\/\/e-verslas.lt\/fr\/author\/administratorius\/"},"uagb_comment_info":0,"uagb_excerpt":"Interneto Svetain\u0117s. Pagal J\u016bs\u0173 pateiktus pageidavimus, kuriame \u012fvairias internetines svetaines, bei informacinius portalus. Tai gali b\u016bti pristatanti versl\u0105 bei paslaugas si\u016blanti svetain\u0117, arba automatizuotas paslaug\u0173 portalas. Svetain\u0117s sukuriamos paruo\u0161tos SEO, atitinka BDAR (asmens duomen\u0173 apsaugos) nuostatas, automati\u0161kai daromos atsargin\u0117s kopijos. Svetain\u0117s dizainas parenkamas ir pritaikomas i\u0161 daugyb\u0117s esam\u0173 profesionali\u0173 \u0161ablon\u0173, arba sukuriamas pagal kliento poreikius.\u2026","_links":{"self":[{"href":"https:\/\/e-verslas.lt\/fr\/wp-json\/wp\/v2\/pages\/108","targetHints":{"allow":["GET"]}}],"collection":[{"href":"https:\/\/e-verslas.lt\/fr\/wp-json\/wp\/v2\/pages"}],"about":[{"href":"https:\/\/e-verslas.lt\/fr\/wp-json\/wp\/v2\/types\/page"}],"author":[{"embeddable":true,"href":"https:\/\/e-verslas.lt\/fr\/wp-json\/wp\/v2\/users\/1"}],"replies":[{"embeddable":true,"href":"https:\/\/e-verslas.lt\/fr\/wp-json\/wp\/v2\/comments?post=108"}],"version-history":[{"count":11,"href":"https:\/\/e-verslas.lt\/fr\/wp-json\/wp\/v2\/pages\/108\/revisions"}],"predecessor-version":[{"id":7643,"href":"https:\/\/e-verslas.lt\/fr\/wp-json\/wp\/v2\/pages\/108\/revisions\/7643"}],"wp:featuredmedia":[{"embeddable":true,"href":"https:\/\/e-verslas.lt\/fr\/wp-json\/wp\/v2\/media\/73"}],"wp:attachment":[{"href":"https:\/\/e-verslas.lt\/fr\/wp-json\/wp\/v2\/media?parent=108"}],"curies":[{"name":"wp","href":"https:\/\/api.w.org\/{rel}","templated":true}]}}