{"id":6062,"date":"2025-04-18T08:42:28","date_gmt":"2025-04-18T06:42:28","guid":{"rendered":"https:\/\/e-verslas.lt\/?page_id=6062"},"modified":"2026-01-05T00:06:23","modified_gmt":"2026-01-04T22:06:23","slug":"dirbtinis-intelektas","status":"publish","type":"page","link":"https:\/\/e-verslas.lt\/es\/inteligencia-artificial\/","title":{"rendered":"Inteligencia artificial"},"content":{"rendered":"<style>.kb-advanced-slider-6062_79fbf6-d0 .kb-slider-pause-button{color:#fff;background-color:rgba(0, 0, 0, 0.8);border:1px solid transparent;}<\/style><div class=\"kb-advanced-slider kb-advanced-slider-6062_79fbf6-d0 wp-block-kadence-slider\"><div class=\"kb-advanced-slider-inner-contain kb-adv-slider-html-version-2\"><div class=\"kb-blocks-advanced-carousel kt-blocks-carousel kt-carousel-container-dotstyle-none\"><div class=\"kb-blocks-advanced-slider-init kb-slider-loading kb-blocks-slider kt-carousel-arrowstyle-whiteondark kt-carousel-dotstyle-none kb-slider-size-ratio kb-slider-type-slider kb-slider-ratio-3-1 kb-slider-group-arrow kb-slider-arrow-position-center kb-slider-tab-ratio-inherit kb-slider-mobile-ratio-inherit splide kb-splide  kb-slider-version-2\" aria-label=\"Contenido del control deslizante\" data-slider-center-mode=\"true\" data-slider-type=\"slider\" data-loop-type=\"loop\" data-columns-xxl=\"3\" data-columns-xl=\"3\" data-columns-md=\"3\" data-columns-sm=\"2\" data-columns-xs=\"1\" data-columns-ss=\"1\" data-slider-anim-speed=\"1000\" data-slider-scroll=\"1\" data-slider-fade=\"true\" data-slider-arrows=\"true\" data-slider-dots=\"false\" data-slider-hover-pause=\"false\" data-slider-auto=\"true\"  data-dragging=\"true\" data-slider-speed=\"2000\" data-slider-gap=\"30\" data-slider-gap-tablet=\"30\" data-slider-gap-mobile=\"30\" data-slider-gap-unit=\"px\"><div class=\"splide__track\"><ul class=\"splide__list\">\n\n<li class=\"wp-block-kadence-slide kb-advanced-slide-item kb-slide-6062_2414af-72\"><div class=\"kb-advanced-slide\"><div class=\"kb-advanced-slide-inner-wrap\"><div class=\"kb-advanced-slide-inner\"><\/div><\/div><\/div><\/li>\n\n\n\n<li class=\"wp-block-kadence-slide kb-advanced-slide-item kb-slide-6062_5893b5-16\"><div class=\"kb-advanced-slide\"><div class=\"kb-advanced-slide-inner-wrap\"><div class=\"kb-advanced-slide-inner\"><\/div><\/div><\/div><\/li>\n\n\n\n<li class=\"wp-block-kadence-slide kb-advanced-slide-item kb-slide-6062_2c0265-07\"><div class=\"kb-advanced-slide\"><div class=\"kb-advanced-slide-inner-wrap\"><div class=\"kb-advanced-slide-inner\"><\/div><\/div><\/div><\/li>\n\n<\/ul><\/div><\/div><\/div><\/div><\/div>\n\n\n<p><strong>Inteligencia artificial. <\/strong>Se est\u00e1 desarrollando a un ritmo vertiginoso y quienes no la utilicen en sus negocios se est\u00e1n quedando muy atr\u00e1s. Utilizo inteligencia artificial para crear proyectos para clientes e integrarla en sitios web y tiendas online. Desde la automatizaci\u00f3n de procesos sencillos hasta los m\u00e1s complejos, escr\u00edbeme cont\u00e1ndome tus necesidades y elegir\u00e9 las mejores soluciones para ti.<\/p>\n\n\n\n<h2 class=\"wp-block-heading\" id=\"h-paslaugos\"><strong>Servicios<\/strong><\/h2>\n\n\n\n<figure class=\"wp-block-table is-style-regular\" style=\"padding-top:var(--wp--preset--spacing--40);padding-right:var(--wp--preset--spacing--40);padding-bottom:var(--wp--preset--spacing--40);padding-left:var(--wp--preset--spacing--40)\"><table class=\"has-fixed-layout\" style=\"border-style:none;border-width:0px\"><tbody><tr><td><strong>\ud83e\udd16 Integraci\u00f3n de IA en sitios web y tiendas electr\u00f3nicas<\/strong><br>Aplicamos inteligencia artificial a tus soluciones: desde funciones simples hasta integraciones completas.<\/td><\/tr><tr><td><strong>\ud83d\udcac Chatbot \/ consultor 24\/7<\/strong><br>Responde preguntas frecuentes, dirige a servicios\/productos, recopila consultas y contactos.<\/td><\/tr><tr><td><strong>\ud83e\udde0 Generaci\u00f3n y edici\u00f3n de contenidos<\/strong><br>Texto para p\u00e1ginas, descripciones, preguntas frecuentes, textos promocionales, tono acorde a tu marca.<\/td><\/tr><tr><td><strong>\ud83d\uded2 Automatizaci\u00f3n de la descripci\u00f3n del producto<\/strong><br>Generaci\u00f3n de descripciones masivas, unificaci\u00f3n de atributos, estructura SEO y l\u00f3gica de categor\u00edas.<\/td><\/tr><tr><td><strong>\ud83d\udd0e B\u00fasqueda con comprensi\u00f3n &quot;inteligente&quot;<\/strong><br>La b\u00fasqueda que comprende sin\u00f3nimos e intenciones proporciona resultados y recomendaciones m\u00e1s precisos.<\/td><\/tr><tr><td><strong>\ud83d\udce9 Automatizaci\u00f3n de correos electr\u00f3nicos y respuestas<\/strong><br>Respuestas autom\u00e1ticas a consultas, plantillas de propuestas, comunicaci\u00f3n del estado de pedidos.<\/td><\/tr><tr><td><strong>\ud83d\udcc4 Tramitaci\u00f3n de documentos<\/strong><br>Extracci\u00f3n de texto, introducci\u00f3n al sistema, res\u00famenes, clasificaci\u00f3n y enrutamiento.<\/td><\/tr><tr><td><strong>\ud83d\udcc8 Automatizaci\u00f3n de procesos<\/strong><br>Cadenas de tareas (flujos de trabajo) entre sitio web, correo electr\u00f3nico, CRM\/ERP y otros sistemas.<\/td><\/tr><tr><td><strong>\ud83e\udde9 Integraciones (CRM\/ERP\/Helpdesk)<\/strong><br>Aplicaci\u00f3n de IA a los flujos de datos: gesti\u00f3n de clientes, procesamiento de pedidos, tickets de servicio.<\/td><\/tr><tr><td><strong>\ud83d\udee1\ufe0f Protecci\u00f3n de datos y acceso<\/strong><br>Roles, permisos, registro, gesti\u00f3n segura de claves y uso responsable de IA.<\/td><\/tr><tr><td><strong>\ud83d\udcca Informes y perspectivas<\/strong><br>Res\u00famenes de IA, tendencias, preguntas frecuentes, an\u00e1lisis de ventas\/pedidos.<\/td><\/tr><tr><td><strong>Implementaci\u00f3n y pruebas de IA<\/strong><br>Prototipo \u2192 pruebas \u2192 lanzamiento, medici\u00f3n de beneficios (tiempo, conversi\u00f3n, costos del servicio).<\/td><\/tr><\/tbody><\/table><\/figure>\n\n\n\n<h2 class=\"wp-block-heading\" id=\"h-pasiteira-uti\"><strong><strong>Preguntar<\/strong>\u00a1puaj!<\/strong><\/h2>\n\n\n\n<div class=\"wp-block-contact-form-7-contact-form-selector\">\n<div class=\"wpcf7 no-js\" id=\"wpcf7-f6943-o1\" lang=\"lt-LT\" dir=\"ltr\" data-wpcf7-id=\"6943\">\n<div class=\"screen-reader-response\"><p role=\"status\" aria-live=\"polite\" aria-atomic=\"true\"><\/p> <ul><\/ul><\/div>\n<form action=\"\/es\/wp-json\/wp\/v2\/pages\/6062#wpcf7-f6943-o1\" method=\"post\" class=\"wpcf7-form init\" aria-label=\"Formulario de contacto\" novalidate=\"novalidate\" data-status=\"init\" data-trp-original-action=\"\/es\/wp-json\/wp\/v2\/pages\/6062#wpcf7-f6943-o1\">\n<fieldset class=\"hidden-fields-container\"><input type=\"hidden\" name=\"_wpcf7\" value=\"6943\" \/><input type=\"hidden\" name=\"_wpcf7_version\" value=\"6.1.5\" \/><input type=\"hidden\" name=\"_wpcf7_locale\" value=\"lt_LT\" \/><input type=\"hidden\" name=\"_wpcf7_unit_tag\" value=\"wpcf7-f6943-o1\" \/><input type=\"hidden\" name=\"_wpcf7_container_post\" value=\"0\" \/><input type=\"hidden\" name=\"_wpcf7_posted_data_hash\" value=\"\" \/>\n<\/fieldset>\n<p><span class=\"wpcf7-form-control-wrap\" data-name=\"your-name\"><input size=\"40\" maxlength=\"400\" class=\"wpcf7-form-control wpcf7-text wpcf7-validates-as-required\" autocomplete=\"name\" aria-required=\"true\" aria-invalid=\"false\" placeholder=\"Su nombre\" value=\"\" type=\"text\" name=\"your-name\" \/><\/span><br \/>\n<span class=\"wpcf7-form-control-wrap\" data-name=\"your-mail\"><input size=\"40\" maxlength=\"400\" class=\"wpcf7-form-control wpcf7-email wpcf7-validates-as-required wpcf7-text wpcf7-validates-as-email\" autocomplete=\"your-mail\" aria-required=\"true\" aria-invalid=\"false\" placeholder=\"Tu correo electr\u00f3nico\" value=\"\" type=\"email\" name=\"your-mail\" \/><\/span><br \/>\n<span class=\"wpcf7-form-control-wrap\" data-name=\"you-subject\"><select class=\"wpcf7-form-control wpcf7-select\" aria-invalid=\"false\" name=\"you-subject\"><option value=\"\">Soluciones e-Business.lt<\/option><option value=\"Interneto Svetain\u0117s\">Sitios web<\/option><option value=\"Elektronin\u0117s Parduotuv\u0117s\">Tiendas de electr\u00f3nica<\/option><option value=\"Portal\u0173 Aplikacijos\">Aplicaciones del portal<\/option><option value=\"Dirbtinis Intelektas\">Inteligencia artificial<\/option><option value=\"SEO Paslaugos\">Servicios de SEO<\/option><option value=\"Google Ads Reklama\">Publicidad en Google Ads<\/option><option value=\"Socialin\u0117 Rinkodara\">Marketing social<\/option><option value=\"El. Pa\u0161to Marketingas\">Marketing por correo electr\u00f3nico<\/option><\/select><\/span><br \/>\n<span class=\"wpcf7-form-control-wrap\" data-name=\"your-message\"><textarea cols=\"40\" rows=\"10\" maxlength=\"2000\" class=\"wpcf7-form-control wpcf7-textarea\" aria-invalid=\"false\" placeholder=\"Tu mensaje\" name=\"your-message\"><\/textarea><\/span><br \/>\n<input class=\"wpcf7-form-control wpcf7-submit has-spinner\" type=\"submit\" value=\"\u00a1Entregar!\" \/>\n<\/p><div class=\"wpcf7-response-output\" aria-hidden=\"true\"><\/div>\n<input type=\"hidden\" name=\"trp-form-language\" value=\"es\"\/><\/form>\n<\/div>\n<\/div>","protected":false},"excerpt":{"rendered":"<p>Inteligencia Artificial. Se est\u00e1 desarrollando muy r\u00e1pidamente y quien no la utiliza en su negocio se queda muy atr\u00e1s. Utilizo inteligencia artificial para crear proyectos para clientes e integrarla en sitios web y tiendas. Desde la automatizaci\u00f3n de procesos simples hasta la m\u00e1s compleja, escr\u00edbame sus necesidades y elegir\u00e9 las mejores soluciones para usted. Servicios \ud83e\udd16 Integraci\u00f3n de IA en sitios web y tiendas online. Aplicamos inteligencia artificial [\u2026]<\/p>","protected":false},"author":1,"featured_media":39,"parent":0,"menu_order":1,"comment_status":"closed","ping_status":"closed","template":"","meta":{"_uag_custom_page_level_css":"","_kad_blocks_custom_css":"","_kad_blocks_head_custom_js":"","_kad_blocks_body_custom_js":"","_kad_blocks_footer_custom_js":"","site-sidebar-layout":"default","site-content-layout":"default","ast-site-content-layout":"default","site-content-style":"default","site-sidebar-style":"default","ast-global-header-display":"","ast-banner-title-visibility":"","ast-main-header-display":"","ast-hfb-above-header-display":"","ast-hfb-below-header-display":"","ast-hfb-mobile-header-display":"","site-post-title":"enabled","ast-breadcrumbs-content":"","ast-featured-img":"","footer-sml-layout":"","ast-disable-related-posts":"","theme-transparent-header-meta":"","adv-header-id-meta":"","stick-header-meta":"","header-above-stick-meta":"","header-main-stick-meta":"","header-below-stick-meta":"","astra-migrate-meta-layouts":"set","ast-page-background-enabled":"default","ast-page-background-meta":{"desktop":{"background-color":"var(--ast-global-color-4)","background-image":"","background-repeat":"repeat","background-position":"center center","background-size":"auto","background-attachment":"scroll","background-type":"","background-media":"","overlay-type":"","overlay-color":"","overlay-opacity":"","overlay-gradient":""},"tablet":{"background-color":"","background-image":"","background-repeat":"repeat","background-position":"center center","background-size":"auto","background-attachment":"scroll","background-type":"","background-media":"","overlay-type":"","overlay-color":"","overlay-opacity":"","overlay-gradient":""},"mobile":{"background-color":"","background-image":"","background-repeat":"repeat","background-position":"center center","background-size":"auto","background-attachment":"scroll","background-type":"","background-media":"","overlay-type":"","overlay-color":"","overlay-opacity":"","overlay-gradient":""}},"ast-content-background-meta":{"desktop":{"background-color":"var(--ast-global-color-5)","background-image":"","background-repeat":"repeat","background-position":"center center","background-size":"auto","background-attachment":"scroll","background-type":"","background-media":"","overlay-type":"","overlay-color":"","overlay-opacity":"","overlay-gradient":""},"tablet":{"background-color":"var(--ast-global-color-5)","background-image":"","background-repeat":"repeat","background-position":"center center","background-size":"auto","background-attachment":"scroll","background-type":"","background-media":"","overlay-type":"","overlay-color":"","overlay-opacity":"","overlay-gradient":""},"mobile":{"background-color":"var(--ast-global-color-5)","background-image":"","background-repeat":"repeat","background-position":"center center","background-size":"auto","background-attachment":"scroll","background-type":"","background-media":"","overlay-type":"","overlay-color":"","overlay-opacity":"","overlay-gradient":""}},"footnotes":""},"class_list":["post-6062","page","type-page","status-publish","has-post-thumbnail","hentry"],"taxonomy_info":[],"featured_image_src_large":["https:\/\/e-verslas.lt\/wp-content\/uploads\/ai-integracija-3-1024x427.jpg",1024,427,true],"author_info":{"display_name":"Administratorius","author_link":"https:\/\/e-verslas.lt\/es\/author\/administratorius\/"},"comment_info":0,"uagb_featured_image_src":{"full":["https:\/\/e-verslas.lt\/wp-content\/uploads\/ai-integracija-3.jpg",1920,800,false],"thumbnail":["https:\/\/e-verslas.lt\/wp-content\/uploads\/ai-integracija-3-150x150.jpg",150,150,true],"medium":["https:\/\/e-verslas.lt\/wp-content\/uploads\/ai-integracija-3-300x125.jpg",300,125,true],"medium_large":["https:\/\/e-verslas.lt\/wp-content\/uploads\/ai-integracija-3-768x320.jpg",768,320,true],"large":["https:\/\/e-verslas.lt\/wp-content\/uploads\/ai-integracija-3-1024x427.jpg",1024,427,true],"1536x1536":["https:\/\/e-verslas.lt\/wp-content\/uploads\/ai-integracija-3-1536x640.jpg",1536,640,true],"2048x2048":["https:\/\/e-verslas.lt\/wp-content\/uploads\/ai-integracija-3.jpg",1920,800,false],"trp-custom-language-flag":["https:\/\/e-verslas.lt\/wp-content\/uploads\/ai-integracija-3.jpg",18,8,false]},"uagb_author_info":{"display_name":"Administratorius","author_link":"https:\/\/e-verslas.lt\/es\/author\/administratorius\/"},"uagb_comment_info":0,"uagb_excerpt":"Dirbtinis Intelektas. Tobul\u0117ja labai greitai ir kas nesinaudoj\u0105 \u0161iuo \u012frankiu savo versle, stipriai atsilieka nuo kit\u0173. Panaudoju dirbtin\u012f intelekt\u0105 darydamas klientams projektus ir integruoju \u012f svetaines ir parduotuves. Nuo paprast\u0173 iki sud\u0117ting\u0173 proces\u0173 automatizavim\u0173, para\u0161ykite man savo pageidavimus ir a\u0161 parinksiu jums geriausius sprendim\u0173 b\u016bdus. Paslaugos \ud83e\udd16 DI integracija \u012f svetaines ir e-parduotuv\u0119Pritaikome dirbtin\u012f intelekt\u0105&hellip;","_links":{"self":[{"href":"https:\/\/e-verslas.lt\/es\/wp-json\/wp\/v2\/pages\/6062","targetHints":{"allow":["GET"]}}],"collection":[{"href":"https:\/\/e-verslas.lt\/es\/wp-json\/wp\/v2\/pages"}],"about":[{"href":"https:\/\/e-verslas.lt\/es\/wp-json\/wp\/v2\/types\/page"}],"author":[{"embeddable":true,"href":"https:\/\/e-verslas.lt\/es\/wp-json\/wp\/v2\/users\/1"}],"replies":[{"embeddable":true,"href":"https:\/\/e-verslas.lt\/es\/wp-json\/wp\/v2\/comments?post=6062"}],"version-history":[{"count":13,"href":"https:\/\/e-verslas.lt\/es\/wp-json\/wp\/v2\/pages\/6062\/revisions"}],"predecessor-version":[{"id":7504,"href":"https:\/\/e-verslas.lt\/es\/wp-json\/wp\/v2\/pages\/6062\/revisions\/7504"}],"wp:featuredmedia":[{"embeddable":true,"href":"https:\/\/e-verslas.lt\/es\/wp-json\/wp\/v2\/media\/39"}],"wp:attachment":[{"href":"https:\/\/e-verslas.lt\/es\/wp-json\/wp\/v2\/media?parent=6062"}],"curies":[{"name":"wp","href":"https:\/\/api.w.org\/{rel}","templated":true}]}}