{"id":3,"date":"2025-06-17T10:51:55","date_gmt":"2025-06-17T10:51:55","guid":{"rendered":"https:\/\/e-verslas.lt\/?page_id=3"},"modified":"2026-01-04T22:44:43","modified_gmt":"2026-01-04T20:44:43","slug":"privatumo-politika","status":"publish","type":"page","link":"https:\/\/e-verslas.lt\/es\/politica-de-privacidad\/","title":{"rendered":"pol\u00edtica de privacidad"},"content":{"rendered":"<style>.kb-advanced-slider-3_8f8449-66 .kb-slider-pause-button{color:#fff;background-color:rgba(0, 0, 0, 0.8);border:1px solid transparent;}<\/style><div class=\"kb-advanced-slider kb-advanced-slider-3_8f8449-66 wp-block-kadence-slider\"><div class=\"kb-advanced-slider-inner-contain kb-adv-slider-html-version-2\"><div class=\"kb-blocks-advanced-carousel kt-blocks-carousel kt-carousel-container-dotstyle-none\"><div class=\"kb-blocks-advanced-slider-init kb-slider-loading kb-blocks-slider kt-carousel-arrowstyle-whiteondark kt-carousel-dotstyle-none kb-slider-size-ratio kb-slider-type-slider kb-slider-ratio-3-1 kb-slider-group-arrow kb-slider-arrow-position-center kb-slider-tab-ratio-inherit kb-slider-mobile-ratio-inherit splide kb-splide  kb-slider-version-2\" aria-label=\"Contenido del control deslizante\" data-slider-center-mode=\"true\" data-slider-type=\"slider\" data-loop-type=\"loop\" data-columns-xxl=\"3\" data-columns-xl=\"3\" data-columns-md=\"3\" data-columns-sm=\"2\" data-columns-xs=\"1\" data-columns-ss=\"1\" data-slider-anim-speed=\"2000\" data-slider-scroll=\"1\" data-slider-fade=\"true\" data-slider-arrows=\"true\" data-slider-dots=\"false\" data-slider-hover-pause=\"false\" data-slider-auto=\"true\"  data-dragging=\"true\" data-slider-speed=\"1000\" data-slider-gap=\"30\" data-slider-gap-tablet=\"30\" data-slider-gap-mobile=\"30\" data-slider-gap-unit=\"px\"><div class=\"splide__track\"><ul class=\"splide__list\">\n\n<div class=\"wp-block-kadence-slide kb-advanced-slide-item kb-slide-3_17f369-41\"><div class=\"kb-advanced-slide\"><div class=\"kb-advanced-slide-inner-wrap\"><div class=\"kb-advanced-slide-inner\"><\/div><\/div><\/div><\/div>\n\n\n\n<div class=\"wp-block-kadence-slide kb-advanced-slide-item kb-slide-3_c8e4b1-e7\"><div class=\"kb-advanced-slide\"><div class=\"kb-advanced-slide-inner-wrap\"><div class=\"kb-advanced-slide-inner\"><\/div><\/div><\/div><\/div>\n\n\n\n<div class=\"wp-block-kadence-slide kb-advanced-slide-item kb-slide-3_210ccb-9b\"><div class=\"kb-advanced-slide\"><div class=\"kb-advanced-slide-inner-wrap\"><div class=\"kb-advanced-slide-inner\"><\/div><\/div><\/div><\/div>\n\n<\/ul><\/div><\/div><\/div><\/div><\/div>\n\n\n<p>La direcci\u00f3n de nuestro sitio web es: https:\/\/e-verslas.lt<\/p>\n\n\n\n<h2 class=\"wp-block-heading\">Comentarios<\/h2>\n\n\n\n<p>Cuando los visitantes dejan comentarios en el sitio web, recopilamos los datos visibles en el formulario de publicaci\u00f3n de comentarios, as\u00ed como la direcci\u00f3n IP del visitante y la cuenta de usuario del navegador para ayudar a prevenir el spam.<\/p>\n\n\n\n<p>Es posible que se genere un registro de datos an\u00f3nimo (hash) a partir de su direcci\u00f3n de correo electr\u00f3nico y se proporcione al proveedor de servicios Gravatar para verificar que utiliza este servicio. La pol\u00edtica de privacidad de Gravatar est\u00e1 disponible aqu\u00ed: https:\/\/automattic.com\/privacy\/. Una vez aprobado su comentario, su foto de perfil ser\u00e1 visible p\u00fablicamente junto a \u00e9l.<\/p>\n\n\n\n<h2 class=\"wp-block-heading\">Archivos<\/h2>\n\n\n\n<p>Si subes fotos a un sitio web, evita subirlas con datos de ubicaci\u00f3n (GPS EXIF) incrustados. Los visitantes del sitio web pueden descargar fotos y extraer datos de ubicaci\u00f3n.<\/p>\n\n\n\n<h2 class=\"wp-block-heading\">Galletas<\/h2>\n\n\n\n<p>Al dejar un comentario en este sitio, puedes elegir si quieres que tu nombre, correo electr\u00f3nico y sitio web se guarden en cookies. Esto es para tu comodidad, para que no tengas que volver a introducir estos datos cada vez que comentes. Estas cookies se almacenan durante un a\u00f1o.<\/p>\n\n\n\n<p>Si tiene una cuenta e inicia sesi\u00f3n en nuestro sitio web, crearemos una cookie temporal que registra si su navegador acepta cookies. Esta cookie no almacena informaci\u00f3n personal y se elimina al cerrar el navegador.<\/p>\n\n\n\n<p>Al iniciar sesi\u00f3n, tambi\u00e9n creamos varias cookies que almacenan su informaci\u00f3n de inicio de sesi\u00f3n y sus preferencias de visualizaci\u00f3n de pantalla. Las cookies de inicio de sesi\u00f3n son v\u00e1lidas durante dos d\u00edas y las de configuraci\u00f3n de pantalla, durante un a\u00f1o. Si marca la opci\u00f3n &quot;Recordarme&quot;, su cookie de inicio de sesi\u00f3n ser\u00e1 v\u00e1lida durante dos semanas. Al cerrar sesi\u00f3n, las cookies de inicio de sesi\u00f3n se eliminan.<\/p>\n\n\n\n<p>Si editas o publicas una entrada, se guarda una cookie adicional en tu navegador. Esta cookie no almacena datos personales, pero s\u00ed el ID de la entrada que acabas de editar o publicar. Caduca al cabo de un d\u00eda.<\/p>\n\n\n\n<h2 class=\"wp-block-heading\">Contenido cargado desde otros sitios web<\/h2>\n\n\n\n<p>Este sitio web puede contener contenido (como v\u00eddeos, im\u00e1genes, texto, etc.) subido desde otros sitios web. Ver e interactuar con dicho contenido en este sitio web equivale a visitar los sitios web desde los que se subi\u00f3.<\/p>\n\n\n\n<p>Estos sitios web pueden recopilar datos sobre usted, utilizar cookies, servicios de seguimiento de terceros y monitorear sus acciones con contenido cargado, incluso cuando tiene una cuenta y est\u00e1 conectado a los sitios web mencionados anteriormente.<\/p>\n\n\n\n<h2 class=\"wp-block-heading\">\u00bfCon qui\u00e9n compartimos tus datos?<\/h2>\n\n\n\n<p>Si solicita un restablecimiento de contrase\u00f1a, su direcci\u00f3n IP se incluir\u00e1 en el correo electr\u00f3nico de restablecimiento.<\/p>\n\n\n\n<h2 class=\"wp-block-heading\">\u00bfDurante cu\u00e1nto tiempo conservamos tus datos?<\/h2>\n\n\n\n<p>Si escribes un comentario, su texto y metadatos se almacenan indefinidamente. Esto nos permite reconocer y aprobar autom\u00e1ticamente futuros comentarios, sin necesidad de la aprobaci\u00f3n del administrador.<\/p>\n\n\n\n<p>Al registrarse en nuestro sitio web y convertirse en usuario, almacenamos todos los datos personales que proporciona en su cuenta. Cada usuario puede ver, editar y eliminar sus datos personales en cualquier momento (excepto su nombre de usuario). Los administradores del sitio web tambi\u00e9n pueden ver y editar estos datos.<\/p>\n\n\n\n<h2 class=\"wp-block-heading\">Sus derechos<\/h2>\n\n\n\n<p>Si tiene una cuenta en este sitio web o ha dejado alg\u00fan comentario aqu\u00ed, puede solicitar recibir un archivo exportado con todos los datos personales que tenemos sobre usted, incluyendo los que nos ha proporcionado. Tambi\u00e9n puede solicitar que eliminemos todos sus datos personales. Ninguna de estas solicitudes se aplica a los datos que estamos obligados a conservar por ley con fines administrativos, legales o de seguridad.<\/p>\n\n\n\n<h2 class=\"wp-block-heading\">D\u00f3nde se env\u00edan sus datos<\/h2>\n\n\n\n<p>Los comentarios de los visitantes pueden comprobarse mediante un servicio de detecci\u00f3n autom\u00e1tica de spam.<\/p>","protected":false},"excerpt":{"rendered":"<p>La direcci\u00f3n de nuestro sitio web es: https:\/\/e-verslas.lt Comentarios. Cuando los visitantes dejan comentarios en el sitio web, recopilamos los datos visibles en el formulario de comentarios, as\u00ed como la direcci\u00f3n IP y la cuenta de usuario del navegador del visitante para protegernos contra el spam. Es posible que se genere un registro de datos an\u00f3nimo (hash) a partir de su direcci\u00f3n de correo electr\u00f3nico y se proporcione al proveedor de servicios Gravatar para verificar que est\u00e1 utilizando este [\u2026]<\/p>","protected":false},"author":1,"featured_media":98,"parent":0,"menu_order":0,"comment_status":"closed","ping_status":"closed","template":"","meta":{"_uag_custom_page_level_css":"","_kad_blocks_custom_css":"","_kad_blocks_head_custom_js":"","_kad_blocks_body_custom_js":"","_kad_blocks_footer_custom_js":"","site-sidebar-layout":"default","site-content-layout":"","ast-site-content-layout":"default","site-content-style":"default","site-sidebar-style":"default","ast-global-header-display":"","ast-banner-title-visibility":"","ast-main-header-display":"","ast-hfb-above-header-display":"","ast-hfb-below-header-display":"","ast-hfb-mobile-header-display":"","site-post-title":"","ast-breadcrumbs-content":"","ast-featured-img":"","footer-sml-layout":"","ast-disable-related-posts":"","theme-transparent-header-meta":"","adv-header-id-meta":"","stick-header-meta":"","header-above-stick-meta":"","header-main-stick-meta":"","header-below-stick-meta":"","astra-migrate-meta-layouts":"set","ast-page-background-enabled":"default","ast-page-background-meta":{"desktop":{"background-color":"var(--ast-global-color-4)","background-image":"","background-repeat":"repeat","background-position":"center center","background-size":"auto","background-attachment":"scroll","background-type":"","background-media":"","overlay-type":"","overlay-color":"","overlay-opacity":"","overlay-gradient":""},"tablet":{"background-color":"","background-image":"","background-repeat":"repeat","background-position":"center center","background-size":"auto","background-attachment":"scroll","background-type":"","background-media":"","overlay-type":"","overlay-color":"","overlay-opacity":"","overlay-gradient":""},"mobile":{"background-color":"","background-image":"","background-repeat":"repeat","background-position":"center center","background-size":"auto","background-attachment":"scroll","background-type":"","background-media":"","overlay-type":"","overlay-color":"","overlay-opacity":"","overlay-gradient":""}},"ast-content-background-meta":{"desktop":{"background-color":"var(--ast-global-color-5)","background-image":"","background-repeat":"repeat","background-position":"center center","background-size":"auto","background-attachment":"scroll","background-type":"","background-media":"","overlay-type":"","overlay-color":"","overlay-opacity":"","overlay-gradient":""},"tablet":{"background-color":"var(--ast-global-color-5)","background-image":"","background-repeat":"repeat","background-position":"center center","background-size":"auto","background-attachment":"scroll","background-type":"","background-media":"","overlay-type":"","overlay-color":"","overlay-opacity":"","overlay-gradient":""},"mobile":{"background-color":"var(--ast-global-color-5)","background-image":"","background-repeat":"repeat","background-position":"center center","background-size":"auto","background-attachment":"scroll","background-type":"","background-media":"","overlay-type":"","overlay-color":"","overlay-opacity":"","overlay-gradient":""}},"footnotes":""},"class_list":["post-3","page","type-page","status-publish","has-post-thumbnail","hentry"],"taxonomy_info":[],"featured_image_src_large":["https:\/\/e-verslas.lt\/wp-content\/uploads\/privatumo-politika-1-1024x320.jpg",1024,320,true],"author_info":{"display_name":"Administratorius","author_link":"https:\/\/e-verslas.lt\/es\/author\/administratorius\/"},"comment_info":0,"uagb_featured_image_src":{"full":["https:\/\/e-verslas.lt\/wp-content\/uploads\/privatumo-politika-1.jpg",1920,600,false],"thumbnail":["https:\/\/e-verslas.lt\/wp-content\/uploads\/privatumo-politika-1-150x150.jpg",150,150,true],"medium":["https:\/\/e-verslas.lt\/wp-content\/uploads\/privatumo-politika-1-300x94.jpg",300,94,true],"medium_large":["https:\/\/e-verslas.lt\/wp-content\/uploads\/privatumo-politika-1-768x240.jpg",768,240,true],"large":["https:\/\/e-verslas.lt\/wp-content\/uploads\/privatumo-politika-1-1024x320.jpg",1024,320,true],"1536x1536":["https:\/\/e-verslas.lt\/wp-content\/uploads\/privatumo-politika-1-1536x480.jpg",1536,480,true],"2048x2048":["https:\/\/e-verslas.lt\/wp-content\/uploads\/privatumo-politika-1.jpg",1920,600,false],"trp-custom-language-flag":["https:\/\/e-verslas.lt\/wp-content\/uploads\/privatumo-politika-1.jpg",18,6,false]},"uagb_author_info":{"display_name":"Administratorius","author_link":"https:\/\/e-verslas.lt\/es\/author\/administratorius\/"},"uagb_comment_info":0,"uagb_excerpt":"M\u016bs\u0173 tinklalapio adresas yra: https:\/\/e-verslas.lt Komentarai Kai lankytojai ra\u0161o komentarus tinklalapyje, mes renkame duomenis, matomus komentaro paskelbimo formoje, o taip pat lankytojo IP adres\u0105 bei nar\u0161ykl\u0117s vartotojo \u012fra\u0161\u0105, kad apsisaugotume nuo brukal\u0173. I\u0161 J\u016bs\u0173 el.pa\u0161to adreso gali b\u016bti sugeneruotas anonimizuotas duomen\u0173 \u012fra\u0161as (angl. hash) ir pateiktas Gravatar paslaugos teik\u0117jui, norint patikrinti, ar J\u016bs naudojat\u0117s \u0161ia&hellip;","_links":{"self":[{"href":"https:\/\/e-verslas.lt\/es\/wp-json\/wp\/v2\/pages\/3","targetHints":{"allow":["GET"]}}],"collection":[{"href":"https:\/\/e-verslas.lt\/es\/wp-json\/wp\/v2\/pages"}],"about":[{"href":"https:\/\/e-verslas.lt\/es\/wp-json\/wp\/v2\/types\/page"}],"author":[{"embeddable":true,"href":"https:\/\/e-verslas.lt\/es\/wp-json\/wp\/v2\/users\/1"}],"replies":[{"embeddable":true,"href":"https:\/\/e-verslas.lt\/es\/wp-json\/wp\/v2\/comments?post=3"}],"version-history":[{"count":3,"href":"https:\/\/e-verslas.lt\/es\/wp-json\/wp\/v2\/pages\/3\/revisions"}],"predecessor-version":[{"id":6543,"href":"https:\/\/e-verslas.lt\/es\/wp-json\/wp\/v2\/pages\/3\/revisions\/6543"}],"wp:featuredmedia":[{"embeddable":true,"href":"https:\/\/e-verslas.lt\/es\/wp-json\/wp\/v2\/media\/98"}],"wp:attachment":[{"href":"https:\/\/e-verslas.lt\/es\/wp-json\/wp\/v2\/media?parent=3"}],"curies":[{"name":"wp","href":"https:\/\/api.w.org\/{rel}","templated":true}]}}