{"id":2354,"date":"2022-01-15T01:36:24","date_gmt":"2022-01-15T01:36:24","guid":{"rendered":"https:\/\/e-verslas.lt\/autorius\/"},"modified":"2025-10-29T06:58:49","modified_gmt":"2025-10-29T06:58:49","slug":"autorius","status":"publish","type":"page","link":"https:\/\/e-verslas.lt\/es\/autor\/","title":{"rendered":"Autor de e-Business.lt"},"content":{"rendered":"<style>.kb-advanced-slider-2354_8401d8-3e .kb-slider-pause-button{color:#fff;background-color:rgba(0, 0, 0, 0.8);border:1px solid transparent;}<\/style><div class=\"kb-advanced-slider kb-advanced-slider-2354_8401d8-3e wp-block-kadence-slider\"><div class=\"kb-advanced-slider-inner-contain kb-adv-slider-html-version-2\"><div class=\"kb-blocks-advanced-carousel kt-blocks-carousel kt-carousel-container-dotstyle-none\"><div class=\"kb-blocks-advanced-slider-init kb-slider-loading kb-blocks-slider kt-carousel-arrowstyle-whiteondark kt-carousel-dotstyle-none kb-slider-size-ratio kb-slider-type-slider kb-slider-ratio-3-1 kb-slider-group-arrow kb-slider-arrow-position-center kb-slider-tab-ratio-inherit kb-slider-mobile-ratio-inherit splide kb-splide  kb-slider-version-2\" aria-label=\"Contenido del control deslizante\" data-slider-center-mode=\"true\" data-slider-type=\"slider\" data-loop-type=\"loop\" data-columns-xxl=\"3\" data-columns-xl=\"3\" data-columns-md=\"3\" data-columns-sm=\"2\" data-columns-xs=\"1\" data-columns-ss=\"1\" data-slider-anim-speed=\"2000\" data-slider-scroll=\"1\" data-slider-fade=\"true\" data-slider-arrows=\"true\" data-slider-dots=\"false\" data-slider-hover-pause=\"false\" data-slider-auto=\"true\"  data-dragging=\"true\" data-slider-speed=\"1000\" data-slider-gap=\"30\" data-slider-gap-tablet=\"30\" data-slider-gap-mobile=\"30\" data-slider-gap-unit=\"px\"><div class=\"splide__track\"><ul class=\"splide__list\">\n\n<li class=\"wp-block-kadence-slide kb-advanced-slide-item kb-slide-2354_7c636e-92\"><div class=\"kb-advanced-slide\"><div class=\"kb-advanced-slide-inner-wrap\"><div class=\"kb-advanced-slide-inner\"><\/div><\/div><\/div><\/li>\n\n\n\n<li class=\"wp-block-kadence-slide kb-advanced-slide-item kb-slide-2354_40e462-6a\"><div class=\"kb-advanced-slide\"><div class=\"kb-advanced-slide-inner-wrap\"><div class=\"kb-advanced-slide-inner\"><\/div><\/div><\/div><\/li>\n\n\n\n<li class=\"wp-block-kadence-slide kb-advanced-slide-item kb-slide-2354_1d9151-ab\"><div class=\"kb-advanced-slide\"><div class=\"kb-advanced-slide-inner-wrap\"><div class=\"kb-advanced-slide-inner\"><\/div><\/div><\/div><\/li>\n\n<\/ul><\/div><\/div><\/div><\/div><\/div>\n\n\n<h3 class=\"wp-block-heading\" id=\"h-p-radzia\"><strong>PAG<\/strong>raja<\/h3>\n\n\n\n<p>Soy el autor de e-Verslas.lt. Tengo 45 a\u00f1os y, para cuando cursaba noveno grado, ya hab\u00eda le\u00eddo todos los libros de f\u00edsica, incluso los vol\u00famenes en ruso, y sab\u00eda c\u00f3mo fabricar una bomba termonuclear \ud83d\ude42 La verdad es que no me gustaban los dem\u00e1s. Primero, me gradu\u00e9 de la Escuela Ry\u0161ininkai de Kaunas. Luego estudi\u00e9 ingenier\u00eda el\u00e9ctrica, entr\u00e9 directamente a segundo a\u00f1o y no asist\u00ed a clases; encontr\u00e9 una empresa donde consegu\u00ed un trabajo como instalador de alarmas para autos. Y yo mismo preparaba los ex\u00e1menes para mis compa\u00f1eros. Gan\u00e9 los primeros lugares en concursos.<\/p>\n\n\n\n<h3 class=\"wp-block-heading\" id=\"h-k-aunas\"><strong>K<\/strong>RAM<\/h3>\n\n\n\n<p>Despu\u00e9s de la escuela, encontr\u00e9 inversores y empec\u00e9 a instalar sistemas de seguridad, contra incendios, control de acceso y videovigilancia en Kaunas. Hacke\u00e9 el directorio de empresas lituanas y envi\u00e9 ofertas por fax autom\u00e1ticamente a todas las empresas de Kaunas, as\u00ed que no faltaron clientes. Pero tambi\u00e9n recib\u00ed pedidos extra\u00f1os, por ejemplo, c\u00e1maras de v\u00eddeo ocultas en las habitaciones para que los hombres pudieran ver lo que hac\u00edan sus esposas en casa, una pantalla de videochat en lugar de una mirilla para que nadie disparara a los m\u00e9dicos \ud83d\ude42 Mis clientes eran el club \u017dalgiris, la aduana territorial de Kaunas, la embajada de Georgia, etc. Me registr\u00e9 en 1996 en el portal PRO.LT.<\/p>\n\n\n\n<h3 class=\"wp-block-heading\" id=\"h-vilnius\">Vilna<\/h3>\n\n\n\n<p>Luego me mud\u00e9 a Vilna y me reorient\u00e9 hacia la gesti\u00f3n empresarial y los sistemas de automatizaci\u00f3n de marketing. Como me resultaba muy \u00fatil, me parec\u00eda m\u00e1s avanzado y not\u00e9 su ausencia en casi todas las empresas. Me asegur\u00e9 de que todos los contactos con clientes, conversaciones telef\u00f3nicas, correos electr\u00f3nicos, contratos firmados, etc., de la empresa fueran visibles para los gerentes y, con su autorizaci\u00f3n, para los empleados de igual categor\u00eda. Lo instal\u00e9, adapt\u00e9 y desarroll\u00e9 en Microsoft Office, Exchange, Visual Basic y GoldMine. Cre\u00e9 un sistema de automatizaci\u00f3n de datos para una empresa de investigaci\u00f3n de mercado, un programa de contabilidad, mano de obra y contabilidad.<\/p>\n\n\n\n<h3 class=\"wp-block-heading\" id=\"h-portalas\"><strong>Portal<\/strong><\/h3>\n\n\n\n<p>Incluso cre\u00e9 la primera base de datos en l\u00ednea de personas poco fiables en Lituania para Gediminas \u017diemelis con la versi\u00f3n beta de Microsoft .NET. Instal\u00e9 los servidores en mi casa de Vilna, conect\u00e9 la alimentaci\u00f3n de emergencia y dos cables de internet. Era una aplicaci\u00f3n funcional y atractiva, casi al nivel de Facebook, utilizada por todos los bancos y otras instituciones financieras. Sub\u00ed muchos datos de Sodra, el Departamento de Estad\u00edstica y otras instituciones, y empleados y clientes tambi\u00e9n los ingresaron.<\/p>\n\n\n\n<h3 class=\"wp-block-heading\" id=\"h-dabaris\"><strong>Actual<\/strong><\/h3>\n\n\n\n<p>Ahora tengo una pierna rota, as\u00ed que trabajo desde casa y ofrezco servicios de comercio electr\u00f3nico. Con PHP he creado portales de televisi\u00f3n por IP, portales de agencias inmobiliarias, varias tiendas online, etc. Adem\u00e1s, tengo bases de datos de contactos de empresas de todo el mundo; \u00a1hay m\u00e1s de 3.000.000 de contactos solo en Polonia! Puedo internacionalizar cualquier peque\u00f1a empresa con bastante rapidez y seguridad. Y cada d\u00eda dedico dos horas a interesarme por las \u00faltimas tecnolog\u00edas.<\/p>","protected":false},"excerpt":{"rendered":"<p>P\u00e1gina principal de e-Verslas.lt. Soy el autor. Tengo 45 a\u00f1os y, para cuando cursaba noveno grado, ya hab\u00eda le\u00eddo todos los libros de f\u00edsica, incluso los vol\u00famenes en ruso, y sab\u00eda c\u00f3mo fabricar una bomba termonuclear \ud83d\ude42 La verdad es que no me gustaban los dem\u00e1s. Primero, me gradu\u00e9 de la Escuela Ry\u0161ininkai de Kaunas. Luego estudi\u00e9 ingenier\u00eda el\u00e9ctrica, entr\u00e9 directamente al segundo a\u00f1o y no asist\u00ed a clases; encontr\u00e9 una empresa donde consegu\u00ed un trabajo instalando alarmas para autos. Y mi [\u2026]<\/p>","protected":false},"author":1,"featured_media":41,"parent":0,"menu_order":13,"comment_status":"closed","ping_status":"closed","template":"","meta":{"_uag_custom_page_level_css":"","_kad_blocks_custom_css":"","_kad_blocks_head_custom_js":"","_kad_blocks_body_custom_js":"","_kad_blocks_footer_custom_js":"","site-sidebar-layout":"default","site-content-layout":"default","ast-site-content-layout":"default","site-content-style":"default","site-sidebar-style":"default","ast-global-header-display":"","ast-banner-title-visibility":"","ast-main-header-display":"","ast-hfb-above-header-display":"","ast-hfb-below-header-display":"","ast-hfb-mobile-header-display":"","site-post-title":"enabled","ast-breadcrumbs-content":"","ast-featured-img":"","footer-sml-layout":"","ast-disable-related-posts":"","theme-transparent-header-meta":"default","adv-header-id-meta":"","stick-header-meta":"","header-above-stick-meta":"","header-main-stick-meta":"","header-below-stick-meta":"","astra-migrate-meta-layouts":"set","ast-page-background-enabled":"default","ast-page-background-meta":{"desktop":{"background-color":"var(--ast-global-color-4)","background-image":"","background-repeat":"repeat","background-position":"center center","background-size":"auto","background-attachment":"scroll","background-type":"","background-media":"","overlay-type":"","overlay-color":"","overlay-opacity":"","overlay-gradient":""},"tablet":{"background-color":"","background-image":"","background-repeat":"repeat","background-position":"center center","background-size":"auto","background-attachment":"scroll","background-type":"","background-media":"","overlay-type":"","overlay-color":"","overlay-opacity":"","overlay-gradient":""},"mobile":{"background-color":"","background-image":"","background-repeat":"repeat","background-position":"center center","background-size":"auto","background-attachment":"scroll","background-type":"","background-media":"","overlay-type":"","overlay-color":"","overlay-opacity":"","overlay-gradient":""}},"ast-content-background-meta":{"desktop":{"background-color":"var(--ast-global-color-5)","background-image":"","background-repeat":"repeat","background-position":"center center","background-size":"auto","background-attachment":"scroll","background-type":"","background-media":"","overlay-type":"","overlay-color":"","overlay-opacity":"","overlay-gradient":""},"tablet":{"background-color":"var(--ast-global-color-5)","background-image":"","background-repeat":"repeat","background-position":"center center","background-size":"auto","background-attachment":"scroll","background-type":"","background-media":"","overlay-type":"","overlay-color":"","overlay-opacity":"","overlay-gradient":""},"mobile":{"background-color":"var(--ast-global-color-5)","background-image":"","background-repeat":"repeat","background-position":"center center","background-size":"auto","background-attachment":"scroll","background-type":"","background-media":"","overlay-type":"","overlay-color":"","overlay-opacity":"","overlay-gradient":""}},"footnotes":""},"class_list":["post-2354","page","type-page","status-publish","has-post-thumbnail","hentry"],"taxonomy_info":[],"featured_image_src_large":["https:\/\/e-verslas.lt\/wp-content\/uploads\/autorius-1-1024x320.jpg",1024,320,true],"author_info":{"display_name":"Administratorius","author_link":"https:\/\/e-verslas.lt\/es\/author\/administratorius\/"},"comment_info":0,"uagb_featured_image_src":{"full":["https:\/\/e-verslas.lt\/wp-content\/uploads\/autorius-1.jpg",1920,600,false],"thumbnail":["https:\/\/e-verslas.lt\/wp-content\/uploads\/autorius-1-150x150.jpg",150,150,true],"medium":["https:\/\/e-verslas.lt\/wp-content\/uploads\/autorius-1-300x94.jpg",300,94,true],"medium_large":["https:\/\/e-verslas.lt\/wp-content\/uploads\/autorius-1-768x240.jpg",768,240,true],"large":["https:\/\/e-verslas.lt\/wp-content\/uploads\/autorius-1-1024x320.jpg",1024,320,true],"1536x1536":["https:\/\/e-verslas.lt\/wp-content\/uploads\/autorius-1-1536x480.jpg",1536,480,true],"2048x2048":["https:\/\/e-verslas.lt\/wp-content\/uploads\/autorius-1.jpg",1920,600,false],"trp-custom-language-flag":["https:\/\/e-verslas.lt\/wp-content\/uploads\/autorius-1.jpg",18,6,false]},"uagb_author_info":{"display_name":"Administratorius","author_link":"https:\/\/e-verslas.lt\/es\/author\/administratorius\/"},"uagb_comment_info":0,"uagb_excerpt":"Prad\u017eia e-Verslas.lt Autorius. Man 45 metai ir a\u0161 iki 9 klas\u0117s buvau perskait\u0119s visas fizikos knygas, net rusi\u0161kus tomus, mok\u0117jau pasigaminti ir termobranduolin\u0119 bomb\u0105 \ud83d\ude42 Tiesa nepatiko kitkas. Prad\u017eiai baigiau Kauno Ry\u0161inink\u0173 mokykl\u0105. Paskui mokiausi elektrotechnikos specialyb\u0117s, \u012fstojau tiesiai \u012f antr\u0105 kurs\u0105 ir \u012f pamokas nevaik\u0161\u010diojau, susiradau \u012fmon\u0117l\u0119, kur \u012fsidarbinau automobili\u0173 signalizacij\u0173 montuotoj\u0173. O savo&hellip;","_links":{"self":[{"href":"https:\/\/e-verslas.lt\/es\/wp-json\/wp\/v2\/pages\/2354","targetHints":{"allow":["GET"]}}],"collection":[{"href":"https:\/\/e-verslas.lt\/es\/wp-json\/wp\/v2\/pages"}],"about":[{"href":"https:\/\/e-verslas.lt\/es\/wp-json\/wp\/v2\/types\/page"}],"author":[{"embeddable":true,"href":"https:\/\/e-verslas.lt\/es\/wp-json\/wp\/v2\/users\/1"}],"replies":[{"embeddable":true,"href":"https:\/\/e-verslas.lt\/es\/wp-json\/wp\/v2\/comments?post=2354"}],"version-history":[{"count":4,"href":"https:\/\/e-verslas.lt\/es\/wp-json\/wp\/v2\/pages\/2354\/revisions"}],"predecessor-version":[{"id":6958,"href":"https:\/\/e-verslas.lt\/es\/wp-json\/wp\/v2\/pages\/2354\/revisions\/6958"}],"wp:featuredmedia":[{"embeddable":true,"href":"https:\/\/e-verslas.lt\/es\/wp-json\/wp\/v2\/media\/41"}],"wp:attachment":[{"href":"https:\/\/e-verslas.lt\/es\/wp-json\/wp\/v2\/media?parent=2354"}],"curies":[{"name":"wp","href":"https:\/\/api.w.org\/{rel}","templated":true}]}}