{"id":113,"date":"2020-04-27T07:34:16","date_gmt":"2020-04-27T07:34:16","guid":{"rendered":"https:\/\/e-verslas.lt\/e-verslas-lt-sprendimai\/interneto-marketingas\/"},"modified":"2026-01-11T23:16:12","modified_gmt":"2026-01-11T21:16:12","slug":"el-pasto-marketingas","status":"publish","type":"page","link":"https:\/\/e-verslas.lt\/es\/marketing-por-correo-electronico\/","title":{"rendered":"Marketing por correo electr\u00f3nico"},"content":{"rendered":"<style>.kb-advanced-slider-113_6609be-8c .kb-slider-pause-button{color:#fff;background-color:rgba(0, 0, 0, 0.8);border:1px solid transparent;}<\/style><div class=\"kb-advanced-slider kb-advanced-slider-113_6609be-8c wp-block-kadence-slider\"><div class=\"kb-advanced-slider-inner-contain kb-adv-slider-html-version-2\"><div class=\"kb-blocks-advanced-carousel kt-blocks-carousel kt-carousel-container-dotstyle-none\"><div class=\"kb-blocks-advanced-slider-init kb-slider-loading kb-blocks-slider kt-carousel-arrowstyle-whiteondark kt-carousel-dotstyle-none kb-slider-size-ratio kb-slider-type-slider kb-slider-ratio-3-1 kb-slider-group-arrow kb-slider-arrow-position-center kb-slider-tab-ratio-inherit kb-slider-mobile-ratio-inherit splide kb-splide  kb-slider-version-2\" aria-label=\"Contenido del control deslizante\" data-slider-center-mode=\"true\" data-slider-type=\"slider\" data-loop-type=\"loop\" data-columns-xxl=\"3\" data-columns-xl=\"3\" data-columns-md=\"3\" data-columns-sm=\"2\" data-columns-xs=\"1\" data-columns-ss=\"1\" data-slider-anim-speed=\"2000\" data-slider-scroll=\"1\" data-slider-fade=\"true\" data-slider-arrows=\"true\" data-slider-dots=\"false\" data-slider-hover-pause=\"false\" data-slider-auto=\"true\"  data-dragging=\"true\" data-slider-speed=\"1000\" data-slider-gap=\"30\" data-slider-gap-tablet=\"30\" data-slider-gap-mobile=\"30\" data-slider-gap-unit=\"px\"><div class=\"splide__track\"><ul class=\"splide__list\">\n\n<li class=\"wp-block-kadence-slide kb-advanced-slide-item kb-slide-113_90576a-1e\"><div class=\"kb-advanced-slide\"><div class=\"kb-advanced-slide-inner-wrap\"><div class=\"kb-advanced-slide-inner\"><\/div><\/div><\/div><\/li>\n\n\n\n<li class=\"wp-block-kadence-slide kb-advanced-slide-item kb-slide-113_a7368c-19\"><div class=\"kb-advanced-slide\"><div class=\"kb-advanced-slide-inner-wrap\"><div class=\"kb-advanced-slide-inner\"><\/div><\/div><\/div><\/li>\n\n\n\n<li class=\"wp-block-kadence-slide kb-advanced-slide-item kb-slide-113_81865d-69\"><div class=\"kb-advanced-slide\"><div class=\"kb-advanced-slide-inner-wrap\"><div class=\"kb-advanced-slide-inner\"><\/div><\/div><\/div><\/li>\n\n<\/ul><\/div><\/div><\/div><\/div><\/div>\n\n\n<p><strong>Marketing por correo electr\u00f3nico. <\/strong>Ofrecemos servicios de marketing digital para popularizar r\u00e1pidamente su negocio e internacionalizarlo. La publicidad online m\u00e1s efectiva es el env\u00edo de boletines informativos a empresas. Un marketing de boletines informativos profesional puede llegar a la mayor\u00eda de sus clientes objetivo sin grandes inversiones. Es importante que los boletines informativos solo se env\u00eden a los suscriptores que los hayan aceptado previamente, por lo que le ayudamos a recopilar una lista de suscriptores realmente interesados en sus ofertas. Preparamos plantillas para sus ofertas, descuentos, promociones, as\u00ed como formularios de pedido, cancelaci\u00f3n e informaci\u00f3n. Le ayudamos a obtener r\u00e1pidamente la opini\u00f3n de sus clientes sobre los servicios que les brindamos o los productos vendidos.<\/p>\n\n\n\n<h3 class=\"wp-block-heading\" id=\"h-paslaugos\"><strong>Servicios<\/strong><\/h3>\n\n\n\n<figure style=\"padding-top:var(--wp--preset--spacing--40);padding-right:var(--wp--preset--spacing--40);padding-bottom:var(--wp--preset--spacing--40);padding-left:var(--wp--preset--spacing--40)\" class=\"wp-block-table\"><table class=\"has-fixed-layout\" style=\"border-style:none;border-width:0px\"><tbody><tr><td><strong>\ud83d\udd0d An\u00e1lisis de mercado y clientes<\/strong><br>Bas\u00e1ndonos en su modelo de negocio, realizamos estudios de mercado online e identificamos clientes potenciales.<\/td><\/tr><tr><td><strong>\ud83c\udfaf Selecci\u00f3n del p\u00fablico objetivo<\/strong><br>Seleccionamos un p\u00fablico objetivo para el marketing de newsletter en funci\u00f3n del campo de actividad, pa\u00edses y ciudades.<\/td><\/tr><tr><td><strong>Colecci\u00f3n de suscriptores<\/strong><br>Le ayudamos a reunir una lista de suscriptores a su bolet\u00edn informativo que est\u00e9n realmente interesados en sus ofertas.<\/td><\/tr><tr><td><strong>\u270d\ufe0f Plantillas personalizadas<\/strong><br>Preparamos plantillas de newsletters con ofertas, descuentos y promociones, personalizadas para cada suscriptor.<\/td><\/tr><tr><td><strong>\ud83d\udce8 Contenido valioso y relevante<\/strong><br>Nos aseguramos de que la informaci\u00f3n proporcionada en los boletines sea relevante, \u00fatil e interesante para los destinatarios.<\/td><\/tr><tr><td><strong>\ud83e\uddfe Formularios de pedido y cancelaci\u00f3n<\/strong><br>Creamos formularios de suscripci\u00f3n, cancelaci\u00f3n y notificaci\u00f3n de boletines que funcionan autom\u00e1ticamente.<\/td><\/tr><tr><td><strong>\u23f1\ufe0f Env\u00edo autom\u00e1tico<\/strong><br>Lanzamos el env\u00edo autom\u00e1tico de newsletters, gestionado c\u00f3modamente desde tu web WordPress.<\/td><\/tr><tr><td><strong>\ud83d\udee1\ufe0f Tecnolog\u00edas de entrega<\/strong><br>Utilizamos tecnolog\u00edas y servidores especializados para garantizar que los boletines lleguen a todos los suscriptores.<\/td><\/tr><tr><td><strong>\ud83e\udd1d Marketing responsable<\/strong><br>Utilizamos el email marketing de forma responsable, fortaleciendo el conocimiento y la autoridad de su empresa.<\/td><\/tr><tr><td><strong>\ud83d\udcac Comentarios<\/strong><br>Le ayudamos a obtener r\u00e1pidamente la opini\u00f3n de los clientes sobre los servicios prestados o los productos vendidos.<\/td><\/tr><tr><td><strong>\ud83d\udcca An\u00e1lisis y seguimiento de necesidades<\/strong><br>Utilizando herramientas de marketing por correo electr\u00f3nico, investigamos las necesidades de los clientes y realizamos un seguimiento constante de los resultados.<\/td><\/tr><tr><td><strong>\ud83d\udcc8 Influencia conductual y planificaci\u00f3n<\/strong><br>En funci\u00f3n de las reacciones de los destinatarios, planificamos otras acciones que influyan en sus decisiones.<\/td><\/tr><\/tbody><\/table><\/figure>\n\n\n\n<h3 class=\"wp-block-heading\" id=\"h-pasiteira-uti\"><strong><strong>Preguntar<\/strong>\u00a1puaj!<\/strong><\/h3>\n\n\n\n<div class=\"wp-block-contact-form-7-contact-form-selector\">\n<div class=\"wpcf7 no-js\" id=\"wpcf7-f6943-o1\" lang=\"lt-LT\" dir=\"ltr\" data-wpcf7-id=\"6943\">\n<div class=\"screen-reader-response\"><p role=\"status\" aria-live=\"polite\" aria-atomic=\"true\"><\/p> <ul><\/ul><\/div>\n<form action=\"\/es\/wp-json\/wp\/v2\/pages\/113#wpcf7-f6943-o1\" method=\"post\" class=\"wpcf7-form init\" aria-label=\"Formulario de contacto\" novalidate=\"novalidate\" data-status=\"init\" data-trp-original-action=\"\/es\/wp-json\/wp\/v2\/pages\/113#wpcf7-f6943-o1\">\n<fieldset class=\"hidden-fields-container\"><input type=\"hidden\" name=\"_wpcf7\" value=\"6943\" \/><input type=\"hidden\" name=\"_wpcf7_version\" value=\"6.1.5\" \/><input type=\"hidden\" name=\"_wpcf7_locale\" value=\"lt_LT\" \/><input type=\"hidden\" name=\"_wpcf7_unit_tag\" value=\"wpcf7-f6943-o1\" \/><input type=\"hidden\" name=\"_wpcf7_container_post\" value=\"0\" \/><input type=\"hidden\" name=\"_wpcf7_posted_data_hash\" value=\"\" \/>\n<\/fieldset>\n<p><span class=\"wpcf7-form-control-wrap\" data-name=\"your-name\"><input size=\"40\" maxlength=\"400\" class=\"wpcf7-form-control wpcf7-text wpcf7-validates-as-required\" autocomplete=\"name\" aria-required=\"true\" aria-invalid=\"false\" placeholder=\"Su nombre\" value=\"\" type=\"text\" name=\"your-name\" \/><\/span><br \/>\n<span class=\"wpcf7-form-control-wrap\" data-name=\"your-mail\"><input size=\"40\" maxlength=\"400\" class=\"wpcf7-form-control wpcf7-email wpcf7-validates-as-required wpcf7-text wpcf7-validates-as-email\" autocomplete=\"your-mail\" aria-required=\"true\" aria-invalid=\"false\" placeholder=\"Tu correo electr\u00f3nico\" value=\"\" type=\"email\" name=\"your-mail\" \/><\/span><br \/>\n<span class=\"wpcf7-form-control-wrap\" data-name=\"you-subject\"><select class=\"wpcf7-form-control wpcf7-select\" aria-invalid=\"false\" name=\"you-subject\"><option value=\"\">Soluciones e-Business.lt<\/option><option value=\"Interneto Svetain\u0117s\">Sitios web<\/option><option value=\"Elektronin\u0117s Parduotuv\u0117s\">Tiendas de electr\u00f3nica<\/option><option value=\"Portal\u0173 Aplikacijos\">Aplicaciones del portal<\/option><option value=\"Dirbtinis Intelektas\">Inteligencia artificial<\/option><option value=\"SEO Paslaugos\">Servicios de SEO<\/option><option value=\"Google Ads Reklama\">Publicidad en Google Ads<\/option><option value=\"Socialin\u0117 Rinkodara\">Marketing social<\/option><option value=\"El. Pa\u0161to Marketingas\">Marketing por correo electr\u00f3nico<\/option><\/select><\/span><br \/>\n<span class=\"wpcf7-form-control-wrap\" data-name=\"your-message\"><textarea cols=\"40\" rows=\"10\" maxlength=\"2000\" class=\"wpcf7-form-control wpcf7-textarea\" aria-invalid=\"false\" placeholder=\"Tu mensaje\" name=\"your-message\"><\/textarea><\/span><br \/>\n<input class=\"wpcf7-form-control wpcf7-submit has-spinner\" type=\"submit\" value=\"\u00a1Entregar!\" \/>\n<\/p><div class=\"wpcf7-response-output\" aria-hidden=\"true\"><\/div>\n<input type=\"hidden\" name=\"trp-form-language\" value=\"es\"\/><\/form>\n<\/div>\n<\/div>","protected":false},"excerpt":{"rendered":"<p>Marketing por correo electr\u00f3nico. Ofrecemos servicios de marketing digital para popularizar r\u00e1pidamente su negocio e internacionalizarlo. La publicidad online m\u00e1s efectiva es el env\u00edo de boletines informativos a empresas. Un marketing de boletines informativos profesional puede llegar a la mayor\u00eda de sus clientes objetivo y no requiere grandes inversiones. Es importante que los boletines informativos solo se env\u00eden a los suscriptores que lo hayan aceptado previamente, por lo que le ayudamos a recopilar [\u2026]<\/p>","protected":false},"author":1,"featured_media":70,"parent":0,"menu_order":6,"comment_status":"closed","ping_status":"closed","template":"","meta":{"_uag_custom_page_level_css":"","_kad_blocks_custom_css":"","_kad_blocks_head_custom_js":"","_kad_blocks_body_custom_js":"","_kad_blocks_footer_custom_js":"","site-sidebar-layout":"default","site-content-layout":"default","ast-site-content-layout":"default","site-content-style":"default","site-sidebar-style":"default","ast-global-header-display":"","ast-banner-title-visibility":"","ast-main-header-display":"","ast-hfb-above-header-display":"","ast-hfb-below-header-display":"","ast-hfb-mobile-header-display":"","site-post-title":"enabled","ast-breadcrumbs-content":"","ast-featured-img":"","footer-sml-layout":"","ast-disable-related-posts":"","theme-transparent-header-meta":"","adv-header-id-meta":"","stick-header-meta":"","header-above-stick-meta":"","header-main-stick-meta":"","header-below-stick-meta":"","astra-migrate-meta-layouts":"set","ast-page-background-enabled":"default","ast-page-background-meta":{"desktop":{"background-color":"var(--ast-global-color-4)","background-image":"","background-repeat":"repeat","background-position":"center center","background-size":"auto","background-attachment":"scroll","background-type":"","background-media":"","overlay-type":"","overlay-color":"","overlay-opacity":"","overlay-gradient":""},"tablet":{"background-color":"","background-image":"","background-repeat":"repeat","background-position":"center center","background-size":"auto","background-attachment":"scroll","background-type":"","background-media":"","overlay-type":"","overlay-color":"","overlay-opacity":"","overlay-gradient":""},"mobile":{"background-color":"","background-image":"","background-repeat":"repeat","background-position":"center center","background-size":"auto","background-attachment":"scroll","background-type":"","background-media":"","overlay-type":"","overlay-color":"","overlay-opacity":"","overlay-gradient":""}},"ast-content-background-meta":{"desktop":{"background-color":"var(--ast-global-color-5)","background-image":"","background-repeat":"repeat","background-position":"center center","background-size":"auto","background-attachment":"scroll","background-type":"","background-media":"","overlay-type":"","overlay-color":"","overlay-opacity":"","overlay-gradient":""},"tablet":{"background-color":"var(--ast-global-color-5)","background-image":"","background-repeat":"repeat","background-position":"center center","background-size":"auto","background-attachment":"scroll","background-type":"","background-media":"","overlay-type":"","overlay-color":"","overlay-opacity":"","overlay-gradient":""},"mobile":{"background-color":"var(--ast-global-color-5)","background-image":"","background-repeat":"repeat","background-position":"center center","background-size":"auto","background-attachment":"scroll","background-type":"","background-media":"","overlay-type":"","overlay-color":"","overlay-opacity":"","overlay-gradient":""}},"footnotes":""},"class_list":["post-113","page","type-page","status-publish","has-post-thumbnail","hentry"],"taxonomy_info":[],"featured_image_src_large":["https:\/\/e-verslas.lt\/wp-content\/uploads\/interneto-marketingas-1-1024x320.jpg",1024,320,true],"author_info":{"display_name":"Administratorius","author_link":"https:\/\/e-verslas.lt\/es\/author\/administratorius\/"},"comment_info":0,"uagb_featured_image_src":{"full":["https:\/\/e-verslas.lt\/wp-content\/uploads\/interneto-marketingas-1.jpg",1920,600,false],"thumbnail":["https:\/\/e-verslas.lt\/wp-content\/uploads\/interneto-marketingas-1-150x150.jpg",150,150,true],"medium":["https:\/\/e-verslas.lt\/wp-content\/uploads\/interneto-marketingas-1-300x94.jpg",300,94,true],"medium_large":["https:\/\/e-verslas.lt\/wp-content\/uploads\/interneto-marketingas-1-768x240.jpg",768,240,true],"large":["https:\/\/e-verslas.lt\/wp-content\/uploads\/interneto-marketingas-1-1024x320.jpg",1024,320,true],"1536x1536":["https:\/\/e-verslas.lt\/wp-content\/uploads\/interneto-marketingas-1-1536x480.jpg",1536,480,true],"2048x2048":["https:\/\/e-verslas.lt\/wp-content\/uploads\/interneto-marketingas-1.jpg",1920,600,false],"trp-custom-language-flag":["https:\/\/e-verslas.lt\/wp-content\/uploads\/interneto-marketingas-1.jpg",18,6,false]},"uagb_author_info":{"display_name":"Administratorius","author_link":"https:\/\/e-verslas.lt\/es\/author\/administratorius\/"},"uagb_comment_info":0,"uagb_excerpt":"El. Pa\u0161to Marketingas. Si\u016blome interneto marketingo paslaugas, siekiant greitai i\u0161populiarinti J\u016bs\u0173 versl\u0105 ir padaryti j\u012f tarptautiniu. Pati efektyviausia reklama internete yra naujienlai\u0161ki\u0173 siuntimas \u012fmon\u0117ms. Profesionaliai paruo\u0161tas naujienlai\u0161ki\u0173 marketingas gali pasiekti did\u017ei\u0105j\u0105 dal\u012f J\u016bs\u0173 tikslini\u0173 klient\u0173 ir tam nereikia dideli\u0173 investicij\u0173. Svarbu, kad si\u0173sti naujienlai\u0161kius galima tik i\u0161 anksto su tuo sutikusiems prenumeratoriams, tod\u0117l padedame surinkti&hellip;","_links":{"self":[{"href":"https:\/\/e-verslas.lt\/es\/wp-json\/wp\/v2\/pages\/113","targetHints":{"allow":["GET"]}}],"collection":[{"href":"https:\/\/e-verslas.lt\/es\/wp-json\/wp\/v2\/pages"}],"about":[{"href":"https:\/\/e-verslas.lt\/es\/wp-json\/wp\/v2\/types\/page"}],"author":[{"embeddable":true,"href":"https:\/\/e-verslas.lt\/es\/wp-json\/wp\/v2\/users\/1"}],"replies":[{"embeddable":true,"href":"https:\/\/e-verslas.lt\/es\/wp-json\/wp\/v2\/comments?post=113"}],"version-history":[{"count":8,"href":"https:\/\/e-verslas.lt\/es\/wp-json\/wp\/v2\/pages\/113\/revisions"}],"predecessor-version":[{"id":7629,"href":"https:\/\/e-verslas.lt\/es\/wp-json\/wp\/v2\/pages\/113\/revisions\/7629"}],"wp:featuredmedia":[{"embeddable":true,"href":"https:\/\/e-verslas.lt\/es\/wp-json\/wp\/v2\/media\/70"}],"wp:attachment":[{"href":"https:\/\/e-verslas.lt\/es\/wp-json\/wp\/v2\/media?parent=113"}],"curies":[{"name":"wp","href":"https:\/\/api.w.org\/{rel}","templated":true}]}}