{"id":112,"date":"2020-04-27T07:33:47","date_gmt":"2020-04-27T07:33:47","guid":{"rendered":"https:\/\/e-verslas.lt\/e-verslas-lt-sprendimai\/seo-optimizavimas\/"},"modified":"2026-01-14T01:14:24","modified_gmt":"2026-01-13T23:14:24","slug":"seo-paslaugos","status":"publish","type":"page","link":"https:\/\/e-verslas.lt\/es\/servicios-de-seo\/","title":{"rendered":"Servicios de SEO"},"content":{"rendered":"<style>.kb-advanced-slider-112_5857f5-9b .kb-slider-pause-button{color:#fff;background-color:rgba(0, 0, 0, 0.8);border:1px solid transparent;}<\/style><div class=\"kb-advanced-slider kb-advanced-slider-112_5857f5-9b wp-block-kadence-slider\"><div class=\"kb-advanced-slider-inner-contain kb-adv-slider-html-version-2\"><div class=\"kb-blocks-advanced-carousel kt-blocks-carousel kt-carousel-container-dotstyle-none\"><div class=\"kb-blocks-advanced-slider-init kb-slider-loading kb-blocks-slider kt-carousel-arrowstyle-whiteondark kt-carousel-dotstyle-none kb-slider-size-ratio kb-slider-type-slider kb-slider-ratio-3-1 kb-slider-group-arrow kb-slider-arrow-position-center kb-slider-tab-ratio-inherit kb-slider-mobile-ratio-inherit splide kb-splide  kb-slider-version-2\" aria-label=\"Contenido del control deslizante\" data-slider-center-mode=\"true\" data-slider-type=\"slider\" data-loop-type=\"loop\" data-columns-xxl=\"3\" data-columns-xl=\"3\" data-columns-md=\"3\" data-columns-sm=\"2\" data-columns-xs=\"1\" data-columns-ss=\"1\" data-slider-anim-speed=\"2000\" data-slider-scroll=\"1\" data-slider-fade=\"true\" data-slider-arrows=\"true\" data-slider-dots=\"false\" data-slider-hover-pause=\"false\" data-slider-auto=\"true\"  data-dragging=\"true\" data-slider-speed=\"1000\" data-slider-gap=\"30\" data-slider-gap-tablet=\"30\" data-slider-gap-mobile=\"30\" data-slider-gap-unit=\"px\"><div class=\"splide__track\"><ul class=\"splide__list\">\n\n<li class=\"wp-block-kadence-slide kb-advanced-slide-item kb-slide-112_184fa3-19\"><div class=\"kb-advanced-slide\"><div class=\"kb-advanced-slide-inner-wrap\"><div class=\"kb-advanced-slide-inner\"><\/div><\/div><\/div><\/li>\n\n\n\n<li class=\"wp-block-kadence-slide kb-advanced-slide-item kb-slide-112_c424ac-23\"><div class=\"kb-advanced-slide\"><div class=\"kb-advanced-slide-inner-wrap\"><div class=\"kb-advanced-slide-inner\">\n<p><\/p>\n<\/div><\/div><\/div><\/li>\n\n\n\n<li class=\"wp-block-kadence-slide kb-advanced-slide-item kb-slide-112_be0d90-87\"><div class=\"kb-advanced-slide\"><div class=\"kb-advanced-slide-inner-wrap\"><div class=\"kb-advanced-slide-inner\"><\/div><\/div><\/div><\/li>\n\n<\/ul><\/div><\/div><\/div><\/div><\/div>\n\n\n<p><strong>Servicios SEO. <\/strong>Realizamos optimizaci\u00f3n SEO y publicamos art\u00edculos para que tu sitio web sea m\u00e1s f\u00e1cil de encontrar en Google. Seg\u00fan el plan mensual que elijas, ayudamos a tu sitio web o tienda online a alcanzar mejores posiciones en los resultados de b\u00fasqueda. El resultado tambi\u00e9n depende en gran medida del mercado online espec\u00edfico, la actividad de tus competidores y su capacidad para alcanzar mejores posiciones SEO.<\/p>\n\n\n\n<h3 class=\"wp-block-heading\" id=\"h-paslaugos\"><strong>Servicios<\/strong><\/h3>\n\n\n\n<figure style=\"padding-top:var(--wp--preset--spacing--40);padding-right:var(--wp--preset--spacing--40);padding-bottom:var(--wp--preset--spacing--40);padding-left:var(--wp--preset--spacing--40)\" class=\"wp-block-table\"><table class=\"has-fixed-layout\" style=\"border-style:none;border-width:0px\"><tbody><tr><td>\ud83d\udd0e <strong>An\u00e1lisis de mercado y competencia (Inbound SEO)<\/strong><br>Realizamos un an\u00e1lisis de su nicho de negocio, evaluamos las posiciones de sus competidores en la b\u00fasqueda de Google e identificamos oportunidades reales de crecimiento.<\/td><\/tr><tr><td>\ud83c\udfaf <strong>Selecci\u00f3n de palabras clave (SEO en la p\u00e1gina)<\/strong><br>Seleccionamos palabras clave que no s\u00f3lo tengan volumen de b\u00fasqueda, sino tambi\u00e9n valor comercial real para su negocio.<\/td><\/tr><tr><td>\ud83e\uddf1 <strong>Estructura del sitio web y optimizaci\u00f3n t\u00e9cnica (SEO On-page)<\/strong><br>Optimizamos la estructura de la p\u00e1gina, los enlaces internos y otros elementos t\u00e9cnicos importantes para el SEO.<\/td><\/tr><tr><td>\ud83d\udcdd <strong>Creaci\u00f3n y optimizaci\u00f3n de contenidos SEO (SEO On-page)<\/strong><br>Preparamos o mejoramos textos para que sean \u00fatiles para los visitantes y comprensibles para los motores de b\u00fasqueda.<\/td><\/tr><tr><td>\ud83d\udcf1 <strong>Adaptaci\u00f3n web para todos los dispositivos (SEO On-site)<\/strong><br>Nos aseguramos de que el sitio web se cargue r\u00e1pidamente y funcione correctamente en dispositivos m\u00f3viles.<\/td><\/tr><tr><td>\ud83d\udce3 <strong>Preparaci\u00f3n de contenidos para compartir en redes sociales (SEO On-page)<\/strong><br>Optimizamos las p\u00e1ginas para que se vean atractivas al compartirlas en Facebook, LinkedIn y otras redes.<\/td><\/tr><tr><td>\ud83d\udcf0 <strong>Publicaci\u00f3n de art\u00edculos SEO (SEO externo)<\/strong><br>Publicamos art\u00edculos tem\u00e1ticos en portales de noticias y directorios, aumentando la visibilidad del sitio web.<\/td><\/tr><tr><td>\ud83d\udd17 <strong>Creaci\u00f3n de backlinks (SEO fuera de la p\u00e1gina)<\/strong><br>Creamos un perfil de enlaces de alta calidad que fortalece la autoridad de su sitio web ante los ojos de Google.<\/td><\/tr><tr><td>\ud83d\udee1\ufe0f <strong>Optimizaci\u00f3n SEO de apoyo<\/strong><br>Monitoreamos y actualizamos constantemente el trabajo SEO para mantener las posiciones logradas.<\/td><\/tr><tr><td>\ud83d\udcca <strong>An\u00e1lisis de resultados SEO y ajuste de estrategia<\/strong><br>Monitoreamos los cambios en las posiciones, el tr\u00e1fico y las conversiones y ajustamos nuestra estrategia en consecuencia.<\/td><\/tr><tr><td>\ud83d\udcc8 <strong>Informes SEO claros y control presupuestario<\/strong><br>Proporcionamos informes comprensibles sobre el trabajo realizado, los resultados obtenidos y el retorno de la inversi\u00f3n.<\/td><\/tr><\/tbody><\/table><\/figure>\n\n\n\n<h3 class=\"wp-block-heading\" id=\"h-pasiteira-uti\"><strong><strong>Preguntar<\/strong>\u00a1puaj!<\/strong><\/h3>\n\n\n\n<div class=\"wp-block-contact-form-7-contact-form-selector\">\n<div class=\"wpcf7 no-js\" id=\"wpcf7-f6943-o1\" lang=\"lt-LT\" dir=\"ltr\" data-wpcf7-id=\"6943\">\n<div class=\"screen-reader-response\"><p role=\"status\" aria-live=\"polite\" aria-atomic=\"true\"><\/p> <ul><\/ul><\/div>\n<form action=\"\/es\/wp-json\/wp\/v2\/pages\/112#wpcf7-f6943-o1\" method=\"post\" class=\"wpcf7-form init\" aria-label=\"Formulario de contacto\" novalidate=\"novalidate\" data-status=\"init\" data-trp-original-action=\"\/es\/wp-json\/wp\/v2\/pages\/112#wpcf7-f6943-o1\">\n<fieldset class=\"hidden-fields-container\"><input type=\"hidden\" name=\"_wpcf7\" value=\"6943\" \/><input type=\"hidden\" name=\"_wpcf7_version\" value=\"6.1.5\" \/><input type=\"hidden\" name=\"_wpcf7_locale\" value=\"lt_LT\" \/><input type=\"hidden\" name=\"_wpcf7_unit_tag\" value=\"wpcf7-f6943-o1\" \/><input type=\"hidden\" name=\"_wpcf7_container_post\" value=\"0\" \/><input type=\"hidden\" name=\"_wpcf7_posted_data_hash\" value=\"\" \/>\n<\/fieldset>\n<p><span class=\"wpcf7-form-control-wrap\" data-name=\"your-name\"><input size=\"40\" maxlength=\"400\" class=\"wpcf7-form-control wpcf7-text wpcf7-validates-as-required\" autocomplete=\"name\" aria-required=\"true\" aria-invalid=\"false\" placeholder=\"Su nombre\" value=\"\" type=\"text\" name=\"your-name\" \/><\/span><br \/>\n<span class=\"wpcf7-form-control-wrap\" data-name=\"your-mail\"><input size=\"40\" maxlength=\"400\" class=\"wpcf7-form-control wpcf7-email wpcf7-validates-as-required wpcf7-text wpcf7-validates-as-email\" autocomplete=\"your-mail\" aria-required=\"true\" aria-invalid=\"false\" placeholder=\"Tu correo electr\u00f3nico\" value=\"\" type=\"email\" name=\"your-mail\" \/><\/span><br \/>\n<span class=\"wpcf7-form-control-wrap\" data-name=\"you-subject\"><select class=\"wpcf7-form-control wpcf7-select\" aria-invalid=\"false\" name=\"you-subject\"><option value=\"\">Soluciones e-Business.lt<\/option><option value=\"Interneto Svetain\u0117s\">Sitios web<\/option><option value=\"Elektronin\u0117s Parduotuv\u0117s\">Tiendas de electr\u00f3nica<\/option><option value=\"Portal\u0173 Aplikacijos\">Aplicaciones del portal<\/option><option value=\"Dirbtinis Intelektas\">Inteligencia artificial<\/option><option value=\"SEO Paslaugos\">Servicios de SEO<\/option><option value=\"Google Ads Reklama\">Publicidad en Google Ads<\/option><option value=\"Socialin\u0117 Rinkodara\">Marketing social<\/option><option value=\"El. Pa\u0161to Marketingas\">Marketing por correo electr\u00f3nico<\/option><\/select><\/span><br \/>\n<span class=\"wpcf7-form-control-wrap\" data-name=\"your-message\"><textarea cols=\"40\" rows=\"10\" maxlength=\"2000\" class=\"wpcf7-form-control wpcf7-textarea\" aria-invalid=\"false\" placeholder=\"Tu mensaje\" name=\"your-message\"><\/textarea><\/span><br \/>\n<input class=\"wpcf7-form-control wpcf7-submit has-spinner\" type=\"submit\" value=\"\u00a1Entregar!\" \/>\n<\/p><div class=\"wpcf7-response-output\" aria-hidden=\"true\"><\/div>\n<input type=\"hidden\" name=\"trp-form-language\" value=\"es\"\/><\/form>\n<\/div>\n<\/div>","protected":false},"excerpt":{"rendered":"<p>Servicios SEO. Optimizamos su sitio web para los motores de b\u00fasqueda y publicamos art\u00edculos para facilitar su posicionamiento en Google. Seg\u00fan el plan mensual que elija, ayudamos a que su sitio web o tienda online alcance mejores posiciones en los resultados de b\u00fasqueda. El resultado tambi\u00e9n depende en gran medida del mercado online espec\u00edfico, la actividad de su competencia y su capacidad para lograr un mejor posicionamiento SEO.<\/p>","protected":false},"author":1,"featured_media":17,"parent":0,"menu_order":3,"comment_status":"closed","ping_status":"closed","template":"","meta":{"_uag_custom_page_level_css":"","_kad_blocks_custom_css":"","_kad_blocks_head_custom_js":"","_kad_blocks_body_custom_js":"","_kad_blocks_footer_custom_js":"","site-sidebar-layout":"default","site-content-layout":"default","ast-site-content-layout":"default","site-content-style":"default","site-sidebar-style":"default","ast-global-header-display":"","ast-banner-title-visibility":"","ast-main-header-display":"","ast-hfb-above-header-display":"","ast-hfb-below-header-display":"","ast-hfb-mobile-header-display":"","site-post-title":"enabled","ast-breadcrumbs-content":"","ast-featured-img":"","footer-sml-layout":"","ast-disable-related-posts":"","theme-transparent-header-meta":"","adv-header-id-meta":"","stick-header-meta":"","header-above-stick-meta":"","header-main-stick-meta":"","header-below-stick-meta":"","astra-migrate-meta-layouts":"set","ast-page-background-enabled":"default","ast-page-background-meta":{"desktop":{"background-color":"var(--ast-global-color-4)","background-image":"","background-repeat":"repeat","background-position":"center center","background-size":"auto","background-attachment":"scroll","background-type":"","background-media":"","overlay-type":"","overlay-color":"","overlay-opacity":"","overlay-gradient":""},"tablet":{"background-color":"","background-image":"","background-repeat":"repeat","background-position":"center center","background-size":"auto","background-attachment":"scroll","background-type":"","background-media":"","overlay-type":"","overlay-color":"","overlay-opacity":"","overlay-gradient":""},"mobile":{"background-color":"","background-image":"","background-repeat":"repeat","background-position":"center center","background-size":"auto","background-attachment":"scroll","background-type":"","background-media":"","overlay-type":"","overlay-color":"","overlay-opacity":"","overlay-gradient":""}},"ast-content-background-meta":{"desktop":{"background-color":"var(--ast-global-color-5)","background-image":"","background-repeat":"repeat","background-position":"center center","background-size":"auto","background-attachment":"scroll","background-type":"","background-media":"","overlay-type":"","overlay-color":"","overlay-opacity":"","overlay-gradient":""},"tablet":{"background-color":"var(--ast-global-color-5)","background-image":"","background-repeat":"repeat","background-position":"center center","background-size":"auto","background-attachment":"scroll","background-type":"","background-media":"","overlay-type":"","overlay-color":"","overlay-opacity":"","overlay-gradient":""},"mobile":{"background-color":"var(--ast-global-color-5)","background-image":"","background-repeat":"repeat","background-position":"center center","background-size":"auto","background-attachment":"scroll","background-type":"","background-media":"","overlay-type":"","overlay-color":"","overlay-opacity":"","overlay-gradient":""}},"footnotes":""},"class_list":["post-112","page","type-page","status-publish","has-post-thumbnail","hentry"],"taxonomy_info":[],"featured_image_src_large":["https:\/\/e-verslas.lt\/wp-content\/uploads\/seo-optimizavimas-1-1024x320.jpg",1024,320,true],"author_info":{"display_name":"Administratorius","author_link":"https:\/\/e-verslas.lt\/es\/author\/administratorius\/"},"comment_info":0,"uagb_featured_image_src":{"full":["https:\/\/e-verslas.lt\/wp-content\/uploads\/seo-optimizavimas-1.jpg",1920,600,false],"thumbnail":["https:\/\/e-verslas.lt\/wp-content\/uploads\/seo-optimizavimas-1-150x150.jpg",150,150,true],"medium":["https:\/\/e-verslas.lt\/wp-content\/uploads\/seo-optimizavimas-1-300x94.jpg",300,94,true],"medium_large":["https:\/\/e-verslas.lt\/wp-content\/uploads\/seo-optimizavimas-1-768x240.jpg",768,240,true],"large":["https:\/\/e-verslas.lt\/wp-content\/uploads\/seo-optimizavimas-1-1024x320.jpg",1024,320,true],"1536x1536":["https:\/\/e-verslas.lt\/wp-content\/uploads\/seo-optimizavimas-1-1536x480.jpg",1536,480,true],"2048x2048":["https:\/\/e-verslas.lt\/wp-content\/uploads\/seo-optimizavimas-1.jpg",1920,600,false],"trp-custom-language-flag":["https:\/\/e-verslas.lt\/wp-content\/uploads\/seo-optimizavimas-1.jpg",18,6,false]},"uagb_author_info":{"display_name":"Administratorius","author_link":"https:\/\/e-verslas.lt\/es\/author\/administratorius\/"},"uagb_comment_info":0,"uagb_excerpt":"SEO Paslaugos. Atliekame SEO optimizacij\u0105 ir publikuojame straipsnius, tam kad J\u016bs\u0173 svetain\u0117 lengviau b\u016bt\u0173 randama Google paie\u0161koje. Priklausomai nuo J\u016bs\u0173 pasirinkto m\u0117nesinio plano, padedame J\u016bs\u0173 interneto svetainei arba elektroninei parduotuvei pasiekti auk\u0161tesnes pozicijas paie\u0161kos sistem\u0173 rezultat\u0173 puslapiuose. Rezultatas taip pat daug priklauso nuo konkre\u010dios interneto rinkos, J\u016bs\u0173 konkurent\u0173 aktyvumo ir j\u0173 sugeb\u0117jimo pasiekti auk\u0161tesni\u0173 SEO&hellip;","_links":{"self":[{"href":"https:\/\/e-verslas.lt\/es\/wp-json\/wp\/v2\/pages\/112","targetHints":{"allow":["GET"]}}],"collection":[{"href":"https:\/\/e-verslas.lt\/es\/wp-json\/wp\/v2\/pages"}],"about":[{"href":"https:\/\/e-verslas.lt\/es\/wp-json\/wp\/v2\/types\/page"}],"author":[{"embeddable":true,"href":"https:\/\/e-verslas.lt\/es\/wp-json\/wp\/v2\/users\/1"}],"replies":[{"embeddable":true,"href":"https:\/\/e-verslas.lt\/es\/wp-json\/wp\/v2\/comments?post=112"}],"version-history":[{"count":7,"href":"https:\/\/e-verslas.lt\/es\/wp-json\/wp\/v2\/pages\/112\/revisions"}],"predecessor-version":[{"id":7637,"href":"https:\/\/e-verslas.lt\/es\/wp-json\/wp\/v2\/pages\/112\/revisions\/7637"}],"wp:featuredmedia":[{"embeddable":true,"href":"https:\/\/e-verslas.lt\/es\/wp-json\/wp\/v2\/media\/17"}],"wp:attachment":[{"href":"https:\/\/e-verslas.lt\/es\/wp-json\/wp\/v2\/media?parent=112"}],"curies":[{"name":"wp","href":"https:\/\/api.w.org\/{rel}","templated":true}]}}