{"id":111,"date":"2020-04-27T07:32:58","date_gmt":"2020-04-27T07:32:58","guid":{"rendered":"https:\/\/e-verslas.lt\/e-verslas-lt-sprendimai\/facebook-integracija\/"},"modified":"2026-01-05T00:20:41","modified_gmt":"2026-01-04T22:20:41","slug":"socialine-rinkodara","status":"publish","type":"page","link":"https:\/\/e-verslas.lt\/es\/marketing-social-spanish\/","title":{"rendered":"Marketing social"},"content":{"rendered":"<style>.kb-advanced-slider-111_2f626d-fe .kb-slider-pause-button{color:#fff;background-color:rgba(0, 0, 0, 0.8);border:1px solid transparent;}<\/style><div class=\"kb-advanced-slider kb-advanced-slider-111_2f626d-fe wp-block-kadence-slider\"><div class=\"kb-advanced-slider-inner-contain kb-adv-slider-html-version-2\"><div class=\"kb-blocks-advanced-carousel kt-blocks-carousel kt-carousel-container-dotstyle-none\"><div class=\"kb-blocks-advanced-slider-init kb-slider-loading kb-blocks-slider kt-carousel-arrowstyle-whiteondark kt-carousel-dotstyle-none kb-slider-size-ratio kb-slider-type-slider kb-slider-ratio-3-1 kb-slider-group-arrow kb-slider-arrow-position-center kb-slider-tab-ratio-inherit kb-slider-mobile-ratio-inherit splide kb-splide  kb-slider-version-2\" aria-label=\"Contenido del control deslizante\" data-slider-center-mode=\"true\" data-slider-type=\"slider\" data-loop-type=\"loop\" data-columns-xxl=\"3\" data-columns-xl=\"3\" data-columns-md=\"3\" data-columns-sm=\"2\" data-columns-xs=\"1\" data-columns-ss=\"1\" data-slider-anim-speed=\"2000\" data-slider-scroll=\"1\" data-slider-fade=\"true\" data-slider-arrows=\"true\" data-slider-dots=\"false\" data-slider-hover-pause=\"false\" data-slider-auto=\"true\"  data-dragging=\"true\" data-slider-speed=\"1000\" data-slider-gap=\"30\" data-slider-gap-tablet=\"30\" data-slider-gap-mobile=\"30\" data-slider-gap-unit=\"px\"><div class=\"splide__track\"><ul class=\"splide__list\">\n\n<li class=\"wp-block-kadence-slide kb-advanced-slide-item kb-slide-111_34c9ec-0e\"><div class=\"kb-advanced-slide\"><div class=\"kb-advanced-slide-inner-wrap\"><div class=\"kb-advanced-slide-inner\"><\/div><\/div><\/div><\/li>\n\n\n\n<li class=\"wp-block-kadence-slide kb-advanced-slide-item kb-slide-111_91ed82-5b\"><div class=\"kb-advanced-slide\"><div class=\"kb-advanced-slide-inner-wrap\"><div class=\"kb-advanced-slide-inner\"><\/div><\/div><\/div><\/li>\n\n\n\n<li class=\"wp-block-kadence-slide kb-advanced-slide-item kb-slide-111_fd6eba-fc\"><div class=\"kb-advanced-slide\"><div class=\"kb-advanced-slide-inner-wrap\"><div class=\"kb-advanced-slide-inner\"><\/div><\/div><\/div><\/li>\n\n<\/ul><\/div><\/div><\/div><\/div><\/div>\n\n\n<p><strong>Marketing en redes sociales. <\/strong>Integramos tu cuenta de Facebook con el sitio web de tu empresa, atrayendo tr\u00e1fico de tu p\u00fablico objetivo. Recientemente, las redes sociales, especialmente Facebook, se han convertido en una de las principales plataformas publicitarias. Es una de las maneras m\u00e1s efectivas de atraer a una mayor cantidad de clientes y aumentar el conocimiento de tu negocio. Al mantenerte en contacto con los seguidores de Facebook de tu empresa, asegurar\u00e1s su fidelidad y la oportunidad de convertirse en tus clientes. \u00bfQuieres darte a conocer y destacar? La mejor manera de hacerlo es en Facebook, que re\u00fane a m\u00e1s de un mill\u00f3n de lituanos, con una campa\u00f1a publicitaria efectiva. Los impresionantes resultados de la publicidad en Facebook te sorprender\u00e1n, ya que tu marca se volver\u00e1 mucho m\u00e1s conocida y tambi\u00e9n recibir\u00e1s m\u00e1s visitas y ventas.<\/p>\n\n\n\n<h3 class=\"wp-block-heading\" id=\"h-paslaugos\"><strong>Servicios<\/strong><\/h3>\n\n\n\n<figure style=\"padding-top:var(--wp--preset--spacing--40);padding-right:var(--wp--preset--spacing--40);padding-bottom:var(--wp--preset--spacing--40);padding-left:var(--wp--preset--spacing--40)\" class=\"wp-block-table\"><table class=\"has-fixed-layout\" style=\"border-style:none;border-width:0px\"><tbody><tr><td><strong>Dise\u00f1o de p\u00e1gina empresarial de Facebook<\/strong><br>Creamos un dise\u00f1o de p\u00e1gina comercial de Facebook profesional para su empresa.<\/td><\/tr><tr><td><strong>\ud83d\udcdd Creaci\u00f3n y publicaci\u00f3n de contenidos<\/strong><br>Preparamos contenidos textuales y visuales y nos encargamos de su subida peri\u00f3dica o autom\u00e1tica a Facebook.<\/td><\/tr><tr><td><strong>\ud83c\udfaf An\u00e1lisis del p\u00fablico objetivo<\/strong><br>Analizamos y seleccionamos el p\u00fablico objetivo al que va dirigido el negocio de su empresa.<\/td><\/tr><tr><td><strong>Estrategia de alcance de audiencia<\/strong><br>Identificamos e implementamos medidas efectivas necesarias para llegar a su p\u00fablico objetivo.<\/td><\/tr><tr><td><strong>\ud83d\udcb8 Administraci\u00f3n de publicidad<\/strong><br>Administramos campa\u00f1as publicitarias en Facebook \/ Instagram \/ TikTok \/ YouTube seg\u00fan el presupuesto establecido por tu empresa.<\/td><\/tr><tr><td><strong>Contenido y crecimiento de Instagram<\/strong><br>Reels, historias, carruseles, estrategia de hashtags, optimizaci\u00f3n de perfiles y crecimiento de seguidores.<\/td><\/tr><tr><td><strong>\ud83c\udfa5 Contenido y publicidad de YouTube<\/strong><br>Ideas de videos, t\u00edtulos\/descripciones, estructura del canal, campa\u00f1as a trav\u00e9s de YouTube Ads y remarketing.<\/td><\/tr><tr><td><strong>\ud83c\udfb5 Contenido y publicidad de TikTok<\/strong><br>V\u00eddeos cortos, adaptaci\u00f3n de tendencias, creaci\u00f3n de estilo UGC, campa\u00f1as y optimizaci\u00f3n de TikTok Ads.<\/td><\/tr><tr><td><strong>\ud83d\udcac Comunicaci\u00f3n con los seguidores<\/strong><br>Mantenemos contacto con los seguidores de la cuenta, aumentando su fidelizaci\u00f3n y la probabilidad de conversiones.<\/td><\/tr><tr><td><strong>\ud83e\udd16 Robot de IA (chatbot)<\/strong><br>Estamos implementando un bot impulsado por inteligencia artificial que se comunica autom\u00e1ticamente con los visitantes a trav\u00e9s de Messenger\/IG y los redirige a una solicitud.<\/td><\/tr><tr><td><strong>\ud83d\udcca An\u00e1lisis de campa\u00f1as<\/strong><br>Analizamos la efectividad de la publicidad y en funci\u00f3n de ello seleccionamos los m\u00e9todos publicitarios m\u00e1s adecuados.<\/td><\/tr><tr><td><strong>\ud83d\udcc8 Informes y estrategia<\/strong><br>Proporcionamos informes claros sobre los resultados obtenidos y otros planes estrat\u00e9gicos.<\/td><\/tr><\/tbody><\/table><\/figure>\n\n\n\n<h3 class=\"wp-block-heading\" id=\"h-pasiteira-uti\"><strong><strong>Preguntar<\/strong>\u00a1puaj!<\/strong><\/h3>\n\n\n\n<div class=\"wp-block-contact-form-7-contact-form-selector\">\n<div class=\"wpcf7 no-js\" id=\"wpcf7-f6943-o1\" lang=\"lt-LT\" dir=\"ltr\" data-wpcf7-id=\"6943\">\n<div class=\"screen-reader-response\"><p role=\"status\" aria-live=\"polite\" aria-atomic=\"true\"><\/p> <ul><\/ul><\/div>\n<form action=\"\/es\/wp-json\/wp\/v2\/pages\/111#wpcf7-f6943-o1\" method=\"post\" class=\"wpcf7-form init\" aria-label=\"Formulario de contacto\" novalidate=\"novalidate\" data-status=\"init\" data-trp-original-action=\"\/es\/wp-json\/wp\/v2\/pages\/111#wpcf7-f6943-o1\">\n<fieldset class=\"hidden-fields-container\"><input type=\"hidden\" name=\"_wpcf7\" value=\"6943\" \/><input type=\"hidden\" name=\"_wpcf7_version\" value=\"6.1.5\" \/><input type=\"hidden\" name=\"_wpcf7_locale\" value=\"lt_LT\" \/><input type=\"hidden\" name=\"_wpcf7_unit_tag\" value=\"wpcf7-f6943-o1\" \/><input type=\"hidden\" name=\"_wpcf7_container_post\" value=\"0\" \/><input type=\"hidden\" name=\"_wpcf7_posted_data_hash\" value=\"\" \/>\n<\/fieldset>\n<p><span class=\"wpcf7-form-control-wrap\" data-name=\"your-name\"><input size=\"40\" maxlength=\"400\" class=\"wpcf7-form-control wpcf7-text wpcf7-validates-as-required\" autocomplete=\"name\" aria-required=\"true\" aria-invalid=\"false\" placeholder=\"Su nombre\" value=\"\" type=\"text\" name=\"your-name\" \/><\/span><br \/>\n<span class=\"wpcf7-form-control-wrap\" data-name=\"your-mail\"><input size=\"40\" maxlength=\"400\" class=\"wpcf7-form-control wpcf7-email wpcf7-validates-as-required wpcf7-text wpcf7-validates-as-email\" autocomplete=\"your-mail\" aria-required=\"true\" aria-invalid=\"false\" placeholder=\"Tu correo electr\u00f3nico\" value=\"\" type=\"email\" name=\"your-mail\" \/><\/span><br \/>\n<span class=\"wpcf7-form-control-wrap\" data-name=\"you-subject\"><select class=\"wpcf7-form-control wpcf7-select\" aria-invalid=\"false\" name=\"you-subject\"><option value=\"\">Soluciones e-Business.lt<\/option><option value=\"Interneto Svetain\u0117s\">Sitios web<\/option><option value=\"Elektronin\u0117s Parduotuv\u0117s\">Tiendas de electr\u00f3nica<\/option><option value=\"Portal\u0173 Aplikacijos\">Aplicaciones del portal<\/option><option value=\"Dirbtinis Intelektas\">Inteligencia artificial<\/option><option value=\"SEO Paslaugos\">Servicios de SEO<\/option><option value=\"Google Ads Reklama\">Publicidad en Google Ads<\/option><option value=\"Socialin\u0117 Rinkodara\">Marketing social<\/option><option value=\"El. Pa\u0161to Marketingas\">Marketing por correo electr\u00f3nico<\/option><\/select><\/span><br \/>\n<span class=\"wpcf7-form-control-wrap\" data-name=\"your-message\"><textarea cols=\"40\" rows=\"10\" maxlength=\"2000\" class=\"wpcf7-form-control wpcf7-textarea\" aria-invalid=\"false\" placeholder=\"Tu mensaje\" name=\"your-message\"><\/textarea><\/span><br \/>\n<input class=\"wpcf7-form-control wpcf7-submit has-spinner\" type=\"submit\" value=\"\u00a1Entregar!\" \/>\n<\/p><div class=\"wpcf7-response-output\" aria-hidden=\"true\"><\/div>\n<input type=\"hidden\" name=\"trp-form-language\" value=\"es\"\/><\/form>\n<\/div>\n<\/div>","protected":false},"excerpt":{"rendered":"<p>Marketing en redes sociales. Integramos tu cuenta de Facebook con la web de tu empresa, atrayendo tr\u00e1fico de tu p\u00fablico objetivo. Recientemente, las redes sociales, especialmente Facebook, se han convertido en una de las principales plataformas publicitarias. Esta es una de las maneras m\u00e1s efectivas de atraer a un p\u00fablico m\u00e1s amplio y aumentar el reconocimiento de tu negocio. Al mantener el contacto con los seguidores de tu cuenta de Facebook, te asegurar\u00e1s su fidelidad y la oportunidad de que se conviertan en tus clientes. \u00bfQuieres [\u2026]<\/p>","protected":false},"author":1,"featured_media":6665,"parent":0,"menu_order":5,"comment_status":"closed","ping_status":"closed","template":"","meta":{"_uag_custom_page_level_css":"","_kad_blocks_custom_css":"","_kad_blocks_head_custom_js":"","_kad_blocks_body_custom_js":"","_kad_blocks_footer_custom_js":"","site-sidebar-layout":"default","site-content-layout":"default","ast-site-content-layout":"default","site-content-style":"default","site-sidebar-style":"default","ast-global-header-display":"","ast-banner-title-visibility":"","ast-main-header-display":"","ast-hfb-above-header-display":"","ast-hfb-below-header-display":"","ast-hfb-mobile-header-display":"","site-post-title":"enabled","ast-breadcrumbs-content":"","ast-featured-img":"","footer-sml-layout":"","ast-disable-related-posts":"","theme-transparent-header-meta":"","adv-header-id-meta":"","stick-header-meta":"","header-above-stick-meta":"","header-main-stick-meta":"","header-below-stick-meta":"","astra-migrate-meta-layouts":"set","ast-page-background-enabled":"default","ast-page-background-meta":{"desktop":{"background-color":"var(--ast-global-color-4)","background-image":"","background-repeat":"repeat","background-position":"center center","background-size":"auto","background-attachment":"scroll","background-type":"","background-media":"","overlay-type":"","overlay-color":"","overlay-opacity":"","overlay-gradient":""},"tablet":{"background-color":"","background-image":"","background-repeat":"repeat","background-position":"center center","background-size":"auto","background-attachment":"scroll","background-type":"","background-media":"","overlay-type":"","overlay-color":"","overlay-opacity":"","overlay-gradient":""},"mobile":{"background-color":"","background-image":"","background-repeat":"repeat","background-position":"center center","background-size":"auto","background-attachment":"scroll","background-type":"","background-media":"","overlay-type":"","overlay-color":"","overlay-opacity":"","overlay-gradient":""}},"ast-content-background-meta":{"desktop":{"background-color":"var(--ast-global-color-5)","background-image":"","background-repeat":"repeat","background-position":"center center","background-size":"auto","background-attachment":"scroll","background-type":"","background-media":"","overlay-type":"","overlay-color":"","overlay-opacity":"","overlay-gradient":""},"tablet":{"background-color":"var(--ast-global-color-5)","background-image":"","background-repeat":"repeat","background-position":"center center","background-size":"auto","background-attachment":"scroll","background-type":"","background-media":"","overlay-type":"","overlay-color":"","overlay-opacity":"","overlay-gradient":""},"mobile":{"background-color":"var(--ast-global-color-5)","background-image":"","background-repeat":"repeat","background-position":"center center","background-size":"auto","background-attachment":"scroll","background-type":"","background-media":"","overlay-type":"","overlay-color":"","overlay-opacity":"","overlay-gradient":""}},"footnotes":""},"class_list":["post-111","page","type-page","status-publish","has-post-thumbnail","hentry"],"taxonomy_info":[],"featured_image_src_large":["https:\/\/e-verslas.lt\/wp-content\/uploads\/socialine-rinkodara-1-1024x320.jpg",1024,320,true],"author_info":{"display_name":"Administratorius","author_link":"https:\/\/e-verslas.lt\/es\/author\/administratorius\/"},"comment_info":0,"uagb_featured_image_src":{"full":["https:\/\/e-verslas.lt\/wp-content\/uploads\/socialine-rinkodara-1.jpg",1920,600,false],"thumbnail":["https:\/\/e-verslas.lt\/wp-content\/uploads\/socialine-rinkodara-1-150x150.jpg",150,150,true],"medium":["https:\/\/e-verslas.lt\/wp-content\/uploads\/socialine-rinkodara-1-300x94.jpg",300,94,true],"medium_large":["https:\/\/e-verslas.lt\/wp-content\/uploads\/socialine-rinkodara-1-768x240.jpg",768,240,true],"large":["https:\/\/e-verslas.lt\/wp-content\/uploads\/socialine-rinkodara-1-1024x320.jpg",1024,320,true],"1536x1536":["https:\/\/e-verslas.lt\/wp-content\/uploads\/socialine-rinkodara-1-1536x480.jpg",1536,480,true],"2048x2048":["https:\/\/e-verslas.lt\/wp-content\/uploads\/socialine-rinkodara-1.jpg",1920,600,false],"trp-custom-language-flag":["https:\/\/e-verslas.lt\/wp-content\/uploads\/socialine-rinkodara-1-18x6.jpg",18,6,true]},"uagb_author_info":{"display_name":"Administratorius","author_link":"https:\/\/e-verslas.lt\/es\/author\/administratorius\/"},"uagb_comment_info":0,"uagb_excerpt":"Socialin\u0117 Rinkodara. Integruojame Facebook socialin\u0119 paskyr\u0105 su J\u016bs\u0173 verslo tinklapiu, pritraukdami tikslin\u0117s auditorijos sraut\u0105. Pastaruoju metu socialiniai tinklai, ypa\u010d Facebook, tampa viena pagrindini\u0173 reklamos platform\u0173. Tai vienas efektyviausi\u0173 b\u016bd\u0173 pritraukti platesn\u012f klient\u0173 rat\u0105 bei didinti J\u016bs\u0173 verslo \u017einomum\u0105. Palaikydami ry\u0161\u012f su savo \u012fmon\u0117s Facebook paskyros sek\u0117jais, u\u017esitikrinsite j\u0173 lojalum\u0105 ir galimyb\u0119 tapti J\u016bs\u0173 klientais. Norite&hellip;","_links":{"self":[{"href":"https:\/\/e-verslas.lt\/es\/wp-json\/wp\/v2\/pages\/111","targetHints":{"allow":["GET"]}}],"collection":[{"href":"https:\/\/e-verslas.lt\/es\/wp-json\/wp\/v2\/pages"}],"about":[{"href":"https:\/\/e-verslas.lt\/es\/wp-json\/wp\/v2\/types\/page"}],"author":[{"embeddable":true,"href":"https:\/\/e-verslas.lt\/es\/wp-json\/wp\/v2\/users\/1"}],"replies":[{"embeddable":true,"href":"https:\/\/e-verslas.lt\/es\/wp-json\/wp\/v2\/comments?post=111"}],"version-history":[{"count":5,"href":"https:\/\/e-verslas.lt\/es\/wp-json\/wp\/v2\/pages\/111\/revisions"}],"predecessor-version":[{"id":7512,"href":"https:\/\/e-verslas.lt\/es\/wp-json\/wp\/v2\/pages\/111\/revisions\/7512"}],"wp:featuredmedia":[{"embeddable":true,"href":"https:\/\/e-verslas.lt\/es\/wp-json\/wp\/v2\/media\/6665"}],"wp:attachment":[{"href":"https:\/\/e-verslas.lt\/es\/wp-json\/wp\/v2\/media?parent=111"}],"curies":[{"name":"wp","href":"https:\/\/api.w.org\/{rel}","templated":true}]}}