{"id":109,"date":"2020-04-27T07:31:37","date_gmt":"2020-04-27T07:31:37","guid":{"rendered":"https:\/\/e-verslas.lt\/e-verslas-lt-sprendimai\/elektronines-parduotuves\/"},"modified":"2026-01-05T00:03:11","modified_gmt":"2026-01-04T22:03:11","slug":"elektronines-parduotuves","status":"publish","type":"page","link":"https:\/\/e-verslas.lt\/es\/tiendas-de-electronica\/","title":{"rendered":"Tiendas de electr\u00f3nica"},"content":{"rendered":"<style>.kb-advanced-slider-109_39cf78-d0 .kb-slider-pause-button{color:#fff;background-color:rgba(0, 0, 0, 0.8);border:1px solid transparent;}<\/style><div class=\"kb-advanced-slider kb-advanced-slider-109_39cf78-d0 wp-block-kadence-slider\"><div class=\"kb-advanced-slider-inner-contain kb-adv-slider-html-version-2\"><div class=\"kb-blocks-advanced-carousel kt-blocks-carousel kt-carousel-container-dotstyle-none\"><div class=\"kb-blocks-advanced-slider-init kb-slider-loading kb-blocks-slider kt-carousel-arrowstyle-whiteondark kt-carousel-dotstyle-none kb-slider-size-ratio kb-slider-type-slider kb-slider-ratio-3-1 kb-slider-group-arrow kb-slider-arrow-position-center kb-slider-tab-ratio-inherit kb-slider-mobile-ratio-inherit splide kb-splide  kb-slider-version-2\" aria-label=\"Contenido del control deslizante\" data-slider-center-mode=\"true\" data-slider-type=\"slider\" data-loop-type=\"loop\" data-columns-xxl=\"3\" data-columns-xl=\"3\" data-columns-md=\"3\" data-columns-sm=\"2\" data-columns-xs=\"1\" data-columns-ss=\"1\" data-slider-anim-speed=\"2000\" data-slider-scroll=\"1\" data-slider-fade=\"true\" data-slider-arrows=\"true\" data-slider-dots=\"false\" data-slider-hover-pause=\"false\" data-slider-auto=\"true\"  data-dragging=\"true\" data-slider-speed=\"1000\" data-slider-gap=\"30\" data-slider-gap-tablet=\"30\" data-slider-gap-mobile=\"30\" data-slider-gap-unit=\"px\"><div class=\"splide__track\"><ul class=\"splide__list\">\n\n<li class=\"wp-block-kadence-slide kb-advanced-slide-item kb-slide-109_c67b1f-7c\"><div class=\"kb-advanced-slide\"><div class=\"kb-advanced-slide-inner-wrap\"><div class=\"kb-advanced-slide-inner\"><\/div><\/div><\/div><\/li>\n\n\n\n<li class=\"wp-block-kadence-slide kb-advanced-slide-item kb-slide-109_727aee-d0\"><div class=\"kb-advanced-slide\"><div class=\"kb-advanced-slide-inner-wrap\"><div class=\"kb-advanced-slide-inner\"><\/div><\/div><\/div><\/li>\n\n\n\n<li class=\"wp-block-kadence-slide kb-advanced-slide-item kb-slide-109_d70f63-77\"><div class=\"kb-advanced-slide\"><div class=\"kb-advanced-slide-inner-wrap\"><div class=\"kb-advanced-slide-inner\"><\/div><\/div><\/div><\/li>\n\n<\/ul><\/div><\/div><\/div><\/div><\/div>\n\n\n<p><strong>Tiendas de electr\u00f3nica. <\/strong>Creamos tiendas online, expandiendo su negocio y aumentando las ventas online. No necesita invertir en un local para una tienda sencilla y almacenar sus productos. Menos personal, contabilidad m\u00e1s c\u00f3moda y todo automatizado. Capacidad para entregar m\u00e1s productos al cliente que en una tienda f\u00edsica. El dise\u00f1o de la tienda se selecciona y adapta a partir de una gran cantidad de plantillas profesionales existentes o se crea seg\u00fan las necesidades del cliente. La tienda es visible en pantallas de todas las diagonales, tanto fijas como m\u00f3viles. Todas las funciones de la tienda y el cat\u00e1logo de productos son f\u00e1ciles de administrar, sin necesidad de conocimientos de programaci\u00f3n. El cat\u00e1logo de productos est\u00e1 optimizado para SEO, por lo que atrae a un flujo constante de visitantes del buscador de Google que buscan los productos que ofrece.<\/p>\n\n\n\n<h3 class=\"wp-block-heading\" id=\"h-paslaugos\"><strong>Servicios<\/strong><\/h3>\n\n\n\n<figure style=\"padding-top:var(--wp--preset--spacing--30);padding-right:var(--wp--preset--spacing--30);padding-bottom:var(--wp--preset--spacing--30);padding-left:var(--wp--preset--spacing--30)\" class=\"wp-block-table\"><table class=\"has-fixed-layout\" style=\"border-style:none;border-width:0px\"><tbody><tr><td><strong>\ud83d\udecd\ufe0f Cat\u00e1logo de productos<\/strong><br>Categor\u00edas claras, filtros, b\u00fasqueda, variantes (tallas\/colores) y comparaci\u00f3n de productos.<\/td><\/tr><tr><td><strong>\ud83e\uddfe Carrito y pagos<\/strong><br>El recorrido de compra desde el carrito hasta el pago, pagos bancarios, tarjetas y otros m\u00e9todos.<\/td><\/tr><tr><td><strong>\ud83d\ude9a Entrega<\/strong><br>Mensajeros, m\u00e1quinas de paqueter\u00eda, reglas de precios de entrega, estados de env\u00edo y notificaciones autom\u00e1ticas.<\/td><\/tr><tr><td><strong>\ud83d\udce6 Gesti\u00f3n de almacenes<\/strong><br>Saldos, reservas, importaci\u00f3n\/exportaci\u00f3n de mercanc\u00edas, integraciones con proveedores o contabilidad.<\/td><\/tr><tr><td><strong>\ud83c\udff7\ufe0f Descuentos y promociones<\/strong><br>Cupones, rebajas, precios fijos, reglas de fidelidad, certificados de regalo.<\/td><\/tr><tr><td><strong>\ud83d\udc64 Cuenta de cliente<\/strong><br>Historial de pedidos, compras repetidas, direcciones, facturas, devoluciones.<\/td><\/tr><tr><td><strong>\u2b50 Rese\u00f1as y valoraciones<\/strong><br>Calificaciones de productos, comentarios, preguntas y respuestas y recomendaciones.<\/td><\/tr><tr><td><strong>\ud83d\udcc4 Facturas y documentos<\/strong><br>Facturaci\u00f3n, documentos PDF, detalles B2B, automatizaci\u00f3n.<\/td><\/tr><tr><td><strong>\ud83d\udcc8 SEO y anal\u00edtica<\/strong><br>Estructura SEO, esquema de producto, Google Analytics\/Ads, seguimiento de conversiones e informes.<\/td><\/tr><tr><td><strong>\ud83d\udce3 Integraciones con marketing<\/strong><br>Boletines informativos, remarketing, cat\u00e1logos de Facebook\/Instagram, feeds de productos.<\/td><\/tr><tr><td><strong>\ud83c\udf0d Multiling\u00fcismo y monedas<\/strong><br>Soporte multiling\u00fce, precios en m\u00faltiples monedas, configuraci\u00f3n de comercio internacional.<\/td><\/tr><tr><td><strong>\ud83d\udd10 Seguridad y administraci\u00f3n<\/strong><br>SSL, roles, 2FA, copias de seguridad, actualizaciones, protecci\u00f3n contra fraude.<\/td><\/tr><\/tbody><\/table><\/figure>\n\n\n\n<h3 class=\"wp-block-heading\" id=\"h-pasiteira-uti\"><strong><strong>Preguntar<\/strong>\u00a1puaj!<\/strong><\/h3>\n\n\n\n<div class=\"wp-block-contact-form-7-contact-form-selector\">\n<div class=\"wpcf7 no-js\" id=\"wpcf7-f6943-o1\" lang=\"lt-LT\" dir=\"ltr\" data-wpcf7-id=\"6943\">\n<div class=\"screen-reader-response\"><p role=\"status\" aria-live=\"polite\" aria-atomic=\"true\"><\/p> <ul><\/ul><\/div>\n<form action=\"\/es\/wp-json\/wp\/v2\/pages\/109#wpcf7-f6943-o1\" method=\"post\" class=\"wpcf7-form init\" aria-label=\"Formulario de contacto\" novalidate=\"novalidate\" data-status=\"init\" data-trp-original-action=\"\/es\/wp-json\/wp\/v2\/pages\/109#wpcf7-f6943-o1\">\n<fieldset class=\"hidden-fields-container\"><input type=\"hidden\" name=\"_wpcf7\" value=\"6943\" \/><input type=\"hidden\" name=\"_wpcf7_version\" value=\"6.1.5\" \/><input type=\"hidden\" name=\"_wpcf7_locale\" value=\"lt_LT\" \/><input type=\"hidden\" name=\"_wpcf7_unit_tag\" value=\"wpcf7-f6943-o1\" \/><input type=\"hidden\" name=\"_wpcf7_container_post\" value=\"0\" \/><input type=\"hidden\" name=\"_wpcf7_posted_data_hash\" value=\"\" \/>\n<\/fieldset>\n<p><span class=\"wpcf7-form-control-wrap\" data-name=\"your-name\"><input size=\"40\" maxlength=\"400\" class=\"wpcf7-form-control wpcf7-text wpcf7-validates-as-required\" autocomplete=\"name\" aria-required=\"true\" aria-invalid=\"false\" placeholder=\"Su nombre\" value=\"\" type=\"text\" name=\"your-name\" \/><\/span><br \/>\n<span class=\"wpcf7-form-control-wrap\" data-name=\"your-mail\"><input size=\"40\" maxlength=\"400\" class=\"wpcf7-form-control wpcf7-email wpcf7-validates-as-required wpcf7-text wpcf7-validates-as-email\" autocomplete=\"your-mail\" aria-required=\"true\" aria-invalid=\"false\" placeholder=\"Tu correo electr\u00f3nico\" value=\"\" type=\"email\" name=\"your-mail\" \/><\/span><br \/>\n<span class=\"wpcf7-form-control-wrap\" data-name=\"you-subject\"><select class=\"wpcf7-form-control wpcf7-select\" aria-invalid=\"false\" name=\"you-subject\"><option value=\"\">Soluciones e-Business.lt<\/option><option value=\"Interneto Svetain\u0117s\">Sitios web<\/option><option value=\"Elektronin\u0117s Parduotuv\u0117s\">Tiendas de electr\u00f3nica<\/option><option value=\"Portal\u0173 Aplikacijos\">Aplicaciones del portal<\/option><option value=\"Dirbtinis Intelektas\">Inteligencia artificial<\/option><option value=\"SEO Paslaugos\">Servicios de SEO<\/option><option value=\"Google Ads Reklama\">Publicidad en Google Ads<\/option><option value=\"Socialin\u0117 Rinkodara\">Marketing social<\/option><option value=\"El. Pa\u0161to Marketingas\">Marketing por correo electr\u00f3nico<\/option><\/select><\/span><br \/>\n<span class=\"wpcf7-form-control-wrap\" data-name=\"your-message\"><textarea cols=\"40\" rows=\"10\" maxlength=\"2000\" class=\"wpcf7-form-control wpcf7-textarea\" aria-invalid=\"false\" placeholder=\"Tu mensaje\" name=\"your-message\"><\/textarea><\/span><br \/>\n<input class=\"wpcf7-form-control wpcf7-submit has-spinner\" type=\"submit\" value=\"\u00a1Entregar!\" \/>\n<\/p><div class=\"wpcf7-response-output\" aria-hidden=\"true\"><\/div>\n<input type=\"hidden\" name=\"trp-form-language\" value=\"es\"\/><\/form>\n<\/div>\n<\/div>\n\n\n\n<p><\/p>","protected":false},"excerpt":{"rendered":"<p>Tiendas de electr\u00f3nica. Creamos tiendas de electr\u00f3nica, expandiendo su negocio e incrementando las ventas online. No necesita invertir en locales para una simple tienda y almacenamiento de mercanc\u00eda. Mucho menos personal, contabilidad m\u00e1s sencilla, todo automatizado. La capacidad de entregar m\u00e1s productos al cliente que en una tienda tradicional. El dise\u00f1o de la tienda se selecciona y personaliza a partir de una variedad de plantillas profesionales existentes, o se crea seg\u00fan las necesidades del cliente. La tienda es visible [\u2026]<\/p>","protected":false},"author":1,"featured_media":54,"parent":0,"menu_order":2,"comment_status":"closed","ping_status":"closed","template":"","meta":{"_uag_custom_page_level_css":"","_kad_blocks_custom_css":"","_kad_blocks_head_custom_js":"","_kad_blocks_body_custom_js":"","_kad_blocks_footer_custom_js":"","site-sidebar-layout":"default","site-content-layout":"default","ast-site-content-layout":"default","site-content-style":"default","site-sidebar-style":"default","ast-global-header-display":"","ast-banner-title-visibility":"","ast-main-header-display":"","ast-hfb-above-header-display":"","ast-hfb-below-header-display":"","ast-hfb-mobile-header-display":"","site-post-title":"enabled","ast-breadcrumbs-content":"","ast-featured-img":"","footer-sml-layout":"","ast-disable-related-posts":"","theme-transparent-header-meta":"","adv-header-id-meta":"","stick-header-meta":"","header-above-stick-meta":"","header-main-stick-meta":"","header-below-stick-meta":"","astra-migrate-meta-layouts":"set","ast-page-background-enabled":"default","ast-page-background-meta":{"desktop":{"background-color":"var(--ast-global-color-4)","background-image":"","background-repeat":"repeat","background-position":"center center","background-size":"auto","background-attachment":"scroll","background-type":"","background-media":"","overlay-type":"","overlay-color":"","overlay-opacity":"","overlay-gradient":""},"tablet":{"background-color":"","background-image":"","background-repeat":"repeat","background-position":"center center","background-size":"auto","background-attachment":"scroll","background-type":"","background-media":"","overlay-type":"","overlay-color":"","overlay-opacity":"","overlay-gradient":""},"mobile":{"background-color":"","background-image":"","background-repeat":"repeat","background-position":"center center","background-size":"auto","background-attachment":"scroll","background-type":"","background-media":"","overlay-type":"","overlay-color":"","overlay-opacity":"","overlay-gradient":""}},"ast-content-background-meta":{"desktop":{"background-color":"var(--ast-global-color-5)","background-image":"","background-repeat":"repeat","background-position":"center center","background-size":"auto","background-attachment":"scroll","background-type":"","background-media":"","overlay-type":"","overlay-color":"","overlay-opacity":"","overlay-gradient":""},"tablet":{"background-color":"var(--ast-global-color-5)","background-image":"","background-repeat":"repeat","background-position":"center center","background-size":"auto","background-attachment":"scroll","background-type":"","background-media":"","overlay-type":"","overlay-color":"","overlay-opacity":"","overlay-gradient":""},"mobile":{"background-color":"var(--ast-global-color-5)","background-image":"","background-repeat":"repeat","background-position":"center center","background-size":"auto","background-attachment":"scroll","background-type":"","background-media":"","overlay-type":"","overlay-color":"","overlay-opacity":"","overlay-gradient":""}},"footnotes":""},"class_list":["post-109","page","type-page","status-publish","has-post-thumbnail","hentry"],"taxonomy_info":[],"featured_image_src_large":["https:\/\/e-verslas.lt\/wp-content\/uploads\/elektrones-parduotuves-1-1024x320.jpg",1024,320,true],"author_info":{"display_name":"Administratorius","author_link":"https:\/\/e-verslas.lt\/es\/author\/administratorius\/"},"comment_info":0,"uagb_featured_image_src":{"full":["https:\/\/e-verslas.lt\/wp-content\/uploads\/elektrones-parduotuves-1.jpg",1920,600,false],"thumbnail":["https:\/\/e-verslas.lt\/wp-content\/uploads\/elektrones-parduotuves-1-150x150.jpg",150,150,true],"medium":["https:\/\/e-verslas.lt\/wp-content\/uploads\/elektrones-parduotuves-1-300x94.jpg",300,94,true],"medium_large":["https:\/\/e-verslas.lt\/wp-content\/uploads\/elektrones-parduotuves-1-768x240.jpg",768,240,true],"large":["https:\/\/e-verslas.lt\/wp-content\/uploads\/elektrones-parduotuves-1-1024x320.jpg",1024,320,true],"1536x1536":["https:\/\/e-verslas.lt\/wp-content\/uploads\/elektrones-parduotuves-1-1536x480.jpg",1536,480,true],"2048x2048":["https:\/\/e-verslas.lt\/wp-content\/uploads\/elektrones-parduotuves-1.jpg",1920,600,false],"trp-custom-language-flag":["https:\/\/e-verslas.lt\/wp-content\/uploads\/elektrones-parduotuves-1.jpg",18,6,false]},"uagb_author_info":{"display_name":"Administratorius","author_link":"https:\/\/e-verslas.lt\/es\/author\/administratorius\/"},"uagb_comment_info":0,"uagb_excerpt":"Elektronin\u0117s Parduotuv\u0117s. Kuriame elektronines parduotuves, prapl\u0117sdami J\u016bs\u0173 versl\u0105 ir padidindami pardavimus internete. Nereikia investuoti \u012f patalpas paprastai parduotuvei ir preki\u0173 sand\u0117liavimui. Kelis kartus ma\u017eiau personalo, patogesn\u0117 buhalterija, viskas automatizuota. Galimyb\u0117 klientui pristatyti daugiau preki\u0173, nei b\u016bt\u0173 paprastoje parduotuv\u0117je. Parduotuv\u0117s dizainas parenkamas ir pritaikomas i\u0161 daugyb\u0117s esam\u0173 profesionali\u0173 \u0161ablon\u0173, arba sukuriamas pagal kliento poreikius. Parduotuv\u0117 matoma&hellip;","_links":{"self":[{"href":"https:\/\/e-verslas.lt\/es\/wp-json\/wp\/v2\/pages\/109","targetHints":{"allow":["GET"]}}],"collection":[{"href":"https:\/\/e-verslas.lt\/es\/wp-json\/wp\/v2\/pages"}],"about":[{"href":"https:\/\/e-verslas.lt\/es\/wp-json\/wp\/v2\/types\/page"}],"author":[{"embeddable":true,"href":"https:\/\/e-verslas.lt\/es\/wp-json\/wp\/v2\/users\/1"}],"replies":[{"embeddable":true,"href":"https:\/\/e-verslas.lt\/es\/wp-json\/wp\/v2\/comments?post=109"}],"version-history":[{"count":5,"href":"https:\/\/e-verslas.lt\/es\/wp-json\/wp\/v2\/pages\/109\/revisions"}],"predecessor-version":[{"id":7501,"href":"https:\/\/e-verslas.lt\/es\/wp-json\/wp\/v2\/pages\/109\/revisions\/7501"}],"wp:featuredmedia":[{"embeddable":true,"href":"https:\/\/e-verslas.lt\/es\/wp-json\/wp\/v2\/media\/54"}],"wp:attachment":[{"href":"https:\/\/e-verslas.lt\/es\/wp-json\/wp\/v2\/media?parent=109"}],"curies":[{"name":"wp","href":"https:\/\/api.w.org\/{rel}","templated":true}]}}