{"id":108,"date":"2020-04-27T07:30:44","date_gmt":"2020-04-27T07:30:44","guid":{"rendered":"https:\/\/e-verslas.lt\/e-verslas-lt-sprendimai\/interneto-svetaines\/"},"modified":"2026-01-14T01:52:13","modified_gmt":"2026-01-13T23:52:13","slug":"interneto-svetaines","status":"publish","type":"page","link":"https:\/\/e-verslas.lt\/es\/sitios-web\/","title":{"rendered":"Sitios web"},"content":{"rendered":"<style>.kb-advanced-slider-108_f322a3-ab .kb-slider-pause-button{color:#fff;background-color:rgba(0, 0, 0, 0.8);border:1px solid transparent;}<\/style><div class=\"kb-advanced-slider kb-advanced-slider-108_f322a3-ab wp-block-kadence-slider\"><div class=\"kb-advanced-slider-inner-contain kb-adv-slider-html-version-2\"><div class=\"kb-blocks-advanced-carousel kt-blocks-carousel kt-carousel-container-dotstyle-none\"><div class=\"kb-blocks-advanced-slider-init kb-slider-loading kb-blocks-slider kt-carousel-arrowstyle-whiteondark kt-carousel-dotstyle-none kb-slider-size-ratio kb-slider-type-slider kb-slider-ratio-3-1 kb-slider-group-arrow kb-slider-arrow-position-center kb-slider-tab-ratio-inherit kb-slider-mobile-ratio-inherit splide kb-splide  kb-slider-version-2\" aria-label=\"Contenido del control deslizante\" data-slider-center-mode=\"true\" data-slider-type=\"slider\" data-loop-type=\"loop\" data-columns-xxl=\"3\" data-columns-xl=\"3\" data-columns-md=\"3\" data-columns-sm=\"2\" data-columns-xs=\"1\" data-columns-ss=\"1\" data-slider-anim-speed=\"2000\" data-slider-scroll=\"1\" data-slider-fade=\"true\" data-slider-arrows=\"true\" data-slider-dots=\"false\" data-slider-hover-pause=\"false\" data-slider-auto=\"true\"  data-dragging=\"true\" data-slider-speed=\"1000\" data-slider-gap=\"30\" data-slider-gap-tablet=\"30\" data-slider-gap-mobile=\"30\" data-slider-gap-unit=\"px\"><div class=\"splide__track\"><ul class=\"splide__list\">\n\n<li class=\"wp-block-kadence-slide kb-advanced-slide-item kb-slide-108_a1f475-41\"><div class=\"kb-advanced-slide\"><div class=\"kb-advanced-slide-inner-wrap\"><div class=\"kb-advanced-slide-inner\"><\/div><\/div><\/div><\/li>\n\n\n\n<li class=\"wp-block-kadence-slide kb-advanced-slide-item kb-slide-108_ae3e53-e4\"><div class=\"kb-advanced-slide\"><div class=\"kb-advanced-slide-inner-wrap\"><div class=\"kb-advanced-slide-inner\"><\/div><\/div><\/div><\/li>\n\n\n\n<li class=\"wp-block-kadence-slide kb-advanced-slide-item kb-slide-108_21494f-08\"><div class=\"kb-advanced-slide\"><div class=\"kb-advanced-slide-inner-wrap\"><div class=\"kb-advanced-slide-inner\"><\/div><\/div><\/div><\/li>\n\n<\/ul><\/div><\/div><\/div><\/div><\/div>\n\n\n<p><strong>Sitios de Internet.<\/strong> Seg\u00fan sus necesidades, creamos diversos sitios web y portales de informaci\u00f3n. Puede ser un sitio web que presenta una empresa y ofrece servicios, o un portal de servicios automatizado. Los sitios web se crean optimizados para SEO, cumplen con las disposiciones del RGPD (protecci\u00f3n de datos personales) y se realizan copias de seguridad autom\u00e1ticamente. El dise\u00f1o del sitio web se selecciona y personaliza a partir de una amplia gama de plantillas profesionales existentes, o se crea seg\u00fan las necesidades del cliente. Los sitios web son visibles en pantallas de todas las diagonales, tanto en dispositivos fijos como m\u00f3viles. Los sitios web se administran f\u00e1cilmente con el sistema de gesti\u00f3n de contenido WordPress, sin necesidad de conocimientos de programaci\u00f3n. WordPress cuenta con numerosos plugins que le ayudar\u00e1n a ampliar las capacidades de su sitio web.<\/p>\n\n\n\n<h3 class=\"wp-block-heading\" id=\"h-paslaugos\"><strong>Servicios<\/strong><\/h3>\n\n\n\n<figure class=\"wp-block-table is-style-regular\" style=\"padding-top:var(--wp--preset--spacing--40);padding-right:1rem;padding-bottom:var(--wp--preset--spacing--40);padding-left:1rem\"><table class=\"has-fixed-layout\" style=\"border-style:none;border-width:0px\"><tbody><tr><td><strong>\ud83d\uddbc\ufe0f Galer\u00eda de fotos<\/strong><br>Galer\u00eda de fotos, optimizaci\u00f3n autom\u00e1tica de fotograf\u00edas sin perder su calidad.<\/td><\/tr><tr><td><strong>\ud83d\udcac Foro de discusi\u00f3n<\/strong><br>Un foro de discusi\u00f3n tem\u00e1tico, dividido en categor\u00edas, con niveles de accesibilidad.<\/td><\/tr><tr><td><strong>\u2b50 Comentarios y valoraciones<\/strong><br>Comentarios de visitantes, recomendaciones de clientes, valoraciones de servicios o productos.<\/td><\/tr><tr><td><strong>\ud83d\udcca Encuestas y concursos<\/strong><br>Organizar encuestas y concursos para los visitantes del sitio web y sus estad\u00edsticas y an\u00e1lisis.<\/td><\/tr><tr><td><strong>\ud83d\udcdd Formulario de contacto con archivos<\/strong><br>Un formulario de contacto donde los visitantes pueden registrar una solicitud y enviar documentos.<\/td><\/tr><tr><td><strong>\ud83d\udce5 Colecci\u00f3n de suscriptores<\/strong><br>Mecanismos para recoger informaci\u00f3n de suscriptores sobre los bienes y servicios ofertados por los visitantes.<\/td><\/tr><tr><td><strong>\ud83d\udce7 Env\u00edo de boletines informativos<\/strong><br>Boletines peri\u00f3dicos a suscriptores sobre las \u00faltimas ofertas.<\/td><\/tr><tr><td><strong>\ud83c\udf0d Multiling\u00fcismo<\/strong><br>Soporte para lituano, ingl\u00e9s, ruso y otros idiomas, traduciendo autom\u00e1ticamente el texto ingresado.<\/td><\/tr><tr><td><strong>\ud83d\uddfa\ufe0f Mapa de Google Maps<\/strong><br>Coordenadas de Google Maps en el mapa, sobre la ubicaci\u00f3n de su oficina o de varios objetos.<\/td><\/tr><tr><td><strong>\ud83d\udce3 Redes sociales<\/strong><br>Publicaci\u00f3n autom\u00e1tica de noticias de su sitio web en redes sociales, comentarios de Facebook.<\/td><\/tr><tr><td><strong>\ud83d\udcac Chat en vivo<\/strong><br>Funci\u00f3n de chat en vivo, donde los visitantes del sitio web pueden participar en una conversaci\u00f3n en vivo con usted en tiempo real.<\/td><\/tr><tr><td><strong>\ud83e\udde9 Sistema CRM<\/strong><br>Un sistema CRM donde podr\u00e1s gestionar c\u00f3modamente los contactos de los clientes de tu empresa y mantener registros.<\/td><\/tr><tr><td><strong>\ud83e\udde9 Inicio de sesi\u00f3n social<\/strong><br>F\u00e1cil registro de usuario e inicio de sesi\u00f3n a trav\u00e9s de Google y Facebook.<\/td><\/tr><\/tbody><\/table><\/figure>\n\n\n\n<h3 class=\"wp-block-heading\" id=\"h-pasiteira-uti\"><strong>Preguntar<\/strong>\u00a1puaj!<\/h3>\n\n\n\n<div class=\"wp-block-contact-form-7-contact-form-selector\">\n<div class=\"wpcf7 no-js\" id=\"wpcf7-f6943-o1\" lang=\"lt-LT\" dir=\"ltr\" data-wpcf7-id=\"6943\">\n<div class=\"screen-reader-response\"><p role=\"status\" aria-live=\"polite\" aria-atomic=\"true\"><\/p> <ul><\/ul><\/div>\n<form action=\"\/es\/wp-json\/wp\/v2\/pages\/108#wpcf7-f6943-o1\" method=\"post\" class=\"wpcf7-form init\" aria-label=\"Formulario de contacto\" novalidate=\"novalidate\" data-status=\"init\" data-trp-original-action=\"\/es\/wp-json\/wp\/v2\/pages\/108#wpcf7-f6943-o1\">\n<fieldset class=\"hidden-fields-container\"><input type=\"hidden\" name=\"_wpcf7\" value=\"6943\" \/><input type=\"hidden\" name=\"_wpcf7_version\" value=\"6.1.5\" \/><input type=\"hidden\" name=\"_wpcf7_locale\" value=\"lt_LT\" \/><input type=\"hidden\" name=\"_wpcf7_unit_tag\" value=\"wpcf7-f6943-o1\" \/><input type=\"hidden\" name=\"_wpcf7_container_post\" value=\"0\" \/><input type=\"hidden\" name=\"_wpcf7_posted_data_hash\" value=\"\" \/>\n<\/fieldset>\n<p><span class=\"wpcf7-form-control-wrap\" data-name=\"your-name\"><input size=\"40\" maxlength=\"400\" class=\"wpcf7-form-control wpcf7-text wpcf7-validates-as-required\" autocomplete=\"name\" aria-required=\"true\" aria-invalid=\"false\" placeholder=\"Su nombre\" value=\"\" type=\"text\" name=\"your-name\" \/><\/span><br \/>\n<span class=\"wpcf7-form-control-wrap\" data-name=\"your-mail\"><input size=\"40\" maxlength=\"400\" class=\"wpcf7-form-control wpcf7-email wpcf7-validates-as-required wpcf7-text wpcf7-validates-as-email\" autocomplete=\"your-mail\" aria-required=\"true\" aria-invalid=\"false\" placeholder=\"Tu correo electr\u00f3nico\" value=\"\" type=\"email\" name=\"your-mail\" \/><\/span><br \/>\n<span class=\"wpcf7-form-control-wrap\" data-name=\"you-subject\"><select class=\"wpcf7-form-control wpcf7-select\" aria-invalid=\"false\" name=\"you-subject\"><option value=\"\">Soluciones e-Business.lt<\/option><option value=\"Interneto Svetain\u0117s\">Sitios web<\/option><option value=\"Elektronin\u0117s Parduotuv\u0117s\">Tiendas de electr\u00f3nica<\/option><option value=\"Portal\u0173 Aplikacijos\">Aplicaciones del portal<\/option><option value=\"Dirbtinis Intelektas\">Inteligencia artificial<\/option><option value=\"SEO Paslaugos\">Servicios de SEO<\/option><option value=\"Google Ads Reklama\">Publicidad en Google Ads<\/option><option value=\"Socialin\u0117 Rinkodara\">Marketing social<\/option><option value=\"El. Pa\u0161to Marketingas\">Marketing por correo electr\u00f3nico<\/option><\/select><\/span><br \/>\n<span class=\"wpcf7-form-control-wrap\" data-name=\"your-message\"><textarea cols=\"40\" rows=\"10\" maxlength=\"2000\" class=\"wpcf7-form-control wpcf7-textarea\" aria-invalid=\"false\" placeholder=\"Tu mensaje\" name=\"your-message\"><\/textarea><\/span><br \/>\n<input class=\"wpcf7-form-control wpcf7-submit has-spinner\" type=\"submit\" value=\"\u00a1Entregar!\" \/>\n<\/p><div class=\"wpcf7-response-output\" aria-hidden=\"true\"><\/div>\n<input type=\"hidden\" name=\"trp-form-language\" value=\"es\"\/><\/form>\n<\/div>\n<\/div>","protected":false},"excerpt":{"rendered":"<p>Sitios web. Creamos diversos sitios web y portales de informaci\u00f3n seg\u00fan sus preferencias. Puede tratarse de un sitio web para presentar su negocio y ofrecer sus servicios, o de un portal de servicios automatizado. Los sitios web se crean optimizados para SEO, cumplen con el RGPD (Reglamento General de Protecci\u00f3n de Datos) y se realizan copias de seguridad autom\u00e1ticas. El dise\u00f1o web se selecciona y personaliza a partir de una amplia gama de plantillas profesionales existentes, o se crea seg\u00fan las necesidades del cliente. [\u2026]<\/p>","protected":false},"author":1,"featured_media":73,"parent":0,"menu_order":1,"comment_status":"closed","ping_status":"closed","template":"","meta":{"_uag_custom_page_level_css":"","_kad_blocks_custom_css":"","_kad_blocks_head_custom_js":"","_kad_blocks_body_custom_js":"","_kad_blocks_footer_custom_js":"","site-sidebar-layout":"default","site-content-layout":"default","ast-site-content-layout":"default","site-content-style":"default","site-sidebar-style":"default","ast-global-header-display":"","ast-banner-title-visibility":"","ast-main-header-display":"","ast-hfb-above-header-display":"","ast-hfb-below-header-display":"","ast-hfb-mobile-header-display":"","site-post-title":"enabled","ast-breadcrumbs-content":"","ast-featured-img":"","footer-sml-layout":"","ast-disable-related-posts":"","theme-transparent-header-meta":"","adv-header-id-meta":"","stick-header-meta":"","header-above-stick-meta":"","header-main-stick-meta":"","header-below-stick-meta":"","astra-migrate-meta-layouts":"set","ast-page-background-enabled":"default","ast-page-background-meta":{"desktop":{"background-color":"var(--ast-global-color-4)","background-image":"","background-repeat":"repeat","background-position":"center center","background-size":"auto","background-attachment":"scroll","background-type":"","background-media":"","overlay-type":"","overlay-color":"","overlay-opacity":"","overlay-gradient":""},"tablet":{"background-color":"","background-image":"","background-repeat":"repeat","background-position":"center center","background-size":"auto","background-attachment":"scroll","background-type":"","background-media":"","overlay-type":"","overlay-color":"","overlay-opacity":"","overlay-gradient":""},"mobile":{"background-color":"","background-image":"","background-repeat":"repeat","background-position":"center center","background-size":"auto","background-attachment":"scroll","background-type":"","background-media":"","overlay-type":"","overlay-color":"","overlay-opacity":"","overlay-gradient":""}},"ast-content-background-meta":{"desktop":{"background-color":"var(--ast-global-color-5)","background-image":"","background-repeat":"repeat","background-position":"center center","background-size":"auto","background-attachment":"scroll","background-type":"","background-media":"","overlay-type":"","overlay-color":"","overlay-opacity":"","overlay-gradient":""},"tablet":{"background-color":"var(--ast-global-color-5)","background-image":"","background-repeat":"repeat","background-position":"center center","background-size":"auto","background-attachment":"scroll","background-type":"","background-media":"","overlay-type":"","overlay-color":"","overlay-opacity":"","overlay-gradient":""},"mobile":{"background-color":"var(--ast-global-color-5)","background-image":"","background-repeat":"repeat","background-position":"center center","background-size":"auto","background-attachment":"scroll","background-type":"","background-media":"","overlay-type":"","overlay-color":"","overlay-opacity":"","overlay-gradient":""}},"footnotes":""},"class_list":["post-108","page","type-page","status-publish","has-post-thumbnail","hentry"],"taxonomy_info":[],"featured_image_src_large":["https:\/\/e-verslas.lt\/wp-content\/uploads\/interneto-svetaines-1-1024x320.jpg",1024,320,true],"author_info":{"display_name":"Administratorius","author_link":"https:\/\/e-verslas.lt\/es\/author\/administratorius\/"},"comment_info":0,"uagb_featured_image_src":{"full":["https:\/\/e-verslas.lt\/wp-content\/uploads\/interneto-svetaines-1.jpg",1920,600,false],"thumbnail":["https:\/\/e-verslas.lt\/wp-content\/uploads\/interneto-svetaines-1-150x150.jpg",150,150,true],"medium":["https:\/\/e-verslas.lt\/wp-content\/uploads\/interneto-svetaines-1-300x94.jpg",300,94,true],"medium_large":["https:\/\/e-verslas.lt\/wp-content\/uploads\/interneto-svetaines-1-768x240.jpg",768,240,true],"large":["https:\/\/e-verslas.lt\/wp-content\/uploads\/interneto-svetaines-1-1024x320.jpg",1024,320,true],"1536x1536":["https:\/\/e-verslas.lt\/wp-content\/uploads\/interneto-svetaines-1-1536x480.jpg",1536,480,true],"2048x2048":["https:\/\/e-verslas.lt\/wp-content\/uploads\/interneto-svetaines-1.jpg",1920,600,false],"trp-custom-language-flag":["https:\/\/e-verslas.lt\/wp-content\/uploads\/interneto-svetaines-1.jpg",18,6,false]},"uagb_author_info":{"display_name":"Administratorius","author_link":"https:\/\/e-verslas.lt\/es\/author\/administratorius\/"},"uagb_comment_info":0,"uagb_excerpt":"Interneto Svetain\u0117s. Pagal J\u016bs\u0173 pateiktus pageidavimus, kuriame \u012fvairias internetines svetaines, bei informacinius portalus. Tai gali b\u016bti pristatanti versl\u0105 bei paslaugas si\u016blanti svetain\u0117, arba automatizuotas paslaug\u0173 portalas. Svetain\u0117s sukuriamos paruo\u0161tos SEO, atitinka BDAR (asmens duomen\u0173 apsaugos) nuostatas, automati\u0161kai daromos atsargin\u0117s kopijos. Svetain\u0117s dizainas parenkamas ir pritaikomas i\u0161 daugyb\u0117s esam\u0173 profesionali\u0173 \u0161ablon\u0173, arba sukuriamas pagal kliento poreikius.&hellip;","_links":{"self":[{"href":"https:\/\/e-verslas.lt\/es\/wp-json\/wp\/v2\/pages\/108","targetHints":{"allow":["GET"]}}],"collection":[{"href":"https:\/\/e-verslas.lt\/es\/wp-json\/wp\/v2\/pages"}],"about":[{"href":"https:\/\/e-verslas.lt\/es\/wp-json\/wp\/v2\/types\/page"}],"author":[{"embeddable":true,"href":"https:\/\/e-verslas.lt\/es\/wp-json\/wp\/v2\/users\/1"}],"replies":[{"embeddable":true,"href":"https:\/\/e-verslas.lt\/es\/wp-json\/wp\/v2\/comments?post=108"}],"version-history":[{"count":11,"href":"https:\/\/e-verslas.lt\/es\/wp-json\/wp\/v2\/pages\/108\/revisions"}],"predecessor-version":[{"id":7643,"href":"https:\/\/e-verslas.lt\/es\/wp-json\/wp\/v2\/pages\/108\/revisions\/7643"}],"wp:featuredmedia":[{"embeddable":true,"href":"https:\/\/e-verslas.lt\/es\/wp-json\/wp\/v2\/media\/73"}],"wp:attachment":[{"href":"https:\/\/e-verslas.lt\/es\/wp-json\/wp\/v2\/media?parent=108"}],"curies":[{"name":"wp","href":"https:\/\/api.w.org\/{rel}","templated":true}]}}