{"id":2354,"date":"2022-01-15T01:36:24","date_gmt":"2022-01-15T01:36:24","guid":{"rendered":"https:\/\/e-verslas.lt\/autorius\/"},"modified":"2025-10-29T06:58:49","modified_gmt":"2025-10-29T06:58:49","slug":"autorius","status":"publish","type":"page","link":"https:\/\/e-verslas.lt\/en\/the-author\/","title":{"rendered":"e-Business.lt Author"},"content":{"rendered":"<style>.kb-advanced-slider-2354_8401d8-3e .kb-slider-pause-button{color:#fff;background-color:rgba(0, 0, 0, 0.8);border:1px solid transparent;}<\/style><div class=\"kb-advanced-slider kb-advanced-slider-2354_8401d8-3e wp-block-kadence-slider\"><div class=\"kb-advanced-slider-inner-contain kb-adv-slider-html-version-2\"><div class=\"kb-blocks-advanced-carousel kt-blocks-carousel kt-carousel-container-dotstyle-none\"><div class=\"kb-blocks-advanced-slider-init kb-slider-loading kb-blocks-slider kt-carousel-arrowstyle-whiteondark kt-carousel-dotstyle-none kb-slider-size-ratio kb-slider-type-slider kb-slider-ratio-3-1 kb-slider-group-arrow kb-slider-arrow-position-center kb-slider-tab-ratio-inherit kb-slider-mobile-ratio-inherit splide kb-splide  kb-slider-version-2\" aria-label=\"Slider content\" data-slider-center-mode=\"true\" data-slider-type=\"slider\" data-loop-type=\"loop\" data-columns-xxl=\"3\" data-columns-xl=\"3\" data-columns-md=\"3\" data-columns-sm=\"2\" data-columns-xs=\"1\" data-columns-ss=\"1\" data-slider-anim-speed=\"2000\" data-slider-scroll=\"1\" data-slider-fade=\"true\" data-slider-arrows=\"true\" data-slider-dots=\"false\" data-slider-hover-pause=\"false\" data-slider-auto=\"true\"  data-dragging=\"true\" data-slider-speed=\"1000\" data-slider-gap=\"30\" data-slider-gap-tablet=\"30\" data-slider-gap-mobile=\"30\" data-slider-gap-unit=\"px\"><div class=\"splide__track\"><ul class=\"splide__list\">\n\n<li class=\"wp-block-kadence-slide kb-advanced-slide-item kb-slide-2354_7c636e-92\"><div class=\"kb-advanced-slide\"><div class=\"kb-advanced-slide-inner-wrap\"><div class=\"kb-advanced-slide-inner\"><\/div><\/div><\/div><\/li>\n\n\n\n<li class=\"wp-block-kadence-slide kb-advanced-slide-item kb-slide-2354_40e462-6a\"><div class=\"kb-advanced-slide\"><div class=\"kb-advanced-slide-inner-wrap\"><div class=\"kb-advanced-slide-inner\"><\/div><\/div><\/div><\/li>\n\n\n\n<li class=\"wp-block-kadence-slide kb-advanced-slide-item kb-slide-2354_1d9151-ab\"><div class=\"kb-advanced-slide\"><div class=\"kb-advanced-slide-inner-wrap\"><div class=\"kb-advanced-slide-inner\"><\/div><\/div><\/div><\/li>\n\n<\/ul><\/div><\/div><\/div><\/div><\/div>\n\n\n<h3 class=\"wp-block-heading\" id=\"h-p-radzia\"><strong>P<\/strong>raja<\/h3>\n\n\n\n<p>e-Verslas.lt Author. I am 45 years old and by the 9th grade I had read all the physics books, even Russian volumes, and I knew how to make a thermonuclear bomb \ud83d\ude42 The truth is that I didn&#039;t like the others. First, I graduated from Kaunas Ry\u0161ininkai School. Then I studied electrical engineering, entered the second year straight and didn&#039;t go to classes, I found a company where I got a job as a car alarm installer. And I prepared exam tasks for my classmates myself. I took first places in competitions.<\/p>\n\n\n\n<h3 class=\"wp-block-heading\" id=\"h-k-aunas\"><strong>K<\/strong>ram<\/h3>\n\n\n\n<p>Then after school I found investors and started installing security, fire, access control and video surveillance systems in Kaunas. I hacked the Lithuanian company directory and automatically faxed offers to all Kaunas companies, so there was no shortage of customers. But there were also strange orders, for example, hidden video cameras in rooms so that men could watch what their wives were doing at home, a video chat screen instead of a door peephole so that no one would shoot at the doctors \ud83d\ude42 My clients were the \u017dalgiris club, Kaunas territorial customs, the Georgian embassy, etc. I registered in 1996. PRO.LT portal.<\/p>\n\n\n\n<h3 class=\"wp-block-heading\" id=\"h-vilnius\">Vilnius<\/h3>\n\n\n\n<p>Then I moved to Vilnius and reoriented myself to business management and marketing automation systems. Because it was very useful to me, it seemed more progressive to me and I noticed a lack of it in almost every company. I made sure that all the company&#039;s customer contacts, phone conversations, e-mail correspondence, concluded contracts, etc. were visible to managers and, with permission, to employees of equal status. I installed, adapted and developed it on Microsoft Office, Exchange, Visual Basic, GoldMine. I created a data automation system for a market research company, a bookkeeping, labor, and accounting program.<\/p>\n\n\n\n<h3 class=\"wp-block-heading\" id=\"h-portalas\"><strong>Portal<\/strong><\/h3>\n\n\n\n<p>I even created the first online database of unreliable persons in Lithuania for Gediminas \u017diemelis with the beta version of Microsoft .NET. I built the servers in my house in Vilnius, connected backup power and 2 internet cables. It was a functional and beautiful, almost Facebook-level application, which was used by all banks and other financial institutions. I uploaded a lot of data from Sodra, the Department of Statistics and other institutions there, and employees and clients also entered data there.<\/p>\n\n\n\n<h3 class=\"wp-block-heading\" id=\"h-dabaris\"><strong>Current<\/strong><\/h3>\n\n\n\n<p>Now I have a broken leg, so I work from home and provide e-Business services. With PHP I have created: IP TV portals, real estate agency portals, various e-shops, etc. In addition, I have contact databases of companies from all over the world, there are over 3,000,000 contacts in Poland alone! I can make any small business international quite quickly. Safely. And every day I spend 2 hours interested in the latest technologies.<\/p>","protected":false},"excerpt":{"rendered":"<p>Home e-Verslas.lt Author. I am 45 years old and by the 9th grade I had read all the physics books, even Russian volumes, and I knew how to make a thermonuclear bomb \ud83d\ude42 The truth is that I didn&#039;t like the others. First, I graduated from Kaunas Ry\u0161ininkai School. Then I studied electrical engineering, entered the second year straight and didn&#039;t go to classes, I found a company where I got a job installing car alarms. And my [\u2026]<\/p>","protected":false},"author":1,"featured_media":41,"parent":0,"menu_order":13,"comment_status":"closed","ping_status":"closed","template":"","meta":{"_uag_custom_page_level_css":"","_kad_blocks_custom_css":"","_kad_blocks_head_custom_js":"","_kad_blocks_body_custom_js":"","_kad_blocks_footer_custom_js":"","site-sidebar-layout":"default","site-content-layout":"default","ast-site-content-layout":"default","site-content-style":"default","site-sidebar-style":"default","ast-global-header-display":"","ast-banner-title-visibility":"","ast-main-header-display":"","ast-hfb-above-header-display":"","ast-hfb-below-header-display":"","ast-hfb-mobile-header-display":"","site-post-title":"enabled","ast-breadcrumbs-content":"","ast-featured-img":"","footer-sml-layout":"","ast-disable-related-posts":"","theme-transparent-header-meta":"default","adv-header-id-meta":"","stick-header-meta":"","header-above-stick-meta":"","header-main-stick-meta":"","header-below-stick-meta":"","astra-migrate-meta-layouts":"set","ast-page-background-enabled":"default","ast-page-background-meta":{"desktop":{"background-color":"var(--ast-global-color-4)","background-image":"","background-repeat":"repeat","background-position":"center center","background-size":"auto","background-attachment":"scroll","background-type":"","background-media":"","overlay-type":"","overlay-color":"","overlay-opacity":"","overlay-gradient":""},"tablet":{"background-color":"","background-image":"","background-repeat":"repeat","background-position":"center center","background-size":"auto","background-attachment":"scroll","background-type":"","background-media":"","overlay-type":"","overlay-color":"","overlay-opacity":"","overlay-gradient":""},"mobile":{"background-color":"","background-image":"","background-repeat":"repeat","background-position":"center center","background-size":"auto","background-attachment":"scroll","background-type":"","background-media":"","overlay-type":"","overlay-color":"","overlay-opacity":"","overlay-gradient":""}},"ast-content-background-meta":{"desktop":{"background-color":"var(--ast-global-color-5)","background-image":"","background-repeat":"repeat","background-position":"center center","background-size":"auto","background-attachment":"scroll","background-type":"","background-media":"","overlay-type":"","overlay-color":"","overlay-opacity":"","overlay-gradient":""},"tablet":{"background-color":"var(--ast-global-color-5)","background-image":"","background-repeat":"repeat","background-position":"center center","background-size":"auto","background-attachment":"scroll","background-type":"","background-media":"","overlay-type":"","overlay-color":"","overlay-opacity":"","overlay-gradient":""},"mobile":{"background-color":"var(--ast-global-color-5)","background-image":"","background-repeat":"repeat","background-position":"center center","background-size":"auto","background-attachment":"scroll","background-type":"","background-media":"","overlay-type":"","overlay-color":"","overlay-opacity":"","overlay-gradient":""}},"footnotes":""},"class_list":["post-2354","page","type-page","status-publish","has-post-thumbnail","hentry"],"taxonomy_info":[],"featured_image_src_large":["https:\/\/e-verslas.lt\/wp-content\/uploads\/autorius-1-1024x320.jpg",1024,320,true],"author_info":{"display_name":"Administratorius","author_link":"https:\/\/e-verslas.lt\/en\/author\/administratorius\/"},"comment_info":0,"uagb_featured_image_src":{"full":["https:\/\/e-verslas.lt\/wp-content\/uploads\/autorius-1.jpg",1920,600,false],"thumbnail":["https:\/\/e-verslas.lt\/wp-content\/uploads\/autorius-1-150x150.jpg",150,150,true],"medium":["https:\/\/e-verslas.lt\/wp-content\/uploads\/autorius-1-300x94.jpg",300,94,true],"medium_large":["https:\/\/e-verslas.lt\/wp-content\/uploads\/autorius-1-768x240.jpg",768,240,true],"large":["https:\/\/e-verslas.lt\/wp-content\/uploads\/autorius-1-1024x320.jpg",1024,320,true],"1536x1536":["https:\/\/e-verslas.lt\/wp-content\/uploads\/autorius-1-1536x480.jpg",1536,480,true],"2048x2048":["https:\/\/e-verslas.lt\/wp-content\/uploads\/autorius-1.jpg",1920,600,false],"trp-custom-language-flag":["https:\/\/e-verslas.lt\/wp-content\/uploads\/autorius-1.jpg",18,6,false]},"uagb_author_info":{"display_name":"Administratorius","author_link":"https:\/\/e-verslas.lt\/en\/author\/administratorius\/"},"uagb_comment_info":0,"uagb_excerpt":"Prad\u017eia e-Verslas.lt Autorius. Man 45 metai ir a\u0161 iki 9 klas\u0117s buvau perskait\u0119s visas fizikos knygas, net rusi\u0161kus tomus, mok\u0117jau pasigaminti ir termobranduolin\u0119 bomb\u0105 \ud83d\ude42 Tiesa nepatiko kitkas. Prad\u017eiai baigiau Kauno Ry\u0161inink\u0173 mokykl\u0105. Paskui mokiausi elektrotechnikos specialyb\u0117s, \u012fstojau tiesiai \u012f antr\u0105 kurs\u0105 ir \u012f pamokas nevaik\u0161\u010diojau, susiradau \u012fmon\u0117l\u0119, kur \u012fsidarbinau automobili\u0173 signalizacij\u0173 montuotoj\u0173. O savo&hellip;","_links":{"self":[{"href":"https:\/\/e-verslas.lt\/en\/wp-json\/wp\/v2\/pages\/2354","targetHints":{"allow":["GET"]}}],"collection":[{"href":"https:\/\/e-verslas.lt\/en\/wp-json\/wp\/v2\/pages"}],"about":[{"href":"https:\/\/e-verslas.lt\/en\/wp-json\/wp\/v2\/types\/page"}],"author":[{"embeddable":true,"href":"https:\/\/e-verslas.lt\/en\/wp-json\/wp\/v2\/users\/1"}],"replies":[{"embeddable":true,"href":"https:\/\/e-verslas.lt\/en\/wp-json\/wp\/v2\/comments?post=2354"}],"version-history":[{"count":4,"href":"https:\/\/e-verslas.lt\/en\/wp-json\/wp\/v2\/pages\/2354\/revisions"}],"predecessor-version":[{"id":6958,"href":"https:\/\/e-verslas.lt\/en\/wp-json\/wp\/v2\/pages\/2354\/revisions\/6958"}],"wp:featuredmedia":[{"embeddable":true,"href":"https:\/\/e-verslas.lt\/en\/wp-json\/wp\/v2\/media\/41"}],"wp:attachment":[{"href":"https:\/\/e-verslas.lt\/en\/wp-json\/wp\/v2\/media?parent=2354"}],"curies":[{"name":"wp","href":"https:\/\/api.w.org\/{rel}","templated":true}]}}