{"id":111,"date":"2020-04-27T07:32:58","date_gmt":"2020-04-27T07:32:58","guid":{"rendered":"https:\/\/e-verslas.lt\/e-verslas-lt-sprendimai\/facebook-integracija\/"},"modified":"2026-01-05T00:20:41","modified_gmt":"2026-01-04T22:20:41","slug":"socialine-rinkodara","status":"publish","type":"page","link":"https:\/\/e-verslas.lt\/en\/social-marketing\/","title":{"rendered":"Social Marketing"},"content":{"rendered":"<style>.kb-advanced-slider-111_2f626d-fe .kb-slider-pause-button{color:#fff;background-color:rgba(0, 0, 0, 0.8);border:1px solid transparent;}<\/style><div class=\"kb-advanced-slider kb-advanced-slider-111_2f626d-fe wp-block-kadence-slider\"><div class=\"kb-advanced-slider-inner-contain kb-adv-slider-html-version-2\"><div class=\"kb-blocks-advanced-carousel kt-blocks-carousel kt-carousel-container-dotstyle-none\"><div class=\"kb-blocks-advanced-slider-init kb-slider-loading kb-blocks-slider kt-carousel-arrowstyle-whiteondark kt-carousel-dotstyle-none kb-slider-size-ratio kb-slider-type-slider kb-slider-ratio-3-1 kb-slider-group-arrow kb-slider-arrow-position-center kb-slider-tab-ratio-inherit kb-slider-mobile-ratio-inherit splide kb-splide  kb-slider-version-2\" aria-label=\"Slider content\" data-slider-center-mode=\"true\" data-slider-type=\"slider\" data-loop-type=\"loop\" data-columns-xxl=\"3\" data-columns-xl=\"3\" data-columns-md=\"3\" data-columns-sm=\"2\" data-columns-xs=\"1\" data-columns-ss=\"1\" data-slider-anim-speed=\"2000\" data-slider-scroll=\"1\" data-slider-fade=\"true\" data-slider-arrows=\"true\" data-slider-dots=\"false\" data-slider-hover-pause=\"false\" data-slider-auto=\"true\"  data-dragging=\"true\" data-slider-speed=\"1000\" data-slider-gap=\"30\" data-slider-gap-tablet=\"30\" data-slider-gap-mobile=\"30\" data-slider-gap-unit=\"px\"><div class=\"splide__track\"><ul class=\"splide__list\">\n\n<li class=\"wp-block-kadence-slide kb-advanced-slide-item kb-slide-111_34c9ec-0e\"><div class=\"kb-advanced-slide\"><div class=\"kb-advanced-slide-inner-wrap\"><div class=\"kb-advanced-slide-inner\"><\/div><\/div><\/div><\/li>\n\n\n\n<li class=\"wp-block-kadence-slide kb-advanced-slide-item kb-slide-111_91ed82-5b\"><div class=\"kb-advanced-slide\"><div class=\"kb-advanced-slide-inner-wrap\"><div class=\"kb-advanced-slide-inner\"><\/div><\/div><\/div><\/li>\n\n\n\n<li class=\"wp-block-kadence-slide kb-advanced-slide-item kb-slide-111_fd6eba-fc\"><div class=\"kb-advanced-slide\"><div class=\"kb-advanced-slide-inner-wrap\"><div class=\"kb-advanced-slide-inner\"><\/div><\/div><\/div><\/li>\n\n<\/ul><\/div><\/div><\/div><\/div><\/div>\n\n\n<p><strong>Social Marketing. <\/strong>We integrate your Facebook social account with your business website, attracting targeted audience traffic. Recently, social networks, especially Facebook, have become one of the main advertising platforms. This is one of the most effective ways to attract a wider range of customers and increase the awareness of your business. By staying in touch with your company&#039;s Facebook account followers, you will ensure their loyalty and the opportunity to become your customers. Do you want to become known and noticeable? The best way to do this is on the social network Facebook, which unites more than 1 million Lithuanians, with an effective advertising campaign. The impressive results of Facebook advertising are guaranteed to surprise you. Because your brand will become much more well-known, and you will also receive more visitors and sales.<\/p>\n\n\n\n<h3 class=\"wp-block-heading\" id=\"h-paslaugos\"><strong>Services<\/strong><\/h3>\n\n\n\n<figure style=\"padding-top:var(--wp--preset--spacing--40);padding-right:var(--wp--preset--spacing--40);padding-bottom:var(--wp--preset--spacing--40);padding-left:var(--wp--preset--spacing--40)\" class=\"wp-block-table\"><table class=\"has-fixed-layout\" style=\"border-style:none;border-width:0px\"><tbody><tr><td><strong>\ud83c\udfa8 Facebook business page design<\/strong><br>We create a professional Facebook business page design for your company.<\/td><\/tr><tr><td><strong>\ud83d\udcdd Content creation and publishing<\/strong><br>We prepare text and visual content and ensure its periodic or automatic uploading to Facebook.<\/td><\/tr><tr><td><strong>\ud83c\udfaf Target audience analysis<\/strong><br>We analyze and select the target audience for which your company&#039;s business is intended.<\/td><\/tr><tr><td><strong>\ud83d\ude80 Audience Reach Strategy<\/strong><br>We identify and implement effective measures necessary to reach your target audience.<\/td><\/tr><tr><td><strong>\ud83d\udcb8 Advertising administration<\/strong><br>We administer Facebook \/ Instagram \/ TikTok \/ YouTube advertising campaigns according to the budget set by your company.<\/td><\/tr><tr><td><strong>\ud83d\udcf8 Instagram content and growth<\/strong><br>Reels, stories, carousels, hashtag strategy, profile optimization and follower growth.<\/td><\/tr><tr><td><strong>\ud83c\udfa5 YouTube content and advertising<\/strong><br>Video ideas, titles\/descriptions, channel structure, campaigns via YouTube Ads and remarketing.<\/td><\/tr><tr><td><strong>\ud83c\udfb5 TikTok content and advertising<\/strong><br>Short videos, trend adaptation, UGC style creation, TikTok Ads campaigns and optimization.<\/td><\/tr><tr><td><strong>\ud83d\udcac Communication with followers<\/strong><br>We maintain contact with account followers, increasing their loyalty and the likelihood of conversions.<\/td><\/tr><tr><td><strong>\ud83e\udd16 AI robot (chatbot)<\/strong><br>We are implementing an artificial intelligence-powered bot that automatically communicates with visitors via Messenger\/IG and redirects them to a request.<\/td><\/tr><tr><td><strong>\ud83d\udcca Campaign analysis<\/strong><br>We analyze advertising effectiveness and select the most suitable advertising methods based on this.<\/td><\/tr><tr><td><strong>\ud83d\udcc8 Reports and strategy<\/strong><br>We provide clear reports on achieved results and further strategic plans.<\/td><\/tr><\/tbody><\/table><\/figure>\n\n\n\n<h3 class=\"wp-block-heading\" id=\"h-pasiteira-uti\"><strong><strong>Ask<\/strong>ugh!<\/strong><\/h3>\n\n\n\n<div class=\"wp-block-contact-form-7-contact-form-selector\">\n<div class=\"wpcf7 no-js\" id=\"wpcf7-f6943-o1\" lang=\"lt-LT\" dir=\"ltr\" data-wpcf7-id=\"6943\">\n<div class=\"screen-reader-response\"><p role=\"status\" aria-live=\"polite\" aria-atomic=\"true\"><\/p> <ul><\/ul><\/div>\n<form action=\"\/en\/wp-json\/wp\/v2\/pages\/111#wpcf7-f6943-o1\" method=\"post\" class=\"wpcf7-form init\" aria-label=\"Contact form\" novalidate=\"novalidate\" data-status=\"init\" data-trp-original-action=\"\/en\/wp-json\/wp\/v2\/pages\/111#wpcf7-f6943-o1\">\n<fieldset class=\"hidden-fields-container\"><input type=\"hidden\" name=\"_wpcf7\" value=\"6943\" \/><input type=\"hidden\" name=\"_wpcf7_version\" value=\"6.1.5\" \/><input type=\"hidden\" name=\"_wpcf7_locale\" value=\"lt_LT\" \/><input type=\"hidden\" name=\"_wpcf7_unit_tag\" value=\"wpcf7-f6943-o1\" \/><input type=\"hidden\" name=\"_wpcf7_container_post\" value=\"0\" \/><input type=\"hidden\" name=\"_wpcf7_posted_data_hash\" value=\"\" \/>\n<\/fieldset>\n<p><span class=\"wpcf7-form-control-wrap\" data-name=\"your-name\"><input size=\"40\" maxlength=\"400\" class=\"wpcf7-form-control wpcf7-text wpcf7-validates-as-required\" autocomplete=\"name\" aria-required=\"true\" aria-invalid=\"false\" placeholder=\"Your name\" value=\"\" type=\"text\" name=\"your-name\" \/><\/span><br \/>\n<span class=\"wpcf7-form-control-wrap\" data-name=\"your-mail\"><input size=\"40\" maxlength=\"400\" class=\"wpcf7-form-control wpcf7-email wpcf7-validates-as-required wpcf7-text wpcf7-validates-as-email\" autocomplete=\"your-mail\" aria-required=\"true\" aria-invalid=\"false\" placeholder=\"Your email\" value=\"\" type=\"email\" name=\"your-mail\" \/><\/span><br \/>\n<span class=\"wpcf7-form-control-wrap\" data-name=\"you-subject\"><select class=\"wpcf7-form-control wpcf7-select\" aria-invalid=\"false\" name=\"you-subject\"><option value=\"\">e-Business.lt Solutions<\/option><option value=\"Interneto Svetain\u0117s\">Websites<\/option><option value=\"Elektronin\u0117s Parduotuv\u0117s\">Electronic Stores<\/option><option value=\"Portal\u0173 Aplikacijos\">Portal Applications<\/option><option value=\"Dirbtinis Intelektas\">Artificial Intelligence<\/option><option value=\"SEO Paslaugos\">SEO Services<\/option><option value=\"Google Ads Reklama\">Google Ads Advertising<\/option><option value=\"Socialin\u0117 Rinkodara\">Social Marketing<\/option><option value=\"El. Pa\u0161to Marketingas\">Email Marketing<\/option><\/select><\/span><br \/>\n<span class=\"wpcf7-form-control-wrap\" data-name=\"your-message\"><textarea cols=\"40\" rows=\"10\" maxlength=\"2000\" class=\"wpcf7-form-control wpcf7-textarea\" aria-invalid=\"false\" placeholder=\"Your message\" name=\"your-message\"><\/textarea><\/span><br \/>\n<input class=\"wpcf7-form-control wpcf7-submit has-spinner\" type=\"submit\" value=\"Submit!\" \/>\n<\/p><div class=\"wpcf7-response-output\" aria-hidden=\"true\"><\/div>\n<input type=\"hidden\" name=\"trp-form-language\" value=\"en\"\/><\/form>\n<\/div>\n<\/div>","protected":false},"excerpt":{"rendered":"<p>Social Marketing. We integrate your Facebook social account with your business website, attracting traffic from your target audience. Recently, social networks, especially Facebook, have become one of the main advertising platforms. This is one of the most effective ways to attract a wider range of customers and increase the awareness of your business. By staying in touch with your company&#039;s Facebook account followers, you will ensure their loyalty and the opportunity to become your customers. Do you want [\u2026]<\/p>","protected":false},"author":1,"featured_media":6665,"parent":0,"menu_order":5,"comment_status":"closed","ping_status":"closed","template":"","meta":{"_uag_custom_page_level_css":"","_kad_blocks_custom_css":"","_kad_blocks_head_custom_js":"","_kad_blocks_body_custom_js":"","_kad_blocks_footer_custom_js":"","site-sidebar-layout":"default","site-content-layout":"default","ast-site-content-layout":"default","site-content-style":"default","site-sidebar-style":"default","ast-global-header-display":"","ast-banner-title-visibility":"","ast-main-header-display":"","ast-hfb-above-header-display":"","ast-hfb-below-header-display":"","ast-hfb-mobile-header-display":"","site-post-title":"enabled","ast-breadcrumbs-content":"","ast-featured-img":"","footer-sml-layout":"","ast-disable-related-posts":"","theme-transparent-header-meta":"","adv-header-id-meta":"","stick-header-meta":"","header-above-stick-meta":"","header-main-stick-meta":"","header-below-stick-meta":"","astra-migrate-meta-layouts":"set","ast-page-background-enabled":"default","ast-page-background-meta":{"desktop":{"background-color":"var(--ast-global-color-4)","background-image":"","background-repeat":"repeat","background-position":"center center","background-size":"auto","background-attachment":"scroll","background-type":"","background-media":"","overlay-type":"","overlay-color":"","overlay-opacity":"","overlay-gradient":""},"tablet":{"background-color":"","background-image":"","background-repeat":"repeat","background-position":"center center","background-size":"auto","background-attachment":"scroll","background-type":"","background-media":"","overlay-type":"","overlay-color":"","overlay-opacity":"","overlay-gradient":""},"mobile":{"background-color":"","background-image":"","background-repeat":"repeat","background-position":"center center","background-size":"auto","background-attachment":"scroll","background-type":"","background-media":"","overlay-type":"","overlay-color":"","overlay-opacity":"","overlay-gradient":""}},"ast-content-background-meta":{"desktop":{"background-color":"var(--ast-global-color-5)","background-image":"","background-repeat":"repeat","background-position":"center center","background-size":"auto","background-attachment":"scroll","background-type":"","background-media":"","overlay-type":"","overlay-color":"","overlay-opacity":"","overlay-gradient":""},"tablet":{"background-color":"var(--ast-global-color-5)","background-image":"","background-repeat":"repeat","background-position":"center center","background-size":"auto","background-attachment":"scroll","background-type":"","background-media":"","overlay-type":"","overlay-color":"","overlay-opacity":"","overlay-gradient":""},"mobile":{"background-color":"var(--ast-global-color-5)","background-image":"","background-repeat":"repeat","background-position":"center center","background-size":"auto","background-attachment":"scroll","background-type":"","background-media":"","overlay-type":"","overlay-color":"","overlay-opacity":"","overlay-gradient":""}},"footnotes":""},"class_list":["post-111","page","type-page","status-publish","has-post-thumbnail","hentry"],"taxonomy_info":[],"featured_image_src_large":["https:\/\/e-verslas.lt\/wp-content\/uploads\/socialine-rinkodara-1-1024x320.jpg",1024,320,true],"author_info":{"display_name":"Administratorius","author_link":"https:\/\/e-verslas.lt\/en\/author\/administratorius\/"},"comment_info":0,"uagb_featured_image_src":{"full":["https:\/\/e-verslas.lt\/wp-content\/uploads\/socialine-rinkodara-1.jpg",1920,600,false],"thumbnail":["https:\/\/e-verslas.lt\/wp-content\/uploads\/socialine-rinkodara-1-150x150.jpg",150,150,true],"medium":["https:\/\/e-verslas.lt\/wp-content\/uploads\/socialine-rinkodara-1-300x94.jpg",300,94,true],"medium_large":["https:\/\/e-verslas.lt\/wp-content\/uploads\/socialine-rinkodara-1-768x240.jpg",768,240,true],"large":["https:\/\/e-verslas.lt\/wp-content\/uploads\/socialine-rinkodara-1-1024x320.jpg",1024,320,true],"1536x1536":["https:\/\/e-verslas.lt\/wp-content\/uploads\/socialine-rinkodara-1-1536x480.jpg",1536,480,true],"2048x2048":["https:\/\/e-verslas.lt\/wp-content\/uploads\/socialine-rinkodara-1.jpg",1920,600,false],"trp-custom-language-flag":["https:\/\/e-verslas.lt\/wp-content\/uploads\/socialine-rinkodara-1-18x6.jpg",18,6,true]},"uagb_author_info":{"display_name":"Administratorius","author_link":"https:\/\/e-verslas.lt\/en\/author\/administratorius\/"},"uagb_comment_info":0,"uagb_excerpt":"Socialin\u0117 Rinkodara. Integruojame Facebook socialin\u0119 paskyr\u0105 su J\u016bs\u0173 verslo tinklapiu, pritraukdami tikslin\u0117s auditorijos sraut\u0105. Pastaruoju metu socialiniai tinklai, ypa\u010d Facebook, tampa viena pagrindini\u0173 reklamos platform\u0173. Tai vienas efektyviausi\u0173 b\u016bd\u0173 pritraukti platesn\u012f klient\u0173 rat\u0105 bei didinti J\u016bs\u0173 verslo \u017einomum\u0105. Palaikydami ry\u0161\u012f su savo \u012fmon\u0117s Facebook paskyros sek\u0117jais, u\u017esitikrinsite j\u0173 lojalum\u0105 ir galimyb\u0119 tapti J\u016bs\u0173 klientais. Norite&hellip;","_links":{"self":[{"href":"https:\/\/e-verslas.lt\/en\/wp-json\/wp\/v2\/pages\/111","targetHints":{"allow":["GET"]}}],"collection":[{"href":"https:\/\/e-verslas.lt\/en\/wp-json\/wp\/v2\/pages"}],"about":[{"href":"https:\/\/e-verslas.lt\/en\/wp-json\/wp\/v2\/types\/page"}],"author":[{"embeddable":true,"href":"https:\/\/e-verslas.lt\/en\/wp-json\/wp\/v2\/users\/1"}],"replies":[{"embeddable":true,"href":"https:\/\/e-verslas.lt\/en\/wp-json\/wp\/v2\/comments?post=111"}],"version-history":[{"count":5,"href":"https:\/\/e-verslas.lt\/en\/wp-json\/wp\/v2\/pages\/111\/revisions"}],"predecessor-version":[{"id":7512,"href":"https:\/\/e-verslas.lt\/en\/wp-json\/wp\/v2\/pages\/111\/revisions\/7512"}],"wp:featuredmedia":[{"embeddable":true,"href":"https:\/\/e-verslas.lt\/en\/wp-json\/wp\/v2\/media\/6665"}],"wp:attachment":[{"href":"https:\/\/e-verslas.lt\/en\/wp-json\/wp\/v2\/media?parent=111"}],"curies":[{"name":"wp","href":"https:\/\/api.w.org\/{rel}","templated":true}]}}