{"id":6062,"date":"2025-04-18T08:42:28","date_gmt":"2025-04-18T06:42:28","guid":{"rendered":"https:\/\/e-verslas.lt\/?page_id=6062"},"modified":"2026-01-05T00:06:23","modified_gmt":"2026-01-04T22:06:23","slug":"dirbtinis-intelektas","status":"publish","type":"page","link":"https:\/\/e-verslas.lt\/de\/kunstliche-intelligenz\/","title":{"rendered":"K\u00fcnstliche Intelligenz"},"content":{"rendered":"<style>.kb-advanced-slider-6062_79fbf6-d0 .kb-slider-pause-button{color:#fff;background-color:rgba(0, 0, 0, 0.8);border:1px solid transparent;}<\/style><div class=\"kb-advanced-slider kb-advanced-slider-6062_79fbf6-d0 wp-block-kadence-slider\"><div class=\"kb-advanced-slider-inner-contain kb-adv-slider-html-version-2\"><div class=\"kb-blocks-advanced-carousel kt-blocks-carousel kt-carousel-container-dotstyle-none\"><div class=\"kb-blocks-advanced-slider-init kb-slider-loading kb-blocks-slider kt-carousel-arrowstyle-whiteondark kt-carousel-dotstyle-none kb-slider-size-ratio kb-slider-type-slider kb-slider-ratio-3-1 kb-slider-group-arrow kb-slider-arrow-position-center kb-slider-tab-ratio-inherit kb-slider-mobile-ratio-inherit splide kb-splide  kb-slider-version-2\" aria-label=\"Slider-Inhalt\" data-slider-center-mode=\"true\" data-slider-type=\"slider\" data-loop-type=\"loop\" data-columns-xxl=\"3\" data-columns-xl=\"3\" data-columns-md=\"3\" data-columns-sm=\"2\" data-columns-xs=\"1\" data-columns-ss=\"1\" data-slider-anim-speed=\"1000\" data-slider-scroll=\"1\" data-slider-fade=\"true\" data-slider-arrows=\"true\" data-slider-dots=\"false\" data-slider-hover-pause=\"false\" data-slider-auto=\"true\"  data-dragging=\"true\" data-slider-speed=\"2000\" data-slider-gap=\"30\" data-slider-gap-tablet=\"30\" data-slider-gap-mobile=\"30\" data-slider-gap-unit=\"px\"><div class=\"splide__track\"><ul class=\"splide__list\">\n\n<li class=\"wp-block-kadence-slide kb-advanced-slide-item kb-slide-6062_2414af-72\"><div class=\"kb-advanced-slide\"><div class=\"kb-advanced-slide-inner-wrap\"><div class=\"kb-advanced-slide-inner\"><\/div><\/div><\/div><\/li>\n\n\n\n<li class=\"wp-block-kadence-slide kb-advanced-slide-item kb-slide-6062_5893b5-16\"><div class=\"kb-advanced-slide\"><div class=\"kb-advanced-slide-inner-wrap\"><div class=\"kb-advanced-slide-inner\"><\/div><\/div><\/div><\/li>\n\n\n\n<li class=\"wp-block-kadence-slide kb-advanced-slide-item kb-slide-6062_2c0265-07\"><div class=\"kb-advanced-slide\"><div class=\"kb-advanced-slide-inner-wrap\"><div class=\"kb-advanced-slide-inner\"><\/div><\/div><\/div><\/li>\n\n<\/ul><\/div><\/div><\/div><\/div><\/div>\n\n\n<p><strong>K\u00fcnstliche Intelligenz. <\/strong>Die Entwicklung ist rasant, und wer dieses Tool nicht in seinem Unternehmen nutzt, hinkt anderen deutlich hinterher. Ich nutze k\u00fcnstliche Intelligenz, um Projekte f\u00fcr Kunden zu erstellen und sie in Websites und Shops zu integrieren. Von einfacher bis hin zu komplexer Prozessautomatisierung \u2013 schreiben Sie mir Ihre W\u00fcnsche und ich w\u00e4hle die besten L\u00f6sungen f\u00fcr Sie aus.<\/p>\n\n\n\n<h2 class=\"wp-block-heading\" id=\"h-paslaugos\"><strong>Leistungen<\/strong><\/h2>\n\n\n\n<figure class=\"wp-block-table is-style-regular\" style=\"padding-top:var(--wp--preset--spacing--40);padding-right:var(--wp--preset--spacing--40);padding-bottom:var(--wp--preset--spacing--40);padding-left:var(--wp--preset--spacing--40)\"><table class=\"has-fixed-layout\" style=\"border-style:none;border-width:0px\"><tbody><tr><td><strong>\ud83e\udd16 KI-Integration in Websites und Online-Shops<\/strong><br>Wir setzen k\u00fcnstliche Intelligenz f\u00fcr Ihre L\u00f6sungen ein: von einfachen Funktionen bis hin zu vollst\u00e4ndigen Integrationen.<\/td><\/tr><tr><td><strong>\ud83d\udcac Chatbot \/ Berater rund um die Uhr<\/strong><br>Beantwortet h\u00e4ufig gestellte Fragen, verweist auf Dienstleistungen\/Produkte, sammelt Anfragen und Kontakte.<\/td><\/tr><tr><td><strong>\ud83e\udde0 Inhaltserstellung und -bearbeitung<\/strong><br>Texte f\u00fcr Seiten, Beschreibungen, FAQs, Werbetexte, Tonfall entsprechend Ihrer Marke.<\/td><\/tr><tr><td><strong>\ud83d\uded2 Automatisierung der Produktbeschreibung<\/strong><br>Massengenerierung von Beschreibungen, Vereinheitlichung von Attributen, SEO-Struktur und Kategorienlogik.<\/td><\/tr><tr><td><strong>\ud83d\udd0e Suche mit &quot;intelligentem&quot; Verst\u00e4ndnis<\/strong><br>Eine Suche, die Synonyme und Suchintentionen ber\u00fccksichtigt, liefert genauere Ergebnisse und Empfehlungen.<\/td><\/tr><tr><td><strong>\ud83d\udce9 E-Mail- und Antwortautomatisierung<\/strong><br>Automatische Antworten auf Anfragen, Angebotsvorlagen, Statusmitteilungen zu Bestellungen.<\/td><\/tr><tr><td><strong>\ud83d\udcc4 Dokumentenverarbeitung<\/strong><br>Textextraktion, Eingabe in das System, Zusammenfassungen, Klassifizierung und Weiterleitung.<\/td><\/tr><tr><td><strong>\ud83d\udcc8 Prozessautomatisierung<\/strong><br>Aufgabenketten (Workflows) zwischen Website, E-Mail, CRM\/ERP und anderen Systemen.<\/td><\/tr><tr><td><strong>\ud83e\udde9 Integrationen (CRM\/ERP\/Helpdesk)<\/strong><br>Anwendung von KI auf Datenfl\u00fcsse: Kundenmanagement, Auftragsabwicklung, Service-Tickets.<\/td><\/tr><tr><td><strong>\ud83d\udee1\ufe0f Datenschutz und Zugriff<\/strong><br>Rollen, Berechtigungen, Protokollierung, sicheres Schl\u00fcsselmanagement und verantwortungsvoller Einsatz von KI.<\/td><\/tr><tr><td><strong>\ud83d\udcca Berichte und Einblicke<\/strong><br>KI-Zusammenfassungen, Trends, h\u00e4ufig gestellte Fragen, Umsatz-\/Auftragsanalysen.<\/td><\/tr><tr><td><strong>\ud83e\uddea KI-Implementierung und -Test<\/strong><br>Prototyp \u2192 Tests \u2192 Markteinf\u00fchrung, Messung des Nutzens (Zeitaufwand, Konversionsrate, Servicekosten).<\/td><\/tr><\/tbody><\/table><\/figure>\n\n\n\n<h2 class=\"wp-block-heading\" id=\"h-pasiteira-uti\"><strong><strong>Fragen<\/strong>Pfui!<\/strong><\/h2>\n\n\n\n<div class=\"wp-block-contact-form-7-contact-form-selector\">\n<div class=\"wpcf7 no-js\" id=\"wpcf7-f6943-o1\" lang=\"lt-LT\" dir=\"ltr\" data-wpcf7-id=\"6943\">\n<div class=\"screen-reader-response\"><p role=\"status\" aria-live=\"polite\" aria-atomic=\"true\"><\/p> <ul><\/ul><\/div>\n<form action=\"\/de\/wp-json\/wp\/v2\/pages\/6062#wpcf7-f6943-o1\" method=\"post\" class=\"wpcf7-form init\" aria-label=\"Kontaktformular\" novalidate=\"novalidate\" data-status=\"init\" data-trp-original-action=\"\/de\/wp-json\/wp\/v2\/pages\/6062#wpcf7-f6943-o1\">\n<fieldset class=\"hidden-fields-container\"><input type=\"hidden\" name=\"_wpcf7\" value=\"6943\" \/><input type=\"hidden\" name=\"_wpcf7_version\" value=\"6.1.5\" \/><input type=\"hidden\" name=\"_wpcf7_locale\" value=\"lt_LT\" \/><input type=\"hidden\" name=\"_wpcf7_unit_tag\" value=\"wpcf7-f6943-o1\" \/><input type=\"hidden\" name=\"_wpcf7_container_post\" value=\"0\" \/><input type=\"hidden\" name=\"_wpcf7_posted_data_hash\" value=\"\" \/>\n<\/fieldset>\n<p><span class=\"wpcf7-form-control-wrap\" data-name=\"your-name\"><input size=\"40\" maxlength=\"400\" class=\"wpcf7-form-control wpcf7-text wpcf7-validates-as-required\" autocomplete=\"name\" aria-required=\"true\" aria-invalid=\"false\" placeholder=\"Ihr Name\" value=\"\" type=\"text\" name=\"your-name\" \/><\/span><br \/>\n<span class=\"wpcf7-form-control-wrap\" data-name=\"your-mail\"><input size=\"40\" maxlength=\"400\" class=\"wpcf7-form-control wpcf7-email wpcf7-validates-as-required wpcf7-text wpcf7-validates-as-email\" autocomplete=\"your-mail\" aria-required=\"true\" aria-invalid=\"false\" placeholder=\"Ihre E-Mail\" value=\"\" type=\"email\" name=\"your-mail\" \/><\/span><br \/>\n<span class=\"wpcf7-form-control-wrap\" data-name=\"you-subject\"><select class=\"wpcf7-form-control wpcf7-select\" aria-invalid=\"false\" name=\"you-subject\"><option value=\"\">e-Business.lt-L\u00f6sungen<\/option><option value=\"Interneto Svetain\u0117s\">Websites<\/option><option value=\"Elektronin\u0117s Parduotuv\u0117s\">Elektronikgesch\u00e4fte<\/option><option value=\"Portal\u0173 Aplikacijos\">Portalanwendungen<\/option><option value=\"Dirbtinis Intelektas\">K\u00fcnstliche Intelligenz<\/option><option value=\"SEO Paslaugos\">SEO-Dienste<\/option><option value=\"Google Ads Reklama\">Google Ads Werbung<\/option><option value=\"Socialin\u0117 Rinkodara\">Soziales Marketing<\/option><option value=\"El. Pa\u0161to Marketingas\">E-Mail-Marketing<\/option><\/select><\/span><br \/>\n<span class=\"wpcf7-form-control-wrap\" data-name=\"your-message\"><textarea cols=\"40\" rows=\"10\" maxlength=\"2000\" class=\"wpcf7-form-control wpcf7-textarea\" aria-invalid=\"false\" placeholder=\"Ihre Nachricht\" name=\"your-message\"><\/textarea><\/span><br \/>\n<input class=\"wpcf7-form-control wpcf7-submit has-spinner\" type=\"submit\" value=\"Einreichen!\" \/>\n<\/p><div class=\"wpcf7-response-output\" aria-hidden=\"true\"><\/div>\n<input type=\"hidden\" name=\"trp-form-language\" value=\"de\"\/><\/form>\n<\/div>\n<\/div>","protected":false},"excerpt":{"rendered":"<p>K\u00fcnstliche Intelligenz (KI) entwickelt sich rasant, und wer sie nicht im Gesch\u00e4ftsleben einsetzt, verliert deutlich an Boden. Ich nutze KI, um Projekte f\u00fcr Kunden zu realisieren und sie in Websites und Online-Shops zu integrieren. Von einfacher bis komplexer Prozessautomatisierung \u2013 teilen Sie mir Ihre W\u00fcnsche mit, und ich finde die optimale L\u00f6sung f\u00fcr Sie. Leistungen \ud83e\udd16 KI-Integration in Websites und Online-Shops: Wir setzen k\u00fcnstliche Intelligenz ein [\u2026]<\/p>","protected":false},"author":1,"featured_media":39,"parent":0,"menu_order":1,"comment_status":"closed","ping_status":"closed","template":"","meta":{"_uag_custom_page_level_css":"","_kad_blocks_custom_css":"","_kad_blocks_head_custom_js":"","_kad_blocks_body_custom_js":"","_kad_blocks_footer_custom_js":"","site-sidebar-layout":"default","site-content-layout":"default","ast-site-content-layout":"default","site-content-style":"default","site-sidebar-style":"default","ast-global-header-display":"","ast-banner-title-visibility":"","ast-main-header-display":"","ast-hfb-above-header-display":"","ast-hfb-below-header-display":"","ast-hfb-mobile-header-display":"","site-post-title":"enabled","ast-breadcrumbs-content":"","ast-featured-img":"","footer-sml-layout":"","ast-disable-related-posts":"","theme-transparent-header-meta":"","adv-header-id-meta":"","stick-header-meta":"","header-above-stick-meta":"","header-main-stick-meta":"","header-below-stick-meta":"","astra-migrate-meta-layouts":"set","ast-page-background-enabled":"default","ast-page-background-meta":{"desktop":{"background-color":"var(--ast-global-color-4)","background-image":"","background-repeat":"repeat","background-position":"center center","background-size":"auto","background-attachment":"scroll","background-type":"","background-media":"","overlay-type":"","overlay-color":"","overlay-opacity":"","overlay-gradient":""},"tablet":{"background-color":"","background-image":"","background-repeat":"repeat","background-position":"center center","background-size":"auto","background-attachment":"scroll","background-type":"","background-media":"","overlay-type":"","overlay-color":"","overlay-opacity":"","overlay-gradient":""},"mobile":{"background-color":"","background-image":"","background-repeat":"repeat","background-position":"center center","background-size":"auto","background-attachment":"scroll","background-type":"","background-media":"","overlay-type":"","overlay-color":"","overlay-opacity":"","overlay-gradient":""}},"ast-content-background-meta":{"desktop":{"background-color":"var(--ast-global-color-5)","background-image":"","background-repeat":"repeat","background-position":"center center","background-size":"auto","background-attachment":"scroll","background-type":"","background-media":"","overlay-type":"","overlay-color":"","overlay-opacity":"","overlay-gradient":""},"tablet":{"background-color":"var(--ast-global-color-5)","background-image":"","background-repeat":"repeat","background-position":"center center","background-size":"auto","background-attachment":"scroll","background-type":"","background-media":"","overlay-type":"","overlay-color":"","overlay-opacity":"","overlay-gradient":""},"mobile":{"background-color":"var(--ast-global-color-5)","background-image":"","background-repeat":"repeat","background-position":"center center","background-size":"auto","background-attachment":"scroll","background-type":"","background-media":"","overlay-type":"","overlay-color":"","overlay-opacity":"","overlay-gradient":""}},"footnotes":""},"class_list":["post-6062","page","type-page","status-publish","has-post-thumbnail","hentry"],"taxonomy_info":[],"featured_image_src_large":["https:\/\/e-verslas.lt\/wp-content\/uploads\/ai-integracija-3-1024x427.jpg",1024,427,true],"author_info":{"display_name":"Administratorius","author_link":"https:\/\/e-verslas.lt\/de\/author\/administratorius\/"},"comment_info":0,"uagb_featured_image_src":{"full":["https:\/\/e-verslas.lt\/wp-content\/uploads\/ai-integracija-3.jpg",1920,800,false],"thumbnail":["https:\/\/e-verslas.lt\/wp-content\/uploads\/ai-integracija-3-150x150.jpg",150,150,true],"medium":["https:\/\/e-verslas.lt\/wp-content\/uploads\/ai-integracija-3-300x125.jpg",300,125,true],"medium_large":["https:\/\/e-verslas.lt\/wp-content\/uploads\/ai-integracija-3-768x320.jpg",768,320,true],"large":["https:\/\/e-verslas.lt\/wp-content\/uploads\/ai-integracija-3-1024x427.jpg",1024,427,true],"1536x1536":["https:\/\/e-verslas.lt\/wp-content\/uploads\/ai-integracija-3-1536x640.jpg",1536,640,true],"2048x2048":["https:\/\/e-verslas.lt\/wp-content\/uploads\/ai-integracija-3.jpg",1920,800,false],"trp-custom-language-flag":["https:\/\/e-verslas.lt\/wp-content\/uploads\/ai-integracija-3.jpg",18,8,false]},"uagb_author_info":{"display_name":"Administratorius","author_link":"https:\/\/e-verslas.lt\/de\/author\/administratorius\/"},"uagb_comment_info":0,"uagb_excerpt":"Dirbtinis Intelektas. Tobul\u0117ja labai greitai ir kas nesinaudoj\u0105 \u0161iuo \u012frankiu savo versle, stipriai atsilieka nuo kit\u0173. Panaudoju dirbtin\u012f intelekt\u0105 darydamas klientams projektus ir integruoju \u012f svetaines ir parduotuves. Nuo paprast\u0173 iki sud\u0117ting\u0173 proces\u0173 automatizavim\u0173, para\u0161ykite man savo pageidavimus ir a\u0161 parinksiu jums geriausius sprendim\u0173 b\u016bdus. Paslaugos \ud83e\udd16 DI integracija \u012f svetaines ir e-parduotuv\u0119Pritaikome dirbtin\u012f intelekt\u0105&hellip;","_links":{"self":[{"href":"https:\/\/e-verslas.lt\/de\/wp-json\/wp\/v2\/pages\/6062","targetHints":{"allow":["GET"]}}],"collection":[{"href":"https:\/\/e-verslas.lt\/de\/wp-json\/wp\/v2\/pages"}],"about":[{"href":"https:\/\/e-verslas.lt\/de\/wp-json\/wp\/v2\/types\/page"}],"author":[{"embeddable":true,"href":"https:\/\/e-verslas.lt\/de\/wp-json\/wp\/v2\/users\/1"}],"replies":[{"embeddable":true,"href":"https:\/\/e-verslas.lt\/de\/wp-json\/wp\/v2\/comments?post=6062"}],"version-history":[{"count":13,"href":"https:\/\/e-verslas.lt\/de\/wp-json\/wp\/v2\/pages\/6062\/revisions"}],"predecessor-version":[{"id":7504,"href":"https:\/\/e-verslas.lt\/de\/wp-json\/wp\/v2\/pages\/6062\/revisions\/7504"}],"wp:featuredmedia":[{"embeddable":true,"href":"https:\/\/e-verslas.lt\/de\/wp-json\/wp\/v2\/media\/39"}],"wp:attachment":[{"href":"https:\/\/e-verslas.lt\/de\/wp-json\/wp\/v2\/media?parent=6062"}],"curies":[{"name":"wp","href":"https:\/\/api.w.org\/{rel}","templated":true}]}}