{"id":3,"date":"2025-06-17T10:51:55","date_gmt":"2025-06-17T10:51:55","guid":{"rendered":"https:\/\/e-verslas.lt\/?page_id=3"},"modified":"2026-01-04T22:44:43","modified_gmt":"2026-01-04T20:44:43","slug":"privatumo-politika","status":"publish","type":"page","link":"https:\/\/e-verslas.lt\/de\/datenschutzrichtlinie\/","title":{"rendered":"Datenschutzrichtlinie"},"content":{"rendered":"<style>.kb-advanced-slider-3_8f8449-66 .kb-slider-pause-button{color:#fff;background-color:rgba(0, 0, 0, 0.8);border:1px solid transparent;}<\/style><div class=\"kb-advanced-slider kb-advanced-slider-3_8f8449-66 wp-block-kadence-slider\"><div class=\"kb-advanced-slider-inner-contain kb-adv-slider-html-version-2\"><div class=\"kb-blocks-advanced-carousel kt-blocks-carousel kt-carousel-container-dotstyle-none\"><div class=\"kb-blocks-advanced-slider-init kb-slider-loading kb-blocks-slider kt-carousel-arrowstyle-whiteondark kt-carousel-dotstyle-none kb-slider-size-ratio kb-slider-type-slider kb-slider-ratio-3-1 kb-slider-group-arrow kb-slider-arrow-position-center kb-slider-tab-ratio-inherit kb-slider-mobile-ratio-inherit splide kb-splide  kb-slider-version-2\" aria-label=\"Slider-Inhalt\" data-slider-center-mode=\"true\" data-slider-type=\"slider\" data-loop-type=\"loop\" data-columns-xxl=\"3\" data-columns-xl=\"3\" data-columns-md=\"3\" data-columns-sm=\"2\" data-columns-xs=\"1\" data-columns-ss=\"1\" data-slider-anim-speed=\"2000\" data-slider-scroll=\"1\" data-slider-fade=\"true\" data-slider-arrows=\"true\" data-slider-dots=\"false\" data-slider-hover-pause=\"false\" data-slider-auto=\"true\"  data-dragging=\"true\" data-slider-speed=\"1000\" data-slider-gap=\"30\" data-slider-gap-tablet=\"30\" data-slider-gap-mobile=\"30\" data-slider-gap-unit=\"px\"><div class=\"splide__track\"><ul class=\"splide__list\">\n\n<div class=\"wp-block-kadence-slide kb-advanced-slide-item kb-slide-3_17f369-41\"><div class=\"kb-advanced-slide\"><div class=\"kb-advanced-slide-inner-wrap\"><div class=\"kb-advanced-slide-inner\"><\/div><\/div><\/div><\/div>\n\n\n\n<div class=\"wp-block-kadence-slide kb-advanced-slide-item kb-slide-3_c8e4b1-e7\"><div class=\"kb-advanced-slide\"><div class=\"kb-advanced-slide-inner-wrap\"><div class=\"kb-advanced-slide-inner\"><\/div><\/div><\/div><\/div>\n\n\n\n<div class=\"wp-block-kadence-slide kb-advanced-slide-item kb-slide-3_210ccb-9b\"><div class=\"kb-advanced-slide\"><div class=\"kb-advanced-slide-inner-wrap\"><div class=\"kb-advanced-slide-inner\"><\/div><\/div><\/div><\/div>\n\n<\/ul><\/div><\/div><\/div><\/div><\/div>\n\n\n<p>Die Adresse unserer Website lautet: https:\/\/e-verslas.lt<\/p>\n\n\n\n<h2 class=\"wp-block-heading\">Kommentare<\/h2>\n\n\n\n<p>Wenn Besucher Kommentare auf der Website hinterlassen, erfassen wir die im Kommentarformular sichtbaren Daten sowie die IP-Adresse und das Browser-Benutzerkonto des Besuchers, um Spam zu verhindern.<\/p>\n\n\n\n<p>Aus Ihrer E-Mail-Adresse kann ein anonymisierter Datensatz (Hash) generiert und dem Gravatar-Dienstanbieter zur Verf\u00fcgung gestellt werden, um zu \u00fcberpr\u00fcfen, ob Sie diesen Dienst nutzen. Die Datenschutzrichtlinie von Gravatar finden Sie hier: https:\/\/automattic.com\/privacy\/. Sobald Ihr Kommentar freigegeben wurde, ist Ihr Profilbild neben Ihrem Kommentar \u00f6ffentlich sichtbar.<\/p>\n\n\n\n<h2 class=\"wp-block-heading\">Dateien<\/h2>\n\n\n\n<p>Wenn Sie Fotos auf eine Website hochladen, sollten Sie vermeiden, diese mit eingebetteten Standortdaten (EXIF GPS) hochzuladen. Website-Besucher k\u00f6nnen Fotos von der Website herunterladen und daraus Standortdaten extrahieren.<\/p>\n\n\n\n<h2 class=\"wp-block-heading\">Cookie Einstellungen<\/h2>\n\n\n\n<p>Wenn Sie auf dieser Website einen Kommentar hinterlassen, k\u00f6nnen Sie w\u00e4hlen, ob Ihr Name, Ihre E-Mail-Adresse und Ihre Website in Cookies gespeichert werden sollen. Dies dient Ihrer Bequemlichkeit, damit Sie diese Daten nicht bei jedem Kommentar erneut eingeben m\u00fcssen. Diese Cookies werden ein Jahr lang gespeichert.<\/p>\n\n\n\n<p>Wenn Sie ein Konto haben und sich auf unserer Website anmelden, erstellen wir ein tempor\u00e4res Cookie, das festh\u00e4lt, ob Ihr Browser Cookies akzeptiert. Dieses Cookie speichert keine pers\u00f6nlichen Daten und wird gel\u00f6scht, wenn Sie Ihren Browser schlie\u00dfen.<\/p>\n\n\n\n<p>Wenn Sie sich anmelden, erstellen wir au\u00dferdem mehrere Cookies, die Ihre Anmeldeinformationen und Ihre Bildschirmeinstellungen speichern. Anmelde-Cookies sind zwei Tage g\u00fcltig, Bildschirmeinstellungen ein Jahr. Wenn Sie die Option \u201eAngemeldet bleiben\u201c aktivieren, ist Ihr Anmelde-Cookie zwei Wochen lang g\u00fcltig. Wenn Sie sich von Ihrem Konto abmelden, werden die Anmelde-Cookies gel\u00f6scht.<\/p>\n\n\n\n<p>Wenn Sie einen Beitrag bearbeiten oder ver\u00f6ffentlichen, wird ein zus\u00e4tzliches Cookie in Ihrem Browser gespeichert. Dieses Cookie speichert keine personenbezogenen Daten, sondern die ID des Beitrags, den Sie gerade bearbeitet oder ver\u00f6ffentlicht haben. Dieses Cookie verf\u00e4llt nach einem Tag.<\/p>\n\n\n\n<h2 class=\"wp-block-heading\">Von anderen Websites geladene Inhalte<\/h2>\n\n\n\n<p>Diese Website kann Inhalte (wie Videos, Bilder, Texte usw.) enthalten, die von anderen Websites hochgeladen wurden. Das Anzeigen und Interagieren mit solchen hochgeladenen Inhalten auf dieser Website entspricht dem Besuch der Websites, von denen die Inhalte hochgeladen wurden.<\/p>\n\n\n\n<p>Diese Websites k\u00f6nnen Daten \u00fcber Sie sammeln, Cookies und Tracking-Dienste von Drittanbietern verwenden und Ihre Aktionen mit hochgeladenen Inhalten \u00fcberwachen, auch wenn Sie ein Konto haben und bei den oben genannten Websites angemeldet sind.<\/p>\n\n\n\n<h2 class=\"wp-block-heading\">Mit wem wir Ihre Daten teilen<\/h2>\n\n\n\n<p>Wenn Sie eine Zur\u00fccksetzung des Passworts anfordern, wird Ihre IP-Adresse in der E-Mail zur Zur\u00fccksetzung enthalten sein.<\/p>\n\n\n\n<h2 class=\"wp-block-heading\">Wie lange speichern wir Ihre Daten?<\/h2>\n\n\n\n<p>Wenn Sie einen Kommentar schreiben, werden dessen Text und Metadaten zeitlich unbegrenzt gespeichert. Auf diese Weise k\u00f6nnen wir zuk\u00fcnftige Kommentare automatisch erkennen und freigeben, ohne dass hierf\u00fcr eine Genehmigung durch den Administrator erforderlich ist.<\/p>\n\n\n\n<p>Wenn Sie sich auf unserer Website registrieren und Nutzer werden, speichern wir alle Ihre personenbezogenen Daten, die Sie in Ihrem Konto angeben. Jeder Nutzer kann seine personenbezogenen Daten (mit Ausnahme seines Benutzernamens) jederzeit einsehen, bearbeiten und l\u00f6schen. Auch Website-Administratoren k\u00f6nnen diese Daten einsehen und bearbeiten.<\/p>\n\n\n\n<h2 class=\"wp-block-heading\">Ihre Rechte<\/h2>\n\n\n\n<p>Wenn Sie ein Konto auf dieser Website besitzen oder hier schon einmal einen Kommentar hinterlassen haben, k\u00f6nnen Sie einen Export aller personenbezogenen Daten anfordern, die wir \u00fcber Sie gespeichert haben, einschlie\u00dflich der Daten, die Sie uns zur Verf\u00fcgung gestellt haben. Sie k\u00f6nnen auch die L\u00f6schung aller Ihrer personenbezogenen Daten verlangen. Keine dieser Anfragen gilt f\u00fcr Daten, die wir aus administrativen, rechtlichen oder sicherheitsrelevanten Gr\u00fcnden gesetzlich aufbewahren m\u00fcssen.<\/p>\n\n\n\n<h2 class=\"wp-block-heading\">Wohin Ihre Daten gesendet werden<\/h2>\n\n\n\n<p>Besucherkommentare k\u00f6nnten mithilfe eines automatisierten Dienstes zur Spam-Erkennung \u00fcberpr\u00fcft werden.<\/p>","protected":false},"excerpt":{"rendered":"<p>Unsere Website-Adresse lautet: https:\/\/e-verslas.lt Kommentare Wenn Besucher Kommentare auf der Website hinterlassen, erfassen wir die im Kommentarformular sichtbaren Daten sowie die IP-Adresse und das Browser-Benutzerkonto des Besuchers zum Schutz vor Spam. Aus Ihrer E-Mail-Adresse kann ein anonymisierter Datensatz (Hash) generiert und dem Gravatar-Dienstanbieter zur Verf\u00fcgung gestellt werden, um zu \u00fcberpr\u00fcfen, ob Sie diesen [\u2026] verwenden.<\/p>","protected":false},"author":1,"featured_media":98,"parent":0,"menu_order":0,"comment_status":"closed","ping_status":"closed","template":"","meta":{"_uag_custom_page_level_css":"","_kad_blocks_custom_css":"","_kad_blocks_head_custom_js":"","_kad_blocks_body_custom_js":"","_kad_blocks_footer_custom_js":"","site-sidebar-layout":"default","site-content-layout":"","ast-site-content-layout":"default","site-content-style":"default","site-sidebar-style":"default","ast-global-header-display":"","ast-banner-title-visibility":"","ast-main-header-display":"","ast-hfb-above-header-display":"","ast-hfb-below-header-display":"","ast-hfb-mobile-header-display":"","site-post-title":"","ast-breadcrumbs-content":"","ast-featured-img":"","footer-sml-layout":"","ast-disable-related-posts":"","theme-transparent-header-meta":"","adv-header-id-meta":"","stick-header-meta":"","header-above-stick-meta":"","header-main-stick-meta":"","header-below-stick-meta":"","astra-migrate-meta-layouts":"set","ast-page-background-enabled":"default","ast-page-background-meta":{"desktop":{"background-color":"var(--ast-global-color-4)","background-image":"","background-repeat":"repeat","background-position":"center center","background-size":"auto","background-attachment":"scroll","background-type":"","background-media":"","overlay-type":"","overlay-color":"","overlay-opacity":"","overlay-gradient":""},"tablet":{"background-color":"","background-image":"","background-repeat":"repeat","background-position":"center center","background-size":"auto","background-attachment":"scroll","background-type":"","background-media":"","overlay-type":"","overlay-color":"","overlay-opacity":"","overlay-gradient":""},"mobile":{"background-color":"","background-image":"","background-repeat":"repeat","background-position":"center center","background-size":"auto","background-attachment":"scroll","background-type":"","background-media":"","overlay-type":"","overlay-color":"","overlay-opacity":"","overlay-gradient":""}},"ast-content-background-meta":{"desktop":{"background-color":"var(--ast-global-color-5)","background-image":"","background-repeat":"repeat","background-position":"center center","background-size":"auto","background-attachment":"scroll","background-type":"","background-media":"","overlay-type":"","overlay-color":"","overlay-opacity":"","overlay-gradient":""},"tablet":{"background-color":"var(--ast-global-color-5)","background-image":"","background-repeat":"repeat","background-position":"center center","background-size":"auto","background-attachment":"scroll","background-type":"","background-media":"","overlay-type":"","overlay-color":"","overlay-opacity":"","overlay-gradient":""},"mobile":{"background-color":"var(--ast-global-color-5)","background-image":"","background-repeat":"repeat","background-position":"center center","background-size":"auto","background-attachment":"scroll","background-type":"","background-media":"","overlay-type":"","overlay-color":"","overlay-opacity":"","overlay-gradient":""}},"footnotes":""},"class_list":["post-3","page","type-page","status-publish","has-post-thumbnail","hentry"],"taxonomy_info":[],"featured_image_src_large":["https:\/\/e-verslas.lt\/wp-content\/uploads\/privatumo-politika-1-1024x320.jpg",1024,320,true],"author_info":{"display_name":"Administratorius","author_link":"https:\/\/e-verslas.lt\/de\/author\/administratorius\/"},"comment_info":0,"uagb_featured_image_src":{"full":["https:\/\/e-verslas.lt\/wp-content\/uploads\/privatumo-politika-1.jpg",1920,600,false],"thumbnail":["https:\/\/e-verslas.lt\/wp-content\/uploads\/privatumo-politika-1-150x150.jpg",150,150,true],"medium":["https:\/\/e-verslas.lt\/wp-content\/uploads\/privatumo-politika-1-300x94.jpg",300,94,true],"medium_large":["https:\/\/e-verslas.lt\/wp-content\/uploads\/privatumo-politika-1-768x240.jpg",768,240,true],"large":["https:\/\/e-verslas.lt\/wp-content\/uploads\/privatumo-politika-1-1024x320.jpg",1024,320,true],"1536x1536":["https:\/\/e-verslas.lt\/wp-content\/uploads\/privatumo-politika-1-1536x480.jpg",1536,480,true],"2048x2048":["https:\/\/e-verslas.lt\/wp-content\/uploads\/privatumo-politika-1.jpg",1920,600,false],"trp-custom-language-flag":["https:\/\/e-verslas.lt\/wp-content\/uploads\/privatumo-politika-1.jpg",18,6,false]},"uagb_author_info":{"display_name":"Administratorius","author_link":"https:\/\/e-verslas.lt\/de\/author\/administratorius\/"},"uagb_comment_info":0,"uagb_excerpt":"M\u016bs\u0173 tinklalapio adresas yra: https:\/\/e-verslas.lt Komentarai Kai lankytojai ra\u0161o komentarus tinklalapyje, mes renkame duomenis, matomus komentaro paskelbimo formoje, o taip pat lankytojo IP adres\u0105 bei nar\u0161ykl\u0117s vartotojo \u012fra\u0161\u0105, kad apsisaugotume nuo brukal\u0173. I\u0161 J\u016bs\u0173 el.pa\u0161to adreso gali b\u016bti sugeneruotas anonimizuotas duomen\u0173 \u012fra\u0161as (angl. hash) ir pateiktas Gravatar paslaugos teik\u0117jui, norint patikrinti, ar J\u016bs naudojat\u0117s \u0161ia&hellip;","_links":{"self":[{"href":"https:\/\/e-verslas.lt\/de\/wp-json\/wp\/v2\/pages\/3","targetHints":{"allow":["GET"]}}],"collection":[{"href":"https:\/\/e-verslas.lt\/de\/wp-json\/wp\/v2\/pages"}],"about":[{"href":"https:\/\/e-verslas.lt\/de\/wp-json\/wp\/v2\/types\/page"}],"author":[{"embeddable":true,"href":"https:\/\/e-verslas.lt\/de\/wp-json\/wp\/v2\/users\/1"}],"replies":[{"embeddable":true,"href":"https:\/\/e-verslas.lt\/de\/wp-json\/wp\/v2\/comments?post=3"}],"version-history":[{"count":3,"href":"https:\/\/e-verslas.lt\/de\/wp-json\/wp\/v2\/pages\/3\/revisions"}],"predecessor-version":[{"id":6543,"href":"https:\/\/e-verslas.lt\/de\/wp-json\/wp\/v2\/pages\/3\/revisions\/6543"}],"wp:featuredmedia":[{"embeddable":true,"href":"https:\/\/e-verslas.lt\/de\/wp-json\/wp\/v2\/media\/98"}],"wp:attachment":[{"href":"https:\/\/e-verslas.lt\/de\/wp-json\/wp\/v2\/media?parent=3"}],"curies":[{"name":"wp","href":"https:\/\/api.w.org\/{rel}","templated":true}]}}