{"id":2354,"date":"2022-01-15T01:36:24","date_gmt":"2022-01-15T01:36:24","guid":{"rendered":"https:\/\/e-verslas.lt\/autorius\/"},"modified":"2025-10-29T06:58:49","modified_gmt":"2025-10-29T06:58:49","slug":"autorius","status":"publish","type":"page","link":"https:\/\/e-verslas.lt\/de\/autor\/","title":{"rendered":"e-Business.lt Autor"},"content":{"rendered":"<style>.kb-advanced-slider-2354_8401d8-3e .kb-slider-pause-button{color:#fff;background-color:rgba(0, 0, 0, 0.8);border:1px solid transparent;}<\/style><div class=\"kb-advanced-slider kb-advanced-slider-2354_8401d8-3e wp-block-kadence-slider\"><div class=\"kb-advanced-slider-inner-contain kb-adv-slider-html-version-2\"><div class=\"kb-blocks-advanced-carousel kt-blocks-carousel kt-carousel-container-dotstyle-none\"><div class=\"kb-blocks-advanced-slider-init kb-slider-loading kb-blocks-slider kt-carousel-arrowstyle-whiteondark kt-carousel-dotstyle-none kb-slider-size-ratio kb-slider-type-slider kb-slider-ratio-3-1 kb-slider-group-arrow kb-slider-arrow-position-center kb-slider-tab-ratio-inherit kb-slider-mobile-ratio-inherit splide kb-splide  kb-slider-version-2\" aria-label=\"Slider-Inhalt\" data-slider-center-mode=\"true\" data-slider-type=\"slider\" data-loop-type=\"loop\" data-columns-xxl=\"3\" data-columns-xl=\"3\" data-columns-md=\"3\" data-columns-sm=\"2\" data-columns-xs=\"1\" data-columns-ss=\"1\" data-slider-anim-speed=\"2000\" data-slider-scroll=\"1\" data-slider-fade=\"true\" data-slider-arrows=\"true\" data-slider-dots=\"false\" data-slider-hover-pause=\"false\" data-slider-auto=\"true\"  data-dragging=\"true\" data-slider-speed=\"1000\" data-slider-gap=\"30\" data-slider-gap-tablet=\"30\" data-slider-gap-mobile=\"30\" data-slider-gap-unit=\"px\"><div class=\"splide__track\"><ul class=\"splide__list\">\n\n<li class=\"wp-block-kadence-slide kb-advanced-slide-item kb-slide-2354_7c636e-92\"><div class=\"kb-advanced-slide\"><div class=\"kb-advanced-slide-inner-wrap\"><div class=\"kb-advanced-slide-inner\"><\/div><\/div><\/div><\/li>\n\n\n\n<li class=\"wp-block-kadence-slide kb-advanced-slide-item kb-slide-2354_40e462-6a\"><div class=\"kb-advanced-slide\"><div class=\"kb-advanced-slide-inner-wrap\"><div class=\"kb-advanced-slide-inner\"><\/div><\/div><\/div><\/li>\n\n\n\n<li class=\"wp-block-kadence-slide kb-advanced-slide-item kb-slide-2354_1d9151-ab\"><div class=\"kb-advanced-slide\"><div class=\"kb-advanced-slide-inner-wrap\"><div class=\"kb-advanced-slide-inner\"><\/div><\/div><\/div><\/li>\n\n<\/ul><\/div><\/div><\/div><\/div><\/div>\n\n\n<h3 class=\"wp-block-heading\" id=\"h-p-radzia\"><strong>P<\/strong>Raja<\/h3>\n\n\n\n<p>e-Verslas.lt Autor. Ich bin 45 Jahre alt und hatte bis zur 9. Klasse alle Physikb\u00fccher gelesen, sogar die russischen Ausgaben, und wusste, wie man eine thermonukleare Bombe baut \ud83d\ude42 Ehrlich gesagt, mochte ich die anderen nicht. Zuerst machte ich meinen Abschluss an der Kaunas Ry\u0161ininkai-Schule. Danach studierte ich Elektrotechnik, stieg direkt ins zweite Jahr ein und schw\u00e4nzte die Vorlesungen. Ich fand eine Firma, wo ich als Autoalarmanlagenmonteur arbeitete. Und ich erstellte die Pr\u00fcfungsaufgaben f\u00fcr meine Kommilitonen selbst. Ich belegte erste Pl\u00e4tze bei Wettbewerben.<\/p>\n\n\n\n<h3 class=\"wp-block-heading\" id=\"h-k-aunas\"><strong>K<\/strong>RAM<\/h3>\n\n\n\n<p>Nach der Schule fand ich Investoren und begann mit der Installation von Sicherheits-, Brandschutz-, Zutrittskontroll- und Video\u00fcberwachungssystemen in Kaunas. Ich hackte das litauische Firmenverzeichnis und faxte automatisch Angebote an alle Kaunaser Firmen, sodass es an Kunden nicht mangelte. Es gab aber auch seltsame Auftr\u00e4ge, zum Beispiel versteckte Videokameras in Zimmern, damit M\u00e4nner beobachten konnten, was ihre Frauen zu Hause taten, ein Videochat-Bildschirm anstelle eines T\u00fcrspions, damit niemand auf die \u00c4rzte schoss \ud83d\ude42 Meine Kunden waren der \u017dalgiris-Club, der Zoll von Kaunas, die georgische Botschaft usw. Ich habe mich 1996 beim Portal PRO.LT registriert.<\/p>\n\n\n\n<h3 class=\"wp-block-heading\" id=\"h-vilnius\">Wilna<\/h3>\n\n\n\n<p>Dann zog ich nach Vilnius und orientierte mich neu auf Unternehmensf\u00fchrungs- und Marketingautomatisierungssysteme. Da es mir sehr n\u00fctzlich war, erschien es mir fortschrittlicher, und ich bemerkte, dass es in fast jedem Unternehmen fehlte. Ich stellte sicher, dass alle Kundenkontakte, Telefongespr\u00e4che, E-Mail-Korrespondenz, abgeschlossenen Vertr\u00e4ge usw. des Unternehmens f\u00fcr Manager und mit Erlaubnis auch f\u00fcr gleichgestellte Mitarbeiter sichtbar waren. Ich installierte, passte es an und entwickelte es auf Microsoft Office, Exchange, Visual Basic und GoldMine. Ich erstellte ein Datenautomatisierungssystem f\u00fcr ein Marktforschungsunternehmen sowie ein Buchhaltungs-, Arbeits- und Rechnungswesenprogramm.<\/p>\n\n\n\n<h3 class=\"wp-block-heading\" id=\"h-portalas\"><strong>Portal<\/strong><\/h3>\n\n\n\n<p>Ich habe sogar f\u00fcr Gediminas \u017diemelis mit der Betaversion von Microsoft .NET die erste Online-Datenbank unzuverl\u00e4ssiger Personen in Litauen erstellt. Ich habe die Server in meinem Haus in Vilnius aufgebaut, Notstromversorgung und zwei Internetkabel angeschlossen. Es war eine funktionale und sch\u00f6ne Anwendung, fast auf Facebook-Niveau, die von allen Banken und anderen Finanzinstituten genutzt wurde. Ich habe viele Daten von Sodra, dem Statistikamt und anderen dortigen Institutionen hochgeladen, und auch Mitarbeiter und Kunden haben dort Daten eingegeben.<\/p>\n\n\n\n<h3 class=\"wp-block-heading\" id=\"h-dabaris\"><strong>Aktuell<\/strong><\/h3>\n\n\n\n<p>Jetzt habe ich ein gebrochenes Bein und arbeite daher von zu Hause aus und biete E-Business-Dienstleistungen an. Mit PHP habe ich IP-TV-Portale, Immobilienportale, verschiedene E-Shops usw. erstellt. Dar\u00fcber hinaus verf\u00fcge ich \u00fcber Kontaktdatenbanken von Unternehmen aus aller Welt \u2013 allein in Polen gibt es \u00fcber 3.000.000 Kontakte! Ich kann jedes kleine Unternehmen schnell und sicher internationalisieren. Und jeden Tag verbringe ich zwei Stunden damit, mich f\u00fcr die neuesten Technologien zu interessieren.<\/p>","protected":false},"excerpt":{"rendered":"<p>Startseite e-Verslas.lt Autor. Ich bin 45 Jahre alt und hatte bis zur 9. Klasse alle Physikb\u00fccher gelesen, sogar die russischen Ausgaben, und wusste, wie man eine thermonukleare Bombe baut \ud83d\ude42 Ehrlich gesagt, mochte ich die anderen nicht. Zuerst machte ich meinen Abschluss an der Kaunas Ry\u0161ininkai Schule. Danach studierte ich Elektrotechnik, stieg direkt ins zweite Jahr ein und schw\u00e4nzte die Vorlesungen. Ich fand eine Firma, wo ich einen Job als Autoalarmanlageninstallateur bekam. Und mein [\u2026]<\/p>","protected":false},"author":1,"featured_media":41,"parent":0,"menu_order":13,"comment_status":"closed","ping_status":"closed","template":"","meta":{"_uag_custom_page_level_css":"","_kad_blocks_custom_css":"","_kad_blocks_head_custom_js":"","_kad_blocks_body_custom_js":"","_kad_blocks_footer_custom_js":"","site-sidebar-layout":"default","site-content-layout":"default","ast-site-content-layout":"default","site-content-style":"default","site-sidebar-style":"default","ast-global-header-display":"","ast-banner-title-visibility":"","ast-main-header-display":"","ast-hfb-above-header-display":"","ast-hfb-below-header-display":"","ast-hfb-mobile-header-display":"","site-post-title":"enabled","ast-breadcrumbs-content":"","ast-featured-img":"","footer-sml-layout":"","ast-disable-related-posts":"","theme-transparent-header-meta":"default","adv-header-id-meta":"","stick-header-meta":"","header-above-stick-meta":"","header-main-stick-meta":"","header-below-stick-meta":"","astra-migrate-meta-layouts":"set","ast-page-background-enabled":"default","ast-page-background-meta":{"desktop":{"background-color":"var(--ast-global-color-4)","background-image":"","background-repeat":"repeat","background-position":"center center","background-size":"auto","background-attachment":"scroll","background-type":"","background-media":"","overlay-type":"","overlay-color":"","overlay-opacity":"","overlay-gradient":""},"tablet":{"background-color":"","background-image":"","background-repeat":"repeat","background-position":"center center","background-size":"auto","background-attachment":"scroll","background-type":"","background-media":"","overlay-type":"","overlay-color":"","overlay-opacity":"","overlay-gradient":""},"mobile":{"background-color":"","background-image":"","background-repeat":"repeat","background-position":"center center","background-size":"auto","background-attachment":"scroll","background-type":"","background-media":"","overlay-type":"","overlay-color":"","overlay-opacity":"","overlay-gradient":""}},"ast-content-background-meta":{"desktop":{"background-color":"var(--ast-global-color-5)","background-image":"","background-repeat":"repeat","background-position":"center center","background-size":"auto","background-attachment":"scroll","background-type":"","background-media":"","overlay-type":"","overlay-color":"","overlay-opacity":"","overlay-gradient":""},"tablet":{"background-color":"var(--ast-global-color-5)","background-image":"","background-repeat":"repeat","background-position":"center center","background-size":"auto","background-attachment":"scroll","background-type":"","background-media":"","overlay-type":"","overlay-color":"","overlay-opacity":"","overlay-gradient":""},"mobile":{"background-color":"var(--ast-global-color-5)","background-image":"","background-repeat":"repeat","background-position":"center center","background-size":"auto","background-attachment":"scroll","background-type":"","background-media":"","overlay-type":"","overlay-color":"","overlay-opacity":"","overlay-gradient":""}},"footnotes":""},"class_list":["post-2354","page","type-page","status-publish","has-post-thumbnail","hentry"],"taxonomy_info":[],"featured_image_src_large":["https:\/\/e-verslas.lt\/wp-content\/uploads\/autorius-1-1024x320.jpg",1024,320,true],"author_info":{"display_name":"Administratorius","author_link":"https:\/\/e-verslas.lt\/de\/author\/administratorius\/"},"comment_info":0,"uagb_featured_image_src":{"full":["https:\/\/e-verslas.lt\/wp-content\/uploads\/autorius-1.jpg",1920,600,false],"thumbnail":["https:\/\/e-verslas.lt\/wp-content\/uploads\/autorius-1-150x150.jpg",150,150,true],"medium":["https:\/\/e-verslas.lt\/wp-content\/uploads\/autorius-1-300x94.jpg",300,94,true],"medium_large":["https:\/\/e-verslas.lt\/wp-content\/uploads\/autorius-1-768x240.jpg",768,240,true],"large":["https:\/\/e-verslas.lt\/wp-content\/uploads\/autorius-1-1024x320.jpg",1024,320,true],"1536x1536":["https:\/\/e-verslas.lt\/wp-content\/uploads\/autorius-1-1536x480.jpg",1536,480,true],"2048x2048":["https:\/\/e-verslas.lt\/wp-content\/uploads\/autorius-1.jpg",1920,600,false],"trp-custom-language-flag":["https:\/\/e-verslas.lt\/wp-content\/uploads\/autorius-1.jpg",18,6,false]},"uagb_author_info":{"display_name":"Administratorius","author_link":"https:\/\/e-verslas.lt\/de\/author\/administratorius\/"},"uagb_comment_info":0,"uagb_excerpt":"Prad\u017eia e-Verslas.lt Autorius. Man 45 metai ir a\u0161 iki 9 klas\u0117s buvau perskait\u0119s visas fizikos knygas, net rusi\u0161kus tomus, mok\u0117jau pasigaminti ir termobranduolin\u0119 bomb\u0105 \ud83d\ude42 Tiesa nepatiko kitkas. Prad\u017eiai baigiau Kauno Ry\u0161inink\u0173 mokykl\u0105. Paskui mokiausi elektrotechnikos specialyb\u0117s, \u012fstojau tiesiai \u012f antr\u0105 kurs\u0105 ir \u012f pamokas nevaik\u0161\u010diojau, susiradau \u012fmon\u0117l\u0119, kur \u012fsidarbinau automobili\u0173 signalizacij\u0173 montuotoj\u0173. O savo&hellip;","_links":{"self":[{"href":"https:\/\/e-verslas.lt\/de\/wp-json\/wp\/v2\/pages\/2354","targetHints":{"allow":["GET"]}}],"collection":[{"href":"https:\/\/e-verslas.lt\/de\/wp-json\/wp\/v2\/pages"}],"about":[{"href":"https:\/\/e-verslas.lt\/de\/wp-json\/wp\/v2\/types\/page"}],"author":[{"embeddable":true,"href":"https:\/\/e-verslas.lt\/de\/wp-json\/wp\/v2\/users\/1"}],"replies":[{"embeddable":true,"href":"https:\/\/e-verslas.lt\/de\/wp-json\/wp\/v2\/comments?post=2354"}],"version-history":[{"count":4,"href":"https:\/\/e-verslas.lt\/de\/wp-json\/wp\/v2\/pages\/2354\/revisions"}],"predecessor-version":[{"id":6958,"href":"https:\/\/e-verslas.lt\/de\/wp-json\/wp\/v2\/pages\/2354\/revisions\/6958"}],"wp:featuredmedia":[{"embeddable":true,"href":"https:\/\/e-verslas.lt\/de\/wp-json\/wp\/v2\/media\/41"}],"wp:attachment":[{"href":"https:\/\/e-verslas.lt\/de\/wp-json\/wp\/v2\/media?parent=2354"}],"curies":[{"name":"wp","href":"https:\/\/api.w.org\/{rel}","templated":true}]}}