{"id":113,"date":"2020-04-27T07:34:16","date_gmt":"2020-04-27T07:34:16","guid":{"rendered":"https:\/\/e-verslas.lt\/e-verslas-lt-sprendimai\/interneto-marketingas\/"},"modified":"2026-01-11T23:16:12","modified_gmt":"2026-01-11T21:16:12","slug":"el-pasto-marketingas","status":"publish","type":"page","link":"https:\/\/e-verslas.lt\/de\/e-mail-marketing-german\/","title":{"rendered":"E-Mail-Marketing"},"content":{"rendered":"<style>.kb-advanced-slider-113_6609be-8c .kb-slider-pause-button{color:#fff;background-color:rgba(0, 0, 0, 0.8);border:1px solid transparent;}<\/style><div class=\"kb-advanced-slider kb-advanced-slider-113_6609be-8c wp-block-kadence-slider\"><div class=\"kb-advanced-slider-inner-contain kb-adv-slider-html-version-2\"><div class=\"kb-blocks-advanced-carousel kt-blocks-carousel kt-carousel-container-dotstyle-none\"><div class=\"kb-blocks-advanced-slider-init kb-slider-loading kb-blocks-slider kt-carousel-arrowstyle-whiteondark kt-carousel-dotstyle-none kb-slider-size-ratio kb-slider-type-slider kb-slider-ratio-3-1 kb-slider-group-arrow kb-slider-arrow-position-center kb-slider-tab-ratio-inherit kb-slider-mobile-ratio-inherit splide kb-splide  kb-slider-version-2\" aria-label=\"Slider-Inhalt\" data-slider-center-mode=\"true\" data-slider-type=\"slider\" data-loop-type=\"loop\" data-columns-xxl=\"3\" data-columns-xl=\"3\" data-columns-md=\"3\" data-columns-sm=\"2\" data-columns-xs=\"1\" data-columns-ss=\"1\" data-slider-anim-speed=\"2000\" data-slider-scroll=\"1\" data-slider-fade=\"true\" data-slider-arrows=\"true\" data-slider-dots=\"false\" data-slider-hover-pause=\"false\" data-slider-auto=\"true\"  data-dragging=\"true\" data-slider-speed=\"1000\" data-slider-gap=\"30\" data-slider-gap-tablet=\"30\" data-slider-gap-mobile=\"30\" data-slider-gap-unit=\"px\"><div class=\"splide__track\"><ul class=\"splide__list\">\n\n<li class=\"wp-block-kadence-slide kb-advanced-slide-item kb-slide-113_90576a-1e\"><div class=\"kb-advanced-slide\"><div class=\"kb-advanced-slide-inner-wrap\"><div class=\"kb-advanced-slide-inner\"><\/div><\/div><\/div><\/li>\n\n\n\n<li class=\"wp-block-kadence-slide kb-advanced-slide-item kb-slide-113_a7368c-19\"><div class=\"kb-advanced-slide\"><div class=\"kb-advanced-slide-inner-wrap\"><div class=\"kb-advanced-slide-inner\"><\/div><\/div><\/div><\/li>\n\n\n\n<li class=\"wp-block-kadence-slide kb-advanced-slide-item kb-slide-113_81865d-69\"><div class=\"kb-advanced-slide\"><div class=\"kb-advanced-slide-inner-wrap\"><div class=\"kb-advanced-slide-inner\"><\/div><\/div><\/div><\/li>\n\n<\/ul><\/div><\/div><\/div><\/div><\/div>\n\n\n<p><strong>E-Mail-Marketing. <\/strong>Wir bieten Ihnen Online-Marketing-Services, um Ihr Unternehmen schnell bekannt zu machen und international zu etablieren. Die effektivste Online-Werbung ist der Versand von Newslettern an Unternehmen. Professionell erstelltes Newsletter-Marketing erreicht die meisten Ihrer Zielkunden und erfordert keine gro\u00dfen Investitionen. Wichtig ist, dass Newsletter nur an Abonnenten versendet werden, die dem Versand vorab zugestimmt haben. Daher unterst\u00fctzen wir Sie bei der Erstellung einer Liste von Newsletter-Abonnenten, die wirklich an Ihren Angeboten interessiert sind. Wir erstellen Vorlagen f\u00fcr Ihren Newsletter mit Angeboten, Rabatten, Aktionen sowie Bestell-, Stornierungs- und Informationsformularen. Wir helfen Ihnen, schnell Feedback von Ihren Kunden zu den erbrachten Dienstleistungen oder den verkauften Waren zu erhalten.<\/p>\n\n\n\n<h3 class=\"wp-block-heading\" id=\"h-paslaugos\"><strong>Leistungen<\/strong><\/h3>\n\n\n\n<figure style=\"padding-top:var(--wp--preset--spacing--40);padding-right:var(--wp--preset--spacing--40);padding-bottom:var(--wp--preset--spacing--40);padding-left:var(--wp--preset--spacing--40)\" class=\"wp-block-table\"><table class=\"has-fixed-layout\" style=\"border-style:none;border-width:0px\"><tbody><tr><td><strong>\ud83d\udd0d Markt- und Kundenanalyse<\/strong><br>Ausgehend von Ihrem Gesch\u00e4ftsmodell f\u00fchren wir Online-Marktforschung durch und identifizieren potenzielle Kunden.<\/td><\/tr><tr><td><strong>\ud83c\udfaf Zielgruppenauswahl<\/strong><br>Wir w\u00e4hlen unsere Zielgruppe f\u00fcr Newsletter-Marketing anhand des T\u00e4tigkeitsfelds, der L\u00e4nder und St\u00e4dte aus.<\/td><\/tr><tr><td><strong>\ud83e\uddf2 Abonnentensammlung<\/strong><br>Wir helfen Ihnen dabei, eine Liste von Newsletter-Abonnenten zusammenzustellen, die wirklich an Ihren Angeboten interessiert sind.<\/td><\/tr><tr><td><strong>\u270d\ufe0f Personalisierte Vorlagen<\/strong><br>Wir erstellen Newsletter-Vorlagen f\u00fcr Angebote, Rabatte und Aktionen, die f\u00fcr jeden Abonnenten personalisiert sind.<\/td><\/tr><tr><td><strong>\ud83d\udce8 Wertvolle und relevante Inhalte<\/strong><br>Wir stellen sicher, dass die in Newslettern bereitgestellten Informationen f\u00fcr die Empf\u00e4nger relevant, n\u00fctzlich und interessant sind.<\/td><\/tr><tr><td><strong>\ud83e\uddfe Bestell- und Stornierungsformulare<\/strong><br>Wir erstellen automatisch funktionierende Newsletter-Anmelde-, Abmelde- und Benachrichtigungsformulare.<\/td><\/tr><tr><td><strong>\u23f1\ufe0f Automatischer Versand<\/strong><br>Wir bieten Ihnen die M\u00f6glichkeit, Newsletter automatisch zu versenden \u2013 bequem \u00fcber Ihre WordPress-Website.<\/td><\/tr><tr><td><strong>\ud83d\udee1\ufe0f Liefertechnologien<\/strong><br>Wir verwenden spezielle Technologien und Server, um sicherzustellen, dass die Newsletter alle Abonnenten erreichen.<\/td><\/tr><tr><td><strong>\ud83e\udd1d Verantwortungsvolles Marketing<\/strong><br>Wir nutzen E-Mail-Marketing verantwortungsvoll und st\u00e4rken so die Bekanntheit und Autorit\u00e4t Ihres Unternehmens.<\/td><\/tr><tr><td><strong>\ud83d\udcac Feedback<\/strong><br>Wir helfen Ihnen, schnell Kundenfeedback zu den angebotenen Dienstleistungen oder verkauften Waren zu erhalten.<\/td><\/tr><tr><td><strong>\ud83d\udcca Bedarfsanalyse und -verfolgung<\/strong><br>Mithilfe von E-Mail-Marketing-Tools analysieren wir die Kundenbed\u00fcrfnisse und verfolgen kontinuierlich die Ergebnisse.<\/td><\/tr><tr><td><strong>\ud83d\udcc8 Verhaltensbeeinflussung und Planung<\/strong><br>Auf Grundlage der Reaktionen der Empf\u00e4nger planen wir weitere Ma\u00dfnahmen, die ihre Entscheidungen beeinflussen.<\/td><\/tr><\/tbody><\/table><\/figure>\n\n\n\n<h3 class=\"wp-block-heading\" id=\"h-pasiteira-uti\"><strong><strong>Fragen<\/strong>Pfui!<\/strong><\/h3>\n\n\n\n<div class=\"wp-block-contact-form-7-contact-form-selector\">\n<div class=\"wpcf7 no-js\" id=\"wpcf7-f6943-o1\" lang=\"lt-LT\" dir=\"ltr\" data-wpcf7-id=\"6943\">\n<div class=\"screen-reader-response\"><p role=\"status\" aria-live=\"polite\" aria-atomic=\"true\"><\/p> <ul><\/ul><\/div>\n<form action=\"\/de\/wp-json\/wp\/v2\/pages\/113#wpcf7-f6943-o1\" method=\"post\" class=\"wpcf7-form init\" aria-label=\"Kontaktformular\" novalidate=\"novalidate\" data-status=\"init\" data-trp-original-action=\"\/de\/wp-json\/wp\/v2\/pages\/113#wpcf7-f6943-o1\">\n<fieldset class=\"hidden-fields-container\"><input type=\"hidden\" name=\"_wpcf7\" value=\"6943\" \/><input type=\"hidden\" name=\"_wpcf7_version\" value=\"6.1.5\" \/><input type=\"hidden\" name=\"_wpcf7_locale\" value=\"lt_LT\" \/><input type=\"hidden\" name=\"_wpcf7_unit_tag\" value=\"wpcf7-f6943-o1\" \/><input type=\"hidden\" name=\"_wpcf7_container_post\" value=\"0\" \/><input type=\"hidden\" name=\"_wpcf7_posted_data_hash\" value=\"\" \/>\n<\/fieldset>\n<p><span class=\"wpcf7-form-control-wrap\" data-name=\"your-name\"><input size=\"40\" maxlength=\"400\" class=\"wpcf7-form-control wpcf7-text wpcf7-validates-as-required\" autocomplete=\"name\" aria-required=\"true\" aria-invalid=\"false\" placeholder=\"Ihr Name\" value=\"\" type=\"text\" name=\"your-name\" \/><\/span><br \/>\n<span class=\"wpcf7-form-control-wrap\" data-name=\"your-mail\"><input size=\"40\" maxlength=\"400\" class=\"wpcf7-form-control wpcf7-email wpcf7-validates-as-required wpcf7-text wpcf7-validates-as-email\" autocomplete=\"your-mail\" aria-required=\"true\" aria-invalid=\"false\" placeholder=\"Ihre E-Mail\" value=\"\" type=\"email\" name=\"your-mail\" \/><\/span><br \/>\n<span class=\"wpcf7-form-control-wrap\" data-name=\"you-subject\"><select class=\"wpcf7-form-control wpcf7-select\" aria-invalid=\"false\" name=\"you-subject\"><option value=\"\">e-Business.lt-L\u00f6sungen<\/option><option value=\"Interneto Svetain\u0117s\">Websites<\/option><option value=\"Elektronin\u0117s Parduotuv\u0117s\">Elektronikgesch\u00e4fte<\/option><option value=\"Portal\u0173 Aplikacijos\">Portalanwendungen<\/option><option value=\"Dirbtinis Intelektas\">K\u00fcnstliche Intelligenz<\/option><option value=\"SEO Paslaugos\">SEO-Dienste<\/option><option value=\"Google Ads Reklama\">Google Ads Werbung<\/option><option value=\"Socialin\u0117 Rinkodara\">Soziales Marketing<\/option><option value=\"El. Pa\u0161to Marketingas\">E-Mail-Marketing<\/option><\/select><\/span><br \/>\n<span class=\"wpcf7-form-control-wrap\" data-name=\"your-message\"><textarea cols=\"40\" rows=\"10\" maxlength=\"2000\" class=\"wpcf7-form-control wpcf7-textarea\" aria-invalid=\"false\" placeholder=\"Ihre Nachricht\" name=\"your-message\"><\/textarea><\/span><br \/>\n<input class=\"wpcf7-form-control wpcf7-submit has-spinner\" type=\"submit\" value=\"Einreichen!\" \/>\n<\/p><div class=\"wpcf7-response-output\" aria-hidden=\"true\"><\/div>\n<input type=\"hidden\" name=\"trp-form-language\" value=\"de\"\/><\/form>\n<\/div>\n<\/div>","protected":false},"excerpt":{"rendered":"<p>E-Mail-Marketing. Wir bieten Internet-Marketing-Services, um Ihr Unternehmen schnell bekannt zu machen und international zu etablieren. Die effektivste Online-Werbung ist der Versand von Newslettern an Unternehmen. Professionell gestaltetes Newsletter-Marketing erreicht einen Gro\u00dfteil Ihrer Zielkunden und erfordert keine gro\u00dfen Investitionen. Wichtig ist, dass Newsletter nur an Abonnenten versendet werden, die dem Empfang zuvor zugestimmt haben. Daher unterst\u00fctzen wir Sie bei der Datenerfassung. [\u2026]<\/p>","protected":false},"author":1,"featured_media":70,"parent":0,"menu_order":6,"comment_status":"closed","ping_status":"closed","template":"","meta":{"_uag_custom_page_level_css":"","_kad_blocks_custom_css":"","_kad_blocks_head_custom_js":"","_kad_blocks_body_custom_js":"","_kad_blocks_footer_custom_js":"","site-sidebar-layout":"default","site-content-layout":"default","ast-site-content-layout":"default","site-content-style":"default","site-sidebar-style":"default","ast-global-header-display":"","ast-banner-title-visibility":"","ast-main-header-display":"","ast-hfb-above-header-display":"","ast-hfb-below-header-display":"","ast-hfb-mobile-header-display":"","site-post-title":"enabled","ast-breadcrumbs-content":"","ast-featured-img":"","footer-sml-layout":"","ast-disable-related-posts":"","theme-transparent-header-meta":"","adv-header-id-meta":"","stick-header-meta":"","header-above-stick-meta":"","header-main-stick-meta":"","header-below-stick-meta":"","astra-migrate-meta-layouts":"set","ast-page-background-enabled":"default","ast-page-background-meta":{"desktop":{"background-color":"var(--ast-global-color-4)","background-image":"","background-repeat":"repeat","background-position":"center center","background-size":"auto","background-attachment":"scroll","background-type":"","background-media":"","overlay-type":"","overlay-color":"","overlay-opacity":"","overlay-gradient":""},"tablet":{"background-color":"","background-image":"","background-repeat":"repeat","background-position":"center center","background-size":"auto","background-attachment":"scroll","background-type":"","background-media":"","overlay-type":"","overlay-color":"","overlay-opacity":"","overlay-gradient":""},"mobile":{"background-color":"","background-image":"","background-repeat":"repeat","background-position":"center center","background-size":"auto","background-attachment":"scroll","background-type":"","background-media":"","overlay-type":"","overlay-color":"","overlay-opacity":"","overlay-gradient":""}},"ast-content-background-meta":{"desktop":{"background-color":"var(--ast-global-color-5)","background-image":"","background-repeat":"repeat","background-position":"center center","background-size":"auto","background-attachment":"scroll","background-type":"","background-media":"","overlay-type":"","overlay-color":"","overlay-opacity":"","overlay-gradient":""},"tablet":{"background-color":"var(--ast-global-color-5)","background-image":"","background-repeat":"repeat","background-position":"center center","background-size":"auto","background-attachment":"scroll","background-type":"","background-media":"","overlay-type":"","overlay-color":"","overlay-opacity":"","overlay-gradient":""},"mobile":{"background-color":"var(--ast-global-color-5)","background-image":"","background-repeat":"repeat","background-position":"center center","background-size":"auto","background-attachment":"scroll","background-type":"","background-media":"","overlay-type":"","overlay-color":"","overlay-opacity":"","overlay-gradient":""}},"footnotes":""},"class_list":["post-113","page","type-page","status-publish","has-post-thumbnail","hentry"],"taxonomy_info":[],"featured_image_src_large":["https:\/\/e-verslas.lt\/wp-content\/uploads\/interneto-marketingas-1-1024x320.jpg",1024,320,true],"author_info":{"display_name":"Administratorius","author_link":"https:\/\/e-verslas.lt\/de\/author\/administratorius\/"},"comment_info":0,"uagb_featured_image_src":{"full":["https:\/\/e-verslas.lt\/wp-content\/uploads\/interneto-marketingas-1.jpg",1920,600,false],"thumbnail":["https:\/\/e-verslas.lt\/wp-content\/uploads\/interneto-marketingas-1-150x150.jpg",150,150,true],"medium":["https:\/\/e-verslas.lt\/wp-content\/uploads\/interneto-marketingas-1-300x94.jpg",300,94,true],"medium_large":["https:\/\/e-verslas.lt\/wp-content\/uploads\/interneto-marketingas-1-768x240.jpg",768,240,true],"large":["https:\/\/e-verslas.lt\/wp-content\/uploads\/interneto-marketingas-1-1024x320.jpg",1024,320,true],"1536x1536":["https:\/\/e-verslas.lt\/wp-content\/uploads\/interneto-marketingas-1-1536x480.jpg",1536,480,true],"2048x2048":["https:\/\/e-verslas.lt\/wp-content\/uploads\/interneto-marketingas-1.jpg",1920,600,false],"trp-custom-language-flag":["https:\/\/e-verslas.lt\/wp-content\/uploads\/interneto-marketingas-1.jpg",18,6,false]},"uagb_author_info":{"display_name":"Administratorius","author_link":"https:\/\/e-verslas.lt\/de\/author\/administratorius\/"},"uagb_comment_info":0,"uagb_excerpt":"El. Pa\u0161to Marketingas. Si\u016blome interneto marketingo paslaugas, siekiant greitai i\u0161populiarinti J\u016bs\u0173 versl\u0105 ir padaryti j\u012f tarptautiniu. Pati efektyviausia reklama internete yra naujienlai\u0161ki\u0173 siuntimas \u012fmon\u0117ms. Profesionaliai paruo\u0161tas naujienlai\u0161ki\u0173 marketingas gali pasiekti did\u017ei\u0105j\u0105 dal\u012f J\u016bs\u0173 tikslini\u0173 klient\u0173 ir tam nereikia dideli\u0173 investicij\u0173. Svarbu, kad si\u0173sti naujienlai\u0161kius galima tik i\u0161 anksto su tuo sutikusiems prenumeratoriams, tod\u0117l padedame surinkti&hellip;","_links":{"self":[{"href":"https:\/\/e-verslas.lt\/de\/wp-json\/wp\/v2\/pages\/113","targetHints":{"allow":["GET"]}}],"collection":[{"href":"https:\/\/e-verslas.lt\/de\/wp-json\/wp\/v2\/pages"}],"about":[{"href":"https:\/\/e-verslas.lt\/de\/wp-json\/wp\/v2\/types\/page"}],"author":[{"embeddable":true,"href":"https:\/\/e-verslas.lt\/de\/wp-json\/wp\/v2\/users\/1"}],"replies":[{"embeddable":true,"href":"https:\/\/e-verslas.lt\/de\/wp-json\/wp\/v2\/comments?post=113"}],"version-history":[{"count":8,"href":"https:\/\/e-verslas.lt\/de\/wp-json\/wp\/v2\/pages\/113\/revisions"}],"predecessor-version":[{"id":7629,"href":"https:\/\/e-verslas.lt\/de\/wp-json\/wp\/v2\/pages\/113\/revisions\/7629"}],"wp:featuredmedia":[{"embeddable":true,"href":"https:\/\/e-verslas.lt\/de\/wp-json\/wp\/v2\/media\/70"}],"wp:attachment":[{"href":"https:\/\/e-verslas.lt\/de\/wp-json\/wp\/v2\/media?parent=113"}],"curies":[{"name":"wp","href":"https:\/\/api.w.org\/{rel}","templated":true}]}}