{"id":112,"date":"2020-04-27T07:33:47","date_gmt":"2020-04-27T07:33:47","guid":{"rendered":"https:\/\/e-verslas.lt\/e-verslas-lt-sprendimai\/seo-optimizavimas\/"},"modified":"2026-01-14T01:14:24","modified_gmt":"2026-01-13T23:14:24","slug":"seo-paslaugos","status":"publish","type":"page","link":"https:\/\/e-verslas.lt\/de\/seo-dienstleistungen\/","title":{"rendered":"SEO-Dienste"},"content":{"rendered":"<style>.kb-advanced-slider-112_5857f5-9b .kb-slider-pause-button{color:#fff;background-color:rgba(0, 0, 0, 0.8);border:1px solid transparent;}<\/style><div class=\"kb-advanced-slider kb-advanced-slider-112_5857f5-9b wp-block-kadence-slider\"><div class=\"kb-advanced-slider-inner-contain kb-adv-slider-html-version-2\"><div class=\"kb-blocks-advanced-carousel kt-blocks-carousel kt-carousel-container-dotstyle-none\"><div class=\"kb-blocks-advanced-slider-init kb-slider-loading kb-blocks-slider kt-carousel-arrowstyle-whiteondark kt-carousel-dotstyle-none kb-slider-size-ratio kb-slider-type-slider kb-slider-ratio-3-1 kb-slider-group-arrow kb-slider-arrow-position-center kb-slider-tab-ratio-inherit kb-slider-mobile-ratio-inherit splide kb-splide  kb-slider-version-2\" aria-label=\"Slider-Inhalt\" data-slider-center-mode=\"true\" data-slider-type=\"slider\" data-loop-type=\"loop\" data-columns-xxl=\"3\" data-columns-xl=\"3\" data-columns-md=\"3\" data-columns-sm=\"2\" data-columns-xs=\"1\" data-columns-ss=\"1\" data-slider-anim-speed=\"2000\" data-slider-scroll=\"1\" data-slider-fade=\"true\" data-slider-arrows=\"true\" data-slider-dots=\"false\" data-slider-hover-pause=\"false\" data-slider-auto=\"true\"  data-dragging=\"true\" data-slider-speed=\"1000\" data-slider-gap=\"30\" data-slider-gap-tablet=\"30\" data-slider-gap-mobile=\"30\" data-slider-gap-unit=\"px\"><div class=\"splide__track\"><ul class=\"splide__list\">\n\n<li class=\"wp-block-kadence-slide kb-advanced-slide-item kb-slide-112_184fa3-19\"><div class=\"kb-advanced-slide\"><div class=\"kb-advanced-slide-inner-wrap\"><div class=\"kb-advanced-slide-inner\"><\/div><\/div><\/div><\/li>\n\n\n\n<li class=\"wp-block-kadence-slide kb-advanced-slide-item kb-slide-112_c424ac-23\"><div class=\"kb-advanced-slide\"><div class=\"kb-advanced-slide-inner-wrap\"><div class=\"kb-advanced-slide-inner\">\n<p><\/p>\n<\/div><\/div><\/div><\/li>\n\n\n\n<li class=\"wp-block-kadence-slide kb-advanced-slide-item kb-slide-112_be0d90-87\"><div class=\"kb-advanced-slide\"><div class=\"kb-advanced-slide-inner-wrap\"><div class=\"kb-advanced-slide-inner\"><\/div><\/div><\/div><\/li>\n\n<\/ul><\/div><\/div><\/div><\/div><\/div>\n\n\n<p><strong>SEO-Dienstleistungen. <\/strong>Wir f\u00fchren SEO-Optimierungen durch und ver\u00f6ffentlichen Artikel, um Ihre Website in der Google-Suche besser auffindbar zu machen. Je nach gew\u00e4hltem Monatsplan verhelfen wir Ihrer Website oder Ihrem E-Commerce-Shop zu h\u00f6heren Positionen in den Suchmaschinenergebnissen. Das Ergebnis h\u00e4ngt auch stark vom spezifischen Online-Markt, der Aktivit\u00e4t Ihrer Wettbewerber und deren F\u00e4higkeit ab, h\u00f6here SEO-Positionen zu erreichen.<\/p>\n\n\n\n<h3 class=\"wp-block-heading\" id=\"h-paslaugos\"><strong>Leistungen<\/strong><\/h3>\n\n\n\n<figure style=\"padding-top:var(--wp--preset--spacing--40);padding-right:var(--wp--preset--spacing--40);padding-bottom:var(--wp--preset--spacing--40);padding-left:var(--wp--preset--spacing--40)\" class=\"wp-block-table\"><table class=\"has-fixed-layout\" style=\"border-style:none;border-width:0px\"><tbody><tr><td>\ud83d\udd0e <strong>Markt- und Wettbewerbsanalyse (Inbound-SEO)<\/strong><br>Wir analysieren Ihre Gesch\u00e4ftsnische, bewerten die Positionen Ihrer Konkurrenten in der Google-Suche und identifizieren echte Wachstumschancen.<\/td><\/tr><tr><td>\ud83c\udfaf <strong>Keyword-Auswahl (On-Page-SEO)<\/strong><br>Wir w\u00e4hlen Keywords aus, die nicht nur ein hohes Suchvolumen aufweisen, sondern auch einen echten kommerziellen Wert f\u00fcr Ihr Unternehmen haben.<\/td><\/tr><tr><td>\ud83e\uddf1 <strong>Website-Struktur und technische Optimierung (On-Page-SEO)<\/strong><br>Wir optimieren die Seitenstruktur, interne Verlinkungen und andere technische Elemente, die f\u00fcr die Suchmaschinenoptimierung wichtig sind.<\/td><\/tr><tr><td>\ud83d\udcdd <strong>SEO-Content-Erstellung und -Optimierung (On-Page-SEO)<\/strong><br>Wir bereiten Texte so auf oder verbessern sie, dass sie f\u00fcr Besucher n\u00fctzlich und f\u00fcr Suchmaschinen verst\u00e4ndlich sind.<\/td><\/tr><tr><td>\ud83d\udcf1 <strong>Website-Anpassung f\u00fcr alle Ger\u00e4te (On-Site-SEO)<\/strong><br>Wir sorgen daf\u00fcr, dass die Website schnell l\u00e4dt und auf mobilen Ger\u00e4ten einwandfrei funktioniert.<\/td><\/tr><tr><td>\ud83d\udce3 <strong>Aufbereitung von Inhalten f\u00fcr die Ver\u00f6ffentlichung in sozialen Netzwerken (On-Page-SEO)<\/strong><br>Wir optimieren Seiten so, dass sie beim Teilen auf Facebook, LinkedIn und anderen Netzwerken attraktiv aussehen.<\/td><\/tr><tr><td>\ud83d\udcf0 <strong>SEO-Artikelver\u00f6ffentlichung (Externe Suchmaschinenoptimierung)<\/strong><br>Wir ver\u00f6ffentlichen thematische Artikel auf Nachrichtenportalen und in Verzeichnissen, wodurch die Sichtbarkeit der Website erh\u00f6ht wird.<\/td><\/tr><tr><td>\ud83d\udd17 <strong>Backlink-Aufbau (Offpage-SEO)<\/strong><br>Wir erstellen ein hochwertiges Linkprofil, das die Autorit\u00e4t Ihrer Website in den Augen von Google st\u00e4rkt.<\/td><\/tr><tr><td>\ud83d\udee1\ufe0f <strong>Unterst\u00fctzende SEO-Optimierung<\/strong><br>Wir \u00fcberwachen und aktualisieren st\u00e4ndig unsere SEO-Ma\u00dfnahmen, um die erreichten Positionen zu erhalten.<\/td><\/tr><tr><td>\ud83d\udcca <strong>SEO-Ergebnisanalyse und Strategieanpassung<\/strong><br>Wir \u00fcberwachen Ver\u00e4nderungen bei Positionen, Traffic und Conversions und passen unsere Strategie entsprechend an.<\/td><\/tr><tr><td>\ud83d\udcc8 <strong>\u00dcbersichtliche SEO-Berichte und Budgetkontrolle<\/strong><br>Wir liefern verst\u00e4ndliche Berichte \u00fcber die durchgef\u00fchrten Arbeiten, die erzielten Ergebnisse und den Return on Investment.<\/td><\/tr><\/tbody><\/table><\/figure>\n\n\n\n<h3 class=\"wp-block-heading\" id=\"h-pasiteira-uti\"><strong><strong>Fragen<\/strong>Pfui!<\/strong><\/h3>\n\n\n\n<div class=\"wp-block-contact-form-7-contact-form-selector\">\n<div class=\"wpcf7 no-js\" id=\"wpcf7-f6943-o1\" lang=\"lt-LT\" dir=\"ltr\" data-wpcf7-id=\"6943\">\n<div class=\"screen-reader-response\"><p role=\"status\" aria-live=\"polite\" aria-atomic=\"true\"><\/p> <ul><\/ul><\/div>\n<form action=\"\/de\/wp-json\/wp\/v2\/pages\/112#wpcf7-f6943-o1\" method=\"post\" class=\"wpcf7-form init\" aria-label=\"Kontaktformular\" novalidate=\"novalidate\" data-status=\"init\" data-trp-original-action=\"\/de\/wp-json\/wp\/v2\/pages\/112#wpcf7-f6943-o1\">\n<fieldset class=\"hidden-fields-container\"><input type=\"hidden\" name=\"_wpcf7\" value=\"6943\" \/><input type=\"hidden\" name=\"_wpcf7_version\" value=\"6.1.5\" \/><input type=\"hidden\" name=\"_wpcf7_locale\" value=\"lt_LT\" \/><input type=\"hidden\" name=\"_wpcf7_unit_tag\" value=\"wpcf7-f6943-o1\" \/><input type=\"hidden\" name=\"_wpcf7_container_post\" value=\"0\" \/><input type=\"hidden\" name=\"_wpcf7_posted_data_hash\" value=\"\" \/>\n<\/fieldset>\n<p><span class=\"wpcf7-form-control-wrap\" data-name=\"your-name\"><input size=\"40\" maxlength=\"400\" class=\"wpcf7-form-control wpcf7-text wpcf7-validates-as-required\" autocomplete=\"name\" aria-required=\"true\" aria-invalid=\"false\" placeholder=\"Ihr Name\" value=\"\" type=\"text\" name=\"your-name\" \/><\/span><br \/>\n<span class=\"wpcf7-form-control-wrap\" data-name=\"your-mail\"><input size=\"40\" maxlength=\"400\" class=\"wpcf7-form-control wpcf7-email wpcf7-validates-as-required wpcf7-text wpcf7-validates-as-email\" autocomplete=\"your-mail\" aria-required=\"true\" aria-invalid=\"false\" placeholder=\"Ihre E-Mail\" value=\"\" type=\"email\" name=\"your-mail\" \/><\/span><br \/>\n<span class=\"wpcf7-form-control-wrap\" data-name=\"you-subject\"><select class=\"wpcf7-form-control wpcf7-select\" aria-invalid=\"false\" name=\"you-subject\"><option value=\"\">e-Business.lt-L\u00f6sungen<\/option><option value=\"Interneto Svetain\u0117s\">Websites<\/option><option value=\"Elektronin\u0117s Parduotuv\u0117s\">Elektronikgesch\u00e4fte<\/option><option value=\"Portal\u0173 Aplikacijos\">Portalanwendungen<\/option><option value=\"Dirbtinis Intelektas\">K\u00fcnstliche Intelligenz<\/option><option value=\"SEO Paslaugos\">SEO-Dienste<\/option><option value=\"Google Ads Reklama\">Google Ads Werbung<\/option><option value=\"Socialin\u0117 Rinkodara\">Soziales Marketing<\/option><option value=\"El. Pa\u0161to Marketingas\">E-Mail-Marketing<\/option><\/select><\/span><br \/>\n<span class=\"wpcf7-form-control-wrap\" data-name=\"your-message\"><textarea cols=\"40\" rows=\"10\" maxlength=\"2000\" class=\"wpcf7-form-control wpcf7-textarea\" aria-invalid=\"false\" placeholder=\"Ihre Nachricht\" name=\"your-message\"><\/textarea><\/span><br \/>\n<input class=\"wpcf7-form-control wpcf7-submit has-spinner\" type=\"submit\" value=\"Einreichen!\" \/>\n<\/p><div class=\"wpcf7-response-output\" aria-hidden=\"true\"><\/div>\n<input type=\"hidden\" name=\"trp-form-language\" value=\"de\"\/><\/form>\n<\/div>\n<\/div>","protected":false},"excerpt":{"rendered":"<p>SEO-Dienstleistungen. Wir optimieren Ihre Website f\u00fcr Suchmaschinen (SEO) und ver\u00f6ffentlichen Artikel, um ihre Auffindbarkeit in der Google-Suche zu verbessern. Je nach gew\u00e4hltem Monatspaket unterst\u00fctzen wir Ihre Website oder Ihren Online-Shop dabei, h\u00f6here Platzierungen in den Suchergebnissen zu erreichen. Das Ergebnis h\u00e4ngt jedoch stark vom jeweiligen Online-Markt, den Aktivit\u00e4ten Ihrer Mitbewerber und deren SEO-Strategien ab.<\/p>","protected":false},"author":1,"featured_media":17,"parent":0,"menu_order":3,"comment_status":"closed","ping_status":"closed","template":"","meta":{"_uag_custom_page_level_css":"","_kad_blocks_custom_css":"","_kad_blocks_head_custom_js":"","_kad_blocks_body_custom_js":"","_kad_blocks_footer_custom_js":"","site-sidebar-layout":"default","site-content-layout":"default","ast-site-content-layout":"default","site-content-style":"default","site-sidebar-style":"default","ast-global-header-display":"","ast-banner-title-visibility":"","ast-main-header-display":"","ast-hfb-above-header-display":"","ast-hfb-below-header-display":"","ast-hfb-mobile-header-display":"","site-post-title":"enabled","ast-breadcrumbs-content":"","ast-featured-img":"","footer-sml-layout":"","ast-disable-related-posts":"","theme-transparent-header-meta":"","adv-header-id-meta":"","stick-header-meta":"","header-above-stick-meta":"","header-main-stick-meta":"","header-below-stick-meta":"","astra-migrate-meta-layouts":"set","ast-page-background-enabled":"default","ast-page-background-meta":{"desktop":{"background-color":"var(--ast-global-color-4)","background-image":"","background-repeat":"repeat","background-position":"center center","background-size":"auto","background-attachment":"scroll","background-type":"","background-media":"","overlay-type":"","overlay-color":"","overlay-opacity":"","overlay-gradient":""},"tablet":{"background-color":"","background-image":"","background-repeat":"repeat","background-position":"center center","background-size":"auto","background-attachment":"scroll","background-type":"","background-media":"","overlay-type":"","overlay-color":"","overlay-opacity":"","overlay-gradient":""},"mobile":{"background-color":"","background-image":"","background-repeat":"repeat","background-position":"center center","background-size":"auto","background-attachment":"scroll","background-type":"","background-media":"","overlay-type":"","overlay-color":"","overlay-opacity":"","overlay-gradient":""}},"ast-content-background-meta":{"desktop":{"background-color":"var(--ast-global-color-5)","background-image":"","background-repeat":"repeat","background-position":"center center","background-size":"auto","background-attachment":"scroll","background-type":"","background-media":"","overlay-type":"","overlay-color":"","overlay-opacity":"","overlay-gradient":""},"tablet":{"background-color":"var(--ast-global-color-5)","background-image":"","background-repeat":"repeat","background-position":"center center","background-size":"auto","background-attachment":"scroll","background-type":"","background-media":"","overlay-type":"","overlay-color":"","overlay-opacity":"","overlay-gradient":""},"mobile":{"background-color":"var(--ast-global-color-5)","background-image":"","background-repeat":"repeat","background-position":"center center","background-size":"auto","background-attachment":"scroll","background-type":"","background-media":"","overlay-type":"","overlay-color":"","overlay-opacity":"","overlay-gradient":""}},"footnotes":""},"class_list":["post-112","page","type-page","status-publish","has-post-thumbnail","hentry"],"taxonomy_info":[],"featured_image_src_large":["https:\/\/e-verslas.lt\/wp-content\/uploads\/seo-optimizavimas-1-1024x320.jpg",1024,320,true],"author_info":{"display_name":"Administratorius","author_link":"https:\/\/e-verslas.lt\/de\/author\/administratorius\/"},"comment_info":0,"uagb_featured_image_src":{"full":["https:\/\/e-verslas.lt\/wp-content\/uploads\/seo-optimizavimas-1.jpg",1920,600,false],"thumbnail":["https:\/\/e-verslas.lt\/wp-content\/uploads\/seo-optimizavimas-1-150x150.jpg",150,150,true],"medium":["https:\/\/e-verslas.lt\/wp-content\/uploads\/seo-optimizavimas-1-300x94.jpg",300,94,true],"medium_large":["https:\/\/e-verslas.lt\/wp-content\/uploads\/seo-optimizavimas-1-768x240.jpg",768,240,true],"large":["https:\/\/e-verslas.lt\/wp-content\/uploads\/seo-optimizavimas-1-1024x320.jpg",1024,320,true],"1536x1536":["https:\/\/e-verslas.lt\/wp-content\/uploads\/seo-optimizavimas-1-1536x480.jpg",1536,480,true],"2048x2048":["https:\/\/e-verslas.lt\/wp-content\/uploads\/seo-optimizavimas-1.jpg",1920,600,false],"trp-custom-language-flag":["https:\/\/e-verslas.lt\/wp-content\/uploads\/seo-optimizavimas-1.jpg",18,6,false]},"uagb_author_info":{"display_name":"Administratorius","author_link":"https:\/\/e-verslas.lt\/de\/author\/administratorius\/"},"uagb_comment_info":0,"uagb_excerpt":"SEO Paslaugos. Atliekame SEO optimizacij\u0105 ir publikuojame straipsnius, tam kad J\u016bs\u0173 svetain\u0117 lengviau b\u016bt\u0173 randama Google paie\u0161koje. Priklausomai nuo J\u016bs\u0173 pasirinkto m\u0117nesinio plano, padedame J\u016bs\u0173 interneto svetainei arba elektroninei parduotuvei pasiekti auk\u0161tesnes pozicijas paie\u0161kos sistem\u0173 rezultat\u0173 puslapiuose. Rezultatas taip pat daug priklauso nuo konkre\u010dios interneto rinkos, J\u016bs\u0173 konkurent\u0173 aktyvumo ir j\u0173 sugeb\u0117jimo pasiekti auk\u0161tesni\u0173 SEO&hellip;","_links":{"self":[{"href":"https:\/\/e-verslas.lt\/de\/wp-json\/wp\/v2\/pages\/112","targetHints":{"allow":["GET"]}}],"collection":[{"href":"https:\/\/e-verslas.lt\/de\/wp-json\/wp\/v2\/pages"}],"about":[{"href":"https:\/\/e-verslas.lt\/de\/wp-json\/wp\/v2\/types\/page"}],"author":[{"embeddable":true,"href":"https:\/\/e-verslas.lt\/de\/wp-json\/wp\/v2\/users\/1"}],"replies":[{"embeddable":true,"href":"https:\/\/e-verslas.lt\/de\/wp-json\/wp\/v2\/comments?post=112"}],"version-history":[{"count":7,"href":"https:\/\/e-verslas.lt\/de\/wp-json\/wp\/v2\/pages\/112\/revisions"}],"predecessor-version":[{"id":7637,"href":"https:\/\/e-verslas.lt\/de\/wp-json\/wp\/v2\/pages\/112\/revisions\/7637"}],"wp:featuredmedia":[{"embeddable":true,"href":"https:\/\/e-verslas.lt\/de\/wp-json\/wp\/v2\/media\/17"}],"wp:attachment":[{"href":"https:\/\/e-verslas.lt\/de\/wp-json\/wp\/v2\/media?parent=112"}],"curies":[{"name":"wp","href":"https:\/\/api.w.org\/{rel}","templated":true}]}}