{"id":110,"date":"2020-04-27T07:32:14","date_gmt":"2020-04-27T07:32:14","guid":{"rendered":"https:\/\/e-verslas.lt\/e-verslas-lt-sprendimai\/google-ads-reklama\/"},"modified":"2026-01-05T00:15:03","modified_gmt":"2026-01-04T22:15:03","slug":"google-ads-reklama","status":"publish","type":"page","link":"https:\/\/e-verslas.lt\/de\/google-ads-werbung\/","title":{"rendered":"Google Ads Werbung"},"content":{"rendered":"<style>.kb-advanced-slider-110_ef2901-7f .kb-slider-pause-button{color:#fff;background-color:rgba(0, 0, 0, 0.8);border:1px solid transparent;}<\/style><div class=\"kb-advanced-slider kb-advanced-slider-110_ef2901-7f wp-block-kadence-slider\"><div class=\"kb-advanced-slider-inner-contain kb-adv-slider-html-version-2\"><div class=\"kb-blocks-advanced-carousel kt-blocks-carousel kt-carousel-container-dotstyle-none\"><div class=\"kb-blocks-advanced-slider-init kb-slider-loading kb-blocks-slider kt-carousel-arrowstyle-whiteondark kt-carousel-dotstyle-none kb-slider-size-ratio kb-slider-type-slider kb-slider-ratio-3-1 kb-slider-group-arrow kb-slider-arrow-position-center kb-slider-tab-ratio-inherit kb-slider-mobile-ratio-inherit splide kb-splide  kb-slider-version-2\" aria-label=\"Slider-Inhalt\" data-slider-center-mode=\"true\" data-slider-type=\"slider\" data-loop-type=\"loop\" data-columns-xxl=\"3\" data-columns-xl=\"3\" data-columns-md=\"3\" data-columns-sm=\"2\" data-columns-xs=\"1\" data-columns-ss=\"1\" data-slider-anim-speed=\"2000\" data-slider-scroll=\"1\" data-slider-fade=\"true\" data-slider-arrows=\"true\" data-slider-dots=\"false\" data-slider-hover-pause=\"false\" data-slider-auto=\"true\"  data-dragging=\"true\" data-slider-speed=\"1000\" data-slider-gap=\"30\" data-slider-gap-tablet=\"30\" data-slider-gap-mobile=\"30\" data-slider-gap-unit=\"px\"><div class=\"splide__track\"><ul class=\"splide__list\">\n\n<li class=\"wp-block-kadence-slide kb-advanced-slide-item kb-slide-110_568e8f-e5\"><div class=\"kb-advanced-slide\"><div class=\"kb-advanced-slide-inner-wrap\"><div class=\"kb-advanced-slide-inner\"><\/div><\/div><\/div><\/li>\n\n\n\n<li class=\"wp-block-kadence-slide kb-advanced-slide-item kb-slide-110_bc25ff-79\"><div class=\"kb-advanced-slide\"><div class=\"kb-advanced-slide-inner-wrap\"><div class=\"kb-advanced-slide-inner\"><\/div><\/div><\/div><\/li>\n\n\n\n<li class=\"wp-block-kadence-slide kb-advanced-slide-item kb-slide-110_f283c3-9b\"><div class=\"kb-advanced-slide\"><div class=\"kb-advanced-slide-inner-wrap\"><div class=\"kb-advanced-slide-inner\"><\/div><\/div><\/div><\/li>\n\n<\/ul><\/div><\/div><\/div><\/div><\/div>\n\n\n<p><strong>Google Ads-Werbung. <\/strong>Wir schalten Google Ads-Werbung, bei der Sie nur f\u00fcr Klicks von Kunden zahlen, die an Ihren Dienstleistungen oder Produkten interessiert sind. Dies ist ein hervorragender Werbekanal f\u00fcr einen erfolgreichen Start Ihres Unternehmens, da 98% litauische Nutzer in der Google-Suchmaschine nach Waren oder Dienstleistungen suchen und 70% aus den ersten f\u00fcnf Ergebnissen ausw\u00e4hlen. Je nach den ausgew\u00e4hlten Schl\u00fcsselw\u00f6rtern werden Ihre Anzeigen und die Ihrer Konkurrenten in der Google-Suche angezeigt. Dabei erzielen diejenigen die meisten Gewinne, die die Schl\u00fcsselw\u00f6rter f\u00fcr ihre Anzeigenbeschreibung geschickter w\u00e4hlen. Das Ergebnis h\u00e4ngt nat\u00fcrlich von der H\u00f6he des Budgets pro Klick ab, wenn Besucher auf Ihre Website weitergeleitet werden. Daher ist die Online-Vorbereitung von Google Ads-Werbung ein sehr wichtiger und sorgf\u00e4ltig geplanter Prozess.<\/p>\n\n\n\n<h3 class=\"wp-block-heading\" id=\"h-paslaugos\"><strong>Leistungen<\/strong><\/h3>\n\n\n\n<figure style=\"padding-top:var(--wp--preset--spacing--40);padding-right:var(--wp--preset--spacing--40);padding-bottom:var(--wp--preset--spacing--40);padding-left:var(--wp--preset--spacing--40)\" class=\"wp-block-table\"><table class=\"has-fixed-layout\" style=\"border-style:none;border-width:0px\"><tbody><tr><td><strong>\ud83c\udfaf Ziel- und Strategiesetzung<\/strong><br>Wir ermitteln das Werbeziel (Anfragen, Verk\u00e4ufe, Anrufe, Besucherzahlen) und w\u00e4hlen die am besten geeignete Kampagnenstrategie aus.<\/td><\/tr><tr><td><strong>\ud83d\udd0e Keyword-Recherche<\/strong><br>Wir f\u00fchren eine Keyword-Analyse durch, gruppieren die Keywords nach Suchintention und erstellen eine Liste negativer Keywords.<\/td><\/tr><tr><td><strong>\ud83e\udde9 Kampagnenstruktur<\/strong><br>Wir erstellen eine logische Struktur von Kampagnen und Anzeigengruppen basierend auf Dienstleistungen, Kategorien, St\u00e4dten oder Zielgruppen.<\/td><\/tr><tr><td><strong>\ud83d\udcdd Anzeigentexte und Erweiterungen<\/strong><br>Wir erstellen Anzeigen (RSA), \u00dcberschriften\/Beschreibungen und konfigurieren Erweiterungen: Anrufe, Links, Fu\u00dfnoten, Preise usw.<\/td><\/tr><tr><td><strong>\ud83c\udf10 Empfehlungen f\u00fcr Landingpages<\/strong><br>Wir schlagen M\u00f6glichkeiten zur Verbesserung von Landingpages vor, um die Konversionsrate zu steigern (CTA, Formular, Geschwindigkeit, Vertrauenselemente).<\/td><\/tr><tr><td><strong>\ud83d\udecd\ufe0f Einkaufszentrum \/ H\u00e4ndlerzentrum<\/strong><br>Wenn Sie einen Online-Shop haben, verbinden wir Merchant Center, organisieren den Datenfeed und starten Shopping\/Performance Max.<\/td><\/tr><tr><td><strong>\ud83d\udcf8 Display- und Remarketing-Kampagnen<\/strong><br>Wir setzen Remarketing (GDN\/YouTube) ein, erstellen Zielgruppen und f\u00fchren Besucher zur\u00fcck zur Website oder in den Warenkorb.<\/td><\/tr><tr><td><strong>\ud83d\udccd Lokale Werbung<\/strong><br>Sofern relevant, optimieren wir Anzeigen basierend auf St\u00e4dten\/Regionen, Arbeitszeiten, Anrufpriorit\u00e4t und Routen.<\/td><\/tr><tr><td><strong>\ud83d\udd27 Conversion-Tracking<\/strong><br>Wir konfigurieren GA4\/Google Ads-Conversions: Formulare, Anrufe, K\u00e4ufe, Klicks auf Schaltfl\u00e4chen, Offline-Import (falls erforderlich).<\/td><\/tr><tr><td><strong>\ud83d\udcb8 Budget- und Preiskontrolle<\/strong><br>Wir optimieren CPC\/CPA\/ROAS, Gebotsstrategien, Budgetallokation und Schutzma\u00dfnahmen gegen unn\u00f6tige Ausgaben.<\/td><\/tr><tr><td><strong>\ud83e\uddea A\/B-Testing<\/strong><br>Wir testen Anzeigenvarianten, Zielgruppen, Landingpages und Angebote, um die Konversionsrate zu steigern.<\/td><\/tr><tr><td><strong>\ud83d\udcca Berichte und Wartung<\/strong><br>Wir liefern regelm\u00e4\u00dfig Berichte: Kosten, Klicks, Konversionen, CPA\/ROAS, was bereits getan wurde und was als N\u00e4chstes geplant ist.<\/td><\/tr><\/tbody><\/table><\/figure>\n\n\n\n<h3 class=\"wp-block-heading\" id=\"h-pasiteira-uti\"><strong><strong>Fragen<\/strong>Pfui!<\/strong><\/h3>\n\n\n\n<div class=\"wp-block-contact-form-7-contact-form-selector\">\n<div class=\"wpcf7 no-js\" id=\"wpcf7-f6943-o1\" lang=\"lt-LT\" dir=\"ltr\" data-wpcf7-id=\"6943\">\n<div class=\"screen-reader-response\"><p role=\"status\" aria-live=\"polite\" aria-atomic=\"true\"><\/p> <ul><\/ul><\/div>\n<form action=\"\/de\/wp-json\/wp\/v2\/pages\/110#wpcf7-f6943-o1\" method=\"post\" class=\"wpcf7-form init\" aria-label=\"Kontaktformular\" novalidate=\"novalidate\" data-status=\"init\" data-trp-original-action=\"\/de\/wp-json\/wp\/v2\/pages\/110#wpcf7-f6943-o1\">\n<fieldset class=\"hidden-fields-container\"><input type=\"hidden\" name=\"_wpcf7\" value=\"6943\" \/><input type=\"hidden\" name=\"_wpcf7_version\" value=\"6.1.5\" \/><input type=\"hidden\" name=\"_wpcf7_locale\" value=\"lt_LT\" \/><input type=\"hidden\" name=\"_wpcf7_unit_tag\" value=\"wpcf7-f6943-o1\" \/><input type=\"hidden\" name=\"_wpcf7_container_post\" value=\"0\" \/><input type=\"hidden\" name=\"_wpcf7_posted_data_hash\" value=\"\" \/>\n<\/fieldset>\n<p><span class=\"wpcf7-form-control-wrap\" data-name=\"your-name\"><input size=\"40\" maxlength=\"400\" class=\"wpcf7-form-control wpcf7-text wpcf7-validates-as-required\" autocomplete=\"name\" aria-required=\"true\" aria-invalid=\"false\" placeholder=\"Ihr Name\" value=\"\" type=\"text\" name=\"your-name\" \/><\/span><br \/>\n<span class=\"wpcf7-form-control-wrap\" data-name=\"your-mail\"><input size=\"40\" maxlength=\"400\" class=\"wpcf7-form-control wpcf7-email wpcf7-validates-as-required wpcf7-text wpcf7-validates-as-email\" autocomplete=\"your-mail\" aria-required=\"true\" aria-invalid=\"false\" placeholder=\"Ihre E-Mail\" value=\"\" type=\"email\" name=\"your-mail\" \/><\/span><br \/>\n<span class=\"wpcf7-form-control-wrap\" data-name=\"you-subject\"><select class=\"wpcf7-form-control wpcf7-select\" aria-invalid=\"false\" name=\"you-subject\"><option value=\"\">e-Business.lt-L\u00f6sungen<\/option><option value=\"Interneto Svetain\u0117s\">Websites<\/option><option value=\"Elektronin\u0117s Parduotuv\u0117s\">Elektronikgesch\u00e4fte<\/option><option value=\"Portal\u0173 Aplikacijos\">Portalanwendungen<\/option><option value=\"Dirbtinis Intelektas\">K\u00fcnstliche Intelligenz<\/option><option value=\"SEO Paslaugos\">SEO-Dienste<\/option><option value=\"Google Ads Reklama\">Google Ads Werbung<\/option><option value=\"Socialin\u0117 Rinkodara\">Soziales Marketing<\/option><option value=\"El. Pa\u0161to Marketingas\">E-Mail-Marketing<\/option><\/select><\/span><br \/>\n<span class=\"wpcf7-form-control-wrap\" data-name=\"your-message\"><textarea cols=\"40\" rows=\"10\" maxlength=\"2000\" class=\"wpcf7-form-control wpcf7-textarea\" aria-invalid=\"false\" placeholder=\"Ihre Nachricht\" name=\"your-message\"><\/textarea><\/span><br \/>\n<input class=\"wpcf7-form-control wpcf7-submit has-spinner\" type=\"submit\" value=\"Einreichen!\" \/>\n<\/p><div class=\"wpcf7-response-output\" aria-hidden=\"true\"><\/div>\n<input type=\"hidden\" name=\"trp-form-language\" value=\"de\"\/><\/form>\n<\/div>\n<\/div>","protected":false},"excerpt":{"rendered":"<p>Google Ads-Werbung. Wir schalten Google Ads-Anzeigen, bei denen Sie nur f\u00fcr Klicks von Kunden zahlen, die sich f\u00fcr Ihre Dienstleistungen oder Produkte interessieren. Dies ist ein hervorragender Werbekanal f\u00fcr einen erfolgreichen Start Ihres Unternehmens, denn 981 litauische Nutzer suchen in der Google-Suchmaschine nach Waren oder Dienstleistungen und w\u00e4hlen aus den ersten f\u00fcnf Ergebnissen aus. Entsprechend den ausgew\u00e4hlten Keywords werden Ihre Anzeigen und die Ihrer Mitbewerber in der Google-Suche angezeigt. [\u2026]<\/p>","protected":false},"author":1,"featured_media":65,"parent":0,"menu_order":4,"comment_status":"closed","ping_status":"closed","template":"","meta":{"_uag_custom_page_level_css":"","_kad_blocks_custom_css":"","_kad_blocks_head_custom_js":"","_kad_blocks_body_custom_js":"","_kad_blocks_footer_custom_js":"","site-sidebar-layout":"default","site-content-layout":"default","ast-site-content-layout":"default","site-content-style":"default","site-sidebar-style":"default","ast-global-header-display":"","ast-banner-title-visibility":"","ast-main-header-display":"","ast-hfb-above-header-display":"","ast-hfb-below-header-display":"","ast-hfb-mobile-header-display":"","site-post-title":"enabled","ast-breadcrumbs-content":"","ast-featured-img":"","footer-sml-layout":"","ast-disable-related-posts":"","theme-transparent-header-meta":"","adv-header-id-meta":"","stick-header-meta":"","header-above-stick-meta":"","header-main-stick-meta":"","header-below-stick-meta":"","astra-migrate-meta-layouts":"set","ast-page-background-enabled":"default","ast-page-background-meta":{"desktop":{"background-color":"var(--ast-global-color-4)","background-image":"","background-repeat":"repeat","background-position":"center center","background-size":"auto","background-attachment":"scroll","background-type":"","background-media":"","overlay-type":"","overlay-color":"","overlay-opacity":"","overlay-gradient":""},"tablet":{"background-color":"","background-image":"","background-repeat":"repeat","background-position":"center center","background-size":"auto","background-attachment":"scroll","background-type":"","background-media":"","overlay-type":"","overlay-color":"","overlay-opacity":"","overlay-gradient":""},"mobile":{"background-color":"","background-image":"","background-repeat":"repeat","background-position":"center center","background-size":"auto","background-attachment":"scroll","background-type":"","background-media":"","overlay-type":"","overlay-color":"","overlay-opacity":"","overlay-gradient":""}},"ast-content-background-meta":{"desktop":{"background-color":"var(--ast-global-color-5)","background-image":"","background-repeat":"repeat","background-position":"center center","background-size":"auto","background-attachment":"scroll","background-type":"","background-media":"","overlay-type":"","overlay-color":"","overlay-opacity":"","overlay-gradient":""},"tablet":{"background-color":"var(--ast-global-color-5)","background-image":"","background-repeat":"repeat","background-position":"center center","background-size":"auto","background-attachment":"scroll","background-type":"","background-media":"","overlay-type":"","overlay-color":"","overlay-opacity":"","overlay-gradient":""},"mobile":{"background-color":"var(--ast-global-color-5)","background-image":"","background-repeat":"repeat","background-position":"center center","background-size":"auto","background-attachment":"scroll","background-type":"","background-media":"","overlay-type":"","overlay-color":"","overlay-opacity":"","overlay-gradient":""}},"footnotes":""},"class_list":["post-110","page","type-page","status-publish","has-post-thumbnail","hentry"],"taxonomy_info":[],"featured_image_src_large":["https:\/\/e-verslas.lt\/wp-content\/uploads\/google-reklama-1-1024x320.jpg",1024,320,true],"author_info":{"display_name":"Administratorius","author_link":"https:\/\/e-verslas.lt\/de\/author\/administratorius\/"},"comment_info":0,"uagb_featured_image_src":{"full":["https:\/\/e-verslas.lt\/wp-content\/uploads\/google-reklama-1.jpg",1920,600,false],"thumbnail":["https:\/\/e-verslas.lt\/wp-content\/uploads\/google-reklama-1-150x150.jpg",150,150,true],"medium":["https:\/\/e-verslas.lt\/wp-content\/uploads\/google-reklama-1-300x94.jpg",300,94,true],"medium_large":["https:\/\/e-verslas.lt\/wp-content\/uploads\/google-reklama-1-768x240.jpg",768,240,true],"large":["https:\/\/e-verslas.lt\/wp-content\/uploads\/google-reklama-1-1024x320.jpg",1024,320,true],"1536x1536":["https:\/\/e-verslas.lt\/wp-content\/uploads\/google-reklama-1-1536x480.jpg",1536,480,true],"2048x2048":["https:\/\/e-verslas.lt\/wp-content\/uploads\/google-reklama-1.jpg",1920,600,false],"trp-custom-language-flag":["https:\/\/e-verslas.lt\/wp-content\/uploads\/google-reklama-1.jpg",18,6,false]},"uagb_author_info":{"display_name":"Administratorius","author_link":"https:\/\/e-verslas.lt\/de\/author\/administratorius\/"},"uagb_comment_info":0,"uagb_excerpt":"Google Ads Reklama. Vykdome Google Ads reklam\u0105, kada mokama tik u\u017e J\u016bs\u0173 paslaugomis arba prek\u0117mis susidom\u0117jusi\u0173 klient\u0173 paspaudimus. Tai puikus reklamos kanalas gerai verslo prad\u017eiai, nes Google paie\u0161kos sistemoje, preki\u0173 ar paslaug\u0173 paie\u0161kas vykdo 98% Lietuvos vartotoj\u0173, 70% renkasi i\u0161 pirm\u0173j\u0173 5 rezultat\u0173. Pagal parinktus raktinius \u017eod\u017eius, Google paie\u0161koje rodoma J\u016bs\u0173 ir konkurent\u0173 reklaminiai skelbimai.&hellip;","_links":{"self":[{"href":"https:\/\/e-verslas.lt\/de\/wp-json\/wp\/v2\/pages\/110","targetHints":{"allow":["GET"]}}],"collection":[{"href":"https:\/\/e-verslas.lt\/de\/wp-json\/wp\/v2\/pages"}],"about":[{"href":"https:\/\/e-verslas.lt\/de\/wp-json\/wp\/v2\/types\/page"}],"author":[{"embeddable":true,"href":"https:\/\/e-verslas.lt\/de\/wp-json\/wp\/v2\/users\/1"}],"replies":[{"embeddable":true,"href":"https:\/\/e-verslas.lt\/de\/wp-json\/wp\/v2\/comments?post=110"}],"version-history":[{"count":5,"href":"https:\/\/e-verslas.lt\/de\/wp-json\/wp\/v2\/pages\/110\/revisions"}],"predecessor-version":[{"id":7510,"href":"https:\/\/e-verslas.lt\/de\/wp-json\/wp\/v2\/pages\/110\/revisions\/7510"}],"wp:featuredmedia":[{"embeddable":true,"href":"https:\/\/e-verslas.lt\/de\/wp-json\/wp\/v2\/media\/65"}],"wp:attachment":[{"href":"https:\/\/e-verslas.lt\/de\/wp-json\/wp\/v2\/media?parent=110"}],"curies":[{"name":"wp","href":"https:\/\/api.w.org\/{rel}","templated":true}]}}