{"id":109,"date":"2020-04-27T07:31:37","date_gmt":"2020-04-27T07:31:37","guid":{"rendered":"https:\/\/e-verslas.lt\/e-verslas-lt-sprendimai\/elektronines-parduotuves\/"},"modified":"2026-01-05T00:03:11","modified_gmt":"2026-01-04T22:03:11","slug":"elektronines-parduotuves","status":"publish","type":"page","link":"https:\/\/e-verslas.lt\/de\/elektronikgeschafte\/","title":{"rendered":"Elektronikgesch\u00e4fte"},"content":{"rendered":"<style>.kb-advanced-slider-109_39cf78-d0 .kb-slider-pause-button{color:#fff;background-color:rgba(0, 0, 0, 0.8);border:1px solid transparent;}<\/style><div class=\"kb-advanced-slider kb-advanced-slider-109_39cf78-d0 wp-block-kadence-slider\"><div class=\"kb-advanced-slider-inner-contain kb-adv-slider-html-version-2\"><div class=\"kb-blocks-advanced-carousel kt-blocks-carousel kt-carousel-container-dotstyle-none\"><div class=\"kb-blocks-advanced-slider-init kb-slider-loading kb-blocks-slider kt-carousel-arrowstyle-whiteondark kt-carousel-dotstyle-none kb-slider-size-ratio kb-slider-type-slider kb-slider-ratio-3-1 kb-slider-group-arrow kb-slider-arrow-position-center kb-slider-tab-ratio-inherit kb-slider-mobile-ratio-inherit splide kb-splide  kb-slider-version-2\" aria-label=\"Slider-Inhalt\" data-slider-center-mode=\"true\" data-slider-type=\"slider\" data-loop-type=\"loop\" data-columns-xxl=\"3\" data-columns-xl=\"3\" data-columns-md=\"3\" data-columns-sm=\"2\" data-columns-xs=\"1\" data-columns-ss=\"1\" data-slider-anim-speed=\"2000\" data-slider-scroll=\"1\" data-slider-fade=\"true\" data-slider-arrows=\"true\" data-slider-dots=\"false\" data-slider-hover-pause=\"false\" data-slider-auto=\"true\"  data-dragging=\"true\" data-slider-speed=\"1000\" data-slider-gap=\"30\" data-slider-gap-tablet=\"30\" data-slider-gap-mobile=\"30\" data-slider-gap-unit=\"px\"><div class=\"splide__track\"><ul class=\"splide__list\">\n\n<li class=\"wp-block-kadence-slide kb-advanced-slide-item kb-slide-109_c67b1f-7c\"><div class=\"kb-advanced-slide\"><div class=\"kb-advanced-slide-inner-wrap\"><div class=\"kb-advanced-slide-inner\"><\/div><\/div><\/div><\/li>\n\n\n\n<li class=\"wp-block-kadence-slide kb-advanced-slide-item kb-slide-109_727aee-d0\"><div class=\"kb-advanced-slide\"><div class=\"kb-advanced-slide-inner-wrap\"><div class=\"kb-advanced-slide-inner\"><\/div><\/div><\/div><\/li>\n\n\n\n<li class=\"wp-block-kadence-slide kb-advanced-slide-item kb-slide-109_d70f63-77\"><div class=\"kb-advanced-slide\"><div class=\"kb-advanced-slide-inner-wrap\"><div class=\"kb-advanced-slide-inner\"><\/div><\/div><\/div><\/li>\n\n<\/ul><\/div><\/div><\/div><\/div><\/div>\n\n\n<p><strong>Elektronikgesch\u00e4fte. <\/strong>Wir erstellen Online-Shops, erweitern Ihr Gesch\u00e4ft und steigern Ihre Online-Verk\u00e4ufe. Sie m\u00fcssen nicht in R\u00e4umlichkeiten f\u00fcr ein einfaches Gesch\u00e4ft und die Lagerung von Waren investieren. Viel weniger Personal, bequemere Buchhaltung, alles ist automatisiert. Sie k\u00f6nnen Ihren Kunden mehr Waren liefern als in einem einfachen Gesch\u00e4ft. Das Shop-Design wird aus einer Vielzahl vorhandener professioneller Vorlagen ausgew\u00e4hlt und angepasst oder nach Kundenwunsch erstellt. Der Shop ist auf Bildschirmen aller Diagonalen, station\u00e4ren und mobilen Ger\u00e4ten, sichtbar. Alle Funktionen des Shops und des Produktkatalogs lassen sich einfach und ohne Programmierkenntnisse verwalten. Der Produktkatalog ist SEO-f\u00e4hig und zieht daher viele Besucher \u00fcber die Suchmaschine Google an, die nach Ihren Produkten suchen.<\/p>\n\n\n\n<h3 class=\"wp-block-heading\" id=\"h-paslaugos\"><strong>Leistungen<\/strong><\/h3>\n\n\n\n<figure style=\"padding-top:var(--wp--preset--spacing--30);padding-right:var(--wp--preset--spacing--30);padding-bottom:var(--wp--preset--spacing--30);padding-left:var(--wp--preset--spacing--30)\" class=\"wp-block-table\"><table class=\"has-fixed-layout\" style=\"border-style:none;border-width:0px\"><tbody><tr><td><strong>\ud83d\udecd\ufe0f Produktkatalog<\/strong><br>\u00dcbersichtliche Kategorien, Filter, Suche, Varianten (Gr\u00f6\u00dfen\/Farben) und Produktvergleich.<\/td><\/tr><tr><td><strong>\ud83e\uddfe Warenkorb und Zahlungen<\/strong><br>Der Kaufprozess vom Warenkorb bis zur Zahlung, Bankzahlungen, Kartenzahlungen und andere Zahlungsmethoden.<\/td><\/tr><tr><td><strong>\ud83d\ude9a Lieferung<\/strong><br>Kurierdienste, Paketautomaten, Lieferpreisregeln, Sendungsstatus und automatische Benachrichtigungen.<\/td><\/tr><tr><td><strong>\ud83d\udce6 Lagerverwaltung<\/strong><br>Salden, Reservierungen, Import\/Export von Waren, Integrationen mit Lieferanten oder Buchhaltung.<\/td><\/tr><tr><td><strong>\ud83c\udff7\ufe0f Rabatte und Aktionen<\/strong><br>Gutscheine, Sonderangebote, Festpreise, Treueprogramme, Geschenkgutscheine.<\/td><\/tr><tr><td><strong>\ud83d\udc64 Kundenkonto<\/strong><br>Bestellhistorie, wiederholte K\u00e4ufe, Adressen, Rechnungen, Retouren.<\/td><\/tr><tr><td><strong>\u2b50 Rezensionen und Bewertungen<\/strong><br>Produktbewertungen, Kommentare, Fragen und Antworten sowie Empfehlungen.<\/td><\/tr><tr><td><strong>\ud83d\udcc4 Rechnungen und Dokumente<\/strong><br>Rechnungsstellung, PDF-Dokumente, B2B-Details, Automatisierung.<\/td><\/tr><tr><td><strong>\ud83d\udcc8 SEO und Analysen<\/strong><br>SEO-Struktur, Produktschema, Google Analytics\/Ads, Conversion-Tracking und Reporting.<\/td><\/tr><tr><td><strong>\ud83d\udce3 Integrationen mit dem Marketing<\/strong><br>Newsletter, Remarketing, Facebook-\/Instagram-Kataloge, Produktfeeds.<\/td><\/tr><tr><td><strong>\ud83c\udf0d Mehrsprachigkeit und W\u00e4hrungen<\/strong><br>Mehrsprachige Unterst\u00fctzung, Preisgestaltung in verschiedenen W\u00e4hrungen, Einrichtung internationaler Handelsplattformen.<\/td><\/tr><tr><td><strong>\ud83d\udd10 Sicherheit und Verwaltung<\/strong><br>SSL, Rollen, 2FA, Backups, Updates, Betrugsschutz.<\/td><\/tr><\/tbody><\/table><\/figure>\n\n\n\n<h3 class=\"wp-block-heading\" id=\"h-pasiteira-uti\"><strong><strong>Fragen<\/strong>Pfui!<\/strong><\/h3>\n\n\n\n<div class=\"wp-block-contact-form-7-contact-form-selector\">\n<div class=\"wpcf7 no-js\" id=\"wpcf7-f6943-o1\" lang=\"lt-LT\" dir=\"ltr\" data-wpcf7-id=\"6943\">\n<div class=\"screen-reader-response\"><p role=\"status\" aria-live=\"polite\" aria-atomic=\"true\"><\/p> <ul><\/ul><\/div>\n<form action=\"\/de\/wp-json\/wp\/v2\/pages\/109#wpcf7-f6943-o1\" method=\"post\" class=\"wpcf7-form init\" aria-label=\"Kontaktformular\" novalidate=\"novalidate\" data-status=\"init\" data-trp-original-action=\"\/de\/wp-json\/wp\/v2\/pages\/109#wpcf7-f6943-o1\">\n<fieldset class=\"hidden-fields-container\"><input type=\"hidden\" name=\"_wpcf7\" value=\"6943\" \/><input type=\"hidden\" name=\"_wpcf7_version\" value=\"6.1.5\" \/><input type=\"hidden\" name=\"_wpcf7_locale\" value=\"lt_LT\" \/><input type=\"hidden\" name=\"_wpcf7_unit_tag\" value=\"wpcf7-f6943-o1\" \/><input type=\"hidden\" name=\"_wpcf7_container_post\" value=\"0\" \/><input type=\"hidden\" name=\"_wpcf7_posted_data_hash\" value=\"\" \/>\n<\/fieldset>\n<p><span class=\"wpcf7-form-control-wrap\" data-name=\"your-name\"><input size=\"40\" maxlength=\"400\" class=\"wpcf7-form-control wpcf7-text wpcf7-validates-as-required\" autocomplete=\"name\" aria-required=\"true\" aria-invalid=\"false\" placeholder=\"Ihr Name\" value=\"\" type=\"text\" name=\"your-name\" \/><\/span><br \/>\n<span class=\"wpcf7-form-control-wrap\" data-name=\"your-mail\"><input size=\"40\" maxlength=\"400\" class=\"wpcf7-form-control wpcf7-email wpcf7-validates-as-required wpcf7-text wpcf7-validates-as-email\" autocomplete=\"your-mail\" aria-required=\"true\" aria-invalid=\"false\" placeholder=\"Ihre E-Mail\" value=\"\" type=\"email\" name=\"your-mail\" \/><\/span><br \/>\n<span class=\"wpcf7-form-control-wrap\" data-name=\"you-subject\"><select class=\"wpcf7-form-control wpcf7-select\" aria-invalid=\"false\" name=\"you-subject\"><option value=\"\">e-Business.lt-L\u00f6sungen<\/option><option value=\"Interneto Svetain\u0117s\">Websites<\/option><option value=\"Elektronin\u0117s Parduotuv\u0117s\">Elektronikgesch\u00e4fte<\/option><option value=\"Portal\u0173 Aplikacijos\">Portalanwendungen<\/option><option value=\"Dirbtinis Intelektas\">K\u00fcnstliche Intelligenz<\/option><option value=\"SEO Paslaugos\">SEO-Dienste<\/option><option value=\"Google Ads Reklama\">Google Ads Werbung<\/option><option value=\"Socialin\u0117 Rinkodara\">Soziales Marketing<\/option><option value=\"El. Pa\u0161to Marketingas\">E-Mail-Marketing<\/option><\/select><\/span><br \/>\n<span class=\"wpcf7-form-control-wrap\" data-name=\"your-message\"><textarea cols=\"40\" rows=\"10\" maxlength=\"2000\" class=\"wpcf7-form-control wpcf7-textarea\" aria-invalid=\"false\" placeholder=\"Ihre Nachricht\" name=\"your-message\"><\/textarea><\/span><br \/>\n<input class=\"wpcf7-form-control wpcf7-submit has-spinner\" type=\"submit\" value=\"Einreichen!\" \/>\n<\/p><div class=\"wpcf7-response-output\" aria-hidden=\"true\"><\/div>\n<input type=\"hidden\" name=\"trp-form-language\" value=\"de\"\/><\/form>\n<\/div>\n<\/div>\n\n\n\n<p><\/p>","protected":false},"excerpt":{"rendered":"<p>Elektronikgesch\u00e4fte. Wir erstellen Elektronikgesch\u00e4fte, erweitern Ihr Unternehmen und steigern Ihren Online-Umsatz. Sie ben\u00f6tigen keine Ladenfl\u00e4chen f\u00fcr ein einfaches Warenlager. Deutlich weniger Personal, komfortablere Buchhaltung, alles ist automatisiert. Sie k\u00f6nnen Ihren Kunden mehr Waren liefern als in einem herk\u00f6mmlichen Gesch\u00e4ft. Das Shop-Design wird aus einer Vielzahl professioneller Vorlagen ausgew\u00e4hlt und individuell angepasst oder nach Ihren W\u00fcnschen erstellt. Der Shop ist gut sichtbar [\u2026]<\/p>","protected":false},"author":1,"featured_media":54,"parent":0,"menu_order":2,"comment_status":"closed","ping_status":"closed","template":"","meta":{"_uag_custom_page_level_css":"","_kad_blocks_custom_css":"","_kad_blocks_head_custom_js":"","_kad_blocks_body_custom_js":"","_kad_blocks_footer_custom_js":"","site-sidebar-layout":"default","site-content-layout":"default","ast-site-content-layout":"default","site-content-style":"default","site-sidebar-style":"default","ast-global-header-display":"","ast-banner-title-visibility":"","ast-main-header-display":"","ast-hfb-above-header-display":"","ast-hfb-below-header-display":"","ast-hfb-mobile-header-display":"","site-post-title":"enabled","ast-breadcrumbs-content":"","ast-featured-img":"","footer-sml-layout":"","ast-disable-related-posts":"","theme-transparent-header-meta":"","adv-header-id-meta":"","stick-header-meta":"","header-above-stick-meta":"","header-main-stick-meta":"","header-below-stick-meta":"","astra-migrate-meta-layouts":"set","ast-page-background-enabled":"default","ast-page-background-meta":{"desktop":{"background-color":"var(--ast-global-color-4)","background-image":"","background-repeat":"repeat","background-position":"center center","background-size":"auto","background-attachment":"scroll","background-type":"","background-media":"","overlay-type":"","overlay-color":"","overlay-opacity":"","overlay-gradient":""},"tablet":{"background-color":"","background-image":"","background-repeat":"repeat","background-position":"center center","background-size":"auto","background-attachment":"scroll","background-type":"","background-media":"","overlay-type":"","overlay-color":"","overlay-opacity":"","overlay-gradient":""},"mobile":{"background-color":"","background-image":"","background-repeat":"repeat","background-position":"center center","background-size":"auto","background-attachment":"scroll","background-type":"","background-media":"","overlay-type":"","overlay-color":"","overlay-opacity":"","overlay-gradient":""}},"ast-content-background-meta":{"desktop":{"background-color":"var(--ast-global-color-5)","background-image":"","background-repeat":"repeat","background-position":"center center","background-size":"auto","background-attachment":"scroll","background-type":"","background-media":"","overlay-type":"","overlay-color":"","overlay-opacity":"","overlay-gradient":""},"tablet":{"background-color":"var(--ast-global-color-5)","background-image":"","background-repeat":"repeat","background-position":"center center","background-size":"auto","background-attachment":"scroll","background-type":"","background-media":"","overlay-type":"","overlay-color":"","overlay-opacity":"","overlay-gradient":""},"mobile":{"background-color":"var(--ast-global-color-5)","background-image":"","background-repeat":"repeat","background-position":"center center","background-size":"auto","background-attachment":"scroll","background-type":"","background-media":"","overlay-type":"","overlay-color":"","overlay-opacity":"","overlay-gradient":""}},"footnotes":""},"class_list":["post-109","page","type-page","status-publish","has-post-thumbnail","hentry"],"taxonomy_info":[],"featured_image_src_large":["https:\/\/e-verslas.lt\/wp-content\/uploads\/elektrones-parduotuves-1-1024x320.jpg",1024,320,true],"author_info":{"display_name":"Administratorius","author_link":"https:\/\/e-verslas.lt\/de\/author\/administratorius\/"},"comment_info":0,"uagb_featured_image_src":{"full":["https:\/\/e-verslas.lt\/wp-content\/uploads\/elektrones-parduotuves-1.jpg",1920,600,false],"thumbnail":["https:\/\/e-verslas.lt\/wp-content\/uploads\/elektrones-parduotuves-1-150x150.jpg",150,150,true],"medium":["https:\/\/e-verslas.lt\/wp-content\/uploads\/elektrones-parduotuves-1-300x94.jpg",300,94,true],"medium_large":["https:\/\/e-verslas.lt\/wp-content\/uploads\/elektrones-parduotuves-1-768x240.jpg",768,240,true],"large":["https:\/\/e-verslas.lt\/wp-content\/uploads\/elektrones-parduotuves-1-1024x320.jpg",1024,320,true],"1536x1536":["https:\/\/e-verslas.lt\/wp-content\/uploads\/elektrones-parduotuves-1-1536x480.jpg",1536,480,true],"2048x2048":["https:\/\/e-verslas.lt\/wp-content\/uploads\/elektrones-parduotuves-1.jpg",1920,600,false],"trp-custom-language-flag":["https:\/\/e-verslas.lt\/wp-content\/uploads\/elektrones-parduotuves-1.jpg",18,6,false]},"uagb_author_info":{"display_name":"Administratorius","author_link":"https:\/\/e-verslas.lt\/de\/author\/administratorius\/"},"uagb_comment_info":0,"uagb_excerpt":"Elektronin\u0117s Parduotuv\u0117s. Kuriame elektronines parduotuves, prapl\u0117sdami J\u016bs\u0173 versl\u0105 ir padidindami pardavimus internete. Nereikia investuoti \u012f patalpas paprastai parduotuvei ir preki\u0173 sand\u0117liavimui. Kelis kartus ma\u017eiau personalo, patogesn\u0117 buhalterija, viskas automatizuota. Galimyb\u0117 klientui pristatyti daugiau preki\u0173, nei b\u016bt\u0173 paprastoje parduotuv\u0117je. Parduotuv\u0117s dizainas parenkamas ir pritaikomas i\u0161 daugyb\u0117s esam\u0173 profesionali\u0173 \u0161ablon\u0173, arba sukuriamas pagal kliento poreikius. Parduotuv\u0117 matoma&hellip;","_links":{"self":[{"href":"https:\/\/e-verslas.lt\/de\/wp-json\/wp\/v2\/pages\/109","targetHints":{"allow":["GET"]}}],"collection":[{"href":"https:\/\/e-verslas.lt\/de\/wp-json\/wp\/v2\/pages"}],"about":[{"href":"https:\/\/e-verslas.lt\/de\/wp-json\/wp\/v2\/types\/page"}],"author":[{"embeddable":true,"href":"https:\/\/e-verslas.lt\/de\/wp-json\/wp\/v2\/users\/1"}],"replies":[{"embeddable":true,"href":"https:\/\/e-verslas.lt\/de\/wp-json\/wp\/v2\/comments?post=109"}],"version-history":[{"count":5,"href":"https:\/\/e-verslas.lt\/de\/wp-json\/wp\/v2\/pages\/109\/revisions"}],"predecessor-version":[{"id":7501,"href":"https:\/\/e-verslas.lt\/de\/wp-json\/wp\/v2\/pages\/109\/revisions\/7501"}],"wp:featuredmedia":[{"embeddable":true,"href":"https:\/\/e-verslas.lt\/de\/wp-json\/wp\/v2\/media\/54"}],"wp:attachment":[{"href":"https:\/\/e-verslas.lt\/de\/wp-json\/wp\/v2\/media?parent=109"}],"curies":[{"name":"wp","href":"https:\/\/api.w.org\/{rel}","templated":true}]}}